{"id":10555,"date":"2023-01-31T14:59:32","date_gmt":"2023-01-31T13:59:32","guid":{"rendered":"https:\/\/masterproducts.es\/datenschutzbestimmungen\/"},"modified":"2024-05-22T16:54:13","modified_gmt":"2024-05-22T14:54:13","slug":"datenschutzbestimmungen","status":"publish","type":"page","link":"https:\/\/masterproducts.es\/de\/datenschutzbestimmungen\/","title":{"rendered":"Datenschutzbestimmungen"},"content":{"rendered":"<section class=\"l-section wpb_row height_medium\"><div class=\"l-section-h i-cf\"><div class=\"g-cols vc_row via_grid cols_1 laptops-cols_inherit tablets-cols_inherit mobiles-cols_1 valign_top type_default stacking_default\"><div class=\"wpb_column vc_column_container\"><div class=\"vc_column-inner\"><div class=\"wpb_text_column\"><div class=\"wpb_wrapper\"><h3><strong>Datenschutzbestimmungen<\/strong><\/h3>\n<p>Diese Datenschutzrichtlinie gilt f\u00fcr die Nutzung der Website &#8218;masterproducts.es&#8216;, die Eigentum von Master Products Inoxidable, S.L. ist, und f\u00fcr die Nutzung der Kontaktm\u00f6glichkeiten, die Interessenten auf der Website zur Verf\u00fcgung stehen (Telefon, E-Mail und soziale Netzwerke).<br \/>\nMaster Products Inoxidable, S.L. verarbeitet Daten auf rechtm\u00e4\u00dfige, loyale und transparente Weise. Sie verarbeitet nur Daten, die angemessen, relevant und auf das beschr\u00e4nkt sind, was in Bezug auf die festgelegten, ausdr\u00fccklichen und rechtm\u00e4\u00dfigen Zwecke, f\u00fcr die sie erhoben wurden, erforderlich ist, und verarbeitet sie nicht f\u00fcr Zwecke, die mit diesen Zwecken unvereinbar sind.<\/p>\n<p>Diese Richtlinie ist \u00fcber den Link &#8222;Datenschutz&#8220; auf der Website st\u00e4ndig zug\u00e4nglich und kann jederzeit aktualisiert werden, entweder aufgrund einer \u00c4nderung der gesetzlichen Bestimmungen oder aufgrund einer \u00c4nderung der Konfiguration der Dienste oder der Art der ausge\u00fcbten T\u00e4tigkeit.<\/p>\n<p>Wer ist der Datenverantwortliche?<\/p>\n<p>Master Products Inoxidable, S.L. &#8211; CIF B55310817<br \/>\nPostanschrift: Pol. Ind. Ve\u00efnat de la Banyeta Nova 10<br \/>\n17843 &#8211; Palol de Revardit (Girona)<br \/>\nTelefonnummer: +34 972.299.355<br \/>\nE-Mail: info@masterproducts.es<\/p>\n<h3>Zu welchen Zwecken und aus welchen Gr\u00fcnden verarbeiten wir die Daten?<\/h3>\n<p>Um die Website &#8218;masterproducts.es&#8216; zu besuchen, ist es nicht notwendig, irgendwelche Daten anzugeben. Der obligatorische Charakter der Antwort auf die gestellten Fragen oder der \u00fcber die Website angeforderten Daten wird durch das Hinzuf\u00fcgen eines Sternchens (*) nach der Frage oder dem Formularfeld angezeigt. Im Falle einer Nichtbeachtung<br \/>\nWenn die erforderlichen Daten nicht angegeben werden, kann der angeforderte Dienst oder die angeforderte Funktion nicht bereitgestellt werden.<\/p>\n<p>Master Products Inoxidable, S.L. verarbeitet die registrierten Informationen zu den folgenden Zwecken:<\/p>\n<p>&#8211; Kontakt: Die Daten, die Sie \u00fcber das Kontaktformular auf der Website oder \u00fcber eines der auf der Website bereitgestellten Kontaktmittel und\/oder -kan\u00e4le erhalten, werden zum Zweck der Bearbeitung der von den Interessenten mitgeteilten Anfragen oder Vorf\u00e4lle verwendet. Die berechtigten Gr\u00fcnde f\u00fcr die Verarbeitung der Daten sind die Einwilligung der betroffenen Person und das berechtigte Interesse von Master Products Inoxidable, S.L. an der Bearbeitung und Verwaltung der eingegangenen Anfragen.<\/p>\n<p>&#8211; Aus\u00fcbung von Rechten durch betroffene Personen: Die zur Verf\u00fcgung gestellten Daten werden verwendet, um betroffene Personen, die ihre Rechte in \u00dcbereinstimmung mit den Datenschutzbestimmungen aus\u00fcben, zu betreuen und ihnen zu antworten. Die rechtm\u00e4\u00dfige Grundlage f\u00fcr die Verarbeitung ist die Erf\u00fcllung einer gesetzlichen Verpflichtung.<\/p>\n<p>&#8211; Datenschutzmeldungen: Die zur Verf\u00fcgung gestellten Daten werden zum Zweck der Bearbeitung sicherheitsrelevanter Vorf\u00e4lle und Meldungen gem\u00e4\u00df den Datenschutzbestimmungen verwendet. Die rechtm\u00e4\u00dfige Grundlage f\u00fcr die Verarbeitung ist die Erf\u00fcllung einer gesetzlichen Verpflichtung. Master Products Inoxidable, S.L. verwendet Cookies, die keine R\u00fcckschl\u00fcsse auf die pers\u00f6nlichen Daten der Besucher zulassen. Die Richtlinien f\u00fcr die Installation und Verwaltung von Datenspeicher- und -abrufger\u00e4ten auf Endger\u00e4ten auf der Website finden Sie in der Cookie-Richtlinie.<\/p>\n<p>Master Products Inoxidable, S.L. verarbeitet die personenbezogenen Daten der betroffenen Personen nur im Rahmen der in dieser Richtlinie beschriebenen Zwecke. Die Interessenten werden \u00fcber die Verarbeitung ihrer Daten unter den oben genannten Bedingungen informiert, indem sie die vorliegende Datenschutzerkl\u00e4rung in den entsprechenden Abschnitten der auf der Website bereitgestellten Formulare akzeptieren.<\/p>\n<p>Die zur Verf\u00fcgung gestellten und gesammelten Daten werden nur und ausschlie\u00dflich f\u00fcr die notwendige Zeit und f\u00fcr die Zwecke, f\u00fcr die sie zu einem bestimmten Zeitpunkt gesammelt wurden, sowie zur Bestimmung der m\u00f6glichen Verantwortlichkeiten, die sich aus den Zwecken der Verarbeitung ergeben k\u00f6nnen, verarbeitet. Master Products Inoxidable, S.L. hat unterschiedliche Aufbewahrungsfristen festgelegt, je nach Art der Daten und dem jeweiligen Zweck, f\u00fcr den sie verarbeitet werden.<\/p>\n<p>Die Nutzer m\u00fcssen davon absehen, personenbezogene Daten anderer interessierter Parteien zur Verf\u00fcgung zu stellen, es sei denn, sie verf\u00fcgen \u00fcber die entsprechende Genehmigung, wonach die besagten interessierten Parteien zuvor ordnungsgem\u00e4\u00df \u00fcber den Inhalt dieser Datenschutzrichtlinie informiert wurden und insbesondere ihr Einverst\u00e4ndnis zur Weitergabe ihrer Daten an Master<\/p>\n<p>Products Inoxidable, S.L. in \u00dcbereinstimmung mit den entsprechenden Zwecken verarbeitet werden.<\/p>\n<h3>An welche Empf\u00e4nger werden die Daten weitergegeben?<\/h3>\n<p>Master Products Inoxidable, S.L. gibt keine personenbezogenen Daten an Dritte weiter, es sei denn, dies ist gesetzlich vorgeschrieben oder f\u00fcr die Erbringung der vertraglich vereinbarten Dienstleistung erforderlich. Master Products Inoxidable, S.L. kann personenbezogene Daten an die zust\u00e4ndigen Beh\u00f6rden weitergeben: Steuer- und Zollbeh\u00f6rden, Justizbeh\u00f6rden, staatliche Sicherheitskr\u00e4fte und -organe sowie jeden anderen Empf\u00e4nger, der gem\u00e4\u00df der geltenden Gesetzgebung in Frage kommt.<\/p>\n<p>Die von uns verarbeiteten Daten werden nur in den R\u00e4umlichkeiten unseres Dienstleisters gespeichert, die sich auf dem Gebiet der Europ\u00e4ischen Union befinden.<\/p>\n<h3>Welche Rechte haben Sie in Bezug auf Ihre Daten?<\/h3>\n<p>Jede Person hat das Recht, eine Best\u00e4tigung dar\u00fcber zu erhalten, ob Master Products Inoxidable, S.L. sie betreffende personenbezogene Daten verarbeitet oder nicht, auf ihre personenbezogenen Daten zuzugreifen und die Berichtigung unrichtiger Daten oder die Vervollst\u00e4ndigung unvollst\u00e4ndiger Daten zu verlangen.<\/p>\n<p>Sie haben auch das Recht, die L\u00f6schung Ihrer Daten zu verlangen, wenn die Daten unter anderem f\u00fcr die Zwecke, f\u00fcr die sie erhoben wurden, nicht mehr erforderlich sind. Master Products Inoxidable, S.L. l\u00f6scht diese Daten unverz\u00fcglich, es sei denn, es ist notwendig, sie zur Erf\u00fcllung einer gesetzlichen Verpflichtung oder zur Formulierung, Aus\u00fcbung oder Verteidigung von Anspr\u00fcchen aufzubewahren.<\/p>\n<p>Unter bestimmten Umst\u00e4nden k\u00f6nnen die betroffenen Personen die Einschr\u00e4nkung der Verarbeitung ihrer Daten verlangen. In diesem Fall werden die Daten gesperrt und d\u00fcrfen nur zur Formulierung, Aus\u00fcbung oder Verteidigung von Anspr\u00fcchen verarbeitet werden.<\/p>\n<p>Ebenso haben die betroffenen Personen unter bestimmten Umst\u00e4nden das Recht, die personenbezogenen Daten, die sie Master Products Inoxidable, S.L. zur Verf\u00fcgung gestellt haben, in einem strukturierten, allgemein gebr\u00e4uchlichen und maschinenlesbaren Format zu erhalten.<\/p>\n<p>Unter bestimmten Umst\u00e4nden und aus Gr\u00fcnden, die sich aus der besonderen Situation der betroffenen Person ergeben, kann die betroffene Person der Verarbeitung ihrer Daten widersprechen und Master Products Inoxidable, S.L. wird die Verarbeitung dieser Daten einstellen, es sei denn, es liegen zwingende schutzw\u00fcrdige Gr\u00fcnde vor oder sie dienen der Formulierung, Aus\u00fcbung oder Verteidigung von Anspr\u00fcchen.<\/p>\n<p>Alle diese Rechte k\u00f6nnen jederzeit auf Antrag per Post an die folgende Adresse ausge\u00fcbt werden<\/p>\n<p>Rechtsabteilung von Master Products Inoxidable, S.L. S.L., unter der folgenden Adresse: Pol. Ind. Ve\u00efnat de la Banyeta Nova 10 17843 &#8211; Palol de Revardit (Girona); oder indem Sie eine E-Mail an info@masterproducts.es schicken.<\/p>\n<p>Falls die Einwilligung der betroffenen Person zur Verarbeitung der Daten eingeholt wurde, kann diese Einwilligung jederzeit widerrufen werden, indem sie unter den im vorherigen Absatz beschriebenen Bedingungen mitgeteilt wird. Ein solcher Widerruf ist in keinem Fall r\u00fcckwirkend.<\/p>\n<p>Wenn die betroffene Person der Ansicht ist, dass sie bei der Aus\u00fcbung ihrer Rechte keine Genugtuung erhalten hat, kann sie eine Beschwerde bei der spanischen Datenschutzbeh\u00f6rde, der zust\u00e4ndigen Aufsichtsbeh\u00f6rde f\u00fcr den Datenschutz, einreichen, deren Kontaktdaten lauten: Calle Jorge Juan, 6 &#8211; 28001 Madrid.<\/p>\n<\/div><\/div><\/div><\/div><\/div><\/div><\/section>\n","protected":false},"excerpt":{"rendered":"Datenschutzbestimmungen Diese Datenschutzrichtlinie gilt f\u00fcr die Nutzung der Website &#8218;masterproducts.es&#8216;, die Eigentum von Master Products Inoxidable, S.L. ist, und f\u00fcr die Nutzung der Kontaktm\u00f6glichkeiten, die Interessenten auf der Website zur Verf\u00fcgung stehen (Telefon, E-Mail und soziale Netzwerke). Master Products Inoxidable, S.L. verarbeitet Daten auf rechtm\u00e4\u00dfige, loyale und transparente Weise. Sie verarbeitet nur Daten, die angemessen,...","protected":false},"author":1,"featured_media":0,"parent":0,"menu_order":0,"comment_status":"closed","ping_status":"closed","template":"","meta":{"_joinchat":[],"footnotes":""},"class_list":["post-10555","page","type-page","status-publish","hentry"],"yoast_head":"<!-- This site is optimized with the Yoast SEO plugin v27.3 - https:\/\/yoast.com\/product\/yoast-seo-wordpress\/ -->\n<title>Datenschutzbestimmungen - Master Products<\/title>\n<meta name=\"robots\" content=\"index, follow, max-snippet:-1, max-image-preview:large, max-video-preview:-1\" \/>\n<link rel=\"canonical\" href=\"https:\/\/masterproducts.es\/de\/datenschutzbestimmungen\/\" \/>\n<meta property=\"og:locale\" content=\"de_DE\" \/>\n<meta property=\"og:type\" content=\"article\" \/>\n<meta property=\"og:title\" content=\"Datenschutzbestimmungen - Master Products\" \/>\n<meta property=\"og:url\" content=\"https:\/\/masterproducts.es\/de\/datenschutzbestimmungen\/\" \/>\n<meta property=\"og:site_name\" content=\"Master Products\" \/>\n<meta property=\"article:modified_time\" content=\"2024-05-22T14:54:13+00:00\" \/>\n<meta name=\"twitter:card\" content=\"summary_large_image\" \/>\n<meta name=\"twitter:label1\" content=\"Gesch\u00e4tzte Lesezeit\" \/>\n\t<meta name=\"twitter:data1\" content=\"6\u00a0Minuten\" \/>\n<script type=\"application\/ld+json\" class=\"yoast-schema-graph\">{\"@context\":\"https:\\\/\\\/schema.org\",\"@graph\":[{\"@type\":\"WebPage\",\"@id\":\"https:\\\/\\\/masterproducts.es\\\/de\\\/datenschutzbestimmungen\\\/\",\"url\":\"https:\\\/\\\/masterproducts.es\\\/de\\\/datenschutzbestimmungen\\\/\",\"name\":\"Datenschutzbestimmungen - Master Products\",\"isPartOf\":{\"@id\":\"https:\\\/\\\/masterproducts.es\\\/de\\\/#website\"},\"datePublished\":\"2023-01-31T13:59:32+00:00\",\"dateModified\":\"2024-05-22T14:54:13+00:00\",\"breadcrumb\":{\"@id\":\"https:\\\/\\\/masterproducts.es\\\/de\\\/datenschutzbestimmungen\\\/#breadcrumb\"},\"inLanguage\":\"de\",\"potentialAction\":[{\"@type\":\"ReadAction\",\"target\":[\"https:\\\/\\\/masterproducts.es\\\/de\\\/datenschutzbestimmungen\\\/\"]}]},{\"@type\":\"BreadcrumbList\",\"@id\":\"https:\\\/\\\/masterproducts.es\\\/de\\\/datenschutzbestimmungen\\\/#breadcrumb\",\"itemListElement\":[{\"@type\":\"ListItem\",\"position\":1,\"name\":\"HOME\",\"item\":\"https:\\\/\\\/masterproducts.es\\\/de\\\/\"},{\"@type\":\"ListItem\",\"position\":2,\"name\":\"Datenschutzbestimmungen\"}]},{\"@type\":\"WebSite\",\"@id\":\"https:\\\/\\\/masterproducts.es\\\/de\\\/#website\",\"url\":\"https:\\\/\\\/masterproducts.es\\\/de\\\/\",\"name\":\"Master Products\",\"description\":\"Trim like a master\",\"potentialAction\":[{\"@type\":\"SearchAction\",\"target\":{\"@type\":\"EntryPoint\",\"urlTemplate\":\"https:\\\/\\\/masterproducts.es\\\/de\\\/?s={search_term_string}\"},\"query-input\":{\"@type\":\"PropertyValueSpecification\",\"valueRequired\":true,\"valueName\":\"search_term_string\"}}],\"inLanguage\":\"de\"}]}<\/script>\n<!-- \/ Yoast SEO plugin. -->","yoast_head_json":{"title":"Datenschutzbestimmungen - Master Products","robots":{"index":"index","follow":"follow","max-snippet":"max-snippet:-1","max-image-preview":"max-image-preview:large","max-video-preview":"max-video-preview:-1"},"canonical":"https:\/\/masterproducts.es\/de\/datenschutzbestimmungen\/","og_locale":"de_DE","og_type":"article","og_title":"Datenschutzbestimmungen - Master Products","og_url":"https:\/\/masterproducts.es\/de\/datenschutzbestimmungen\/","og_site_name":"Master Products","article_modified_time":"2024-05-22T14:54:13+00:00","twitter_card":"summary_large_image","twitter_misc":{"Gesch\u00e4tzte Lesezeit":"6\u00a0Minuten"},"schema":{"@context":"https:\/\/schema.org","@graph":[{"@type":"WebPage","@id":"https:\/\/masterproducts.es\/de\/datenschutzbestimmungen\/","url":"https:\/\/masterproducts.es\/de\/datenschutzbestimmungen\/","name":"Datenschutzbestimmungen - Master Products","isPartOf":{"@id":"https:\/\/masterproducts.es\/de\/#website"},"datePublished":"2023-01-31T13:59:32+00:00","dateModified":"2024-05-22T14:54:13+00:00","breadcrumb":{"@id":"https:\/\/masterproducts.es\/de\/datenschutzbestimmungen\/#breadcrumb"},"inLanguage":"de","potentialAction":[{"@type":"ReadAction","target":["https:\/\/masterproducts.es\/de\/datenschutzbestimmungen\/"]}]},{"@type":"BreadcrumbList","@id":"https:\/\/masterproducts.es\/de\/datenschutzbestimmungen\/#breadcrumb","itemListElement":[{"@type":"ListItem","position":1,"name":"HOME","item":"https:\/\/masterproducts.es\/de\/"},{"@type":"ListItem","position":2,"name":"Datenschutzbestimmungen"}]},{"@type":"WebSite","@id":"https:\/\/masterproducts.es\/de\/#website","url":"https:\/\/masterproducts.es\/de\/","name":"Master Products","description":"Trim like a master","potentialAction":[{"@type":"SearchAction","target":{"@type":"EntryPoint","urlTemplate":"https:\/\/masterproducts.es\/de\/?s={search_term_string}"},"query-input":{"@type":"PropertyValueSpecification","valueRequired":true,"valueName":"search_term_string"}}],"inLanguage":"de"}]}},"_links":{"self":[{"href":"https:\/\/masterproducts.es\/de\/wp-json\/wp\/v2\/pages\/10555","targetHints":{"allow":["GET"]}}],"collection":[{"href":"https:\/\/masterproducts.es\/de\/wp-json\/wp\/v2\/pages"}],"about":[{"href":"https:\/\/masterproducts.es\/de\/wp-json\/wp\/v2\/types\/page"}],"author":[{"embeddable":true,"href":"https:\/\/masterproducts.es\/de\/wp-json\/wp\/v2\/users\/1"}],"replies":[{"embeddable":true,"href":"https:\/\/masterproducts.es\/de\/wp-json\/wp\/v2\/comments?post=10555"}],"version-history":[{"count":2,"href":"https:\/\/masterproducts.es\/de\/wp-json\/wp\/v2\/pages\/10555\/revisions"}],"predecessor-version":[{"id":10558,"href":"https:\/\/masterproducts.es\/de\/wp-json\/wp\/v2\/pages\/10555\/revisions\/10558"}],"wp:attachment":[{"href":"https:\/\/masterproducts.es\/de\/wp-json\/wp\/v2\/media?parent=10555"}],"curies":[{"name":"wp","href":"https:\/\/api.w.org\/{rel}","templated":true}]}}