{"id":11200,"date":"2024-06-03T09:39:52","date_gmt":"2024-06-03T07:39:52","guid":{"rendered":"https:\/\/masterproducts.es\/leichte-baureihe\/"},"modified":"2025-04-11T11:45:14","modified_gmt":"2025-04-11T09:45:14","slug":"lite-sortiment","status":"publish","type":"page","link":"https:\/\/masterproducts.es\/de\/lite-sortiment\/","title":{"rendered":"lite sortiment"},"content":{"rendered":"<section class=\"l-section wpb_row height_small\"><div class=\"l-section-h i-cf\"><div class=\"g-cols vc_row via_grid cols_1 laptops-cols_inherit tablets-cols_inherit mobiles-cols_1 valign_top type_default stacking_default\" style=\"--columns-gap:1rem;\"><div class=\"wpb_column vc_column_container\"><div class=\"vc_column-inner\"><div class=\"w-separator size_small\"><\/div><div class=\"wpb_text_column\"><div class=\"wpb_wrapper\"><h2 class=\"titulo-slider-destacado-lites\" style=\"text-align: center;\">LiTE<\/h2>\n<h2 class=\"titulo-slider-titol\" style=\"text-align: center;\">SORTIMENT<\/h2>\n<\/div><\/div><div class=\"w-separator size_small\"><\/div><\/div><\/div><\/div><\/div><\/section><section class=\"l-section wpb_row us_custom_678a4f9f height_auto\"><div class=\"l-section-h i-cf\"><div class=\"g-cols vc_row via_grid cols_2 laptops-cols_inherit tablets-cols_inherit mobiles-cols_1 valign_top type_default stacking_default\"><div class=\"wpb_column vc_column_container\"><div class=\"vc_column-inner\"><div class=\"w-separator size_medium\"><\/div><div class=\"wpb_text_column\"><div class=\"wpb_wrapper\"><h1 class=\"titulo-slider\" style=\"text-align: left;\">ERSCHWINGLICHE L\u00d6SUNGEN F\u00dcR KLEINERZEUGER<\/h1>\n<\/div><\/div><div class=\"w-separator size_medium\"><\/div><div class=\"wpb_text_column\"><div class=\"wpb_wrapper\"><p>Wir stellen die neue LiTE-Reihe vor, die speziell auf die Bed\u00fcrfnisse von Cannabisz\u00fcchtern zugeschnitten ist. Mit einem Fokus auf Benutzerfreundlichkeit, Zug\u00e4nglichkeit und grundlegende Funktionalit\u00e4t bieten unsere LiTE-Maschinen die Qualit\u00e4t und Zuverl\u00e4ssigkeit, die Sie erwarten, nun in einem kompakteren und erschwinglicheren Format.<\/p>\n<p>Die neue LiTE-Reihe zeichnet sich nicht nur durch ihre Funktionalit\u00e4t und Zug\u00e4nglichkeit aus, sondern auch durch ihr modernes und minimalistisches Design. Wir m\u00f6chten kleinen und mittelgro\u00dfen Produzenten eine L\u00f6sung bieten, die neben ihrer hohen Funktionalit\u00e4t auch inspiriert und motiviert, indem sie eine visuell ansprechende und professionelle Erfahrung bietet, die sich in jede Anbauumgebung integrieren l\u00e4sst.<\/p>\n<p>Vereinfache und optimiere deinen Nachernteprozess mit der Zuverl\u00e4ssigkeit und Effizienz, die nur LiTE bieten kann.<\/p>\n<p><strong>Einfach, funktionell, LiTE.<\/strong><\/p>\n<\/div><\/div><\/div><\/div><div class=\"wpb_column vc_column_container\"><div class=\"vc_column-inner\"><div id=\"ult-carousel-354030382669e9a58074d8d\" class=\"ult-carousel-wrapper   ult_horizontal\" data-gutter=\"15\" data-rtl=\"false\" ><div class=\"ult-carousel-295469374869e9a58074559 \" ><div class=\"ult-item-wrap\" data-animation=\"animated no-animation\"><div class=\"w-image align_none\"><div class=\"w-image-h\"><img decoding=\"async\" width=\"1000\" height=\"1000\" src=\"https:\/\/masterproducts.es\/wp-content\/uploads\/2024\/08\/Lite1-1.jpg\" class=\"attachment-large size-large\" alt=\"\" loading=\"lazy\" srcset=\"https:\/\/masterproducts.es\/wp-content\/uploads\/2024\/08\/Lite1-1.jpg 1000w, https:\/\/masterproducts.es\/wp-content\/uploads\/2024\/08\/Lite1-1-300x300.jpg 300w, https:\/\/masterproducts.es\/wp-content\/uploads\/2024\/08\/Lite1-1-150x150.jpg 150w\" sizes=\"auto, (max-width: 1000px) 100vw, 1000px\" \/><\/div><\/div><\/div><div class=\"ult-item-wrap\" data-animation=\"animated no-animation\"><div class=\"w-image align_none\"><div class=\"w-image-h\"><img decoding=\"async\" width=\"1000\" height=\"1000\" src=\"https:\/\/masterproducts.es\/wp-content\/uploads\/2024\/08\/Lite2.jpg\" class=\"attachment-large size-large\" alt=\"\" loading=\"lazy\" srcset=\"https:\/\/masterproducts.es\/wp-content\/uploads\/2024\/08\/Lite2.jpg 1000w, https:\/\/masterproducts.es\/wp-content\/uploads\/2024\/08\/Lite2-300x300.jpg 300w, https:\/\/masterproducts.es\/wp-content\/uploads\/2024\/08\/Lite2-150x150.jpg 150w\" sizes=\"auto, (max-width: 1000px) 100vw, 1000px\" \/><\/div><\/div><\/div><div class=\"ult-item-wrap\" data-animation=\"animated no-animation\"><div class=\"w-image align_none\"><div class=\"w-image-h\"><img decoding=\"async\" width=\"1000\" height=\"1000\" src=\"https:\/\/masterproducts.es\/wp-content\/uploads\/2024\/08\/Lite3.jpg\" class=\"attachment-large size-large\" alt=\"\" loading=\"lazy\" srcset=\"https:\/\/masterproducts.es\/wp-content\/uploads\/2024\/08\/Lite3.jpg 1000w, https:\/\/masterproducts.es\/wp-content\/uploads\/2024\/08\/Lite3-300x300.jpg 300w, https:\/\/masterproducts.es\/wp-content\/uploads\/2024\/08\/Lite3-150x150.jpg 150w\" sizes=\"auto, (max-width: 1000px) 100vw, 1000px\" \/><\/div><\/div><\/div><div class=\"ult-item-wrap\" data-animation=\"animated no-animation\"><div class=\"w-image align_none\"><div class=\"w-image-h\"><img decoding=\"async\" width=\"1000\" height=\"1000\" src=\"https:\/\/masterproducts.es\/wp-content\/uploads\/2024\/08\/Lite4.jpg\" class=\"attachment-large size-large\" alt=\"\" loading=\"lazy\" srcset=\"https:\/\/masterproducts.es\/wp-content\/uploads\/2024\/08\/Lite4.jpg 1000w, https:\/\/masterproducts.es\/wp-content\/uploads\/2024\/08\/Lite4-300x300.jpg 300w, https:\/\/masterproducts.es\/wp-content\/uploads\/2024\/08\/Lite4-150x150.jpg 150w\" sizes=\"auto, (max-width: 1000px) 100vw, 1000px\" \/><\/div><\/div><\/div><div class=\"ult-item-wrap\" data-animation=\"animated no-animation\"><div class=\"w-image align_none\"><div class=\"w-image-h\"><img decoding=\"async\" width=\"1000\" height=\"1000\" src=\"https:\/\/masterproducts.es\/wp-content\/uploads\/2024\/08\/Lite5.jpg\" class=\"attachment-large size-large\" alt=\"\" loading=\"lazy\" srcset=\"https:\/\/masterproducts.es\/wp-content\/uploads\/2024\/08\/Lite5.jpg 1000w, https:\/\/masterproducts.es\/wp-content\/uploads\/2024\/08\/Lite5-300x300.jpg 300w, https:\/\/masterproducts.es\/wp-content\/uploads\/2024\/08\/Lite5-150x150.jpg 150w\" sizes=\"auto, (max-width: 1000px) 100vw, 1000px\" \/><\/div><\/div><\/div><div class=\"ult-item-wrap\" data-animation=\"animated no-animation\"><div class=\"w-image align_none\"><div class=\"w-image-h\"><img decoding=\"async\" width=\"1000\" height=\"1000\" src=\"https:\/\/masterproducts.es\/wp-content\/uploads\/2024\/08\/Lite6.jpg\" class=\"attachment-large size-large\" alt=\"\" loading=\"lazy\" srcset=\"https:\/\/masterproducts.es\/wp-content\/uploads\/2024\/08\/Lite6.jpg 1000w, https:\/\/masterproducts.es\/wp-content\/uploads\/2024\/08\/Lite6-300x300.jpg 300w, https:\/\/masterproducts.es\/wp-content\/uploads\/2024\/08\/Lite6-150x150.jpg 150w\" sizes=\"auto, (max-width: 1000px) 100vw, 1000px\" \/><\/div><\/div><\/div><\/div><\/div>\t\t\t<script type=\"text\/javascript\">\r\n\t\t\t\tjQuery(document).ready(function ($) {\r\n\t\t\t\t\tif( typeof jQuery('.ult-carousel-295469374869e9a58074559').slick == \"function\"){\r\n\t\t\t\t\t\t$('.ult-carousel-295469374869e9a58074559').slick({dots: false,autoplay: true,autoplaySpeed: 5000,speed: 300,infinite: true,arrows: true,nextArrow: '<button type=\"button\" role=\"button\" aria-label=\"Next\" style=\"color:#333333; font-size:20px;\" class=\"slick-next default\"><i class=\"ultsl-arrow-right6\"><\/i><\/button>',prevArrow: '<button type=\"button\" role=\"button\" aria-label=\"Previous\" style=\"color:#333333; font-size:20px;\" class=\"slick-prev default\"><i class=\"ultsl-arrow-left6\"><\/i><\/button>',slidesToScroll:1,slidesToShow:1,swipe: true,draggable: true,touchMove: true,pauseOnHover: false,pauseOnFocus: false,responsive: [\r\n\t\t\t\t\t\t\t{\r\n\t\t\t\t\t\t\t  breakpoint: 1026,\r\n\t\t\t\t\t\t\t  settings: {\r\n\t\t\t\t\t\t\t\tslidesToShow: 1,\r\n\t\t\t\t\t\t\t\tslidesToScroll: 1,  \r\n\t\t\t\t\t\t\t  }\r\n\t\t\t\t\t\t\t},\r\n\t\t\t\t\t\t\t{\r\n\t\t\t\t\t\t\t  breakpoint: 1025,\r\n\t\t\t\t\t\t\t  settings: {\r\n\t\t\t\t\t\t\t\tslidesToShow: 1,\r\n\t\t\t\t\t\t\t\tslidesToScroll: 1\r\n\t\t\t\t\t\t\t  }\r\n\t\t\t\t\t\t\t},\r\n\t\t\t\t\t\t\t{\r\n\t\t\t\t\t\t\t  breakpoint: 760,\r\n\t\t\t\t\t\t\t  settings: {\r\n\t\t\t\t\t\t\t\tslidesToShow: 1,\r\n\t\t\t\t\t\t\t\tslidesToScroll: 1\r\n\t\t\t\t\t\t\t  }\r\n\t\t\t\t\t\t\t}\r\n\t\t\t\t\t\t],pauseOnDotsHover: true,customPaging: function(slider, i) {\r\n                   return '<i type=\"button\" style= \"color:#333333;\" class=\"ultsl-record\" data-role=\"none\"><\/i>';\r\n                },});\r\n\t\t\t\t\t}\r\n\t\t\t\t});\r\n\t\t\t<\/script>\r\n\t\t\t<\/div><\/div><\/div><\/div><\/section><section class=\"l-section wpb_row height_medium\"><div class=\"l-section-h i-cf\"><div class=\"g-cols vc_row via_grid cols_3 laptops-cols_inherit tablets-cols_inherit mobiles-cols_1 valign_top type_default stacking_default\"><div class=\"wpb_column vc_column_container\"><div class=\"vc_column-inner\"><div class=\"w-separator hide_on_default hide_on_laptops hide_on_tablets size_medium\"><\/div><div class=\"wpb_text_column\"><div class=\"wpb_wrapper\"><h2 class=\"titulo-slider-destacado-lites\" style=\"text-align: left;\">LiTE<\/h2>\n<h2 class=\"titulo-slider-titol\" style=\"text-align: left;\">SORTIMENT<\/h2>\n<\/div><\/div><div class=\"w-separator size_medium\"><\/div><div class=\"wpb_text_column\"><div class=\"wpb_wrapper\"><p>Entdecken Sie jede unserer LiTE L\u00f6sungen f\u00fcr die Nachernte von Cannabis. Der professionelle Trimmprozess&#8230; <strong>f\u00fcr Sie erreichbar!<\/strong><\/p>\n<\/div><\/div><\/div><\/div><div class=\"wpb_column vc_column_container\"><div class=\"vc_column-inner\"><\/div><\/div><div class=\"wpb_column vc_column_container\"><div class=\"vc_column-inner\"><\/div><\/div><\/div><\/div><\/section><section class=\"l-section wpb_row height_medium\"><div class=\"l-section-h i-cf\"><div class=\"g-cols vc_row via_grid cols_1 laptops-cols_inherit tablets-cols_inherit mobiles-cols_1 valign_top type_default stacking_default\"><div class=\"wpb_column vc_column_container\"><div class=\"vc_column-inner\"><div class=\"w-grid type_grid layout_38 cols_3 preload_style_spinner\" id=\"us_grid_1\" style=\"--columns:3;--gap:1.5rem;\" data-filterable=\"true\"><style>@media (max-width:1024px){#us_grid_1{--columns:2!important}}@media (max-width:600px){#us_grid_1{--columns:1!important}}.layout_38 .w-grid-item-h{background:#EDEDED}.layout_38 .usg_post_image_1{background:#ffffff!important}.layout_38 .usg_post_title_1{font-size:1rem!important;font-weight:700!important;width:100%!important;padding:1rem!important;background:#EDEDED!important}.layout_38 .usg_vwrapper_1{margin:0!important;background:#EDEDED!important}<\/style><div class=\"w-grid-list\">\t<article class=\"w-grid-item size_1x1 post-11218 maquina type-maquina status-publish has-post-thumbnail hentry familia_producto-gama-lite-de logo-2years-de logo-ce logo-food-quality-de modelo_maquina-mt-dry-lite-100-de\" data-id=\"11218\">\r\n\t\t<div class=\"w-grid-item-h\">\r\n\t\t\t\t\t\t<div class=\"w-post-elm post_image usg_post_image_1 has_ratio\"><a href=\"https:\/\/masterproducts.es\/de\/maquina\/mt-dry-lite-100\/\" aria-label=\"MT DRY 100 LiTE\"><img loading=\"lazy\" decoding=\"async\" width=\"2108\" height=\"2121\" src=\"https:\/\/masterproducts.es\/wp-content\/uploads\/2024\/05\/Dry100Lite.png\" class=\"attachment-full size-full wp-post-image\" alt=\"\" \/><\/a><div style=\"padding-bottom:100%\"><\/div><\/div><div class=\"w-vwrapper usg_vwrapper_1 align_none valign_top\"><h2 class=\"w-post-elm post_title usg_post_title_1 align_center entry-title color_link_inherit\"><a href=\"https:\/\/masterproducts.es\/de\/maquina\/mt-dry-lite-100\/\">MT DRY 100 LiTE<\/a><\/h2><\/div>\t\t<\/div>\r\n\t\t\t<\/article>\r\n\t<article class=\"w-grid-item size_1x1 post-11205 maquina type-maquina status-publish has-post-thumbnail hentry familia_producto-gama-lite-de logo-2years-de logo-ce logo-food-quality-de\" data-id=\"11205\">\r\n\t\t<div class=\"w-grid-item-h\">\r\n\t\t\t\t\t\t<div class=\"w-post-elm post_image usg_post_image_1 has_ratio\"><a href=\"https:\/\/masterproducts.es\/de\/maquina\/ms-sorter-100-lite\/\" aria-label=\"MS SORTER 100 LITE\"><img loading=\"lazy\" decoding=\"async\" width=\"2108\" height=\"2121\" src=\"https:\/\/masterproducts.es\/wp-content\/uploads\/2024\/06\/MS-Sorter-100-Lite-1.png\" class=\"attachment-full size-full wp-post-image\" alt=\"\" \/><\/a><div style=\"padding-bottom:100%\"><\/div><\/div><div class=\"w-vwrapper usg_vwrapper_1 align_none valign_top\"><h2 class=\"w-post-elm post_title usg_post_title_1 align_center entry-title color_link_inherit\"><a href=\"https:\/\/masterproducts.es\/de\/maquina\/ms-sorter-100-lite\/\">MS SORTER 100 LITE<\/a><\/h2><\/div>\t\t<\/div>\r\n\t\t\t<\/article>\r\n\t<article class=\"w-grid-item size_1x1 post-11207 maquina type-maquina status-publish has-post-thumbnail hentry familia_producto-gama-lite-de logo-2years-de logo-ce logo-food-quality-de modelo_maquina-mx-ice-200-lite-de\" data-id=\"11207\">\r\n\t\t<div class=\"w-grid-item-h\">\r\n\t\t\t\t\t\t<div class=\"w-post-elm post_image usg_post_image_1 has_ratio\"><a href=\"https:\/\/masterproducts.es\/de\/maquina\/mx-ice-200-lite\/\" aria-label=\"MX ICE 200 LiTE\"><img loading=\"lazy\" decoding=\"async\" width=\"2108\" height=\"2121\" src=\"https:\/\/masterproducts.es\/wp-content\/uploads\/2024\/06\/MX-Ice-200-Lite-1.png\" class=\"attachment-full size-full wp-post-image\" alt=\"\" \/><\/a><div style=\"padding-bottom:100%\"><\/div><\/div><div class=\"w-vwrapper usg_vwrapper_1 align_none valign_top\"><h2 class=\"w-post-elm post_title usg_post_title_1 align_center entry-title color_link_inherit\"><a href=\"https:\/\/masterproducts.es\/de\/maquina\/mx-ice-200-lite\/\">MX ICE 200 LiTE<\/a><\/h2><\/div>\t\t<\/div>\r\n\t\t\t<\/article>\r\n\t<article class=\"w-grid-item size_1x1 post-14913 maquina type-maquina status-publish has-post-thumbnail hentry familia_producto-gama-lite-de logo-2years-de logo-ce logo-food-quality-de modelo_maquina-mt-tumbler-200-lite-de\" data-id=\"14913\">\r\n\t\t<div class=\"w-grid-item-h\">\r\n\t\t\t\t\t\t<div class=\"w-post-elm post_image usg_post_image_1 has_ratio\"><a href=\"https:\/\/masterproducts.es\/de\/maquina\/tumbler-200-lite\/\" aria-label=\"MT TUMBLER 200 LiTE\"><img loading=\"lazy\" decoding=\"async\" width=\"1334\" height=\"1026\" src=\"https:\/\/masterproducts.es\/wp-content\/uploads\/2025\/02\/1_2486-3.png\" class=\"attachment-full size-full wp-post-image\" alt=\"\" \/><\/a><div style=\"padding-bottom:100%\"><\/div><\/div><div class=\"w-vwrapper usg_vwrapper_1 align_none valign_top\"><h2 class=\"w-post-elm post_title usg_post_title_1 align_center entry-title color_link_inherit\"><a href=\"https:\/\/masterproducts.es\/de\/maquina\/tumbler-200-lite\/\">MT TUMBLER 200 LiTE<\/a><\/h2><\/div>\t\t<\/div>\r\n\t\t\t<\/article>\r\n\t<article class=\"w-grid-item size_1x1 post-15037 maquina type-maquina status-publish has-post-thumbnail hentry familia_producto-gama-lite-de logo-2years-de logo-ce logo-food-quality-de modelo_maquina-mb-bucker-200-lite-de\" data-id=\"15037\">\r\n\t\t<div class=\"w-grid-item-h\">\r\n\t\t\t\t\t\t<div class=\"w-post-elm post_image usg_post_image_1 has_ratio\"><a href=\"https:\/\/masterproducts.es\/de\/maquina\/mb-bucker-200-lite\/\" aria-label=\"MB BUCKER 200 LiTE\"><img loading=\"lazy\" decoding=\"async\" width=\"986\" height=\"1294\" src=\"https:\/\/masterproducts.es\/wp-content\/uploads\/2025\/03\/1_2548-5.png\" class=\"attachment-full size-full wp-post-image\" alt=\"\" \/><\/a><div style=\"padding-bottom:100%\"><\/div><\/div><div class=\"w-vwrapper usg_vwrapper_1 align_none valign_top\"><h2 class=\"w-post-elm post_title usg_post_title_1 align_center entry-title color_link_inherit\"><a href=\"https:\/\/masterproducts.es\/de\/maquina\/mb-bucker-200-lite\/\">MB BUCKER 200 LiTE<\/a><\/h2><\/div>\t\t<\/div>\r\n\t\t\t<\/article>\r\n\t<article class=\"w-grid-item size_1x1 post-15398 maquina type-maquina status-publish has-post-thumbnail hentry familia_producto-gama-lite-de logo-2years-de logo-ce logo-food-quality-de modelo_maquina-tijeras-automaticas-de\" data-id=\"15398\">\r\n\t\t<div class=\"w-grid-item-h\">\r\n\t\t\t\t\t\t<div class=\"w-post-elm post_image usg_post_image_1 has_ratio\"><a href=\"https:\/\/masterproducts.es\/de\/maquina\/automatische-japanische-scheren-trimming-trichome\/\" aria-label=\"Professionelle scheren\"><img loading=\"lazy\" decoding=\"async\" width=\"4350\" height=\"2206\" src=\"https:\/\/masterproducts.es\/wp-content\/uploads\/2025\/03\/PT1_ora_png.png\" class=\"attachment-full size-full wp-post-image\" alt=\"\" \/><\/a><div style=\"padding-bottom:100%\"><\/div><\/div><div class=\"w-vwrapper usg_vwrapper_1 align_none valign_top\"><h2 class=\"w-post-elm post_title usg_post_title_1 align_center entry-title color_link_inherit\"><a href=\"https:\/\/masterproducts.es\/de\/maquina\/automatische-japanische-scheren-trimming-trichome\/\">Professionelle scheren<\/a><\/h2><\/div>\t\t<\/div>\r\n\t\t\t<\/article>\r\n\t<article class=\"w-grid-item size_1x1 post-19374 maquina type-maquina status-publish has-post-thumbnail hentry familia_producto-gama-lite-de\" data-id=\"19374\">\r\n\t\t<div class=\"w-grid-item-h\">\r\n\t\t\t\t\t\t<div class=\"w-post-elm post_image usg_post_image_1 has_ratio\"><a href=\"https:\/\/masterproducts.es\/de\/maquina\/tragbares-mikroskop-fuer-cannabis\/\" aria-label=\"Tragbares Mikroskop f\u00fcr Cannabis\"><img loading=\"lazy\" decoding=\"async\" width=\"1500\" height=\"1500\" src=\"https:\/\/masterproducts.es\/wp-content\/uploads\/2025\/11\/microscope-slider-3d-00.webp\" class=\"attachment-full size-full wp-post-image\" alt=\"\" \/><\/a><div style=\"padding-bottom:100%\"><\/div><\/div><div class=\"w-vwrapper usg_vwrapper_1 align_none valign_top\"><h2 class=\"w-post-elm post_title usg_post_title_1 align_center entry-title color_link_inherit\"><a href=\"https:\/\/masterproducts.es\/de\/maquina\/tragbares-mikroskop-fuer-cannabis\/\">Tragbares Mikroskop f\u00fcr Cannabis<\/a><\/h2><\/div>\t\t<\/div>\r\n\t\t\t<\/article>\r\n<\/div><div class=\"w-grid-preloader\">\t<div class=\"g-preloader type_1\">\r\n\t\t<div><\/div>\r\n\t<\/div>\r\n\t<\/div>\t<div class=\"w-grid-json hidden\" onclick='return {&quot;action&quot;:&quot;us_ajax_grid&quot;,&quot;infinite_scroll&quot;:0,&quot;max_num_pages&quot;:1,&quot;pagination&quot;:&quot;none&quot;,&quot;template_vars&quot;:{&quot;columns&quot;:&quot;3&quot;,&quot;exclude_items&quot;:&quot;none&quot;,&quot;img_size&quot;:&quot;default&quot;,&quot;ignore_items_size&quot;:0,&quot;items_layout&quot;:&quot;38&quot;,&quot;items_offset&quot;:&quot;1&quot;,&quot;load_animation&quot;:&quot;none&quot;,&quot;overriding_link&quot;:&quot;{\\&quot;url\\&quot;:\\&quot;\\&quot;}&quot;,&quot;post_id&quot;:0,&quot;query_args&quot;:{&quot;post_type&quot;:[&quot;maquina&quot;],&quot;tax_query&quot;:[{&quot;taxonomy&quot;:&quot;familia_producto&quot;,&quot;field&quot;:&quot;slug&quot;,&quot;terms&quot;:[&quot;gama-lite&quot;]}],&quot;post_status&quot;:[&quot;publish&quot;],&quot;posts_per_page&quot;:&quot;10&quot;},&quot;orderby_query_args&quot;:{&quot;orderby&quot;:{&quot;date&quot;:&quot;ASC&quot;}},&quot;type&quot;:&quot;grid&quot;,&quot;us_grid_post_type&quot;:&quot;maquina&quot;,&quot;us_grid_ajax_index&quot;:1,&quot;us_grid_filter_query_string&quot;:null,&quot;us_grid_index&quot;:1,&quot;page_args&quot;:[],&quot;lang&quot;:&quot;de&quot;}}'><\/div>\r\n\t<\/div><\/div><\/div><\/div><\/div><\/section>\n","protected":false},"excerpt":{"rendered":"LiTE SORTIMENT HOME TRAGBARES MIKROSKOP F\u00dcR CANNABIS PORTABLE MICROSCOPE Tragbares Mikroskop f\u00fcr Cannabis Beobachten und analysieren Sie Ihre Trichome mit hoher Pr\u00e4zision direkt von Ihrem Smartphone aus. Dieses tragbare Mikroskop f\u00fcr Cannabis verwandelt Ihr Telefon in ein professionelles Mikroskopger\u00e4t und bietet eine klare und detaillierte Darstellung der Trichome, egal wo Sie sich befinden. Dank der...","protected":false},"author":1,"featured_media":0,"parent":0,"menu_order":0,"comment_status":"closed","ping_status":"closed","template":"","meta":{"_joinchat":[],"footnotes":""},"class_list":["post-11200","page","type-page","status-publish","hentry"],"yoast_head":"<!-- This site is optimized with the Yoast SEO plugin v27.4 - https:\/\/yoast.com\/product\/yoast-seo-wordpress\/ -->\n<title>LiTE: Kompakte Maschinen f\u00fcr den Cannabisanbau im kleinen Ma\u00dfstab \u2013 Master Products - Master Products<\/title>\n<meta name=\"description\" content=\"Die LiTE-Reihe ist f\u00fcr kleine Cannabisanbauer konzipiert. Kompakte, funktionale und erschwingliche Maschinen zur Optimierung Ihres Nachernteprozesses.\" \/>\n<meta name=\"robots\" content=\"index, follow, max-snippet:-1, max-image-preview:large, max-video-preview:-1\" \/>\n<link rel=\"canonical\" href=\"https:\/\/masterproducts.es\/de\/lite-sortiment\/\" \/>\n<meta property=\"og:locale\" content=\"de_DE\" \/>\n<meta property=\"og:type\" content=\"article\" \/>\n<meta property=\"og:title\" content=\"LiTE: Kompakte Maschinen f\u00fcr den Cannabisanbau im kleinen Ma\u00dfstab \u2013 Master Products - Master Products\" \/>\n<meta property=\"og:description\" content=\"Die LiTE-Reihe ist f\u00fcr kleine Cannabisanbauer konzipiert. Kompakte, funktionale und erschwingliche Maschinen zur Optimierung Ihres Nachernteprozesses.\" \/>\n<meta property=\"og:url\" content=\"https:\/\/masterproducts.es\/de\/lite-sortiment\/\" \/>\n<meta property=\"og:site_name\" content=\"Master Products\" \/>\n<meta property=\"article:modified_time\" content=\"2025-04-11T09:45:14+00:00\" \/>\n<meta name=\"twitter:card\" content=\"summary_large_image\" \/>\n<meta name=\"twitter:label1\" content=\"Gesch\u00e4tzte Lesezeit\" \/>\n\t<meta name=\"twitter:data1\" content=\"2\u00a0Minuten\" \/>\n<script type=\"application\/ld+json\" class=\"yoast-schema-graph\">{\"@context\":\"https:\\\/\\\/schema.org\",\"@graph\":[{\"@type\":\"WebPage\",\"@id\":\"https:\\\/\\\/masterproducts.es\\\/de\\\/lite-sortiment\\\/\",\"url\":\"https:\\\/\\\/masterproducts.es\\\/de\\\/lite-sortiment\\\/\",\"name\":\"LiTE: Kompakte Maschinen f\u00fcr den Cannabisanbau im kleinen Ma\u00dfstab \u2013 Master Products - Master Products\",\"isPartOf\":{\"@id\":\"https:\\\/\\\/masterproducts.es\\\/de\\\/#website\"},\"datePublished\":\"2024-06-03T07:39:52+00:00\",\"dateModified\":\"2025-04-11T09:45:14+00:00\",\"description\":\"Die LiTE-Reihe ist f\u00fcr kleine Cannabisanbauer konzipiert. Kompakte, funktionale und erschwingliche Maschinen zur Optimierung Ihres Nachernteprozesses.\",\"breadcrumb\":{\"@id\":\"https:\\\/\\\/masterproducts.es\\\/de\\\/lite-sortiment\\\/#breadcrumb\"},\"inLanguage\":\"de\",\"potentialAction\":[{\"@type\":\"ReadAction\",\"target\":[\"https:\\\/\\\/masterproducts.es\\\/de\\\/lite-sortiment\\\/\"]}]},{\"@type\":\"BreadcrumbList\",\"@id\":\"https:\\\/\\\/masterproducts.es\\\/de\\\/lite-sortiment\\\/#breadcrumb\",\"itemListElement\":[{\"@type\":\"ListItem\",\"position\":1,\"name\":\"HOME\",\"item\":\"https:\\\/\\\/masterproducts.es\\\/de\\\/\"},{\"@type\":\"ListItem\",\"position\":2,\"name\":\"lite sortiment\"}]},{\"@type\":\"WebSite\",\"@id\":\"https:\\\/\\\/masterproducts.es\\\/de\\\/#website\",\"url\":\"https:\\\/\\\/masterproducts.es\\\/de\\\/\",\"name\":\"Master Products\",\"description\":\"Trim like a master\",\"potentialAction\":[{\"@type\":\"SearchAction\",\"target\":{\"@type\":\"EntryPoint\",\"urlTemplate\":\"https:\\\/\\\/masterproducts.es\\\/de\\\/?s={search_term_string}\"},\"query-input\":{\"@type\":\"PropertyValueSpecification\",\"valueRequired\":true,\"valueName\":\"search_term_string\"}}],\"inLanguage\":\"de\"}]}<\/script>\n<!-- \/ Yoast SEO plugin. -->","yoast_head_json":{"title":"LiTE: Kompakte Maschinen f\u00fcr den Cannabisanbau im kleinen Ma\u00dfstab \u2013 Master Products - Master Products","description":"Die LiTE-Reihe ist f\u00fcr kleine Cannabisanbauer konzipiert. Kompakte, funktionale und erschwingliche Maschinen zur Optimierung Ihres Nachernteprozesses.","robots":{"index":"index","follow":"follow","max-snippet":"max-snippet:-1","max-image-preview":"max-image-preview:large","max-video-preview":"max-video-preview:-1"},"canonical":"https:\/\/masterproducts.es\/de\/lite-sortiment\/","og_locale":"de_DE","og_type":"article","og_title":"LiTE: Kompakte Maschinen f\u00fcr den Cannabisanbau im kleinen Ma\u00dfstab \u2013 Master Products - Master Products","og_description":"Die LiTE-Reihe ist f\u00fcr kleine Cannabisanbauer konzipiert. Kompakte, funktionale und erschwingliche Maschinen zur Optimierung Ihres Nachernteprozesses.","og_url":"https:\/\/masterproducts.es\/de\/lite-sortiment\/","og_site_name":"Master Products","article_modified_time":"2025-04-11T09:45:14+00:00","twitter_card":"summary_large_image","twitter_misc":{"Gesch\u00e4tzte Lesezeit":"2\u00a0Minuten"},"schema":{"@context":"https:\/\/schema.org","@graph":[{"@type":"WebPage","@id":"https:\/\/masterproducts.es\/de\/lite-sortiment\/","url":"https:\/\/masterproducts.es\/de\/lite-sortiment\/","name":"LiTE: Kompakte Maschinen f\u00fcr den Cannabisanbau im kleinen Ma\u00dfstab \u2013 Master Products - Master Products","isPartOf":{"@id":"https:\/\/masterproducts.es\/de\/#website"},"datePublished":"2024-06-03T07:39:52+00:00","dateModified":"2025-04-11T09:45:14+00:00","description":"Die LiTE-Reihe ist f\u00fcr kleine Cannabisanbauer konzipiert. Kompakte, funktionale und erschwingliche Maschinen zur Optimierung Ihres Nachernteprozesses.","breadcrumb":{"@id":"https:\/\/masterproducts.es\/de\/lite-sortiment\/#breadcrumb"},"inLanguage":"de","potentialAction":[{"@type":"ReadAction","target":["https:\/\/masterproducts.es\/de\/lite-sortiment\/"]}]},{"@type":"BreadcrumbList","@id":"https:\/\/masterproducts.es\/de\/lite-sortiment\/#breadcrumb","itemListElement":[{"@type":"ListItem","position":1,"name":"HOME","item":"https:\/\/masterproducts.es\/de\/"},{"@type":"ListItem","position":2,"name":"lite sortiment"}]},{"@type":"WebSite","@id":"https:\/\/masterproducts.es\/de\/#website","url":"https:\/\/masterproducts.es\/de\/","name":"Master Products","description":"Trim like a master","potentialAction":[{"@type":"SearchAction","target":{"@type":"EntryPoint","urlTemplate":"https:\/\/masterproducts.es\/de\/?s={search_term_string}"},"query-input":{"@type":"PropertyValueSpecification","valueRequired":true,"valueName":"search_term_string"}}],"inLanguage":"de"}]}},"_links":{"self":[{"href":"https:\/\/masterproducts.es\/de\/wp-json\/wp\/v2\/pages\/11200","targetHints":{"allow":["GET"]}}],"collection":[{"href":"https:\/\/masterproducts.es\/de\/wp-json\/wp\/v2\/pages"}],"about":[{"href":"https:\/\/masterproducts.es\/de\/wp-json\/wp\/v2\/types\/page"}],"author":[{"embeddable":true,"href":"https:\/\/masterproducts.es\/de\/wp-json\/wp\/v2\/users\/1"}],"replies":[{"embeddable":true,"href":"https:\/\/masterproducts.es\/de\/wp-json\/wp\/v2\/comments?post=11200"}],"version-history":[{"count":22,"href":"https:\/\/masterproducts.es\/de\/wp-json\/wp\/v2\/pages\/11200\/revisions"}],"predecessor-version":[{"id":16440,"href":"https:\/\/masterproducts.es\/de\/wp-json\/wp\/v2\/pages\/11200\/revisions\/16440"}],"wp:attachment":[{"href":"https:\/\/masterproducts.es\/de\/wp-json\/wp\/v2\/media?parent=11200"}],"curies":[{"name":"wp","href":"https:\/\/api.w.org\/{rel}","templated":true}]}}