{"id":13105,"date":"2024-09-04T11:29:37","date_gmt":"2024-09-04T09:29:37","guid":{"rendered":"https:\/\/masterproducts.es\/?page_id=13105"},"modified":"2025-05-15T10:19:49","modified_gmt":"2025-05-15T08:19:49","slug":"master-extractors","status":"publish","type":"page","link":"https:\/\/masterproducts.es\/de\/professionelle-sortiment\/master-extractors\/","title":{"rendered":"Master Extractors"},"content":{"rendered":"<section class=\"l-section wpb_row height_medium\"><div class=\"l-section-h i-cf\"><div class=\"g-cols vc_row via_grid cols_1 laptops-cols_inherit tablets-cols_inherit mobiles-cols_1 valign_top type_default stacking_default\" style=\"--columns-gap:1rem;\"><div class=\"wpb_column vc_column_container\"><div class=\"vc_column-inner\"><div class=\"wpb_text_column\"><div class=\"wpb_wrapper\"><h2 class=\"titulo-slider\" style=\"text-align: center;\">PROFESSIONAL<\/h2>\n<h2 class=\"titulo-slider-destacado\" style=\"text-align: center;\">SORTIMENT<\/h2>\n<\/div><\/div><\/div><\/div><\/div><\/div><\/section><style data-type=\"us_custom-css\">.menu-maquinas a{color:#333;text-transform:uppercase;font-weight:700}<\/style><section class=\"l-section wpb_row us_custom_310001f5 menu-maquinas hide_on_tablets hide_on_mobiles height_auto width_full type_sticky\"><div class=\"l-section-h i-cf\"><div class=\"g-cols vc_row via_grid cols_1 laptops-cols_inherit tablets-cols_inherit mobiles-cols_1 valign_top type_default stacking_default\" style=\"--columns-gap:0.5rem;\"><div class=\"wpb_column vc_column_container\"><div class=\"vc_column-inner\"><div class=\"w-hwrapper valign_top align_center\" style=\"--hwrapper-gap:3rem\"><div class=\"w-btn-wrapper align_center\"><a class=\"w-btn us-btn-style_1\" title=\"Gama Professional\" href=\"https:\/\/masterproducts.es\/de\/professionelle-sortiment\/\"><span class=\"w-btn-label\">PROFESSIONAL SORTIMENT<\/span><\/a><\/div><div class=\"w-btn-wrapper align_center\"><a class=\"w-btn us-btn-style_4\" title=\"Trimmers\" href=\"https:\/\/masterproducts.es\/de\/professionelle-sortiment\/meister-trimmer\/#indice-maquinas\"><span class=\"w-btn-label\">Trimmers<\/span><\/a><\/div><div class=\"w-btn-wrapper align_center\"><a class=\"w-btn us-btn-style_4\" title=\"Buckers\" href=\"https:\/\/masterproducts.es\/de\/professionelle-sortiment\/master-extractors\/#indice-maquinas\"><span class=\"w-btn-label\">Extractors<\/span><\/a><\/div><div class=\"w-btn-wrapper align_center\"><a class=\"w-btn us-btn-style_4\" title=\"Sorters\" href=\"https:\/\/masterproducts.es\/de\/professionelle-sortiment\/meister-sorter\/#indice-maquinas\"><span class=\"w-btn-label\">Sorters<\/span><\/a><\/div><div class=\"w-btn-wrapper align_center\"><a class=\"w-btn us-btn-style_4\" title=\"Buckers\" href=\"https:\/\/masterproducts.es\/de\/professionelle-sortiment\/meister-buckers\/#indice-maquinas\"><span class=\"w-btn-label\">Buckers<\/span><\/a><\/div><div class=\"w-btn-wrapper align_center\"><a class=\"w-btn us-btn-style_4\" title=\"Buckers\" href=\"https:\/\/masterproducts.es\/de\/professionelle-sortiment\/meister-seeds\/#indice-maquinas\"><span class=\"w-btn-label\">Seeds<\/span><\/a><\/div><div class=\"w-btn-wrapper align_center\"><a class=\"w-btn us-btn-style_4\" title=\"Buckers\" href=\"https:\/\/masterproducts.es\/de\/maquina\/lio-freeze-dryer-gefriertrockner-effiziente-trocknung-voncannabis\/\"><span class=\"w-btn-label\">Freeze Dryers<\/span><\/a><\/div><\/div><\/div><\/div><\/div><\/div><\/section>\n<section class=\"l-section wpb_row us_custom_678a4f9f height_auto\"><div class=\"l-section-h i-cf\"><div class=\"g-cols vc_row via_grid cols_1-2 laptops-cols_inherit tablets-cols_inherit mobiles-cols_1 valign_top type_default stacking_default\"><div class=\"wpb_column vc_column_container\"><div class=\"vc_column-inner\"><div class=\"w-separator size_medium\"><\/div><div class=\"wpb_text_column\"><div class=\"wpb_wrapper\"><h2 class=\"titulo-slider\">NACH-ERNTE-L\u00d6SUNGENE<\/h2>\n<h2 class=\"titulo-slider-destacado\" style=\"text-align: left;\">MIT GACP-KONFORM<\/h2>\n<\/div><\/div><div class=\"w-separator size_medium\"><\/div><div class=\"wpb_text_column\"><div class=\"wpb_wrapper\"><div class=\"wpb_text_column\">\n<div class=\"wpb_wrapper\">\n<p>Entdecken Sie unsere L\u00f6sungen f\u00fcr die Nachbearbeitung zur Verarbeitung von Cannabis und industriellem Hanf. Wir unterst\u00fctzen Sie dabei, den Trimprozess in allen Produktionsphasen zu automatisieren und zu industrialisieren.<\/p>\n<p>Wir entwerfen und fertigen industrielle landwirtschaftliche Maschinen nach den Bed\u00fcrfnissen unserer Kunden und den Produktionsanforderungen jeder Kulturart. Unser Portfolio umfasst Cannabisblatttrimmer oder -sch\u00e4ler, St\u00e4ngelentferner oder Gr\u00f6\u00dfenklassifizierer sowie einzigartige Samenabscheider, die auf dem Markt erh\u00e4ltlich sind. Alle unsere Maschinen bestehen aus hochwertigen Materialien, die optimale Verarbeitungsergebnisse gew\u00e4hrleisten und eine Garantie f\u00fcr Langlebigkeit und Erhaltung bieten.<\/p>\n<p><strong>Nass- und\/oder Trockentrimmen.<\/strong><\/p>\n<\/div>\n<\/div>\n<\/div><\/div><div class=\"w-separator size_medium\"><\/div><\/div><\/div><div class=\"wpb_column vc_column_container\"><div class=\"vc_column-inner\"><div class=\"w-image align_left\"><div class=\"w-image-h\"><img decoding=\"async\" width=\"1024\" height=\"846\" src=\"https:\/\/masterproducts.es\/wp-content\/uploads\/2024\/09\/EXTRACTORS.jpg\" class=\"attachment-large size-large\" alt=\"\" loading=\"lazy\" srcset=\"https:\/\/masterproducts.es\/wp-content\/uploads\/2024\/09\/EXTRACTORS.jpg 1024w, https:\/\/masterproducts.es\/wp-content\/uploads\/2024\/09\/EXTRACTORS-300x248.jpg 300w\" sizes=\"auto, (max-width: 1024px) 100vw, 1024px\" \/><\/div><\/div><\/div><\/div><\/div><\/div><\/section><section class=\"l-section wpb_row height_medium\" id=\"indice-maquinas\"><div class=\"l-section-h i-cf\"><div class=\"g-cols vc_row via_grid cols_3 laptops-cols_inherit tablets-cols_inherit mobiles-cols_1 valign_top type_default stacking_default\"><div class=\"wpb_column vc_column_container\"><div class=\"vc_column-inner\"><div class=\"wpb_text_column\"><div class=\"wpb_wrapper\"><h2 class=\"titulo-slider\" style=\"text-align: left;\">MASTER<\/h2>\n<h2 class=\"titulo-slider-destacado\" style=\"text-align: left;\">EXTRACTORS<\/h2>\n<\/div><\/div><div class=\"w-separator size_small\"><\/div><div class=\"wpb_text_column\"><div class=\"wpb_wrapper\"><p>L\u00f6sungsmittelfreie Eisextraktionssysteme f\u00fcr die Herstellung von Cannabisharz, besser bekannt als \u201cBubble Hash\u201c. Hergestellt aus hochwertigen Materialien f\u00fcr optimale Ergebnisse.<\/p>\n<\/div><\/div><\/div><\/div><div class=\"wpb_column vc_column_container\"><div class=\"vc_column-inner\"><\/div><\/div><div class=\"wpb_column vc_column_container\"><div class=\"vc_column-inner\"><\/div><\/div><\/div><\/div><\/section><section class=\"l-section wpb_row height_medium\"><div class=\"l-section-h i-cf\"><div class=\"g-cols vc_row via_grid cols_1 laptops-cols_inherit tablets-cols_inherit mobiles-cols_1 valign_top type_default stacking_default\"><div class=\"wpb_column vc_column_container\"><div class=\"vc_column-inner\"><div class=\"w-grid type_grid layout_38 cols_3 preload_style_spinner\" id=\"us_grid_1\" style=\"--columns:3;--gap:1.5rem;\" data-filterable=\"true\"><style>@media (max-width:1024px){#us_grid_1{--columns:2!important}}@media (max-width:600px){#us_grid_1{--columns:1!important}}.layout_38 .w-grid-item-h{background:#EDEDED}.layout_38 .usg_post_image_1{background:#ffffff!important}.layout_38 .usg_post_title_1{font-size:1rem!important;font-weight:700!important;width:100%!important;padding:1rem!important;background:#EDEDED!important}.layout_38 .usg_vwrapper_1{margin:0!important;background:#EDEDED!important}<\/style><div class=\"w-grid-list\">\t<article class=\"w-grid-item size_1x1 post-9898 maquina type-maquina status-publish has-post-thumbnail hentry familia_producto-master-seeds-de familia_producto-professionelles-sortiment logo-ce logo-food-quality-de logo-warranty-de modelo_maquina-ms-seeds-de\" data-id=\"9898\">\r\n\t\t<div class=\"w-grid-item-h\">\r\n\t\t\t\t\t\t<div class=\"w-post-elm post_image usg_post_image_1 has_ratio\"><a href=\"https:\/\/masterproducts.es\/de\/maquina\/ms-seeds-500\/\" aria-label=\"MS SEEDS 500\"><img loading=\"lazy\" decoding=\"async\" width=\"1181\" height=\"1181\" src=\"https:\/\/masterproducts.es\/wp-content\/uploads\/2023\/01\/PROF-_-SEEDS_-MS-SEEDS.png\" class=\"attachment-full size-full wp-post-image\" alt=\"\" \/><\/a><div style=\"padding-bottom:100%\"><\/div><\/div><div class=\"w-vwrapper usg_vwrapper_1 align_none valign_top\"><h2 class=\"w-post-elm post_title usg_post_title_1 align_center entry-title color_link_inherit\"><a href=\"https:\/\/masterproducts.es\/de\/maquina\/ms-seeds-500\/\">MS SEEDS 500<\/a><\/h2><\/div>\t\t<\/div>\r\n\t\t\t<\/article>\r\n\t<article class=\"w-grid-item size_1x1 post-10225 maquina type-maquina status-publish has-post-thumbnail hentry familia_producto-master-seeds-de familia_producto-professionelles-sortiment logo-ce logo-food-quality-de logo-warranty-de modelo_maquina-ms-saatgut-200 modelo_maquina-ms-seeds-de\" data-id=\"10225\">\r\n\t\t<div class=\"w-grid-item-h\">\r\n\t\t\t\t\t\t<div class=\"w-post-elm post_image usg_post_image_1 has_ratio\"><a href=\"https:\/\/masterproducts.es\/de\/maquina\/ms-seeds-200\/\" aria-label=\"MS SEEDS 200\"><img loading=\"lazy\" decoding=\"async\" width=\"1181\" height=\"1181\" src=\"https:\/\/masterproducts.es\/wp-content\/uploads\/2023\/06\/MS-Seeds-200-2.png\" class=\"attachment-full size-full wp-post-image\" alt=\"\" \/><\/a><div style=\"padding-bottom:100%\"><\/div><\/div><div class=\"w-vwrapper usg_vwrapper_1 align_none valign_top\"><h2 class=\"w-post-elm post_title usg_post_title_1 align_center entry-title color_link_inherit\"><a href=\"https:\/\/masterproducts.es\/de\/maquina\/ms-seeds-200\/\">MS SEEDS 200<\/a><\/h2><\/div>\t\t<\/div>\r\n\t\t\t<\/article>\r\n\t<article class=\"w-grid-item size_1x1 post-13322 maquina type-maquina status-publish has-post-thumbnail hentry familia_producto-extractors-de familia_producto-professionelles-sortiment logo-ce logo-food-quality-de logo-warranty-de modelo_maquina-mx-ice-500-de\" data-id=\"13322\">\r\n\t\t<div class=\"w-grid-item-h\">\r\n\t\t\t\t\t\t<div class=\"w-post-elm post_image usg_post_image_1 has_ratio\"><a href=\"https:\/\/masterproducts.es\/de\/maquina\/mx-ice-500\/\" aria-label=\"MX ICE 500\"><img loading=\"lazy\" decoding=\"async\" width=\"1181\" height=\"1181\" src=\"https:\/\/masterproducts.es\/wp-content\/uploads\/2024\/09\/PROF-MED-EXTRACTORS-MX-ICE-500-1-1.png\" class=\"attachment-full size-full wp-post-image\" alt=\"\" \/><\/a><div style=\"padding-bottom:100%\"><\/div><\/div><div class=\"w-vwrapper usg_vwrapper_1 align_none valign_top\"><h2 class=\"w-post-elm post_title usg_post_title_1 align_center entry-title color_link_inherit\"><a href=\"https:\/\/masterproducts.es\/de\/maquina\/mx-ice-500\/\">MX ICE 500<\/a><\/h2><\/div>\t\t<\/div>\r\n\t\t\t<\/article>\r\n\t<article class=\"w-grid-item size_1x1 post-13621 maquina type-maquina status-publish has-post-thumbnail hentry familia_producto-extractors-de familia_producto-professionelles-sortiment logo-ce logo-food-quality-de logo-warranty-de modelo_maquina-mx-ice-700-4\" data-id=\"13621\">\r\n\t\t<div class=\"w-grid-item-h\">\r\n\t\t\t\t\t\t<div class=\"w-post-elm post_image usg_post_image_1 has_ratio\"><a href=\"https:\/\/masterproducts.es\/de\/maquina\/mx-ice-700\/\" aria-label=\"MX ICE 700\"><img loading=\"lazy\" decoding=\"async\" width=\"1181\" height=\"1181\" src=\"https:\/\/masterproducts.es\/wp-content\/uploads\/2024\/09\/PROF-MED-EXTRACTORS-MX-ICE-500-2-1.png\" class=\"attachment-full size-full wp-post-image\" alt=\"\" \/><\/a><div style=\"padding-bottom:100%\"><\/div><\/div><div class=\"w-vwrapper usg_vwrapper_1 align_none valign_top\"><h2 class=\"w-post-elm post_title usg_post_title_1 align_center entry-title color_link_inherit\"><a href=\"https:\/\/masterproducts.es\/de\/maquina\/mx-ice-700\/\">MX ICE 700<\/a><\/h2><\/div>\t\t<\/div>\r\n\t\t\t<\/article>\r\n\t<article class=\"w-grid-item size_1x1 post-16553 maquina type-maquina status-publish has-post-thumbnail hentry familia_producto-extractors-de familia_producto-professionelles-sortiment logo-ce logo-food-quality-de logo-warranty-de modelo_maquina-plasmastatic-v1-de\" data-id=\"16553\">\r\n\t\t<div class=\"w-grid-item-h\">\r\n\t\t\t\t\t\t<div class=\"w-post-elm post_image usg_post_image_1 has_ratio\"><a href=\"https:\/\/masterproducts.es\/de\/maquina\/plasmastatic-v1-elektrostatische-technologie-zur-trichomentrennung\/\" aria-label=\"PLASMASTATIC V1\"><img loading=\"lazy\" decoding=\"async\" width=\"2098\" height=\"2098\" src=\"https:\/\/masterproducts.es\/wp-content\/uploads\/2025\/04\/maquina.jpg\" class=\"attachment-full size-full wp-post-image\" alt=\"\" \/><\/a><div style=\"padding-bottom:100%\"><\/div><\/div><div class=\"w-vwrapper usg_vwrapper_1 align_none valign_top\"><h2 class=\"w-post-elm post_title usg_post_title_1 align_center entry-title color_link_inherit\"><a href=\"https:\/\/masterproducts.es\/de\/maquina\/plasmastatic-v1-elektrostatische-technologie-zur-trichomentrennung\/\">PLASMASTATIC V1<\/a><\/h2><\/div>\t\t<\/div>\r\n\t\t\t<\/article>\r\n<\/div><div class=\"w-grid-preloader\">\t<div class=\"g-preloader type_1\">\r\n\t\t<div><\/div>\r\n\t<\/div>\r\n\t<\/div>\t<div class=\"w-grid-json hidden\" onclick='return {&quot;action&quot;:&quot;us_ajax_grid&quot;,&quot;infinite_scroll&quot;:0,&quot;max_num_pages&quot;:1,&quot;pagination&quot;:&quot;none&quot;,&quot;template_vars&quot;:{&quot;columns&quot;:&quot;3&quot;,&quot;exclude_items&quot;:&quot;none&quot;,&quot;img_size&quot;:&quot;default&quot;,&quot;ignore_items_size&quot;:0,&quot;items_layout&quot;:&quot;38&quot;,&quot;items_offset&quot;:&quot;1&quot;,&quot;load_animation&quot;:&quot;none&quot;,&quot;overriding_link&quot;:&quot;{\\&quot;url\\&quot;:\\&quot;\\&quot;}&quot;,&quot;post_id&quot;:0,&quot;query_args&quot;:{&quot;post_type&quot;:[&quot;maquina&quot;],&quot;tax_query&quot;:[{&quot;taxonomy&quot;:&quot;familia_producto&quot;,&quot;field&quot;:&quot;slug&quot;,&quot;terms&quot;:[&quot;master-seeds&quot;,&quot;extractors-de&quot;]}],&quot;post_status&quot;:[&quot;publish&quot;],&quot;posts_per_page&quot;:&quot;10&quot;},&quot;orderby_query_args&quot;:{&quot;orderby&quot;:{&quot;date&quot;:&quot;ASC&quot;}},&quot;type&quot;:&quot;grid&quot;,&quot;us_grid_post_type&quot;:&quot;maquina&quot;,&quot;us_grid_ajax_index&quot;:1,&quot;us_grid_filter_query_string&quot;:null,&quot;us_grid_index&quot;:1,&quot;page_args&quot;:[],&quot;lang&quot;:&quot;de&quot;}}'><\/div>\r\n\t<\/div><\/div><\/div><\/div><\/div><\/section>\n","protected":false},"excerpt":{"rendered":"PROFESSIONAL SORTIMENT HOME MASTER EXTRACTORS PLASMASTATIC V1 HOCHPR\u00c4IZER TRICHOM-ABSCHNEIDER Das PLASMASTATIC V1 System ist eine hochmoderne L\u00f6sung, die auf hochwertiger elektrostatischer Technologie basiert und eine unvergleichliche Pr\u00e4zision und Effizienz bei der Trichomentrennung bietet. Basierend auf der Plasmastatic V2 Technologie liefert die Plasmastatic V1 dieselbe Qualit\u00e4t in einer kompakteren und vielseitigeren Version. Dieses System verwendet statische...","protected":false},"author":1,"featured_media":0,"parent":9218,"menu_order":0,"comment_status":"closed","ping_status":"closed","template":"","meta":{"_joinchat":[],"footnotes":""},"class_list":["post-13105","page","type-page","status-publish","hentry"],"yoast_head":"<!-- This site is optimized with the Yoast SEO plugin v27.3 - https:\/\/yoast.com\/product\/yoast-seo-wordpress\/ -->\n<title>Master Extractors: L\u00f6sungsmittelfreie Eisextraktion f\u00fcr Premium-Bubble-Hash \u2013 Master Products<\/title>\n<meta name=\"description\" content=\"Hochwertige, l\u00f6sungsmittelfreie Eisextraktionssysteme f\u00fcr die Herstellung von erstklassigem Cannabisharz, auch bekannt als \u201eBubble-Hash\u201c, mit optimalen Ergebnissen.\" \/>\n<meta name=\"robots\" content=\"index, follow, max-snippet:-1, max-image-preview:large, max-video-preview:-1\" \/>\n<link rel=\"canonical\" href=\"https:\/\/masterproducts.es\/de\/professionelle-sortiment\/master-extractors\/\" \/>\n<meta property=\"og:locale\" content=\"de_DE\" \/>\n<meta property=\"og:type\" content=\"article\" \/>\n<meta property=\"og:title\" content=\"Master Extractors: L\u00f6sungsmittelfreie Eisextraktion f\u00fcr Premium-Bubble-Hash \u2013 Master Products\" \/>\n<meta property=\"og:description\" content=\"Hochwertige, l\u00f6sungsmittelfreie Eisextraktionssysteme f\u00fcr die Herstellung von erstklassigem Cannabisharz, auch bekannt als \u201eBubble-Hash\u201c, mit optimalen Ergebnissen.\" \/>\n<meta property=\"og:url\" content=\"https:\/\/masterproducts.es\/de\/professionelle-sortiment\/master-extractors\/\" \/>\n<meta property=\"og:site_name\" content=\"Master Products\" \/>\n<meta property=\"article:modified_time\" content=\"2025-05-15T08:19:49+00:00\" \/>\n<meta name=\"twitter:card\" content=\"summary_large_image\" \/>\n<meta name=\"twitter:label1\" content=\"Gesch\u00e4tzte Lesezeit\" \/>\n\t<meta name=\"twitter:data1\" content=\"1\u00a0Minute\" \/>\n<script type=\"application\/ld+json\" class=\"yoast-schema-graph\">{\"@context\":\"https:\\\/\\\/schema.org\",\"@graph\":[{\"@type\":\"WebPage\",\"@id\":\"https:\\\/\\\/masterproducts.es\\\/de\\\/professionelle-sortiment\\\/master-extractors\\\/\",\"url\":\"https:\\\/\\\/masterproducts.es\\\/de\\\/professionelle-sortiment\\\/master-extractors\\\/\",\"name\":\"Master Extractors: L\u00f6sungsmittelfreie Eisextraktion f\u00fcr Premium-Bubble-Hash \u2013 Master Products\",\"isPartOf\":{\"@id\":\"https:\\\/\\\/masterproducts.es\\\/de\\\/#website\"},\"datePublished\":\"2024-09-04T09:29:37+00:00\",\"dateModified\":\"2025-05-15T08:19:49+00:00\",\"description\":\"Hochwertige, l\u00f6sungsmittelfreie Eisextraktionssysteme f\u00fcr die Herstellung von erstklassigem Cannabisharz, auch bekannt als \u201eBubble-Hash\u201c, mit optimalen Ergebnissen.\",\"breadcrumb\":{\"@id\":\"https:\\\/\\\/masterproducts.es\\\/de\\\/professionelle-sortiment\\\/master-extractors\\\/#breadcrumb\"},\"inLanguage\":\"de\",\"potentialAction\":[{\"@type\":\"ReadAction\",\"target\":[\"https:\\\/\\\/masterproducts.es\\\/de\\\/professionelle-sortiment\\\/master-extractors\\\/\"]}]},{\"@type\":\"BreadcrumbList\",\"@id\":\"https:\\\/\\\/masterproducts.es\\\/de\\\/professionelle-sortiment\\\/master-extractors\\\/#breadcrumb\",\"itemListElement\":[{\"@type\":\"ListItem\",\"position\":1,\"name\":\"HOME\",\"item\":\"https:\\\/\\\/masterproducts.es\\\/de\\\/\"},{\"@type\":\"ListItem\",\"position\":2,\"name\":\"Professional Sortiment\",\"item\":\"https:\\\/\\\/masterproducts.es\\\/de\\\/professionelle-sortiment\\\/\"},{\"@type\":\"ListItem\",\"position\":3,\"name\":\"Master Extractors\"}]},{\"@type\":\"WebSite\",\"@id\":\"https:\\\/\\\/masterproducts.es\\\/de\\\/#website\",\"url\":\"https:\\\/\\\/masterproducts.es\\\/de\\\/\",\"name\":\"Master Products\",\"description\":\"Trim like a master\",\"potentialAction\":[{\"@type\":\"SearchAction\",\"target\":{\"@type\":\"EntryPoint\",\"urlTemplate\":\"https:\\\/\\\/masterproducts.es\\\/de\\\/?s={search_term_string}\"},\"query-input\":{\"@type\":\"PropertyValueSpecification\",\"valueRequired\":true,\"valueName\":\"search_term_string\"}}],\"inLanguage\":\"de\"}]}<\/script>\n<!-- \/ Yoast SEO plugin. -->","yoast_head_json":{"title":"Master Extractors: L\u00f6sungsmittelfreie Eisextraktion f\u00fcr Premium-Bubble-Hash \u2013 Master Products","description":"Hochwertige, l\u00f6sungsmittelfreie Eisextraktionssysteme f\u00fcr die Herstellung von erstklassigem Cannabisharz, auch bekannt als \u201eBubble-Hash\u201c, mit optimalen Ergebnissen.","robots":{"index":"index","follow":"follow","max-snippet":"max-snippet:-1","max-image-preview":"max-image-preview:large","max-video-preview":"max-video-preview:-1"},"canonical":"https:\/\/masterproducts.es\/de\/professionelle-sortiment\/master-extractors\/","og_locale":"de_DE","og_type":"article","og_title":"Master Extractors: L\u00f6sungsmittelfreie Eisextraktion f\u00fcr Premium-Bubble-Hash \u2013 Master Products","og_description":"Hochwertige, l\u00f6sungsmittelfreie Eisextraktionssysteme f\u00fcr die Herstellung von erstklassigem Cannabisharz, auch bekannt als \u201eBubble-Hash\u201c, mit optimalen Ergebnissen.","og_url":"https:\/\/masterproducts.es\/de\/professionelle-sortiment\/master-extractors\/","og_site_name":"Master Products","article_modified_time":"2025-05-15T08:19:49+00:00","twitter_card":"summary_large_image","twitter_misc":{"Gesch\u00e4tzte Lesezeit":"1\u00a0Minute"},"schema":{"@context":"https:\/\/schema.org","@graph":[{"@type":"WebPage","@id":"https:\/\/masterproducts.es\/de\/professionelle-sortiment\/master-extractors\/","url":"https:\/\/masterproducts.es\/de\/professionelle-sortiment\/master-extractors\/","name":"Master Extractors: L\u00f6sungsmittelfreie Eisextraktion f\u00fcr Premium-Bubble-Hash \u2013 Master Products","isPartOf":{"@id":"https:\/\/masterproducts.es\/de\/#website"},"datePublished":"2024-09-04T09:29:37+00:00","dateModified":"2025-05-15T08:19:49+00:00","description":"Hochwertige, l\u00f6sungsmittelfreie Eisextraktionssysteme f\u00fcr die Herstellung von erstklassigem Cannabisharz, auch bekannt als \u201eBubble-Hash\u201c, mit optimalen Ergebnissen.","breadcrumb":{"@id":"https:\/\/masterproducts.es\/de\/professionelle-sortiment\/master-extractors\/#breadcrumb"},"inLanguage":"de","potentialAction":[{"@type":"ReadAction","target":["https:\/\/masterproducts.es\/de\/professionelle-sortiment\/master-extractors\/"]}]},{"@type":"BreadcrumbList","@id":"https:\/\/masterproducts.es\/de\/professionelle-sortiment\/master-extractors\/#breadcrumb","itemListElement":[{"@type":"ListItem","position":1,"name":"HOME","item":"https:\/\/masterproducts.es\/de\/"},{"@type":"ListItem","position":2,"name":"Professional Sortiment","item":"https:\/\/masterproducts.es\/de\/professionelle-sortiment\/"},{"@type":"ListItem","position":3,"name":"Master Extractors"}]},{"@type":"WebSite","@id":"https:\/\/masterproducts.es\/de\/#website","url":"https:\/\/masterproducts.es\/de\/","name":"Master Products","description":"Trim like a master","potentialAction":[{"@type":"SearchAction","target":{"@type":"EntryPoint","urlTemplate":"https:\/\/masterproducts.es\/de\/?s={search_term_string}"},"query-input":{"@type":"PropertyValueSpecification","valueRequired":true,"valueName":"search_term_string"}}],"inLanguage":"de"}]}},"_links":{"self":[{"href":"https:\/\/masterproducts.es\/de\/wp-json\/wp\/v2\/pages\/13105","targetHints":{"allow":["GET"]}}],"collection":[{"href":"https:\/\/masterproducts.es\/de\/wp-json\/wp\/v2\/pages"}],"about":[{"href":"https:\/\/masterproducts.es\/de\/wp-json\/wp\/v2\/types\/page"}],"author":[{"embeddable":true,"href":"https:\/\/masterproducts.es\/de\/wp-json\/wp\/v2\/users\/1"}],"replies":[{"embeddable":true,"href":"https:\/\/masterproducts.es\/de\/wp-json\/wp\/v2\/comments?post=13105"}],"version-history":[{"count":13,"href":"https:\/\/masterproducts.es\/de\/wp-json\/wp\/v2\/pages\/13105\/revisions"}],"predecessor-version":[{"id":13742,"href":"https:\/\/masterproducts.es\/de\/wp-json\/wp\/v2\/pages\/13105\/revisions\/13742"}],"up":[{"embeddable":true,"href":"https:\/\/masterproducts.es\/de\/wp-json\/wp\/v2\/pages\/9218"}],"wp:attachment":[{"href":"https:\/\/masterproducts.es\/de\/wp-json\/wp\/v2\/media?parent=13105"}],"curies":[{"name":"wp","href":"https:\/\/api.w.org\/{rel}","templated":true}]}}