{"id":13122,"date":"2024-09-04T12:41:38","date_gmt":"2024-09-04T10:41:38","guid":{"rendered":"https:\/\/masterproducts.es\/?page_id=13122"},"modified":"2025-05-15T08:55:57","modified_gmt":"2025-05-15T06:55:57","slug":"extractors","status":"publish","type":"page","link":"https:\/\/masterproducts.es\/de\/bereich-medical\/extractors\/","title":{"rendered":"EXTRACTORS"},"content":{"rendered":"<section class=\"l-section wpb_row height_medium\"><div class=\"l-section-h i-cf\"><div class=\"g-cols vc_row via_grid cols_1 laptops-cols_inherit tablets-cols_inherit mobiles-cols_1 valign_top type_default stacking_default\" style=\"--columns-gap:1rem;\"><div class=\"wpb_column vc_column_container\"><div class=\"vc_column-inner\"><div class=\"wpb_text_column\"><div class=\"wpb_wrapper\"><h2 class=\"titulo-slider\" style=\"text-align: center;\">MEDICAL<\/h2>\n<h2 class=\"titulo-slider-destacado-medical\" style=\"text-align: center;\">SORTIMENT<\/h2>\n<\/div><\/div><\/div><\/div><\/div><\/div><\/section><section class=\"l-section wpb_row us_custom_310001f5 menu-maquinas hide_on_tablets hide_on_mobiles height_small width_full type_sticky\"><div class=\"l-section-h i-cf\"><div class=\"g-cols vc_row via_grid cols_1 laptops-cols_inherit tablets-cols_inherit mobiles-cols_1 valign_top type_default stacking_default\" style=\"--columns-gap:0.5rem;\"><div class=\"wpb_column vc_column_container\"><div class=\"vc_column-inner\"><div class=\"w-hwrapper valign_top wrap align_center\" style=\"--hwrapper-gap:3rem\"><div class=\"w-btn-wrapper align_center\"><a class=\"w-btn us-btn-style_5\" title=\"Gama Professional\" href=\"https:\/\/masterproducts.es\/de\/bereich-medical\/\"><span class=\"w-btn-label\">Medical Sortiment<\/span><\/a><\/div><div class=\"w-btn-wrapper align_center\"><a class=\"w-btn us-btn-style_4\" title=\"PreRoll-Er\" href=\"https:\/\/masterproducts.es\/de\/maquina\/master-clone\/\"><span class=\"w-btn-label\">CLONE<\/span><\/a><\/div><div class=\"w-btn-wrapper align_center\"><a class=\"w-btn us-btn-style_4\" title=\"PreRoll-Er\" href=\"https:\/\/masterproducts.es\/de\/bereich-medical\/preroll-er\/\"><span class=\"w-btn-label\">PreRoll-Er<\/span><\/a><\/div><div class=\"w-btn-wrapper align_center\"><a class=\"w-btn us-btn-style_4\" title=\"Buckers\" href=\"https:\/\/masterproducts.es\/de\/bereich-medical\/master-buckers\/#indice-maquinas\"><span class=\"w-btn-label\">Buckers<\/span><\/a><\/div><div class=\"w-btn-wrapper align_center\"><a class=\"w-btn us-btn-style_4\" title=\"Buckers\" href=\"https:\/\/masterproducts.es\/de\/meisterscheren\/#indice-maquinas\"><span class=\"w-btn-label\">Trimmers<\/span><\/a><\/div><div class=\"w-btn-wrapper align_center\"><a class=\"w-btn us-btn-style_4\" title=\"Buckers\" href=\"https:\/\/masterproducts.es\/de\/bereich-medical\/extractors\/#indice-maquinas\"><span class=\"w-btn-label\">Extractors<\/span><\/a><\/div><div class=\"w-btn-wrapper align_center\"><a class=\"w-btn us-btn-style_4\" title=\"Buckers\" href=\"https:\/\/masterproducts.es\/de\/master-sorters\/#indice-maquinas\"><span class=\"w-btn-label\">Sorters<\/span><\/a><\/div><div class=\"w-btn-wrapper align_center\"><a class=\"w-btn us-btn-style_4\" title=\"MILLS\" href=\"https:\/\/masterproducts.es\/de\/master-mills\/#indice-maquinas\"><span class=\"w-btn-label\">Mills<\/span><\/a><\/div><div class=\"w-btn-wrapper align_center\"><a class=\"w-btn us-btn-style_4\" title=\"Buckers\" href=\"https:\/\/masterproducts.es\/de\/master-sonics\/#indice-maquinas\"><span class=\"w-btn-label\">Sonics<\/span><\/a><\/div><div class=\"w-btn-wrapper align_center\"><a class=\"w-btn us-btn-style_4\" title=\"Buckers\" href=\"https:\/\/masterproducts.es\/de\/bereich-medical\/master-conveyors\/#indice-maquinas\"><span class=\"w-btn-label\">Conveyors<\/span><\/a><\/div><\/div><\/div><\/div><\/div><\/div><\/section>\n<section class=\"l-section wpb_row us_custom_678a4f9f height_auto\"><div class=\"l-section-h i-cf\"><div class=\"g-cols vc_row via_grid cols_1-2 laptops-cols_inherit tablets-cols_inherit mobiles-cols_1 valign_top type_default stacking_default\"><div class=\"wpb_column vc_column_container\"><div class=\"vc_column-inner\"><div class=\"w-separator size_medium\"><\/div><div class=\"wpb_text_column\"><div class=\"wpb_wrapper\"><h1 class=\"titulo-slider\" style=\"text-align: left;\">NACH-ERNTE-L\u00d6SUNGEN MIT EU GMP-KONFORM<\/h1>\n<\/div><\/div><div class=\"w-separator size_small\"><\/div><div class=\"wpb_text_column\"><div class=\"wpb_wrapper\"><div class=\"wpb_text_column\">\n<div class=\"wpb_wrapper\">\n<p>Wir pr\u00e4sentieren unsere Medical-Linie, eine breite Palette von Produkten, die speziell f\u00fcr die Verarbeitung von medizinischem Cannabis w\u00e4hrend der Nachh\u00f6sternte-Phase entwickelt und hergestellt wurden. Unsere Ausstattung reicht von Cannabisbl\u00fcten-Trimmern, Entstieler, Sortierer bis hin zu Pollenextraktoren. Zus\u00e4tzlich unterst\u00fctzen wir die Maximierung der Industrialisierung und Professionalisierung des Prozesses mit F\u00f6rderb\u00e4ndern und Produktionslinien.\u00a0<strong>Nass- und\/oder Trockentrimmen<\/strong>.<\/p>\n<p>Unsere Ger\u00e4te sind optimiert und angepasst gem\u00e4\u00df den strengsten Qualit\u00e4ts- und Sicherheitskontrollen, um die technischen Anforderungen der anspruchsvollsten EU GMP-Vorschriften zu erf\u00fcllen, ein entscheidendes G\u00fctesiegel f\u00fcr alle Produzenten im Cannabissektor, die sich auf die medizinische Verwendung konzentrieren.<\/p>\n<\/div>\n<\/div>\n<div class=\"w-separator size_small\"><\/div>\n<div class=\"wpb_text_column\">\n<div class=\"wpb_wrapper\">\n<p><strong>IQ&amp;OQ, FAT, SAT Dokumentation verf\u00fcgbar.\u00a0<\/strong><\/p>\n<\/div>\n<\/div>\n<\/div><\/div><\/div><\/div><div class=\"wpb_column vc_column_container\"><div class=\"vc_column-inner\"><div class=\"w-image align_left\"><div class=\"w-image-h\"><img decoding=\"async\" width=\"1024\" height=\"846\" src=\"https:\/\/masterproducts.es\/wp-content\/uploads\/2024\/09\/MED_EXTRACTORS.png\" class=\"attachment-large size-large\" alt=\"\" loading=\"lazy\" srcset=\"https:\/\/masterproducts.es\/wp-content\/uploads\/2024\/09\/MED_EXTRACTORS.png 1024w, https:\/\/masterproducts.es\/wp-content\/uploads\/2024\/09\/MED_EXTRACTORS-300x248.png 300w\" sizes=\"auto, (max-width: 1024px) 100vw, 1024px\" \/><\/div><\/div><\/div><\/div><\/div><\/div><\/section><section class=\"l-section wpb_row height_medium\" id=\"index-machines\"><div class=\"l-section-h i-cf\"><div class=\"g-cols vc_row via_grid cols_3 laptops-cols_inherit tablets-cols_inherit mobiles-cols_1 valign_top type_default stacking_default\"><div class=\"wpb_column vc_column_container\"><div class=\"vc_column-inner\"><div class=\"wpb_text_column\"><div class=\"wpb_wrapper\"><h2 class=\"titulo-slider\" style=\"text-align: left;\">MASTER<\/h2>\n<h2 class=\"titulo-slider-destacado-medical\" style=\"text-align: left;\">EXTRACTORS<\/h2>\n<\/div><\/div><div class=\"w-separator size_small\"><\/div><div class=\"wpb_text_column\"><div class=\"wpb_wrapper\"><p>L\u00f6sungsmittelfreie Eisextraktionssysteme f\u00fcr die Herstellung von Cannabisharz, besser bekannt als \u201cBubble Hash\u201c. Hergestellt nach den Qualit\u00e4ts- und Sicherheitsanforderungen der EU-GMP.<\/p>\n<\/div><\/div><\/div><\/div><div class=\"wpb_column vc_column_container\"><div class=\"vc_column-inner\"><\/div><\/div><div class=\"wpb_column vc_column_container\"><div class=\"vc_column-inner\"><\/div><\/div><\/div><\/div><\/section><section class=\"l-section wpb_row height_medium\"><div class=\"l-section-h i-cf\"><div class=\"g-cols vc_row via_grid cols_1 laptops-cols_inherit tablets-cols_inherit mobiles-cols_1 valign_top type_default stacking_default\"><div class=\"wpb_column vc_column_container\"><div class=\"vc_column-inner\"><div class=\"w-grid type_grid layout_38 cols_3 preload_style_spinner\" id=\"us_grid_1\" style=\"--columns:3;--gap:1.5rem;\" data-filterable=\"true\"><style>@media (max-width:1024px){#us_grid_1{--columns:2!important}}@media (max-width:600px){#us_grid_1{--columns:1!important}}.layout_38 .w-grid-item-h{background:#EDEDED}.layout_38 .usg_post_image_1{background:#ffffff!important}.layout_38 .usg_post_title_1{font-size:1rem!important;font-weight:700!important;width:100%!important;padding:1rem!important;background:#EDEDED!important}.layout_38 .usg_vwrapper_1{margin:0!important;background:#EDEDED!important}<\/style><div class=\"w-grid-list\">\t<article class=\"w-grid-item size_1x1 post-13140 maquina type-maquina status-publish has-post-thumbnail hentry familia_producto-master-extractors-de familia_producto-medical-sortiment logo-ce logo-food-quality-de logo-gmp-de logo-warranty-de modelo_maquina-mx-ice-500-med-4\" data-id=\"13140\">\r\n\t\t<div class=\"w-grid-item-h\">\r\n\t\t\t\t\t\t\t<a href=\"https:\/\/masterproducts.es\/de\/maquina\/mx-ice-500-med\/\" class=\"w-grid-item-anchor\" aria-label=\"MX ICE 500 MED\"><\/a>\r\n\t\t\t\t\t\t<div class=\"w-post-elm post_image usg_post_image_1 has_ratio\"><img loading=\"lazy\" decoding=\"async\" width=\"1181\" height=\"1181\" src=\"https:\/\/masterproducts.es\/wp-content\/uploads\/2024\/09\/MX-ICE-500.png\" class=\"attachment-full size-full wp-post-image\" alt=\"\" \/><div style=\"padding-bottom:100%\"><\/div><\/div><div class=\"w-vwrapper usg_vwrapper_1 align_none valign_top\"><h2 class=\"w-post-elm post_title usg_post_title_1 align_center entry-title color_link_inherit\">MX ICE 500 MED<\/h2><\/div>\t\t<\/div>\r\n\t\t\t<\/article>\r\n\t<article class=\"w-grid-item size_1x1 post-13745 maquina type-maquina status-publish has-post-thumbnail hentry familia_producto-master-extractors-de familia_producto-medical-sortiment logo-ce logo-food-quality-de logo-gmp-de logo-warranty-de modelo_maquina-mx-ice-700-med-4\" data-id=\"13745\">\r\n\t\t<div class=\"w-grid-item-h\">\r\n\t\t\t\t\t\t\t<a href=\"https:\/\/masterproducts.es\/de\/maquina\/mx-ice-700-med\/\" class=\"w-grid-item-anchor\" aria-label=\"MX ICE 700 MED\"><\/a>\r\n\t\t\t\t\t\t<div class=\"w-post-elm post_image usg_post_image_1 has_ratio\"><img loading=\"lazy\" decoding=\"async\" width=\"1181\" height=\"1181\" src=\"https:\/\/masterproducts.es\/wp-content\/uploads\/2024\/09\/PROF-MED-EXTRACTORS-MX-ICE-500-2-2.png\" class=\"attachment-full size-full wp-post-image\" alt=\"\" \/><div style=\"padding-bottom:100%\"><\/div><\/div><div class=\"w-vwrapper usg_vwrapper_1 align_none valign_top\"><h2 class=\"w-post-elm post_title usg_post_title_1 align_center entry-title color_link_inherit\">MX ICE 700 MED<\/h2><\/div>\t\t<\/div>\r\n\t\t\t<\/article>\r\n\t<article class=\"w-grid-item size_1x1 post-14450 maquina type-maquina status-publish has-post-thumbnail hentry familia_producto-master-extractors-de familia_producto-medical-sortiment logo-ce logo-food-quality-de logo-gmp-de modelo_maquina-mx-ice-500-med-4\" data-id=\"14450\">\r\n\t\t<div class=\"w-grid-item-h\">\r\n\t\t\t\t\t\t\t<a href=\"https:\/\/masterproducts.es\/de\/maquina\/plasmastatic-v-2-1\/\" class=\"w-grid-item-anchor\" aria-label=\"PLASMASTATIC V2\"><\/a>\r\n\t\t\t\t\t\t<div class=\"w-post-elm post_image usg_post_image_1 has_ratio\"><img loading=\"lazy\" decoding=\"async\" width=\"1181\" height=\"1181\" src=\"https:\/\/masterproducts.es\/wp-content\/uploads\/2024\/12\/PROF-MED-EXTRACTORS-MX-ICE-500.png\" class=\"attachment-full size-full wp-post-image\" alt=\"\" \/><div style=\"padding-bottom:100%\"><\/div><\/div><div class=\"w-vwrapper usg_vwrapper_1 align_none valign_top\"><h2 class=\"w-post-elm post_title usg_post_title_1 align_center entry-title color_link_inherit\">PLASMASTATIC V2<\/h2><\/div>\t\t<\/div>\r\n\t\t\t<\/article>\r\n<\/div><div class=\"w-grid-preloader\">\t<div class=\"g-preloader type_1\">\r\n\t\t<div><\/div>\r\n\t<\/div>\r\n\t<\/div>\t<div class=\"w-grid-json hidden\" onclick='return {&quot;action&quot;:&quot;us_ajax_grid&quot;,&quot;infinite_scroll&quot;:0,&quot;max_num_pages&quot;:1,&quot;pagination&quot;:&quot;none&quot;,&quot;template_vars&quot;:{&quot;columns&quot;:&quot;3&quot;,&quot;exclude_items&quot;:&quot;none&quot;,&quot;img_size&quot;:&quot;default&quot;,&quot;ignore_items_size&quot;:0,&quot;items_layout&quot;:&quot;38&quot;,&quot;items_offset&quot;:&quot;1&quot;,&quot;load_animation&quot;:&quot;none&quot;,&quot;overriding_link&quot;:&quot;%7B%22type%22%3A%22post%22%7D&quot;,&quot;post_id&quot;:0,&quot;query_args&quot;:{&quot;post_type&quot;:[&quot;maquina&quot;],&quot;tax_query&quot;:[{&quot;taxonomy&quot;:&quot;familia_producto&quot;,&quot;field&quot;:&quot;slug&quot;,&quot;terms&quot;:[&quot;aspiradores-gama-medical&quot;,&quot;master-extractors-de&quot;]}],&quot;post_status&quot;:[&quot;publish&quot;],&quot;posts_per_page&quot;:&quot;10&quot;},&quot;orderby_query_args&quot;:{&quot;orderby&quot;:{&quot;date&quot;:&quot;ASC&quot;}},&quot;type&quot;:&quot;grid&quot;,&quot;us_grid_post_type&quot;:&quot;maquina&quot;,&quot;us_grid_ajax_index&quot;:1,&quot;us_grid_filter_query_string&quot;:null,&quot;us_grid_index&quot;:1,&quot;page_args&quot;:[],&quot;lang&quot;:&quot;de&quot;}}'><\/div>\r\n\t<\/div><\/div><\/div><\/div><\/div><\/section>\n","protected":false},"excerpt":{"rendered":"MEDICAL SORTIMENT HOME MASTER EXTRACTORS PLASMASTATIC V2 HOCHPR\u00c4ZISIONS-TRICHOM-ABSCHEIDER Revolutionieren Sie die Verarbeitung von Cannabis-Biomasse mit dem Separatore Plasmastatic V2, einer hochmodernen L\u00f6sung mit Kaltplasmatechnologie, die Cannabis mit un\u00fcbertroffener Pr\u00e4zision veredelt und au\u00dfergew\u00f6hnliche Qualit\u00e4tsresultate liefert \u2013 ganz ohne den Einsatz chemischer L\u00f6sungsmittel. Dieses fortschrittliche System nutzt statische Elektrizit\u00e4t, um die Trichomk\u00f6pfe von anderen Pflanzenmaterialien wie St\u00e4ngeln,...","protected":false},"author":1,"featured_media":0,"parent":9742,"menu_order":0,"comment_status":"closed","ping_status":"closed","template":"","meta":{"_joinchat":[],"footnotes":""},"class_list":["post-13122","page","type-page","status-publish","hentry"],"yoast_head":"<!-- This site is optimized with the Yoast SEO plugin v27.4 - https:\/\/yoast.com\/product\/yoast-seo-wordpress\/ -->\n<title>Master Extractors \u2013 L\u00f6sungsmittelfreie Eisextraktionssysteme f\u00fcr Cannabisharz \u2013 Master Products<\/title>\n<meta name=\"description\" content=\"Master Extractors nutzen die l\u00f6sungsmittelfreie Eisextraktion zur Herstellung von hochwertigem Cannabisharz (Bubble Hash) gem\u00e4\u00df den EU-GMP-Qualit\u00e4ts- und Sicherheitsstandards.\" \/>\n<meta name=\"robots\" content=\"index, follow, max-snippet:-1, max-image-preview:large, max-video-preview:-1\" \/>\n<link rel=\"canonical\" href=\"https:\/\/masterproducts.es\/de\/bereich-medical\/extractors\/\" \/>\n<meta property=\"og:locale\" content=\"de_DE\" \/>\n<meta property=\"og:type\" content=\"article\" \/>\n<meta property=\"og:title\" content=\"Master Extractors \u2013 L\u00f6sungsmittelfreie Eisextraktionssysteme f\u00fcr Cannabisharz \u2013 Master Products\" \/>\n<meta property=\"og:description\" content=\"Master Extractors nutzen die l\u00f6sungsmittelfreie Eisextraktion zur Herstellung von hochwertigem Cannabisharz (Bubble Hash) gem\u00e4\u00df den EU-GMP-Qualit\u00e4ts- und Sicherheitsstandards.\" \/>\n<meta property=\"og:url\" content=\"https:\/\/masterproducts.es\/de\/bereich-medical\/extractors\/\" \/>\n<meta property=\"og:site_name\" content=\"Master Products\" \/>\n<meta property=\"article:modified_time\" content=\"2025-05-15T06:55:57+00:00\" \/>\n<meta name=\"twitter:card\" content=\"summary_large_image\" \/>\n<meta name=\"twitter:label1\" content=\"Gesch\u00e4tzte Lesezeit\" \/>\n\t<meta name=\"twitter:data1\" content=\"1\u00a0Minute\" \/>\n<script type=\"application\/ld+json\" class=\"yoast-schema-graph\">{\"@context\":\"https:\\\/\\\/schema.org\",\"@graph\":[{\"@type\":\"WebPage\",\"@id\":\"https:\\\/\\\/masterproducts.es\\\/de\\\/bereich-medical\\\/extractors\\\/\",\"url\":\"https:\\\/\\\/masterproducts.es\\\/de\\\/bereich-medical\\\/extractors\\\/\",\"name\":\"Master Extractors \u2013 L\u00f6sungsmittelfreie Eisextraktionssysteme f\u00fcr Cannabisharz \u2013 Master Products\",\"isPartOf\":{\"@id\":\"https:\\\/\\\/masterproducts.es\\\/de\\\/#website\"},\"datePublished\":\"2024-09-04T10:41:38+00:00\",\"dateModified\":\"2025-05-15T06:55:57+00:00\",\"description\":\"Master Extractors nutzen die l\u00f6sungsmittelfreie Eisextraktion zur Herstellung von hochwertigem Cannabisharz (Bubble Hash) gem\u00e4\u00df den EU-GMP-Qualit\u00e4ts- und Sicherheitsstandards.\",\"breadcrumb\":{\"@id\":\"https:\\\/\\\/masterproducts.es\\\/de\\\/bereich-medical\\\/extractors\\\/#breadcrumb\"},\"inLanguage\":\"de\",\"potentialAction\":[{\"@type\":\"ReadAction\",\"target\":[\"https:\\\/\\\/masterproducts.es\\\/de\\\/bereich-medical\\\/extractors\\\/\"]}]},{\"@type\":\"BreadcrumbList\",\"@id\":\"https:\\\/\\\/masterproducts.es\\\/de\\\/bereich-medical\\\/extractors\\\/#breadcrumb\",\"itemListElement\":[{\"@type\":\"ListItem\",\"position\":1,\"name\":\"HOME\",\"item\":\"https:\\\/\\\/masterproducts.es\\\/de\\\/\"},{\"@type\":\"ListItem\",\"position\":2,\"name\":\"Sortiment Medical\",\"item\":\"https:\\\/\\\/masterproducts.es\\\/de\\\/bereich-medical\\\/\"},{\"@type\":\"ListItem\",\"position\":3,\"name\":\"EXTRACTORS\"}]},{\"@type\":\"WebSite\",\"@id\":\"https:\\\/\\\/masterproducts.es\\\/de\\\/#website\",\"url\":\"https:\\\/\\\/masterproducts.es\\\/de\\\/\",\"name\":\"Master Products\",\"description\":\"Trim like a master\",\"potentialAction\":[{\"@type\":\"SearchAction\",\"target\":{\"@type\":\"EntryPoint\",\"urlTemplate\":\"https:\\\/\\\/masterproducts.es\\\/de\\\/?s={search_term_string}\"},\"query-input\":{\"@type\":\"PropertyValueSpecification\",\"valueRequired\":true,\"valueName\":\"search_term_string\"}}],\"inLanguage\":\"de\"}]}<\/script>\n<!-- \/ Yoast SEO plugin. -->","yoast_head_json":{"title":"Master Extractors \u2013 L\u00f6sungsmittelfreie Eisextraktionssysteme f\u00fcr Cannabisharz \u2013 Master Products","description":"Master Extractors nutzen die l\u00f6sungsmittelfreie Eisextraktion zur Herstellung von hochwertigem Cannabisharz (Bubble Hash) gem\u00e4\u00df den EU-GMP-Qualit\u00e4ts- und Sicherheitsstandards.","robots":{"index":"index","follow":"follow","max-snippet":"max-snippet:-1","max-image-preview":"max-image-preview:large","max-video-preview":"max-video-preview:-1"},"canonical":"https:\/\/masterproducts.es\/de\/bereich-medical\/extractors\/","og_locale":"de_DE","og_type":"article","og_title":"Master Extractors \u2013 L\u00f6sungsmittelfreie Eisextraktionssysteme f\u00fcr Cannabisharz \u2013 Master Products","og_description":"Master Extractors nutzen die l\u00f6sungsmittelfreie Eisextraktion zur Herstellung von hochwertigem Cannabisharz (Bubble Hash) gem\u00e4\u00df den EU-GMP-Qualit\u00e4ts- und Sicherheitsstandards.","og_url":"https:\/\/masterproducts.es\/de\/bereich-medical\/extractors\/","og_site_name":"Master Products","article_modified_time":"2025-05-15T06:55:57+00:00","twitter_card":"summary_large_image","twitter_misc":{"Gesch\u00e4tzte Lesezeit":"1\u00a0Minute"},"schema":{"@context":"https:\/\/schema.org","@graph":[{"@type":"WebPage","@id":"https:\/\/masterproducts.es\/de\/bereich-medical\/extractors\/","url":"https:\/\/masterproducts.es\/de\/bereich-medical\/extractors\/","name":"Master Extractors \u2013 L\u00f6sungsmittelfreie Eisextraktionssysteme f\u00fcr Cannabisharz \u2013 Master Products","isPartOf":{"@id":"https:\/\/masterproducts.es\/de\/#website"},"datePublished":"2024-09-04T10:41:38+00:00","dateModified":"2025-05-15T06:55:57+00:00","description":"Master Extractors nutzen die l\u00f6sungsmittelfreie Eisextraktion zur Herstellung von hochwertigem Cannabisharz (Bubble Hash) gem\u00e4\u00df den EU-GMP-Qualit\u00e4ts- und Sicherheitsstandards.","breadcrumb":{"@id":"https:\/\/masterproducts.es\/de\/bereich-medical\/extractors\/#breadcrumb"},"inLanguage":"de","potentialAction":[{"@type":"ReadAction","target":["https:\/\/masterproducts.es\/de\/bereich-medical\/extractors\/"]}]},{"@type":"BreadcrumbList","@id":"https:\/\/masterproducts.es\/de\/bereich-medical\/extractors\/#breadcrumb","itemListElement":[{"@type":"ListItem","position":1,"name":"HOME","item":"https:\/\/masterproducts.es\/de\/"},{"@type":"ListItem","position":2,"name":"Sortiment Medical","item":"https:\/\/masterproducts.es\/de\/bereich-medical\/"},{"@type":"ListItem","position":3,"name":"EXTRACTORS"}]},{"@type":"WebSite","@id":"https:\/\/masterproducts.es\/de\/#website","url":"https:\/\/masterproducts.es\/de\/","name":"Master Products","description":"Trim like a master","potentialAction":[{"@type":"SearchAction","target":{"@type":"EntryPoint","urlTemplate":"https:\/\/masterproducts.es\/de\/?s={search_term_string}"},"query-input":{"@type":"PropertyValueSpecification","valueRequired":true,"valueName":"search_term_string"}}],"inLanguage":"de"}]}},"_links":{"self":[{"href":"https:\/\/masterproducts.es\/de\/wp-json\/wp\/v2\/pages\/13122","targetHints":{"allow":["GET"]}}],"collection":[{"href":"https:\/\/masterproducts.es\/de\/wp-json\/wp\/v2\/pages"}],"about":[{"href":"https:\/\/masterproducts.es\/de\/wp-json\/wp\/v2\/types\/page"}],"author":[{"embeddable":true,"href":"https:\/\/masterproducts.es\/de\/wp-json\/wp\/v2\/users\/1"}],"replies":[{"embeddable":true,"href":"https:\/\/masterproducts.es\/de\/wp-json\/wp\/v2\/comments?post=13122"}],"version-history":[{"count":9,"href":"https:\/\/masterproducts.es\/de\/wp-json\/wp\/v2\/pages\/13122\/revisions"}],"predecessor-version":[{"id":16854,"href":"https:\/\/masterproducts.es\/de\/wp-json\/wp\/v2\/pages\/13122\/revisions\/16854"}],"up":[{"embeddable":true,"href":"https:\/\/masterproducts.es\/de\/wp-json\/wp\/v2\/pages\/9742"}],"wp:attachment":[{"href":"https:\/\/masterproducts.es\/de\/wp-json\/wp\/v2\/media?parent=13122"}],"curies":[{"name":"wp","href":"https:\/\/api.w.org\/{rel}","templated":true}]}}