{"id":19864,"date":"2025-10-10T07:07:55","date_gmt":"2025-10-10T05:07:55","guid":{"rendered":"https:\/\/masterproducts.es\/?page_id=19864"},"modified":"2026-02-06T11:06:33","modified_gmt":"2026-02-06T10:06:33","slug":"zubehoer-und-ersatzteile","status":"publish","type":"page","link":"https:\/\/masterproducts.es\/de\/zubehoer-und-ersatzteile\/","title":{"rendered":"ZUBEH\u00d6R UND ERSATZTEILE"},"content":{"rendered":"<section class=\"l-section wpb_row us_custom_38e75d34 fila-filtro-gama height_medium\"><div class=\"l-section-h i-cf\"><div class=\"g-cols vc_row via_grid cols_1 laptops-cols_inherit tablets-cols_1 mobiles-cols_1 valign_middle type_default stacking_default\"><div class=\"wpb_column vc_column_container type_sticky\"><div class=\"vc_column-inner\"><div class=\"wpb_text_column\"><div class=\"wpb_wrapper\"><style>\r\n\/* Allgemeine Stile *\/\r\ndiv#recambios-intro-de h1 { font-weight: 900; margin-bottom:2rem; }\r\n#recambios-intro-de{ margin:auto; display:block; text-align:center; }\r\n#recambios-intro-de p{ width:100%; margin:auto; margin-bottom:2rem; text-align:center; }\r\n.show_loader .loader{ display:block; }\r\nbutton.btn-volver-terminos {\r\n  background-color: #d72328;\r\n  padding: 0.5rem 2rem;\r\n  color: #fff;\r\n  border-radius: 999px;\r\n  margin-top: 10px;\r\n  border:none;\r\n  cursor:pointer;\r\n}\r\n\r\n\/* Grids *\/\r\n.grid-terminos,.grid-posts{display:grid;gap:.75rem}\r\n.grid-terminos{grid-template-columns:repeat(auto-fill,minmax(300px,1fr))}\r\n.grid-posts{grid-template-columns:repeat(auto-fill,minmax(240px,1fr))}\r\n\r\n\/* Karten *\/\r\n.term-card{\r\n  position: relative;\r\n  padding:.65rem .8rem;\r\n  border:1px solid #ddd;\r\n  background:#fff;\r\n  cursor:pointer;\r\n  display:flex;\r\n  flex-direction:row;\r\n  align-items:center;\r\n  gap:.5rem;\r\n  text-align:left;\r\n  min-height: 80px;\r\n  width:100%;\r\n}\r\n.term-card.active{ outline:2px solid #000; }\r\n.recambio-card{ padding:.35rem; border:1px solid #eee; background:#fafafa; text-align:center; }\r\n.recambio-card .thumb{ margin-top:.5rem; }\r\n.is-hidden{ display:none!important; }\r\n.intro{ margin-bottom:1rem; }\r\n.intro h1{ margin:0 0 .25rem 0; font-size:clamp(22px,3.4vw,34px); text-transform:uppercase; }\r\n\r\n.term-card .term-thumb-wrap{ display:block; width:100px; max-width:100%; flex-shrink: 0; }\r\n.term-card .term-thumb-wrap img{ display:block; width:100%; height:auto; border-radius:.5rem; max-height:60px; object-fit:contain; }\r\n.term-card .term-name{ display:block; font-weight:600; line-height:1.2; padding-right: 15px; }\r\n\r\n\/* SERIE BADGES *\/\r\n.gama-badges {\r\n  position: absolute;\r\n  bottom: 6px;\r\n  right: 6px;\r\n  display: flex;\r\n  gap: 3px;\r\n  z-index: 2;\r\n}\r\n.gama-badge {\r\n  width: 18px;\r\n  height: 18px;\r\n  border-radius: 50%;\r\n  color: #fff;\r\n  font-size: 10px;\r\n  font-weight: 700;\r\n  display: flex;\r\n  justify-content: center;\r\n  align-items: center;\r\n  text-transform: uppercase;\r\n  line-height: 1;\r\n  box-shadow: 0 1px 3px rgba(0,0,0,0.2);\r\n}\r\n\r\n.gama-badge.gama-professional { background-color: #d72328; }\r\n.gama-badge.gama-medical      { background-color: #3281bc; }\r\n.gama-badge.gama-lite          { background-color: #49a186; }\r\n\r\n\/* Loader *\/\r\n.loader {\r\n  width: 30px;\r\n  height: 30px;\r\n  border: 3px solid #d72328;\r\n  border-bottom-color: transparent;\r\n  border-radius: 50%;\r\n  display:none;\r\n  box-sizing: border-box;\r\n  animation: rotation 1s linear infinite;\r\n  margin-left: auto;\r\n}\r\n@keyframes rotation {\r\n  0% { transform: rotate(0deg); }\r\n  100% { transform: rotate(360deg); }\r\n}\r\n<\/style>\r\n\r\n  <div class=\"filtros-recambio-de\" data-tax-modelo=\"modelo_maquina\">\r\n    \r\n    <div class=\"intro\" id=\"recambios-intro-de\">\r\n      <h1>ZUBEH\u00d6R<br\/><span class=\"titulo-slider-destacado\" style=\"color:#d72328;\">UND ERSATZTEILE<\/span><\/h1>\r\n      <p>M\u00fcssen Sie ein Teil Ihrer Master Products Maschine austauschen?<\/p>\r\n      <p>Wir machen es Ihnen leicht. Alle unsere Zubeh\u00f6r- und Ersatzteile sind nur einen Klick entfernt. W\u00e4hlen Sie Ihr Modell, finden Sie das ben\u00f6tigte Teil oder Zubeh\u00f6r, kontaktieren Sie uns und erhalten Sie Ihre Bestellung innerhalb von 24 bis 48 Stunden.<\/p>\r\n    <\/div>\r\n\r\n    <div class=\"paso paso-2\">\r\n      <div class=\"grid-terminos\" id=\"grid-terminos-de\">\r\n        <button type=\"button\" class=\"term-card\" data-term-id=\"243\"><span class=\"term-thumb-wrap\"><img loading=\"lazy\" decoding=\"async\" src=\"https:\/\/masterproducts.es\/wp-content\/uploads\/2023\/01\/MED.-LiftConveyor-300x300.png\" alt=\"LIFT-F\u00d6RDERER\" width=\"300\" height=\"300\" \/><\/span><span class=\"term-name\">LIFT-F\u00d6RDERER<\/span><div class=\"gama-badges\"><span class=\"gama-badge gama-medical\" title=\"Medical\">M<\/span><\/div><span class=\"loader\"><\/span><\/button><button type=\"button\" class=\"term-card\" data-term-id=\"237\"><span class=\"term-thumb-wrap\"><img loading=\"lazy\" decoding=\"async\" src=\"https:\/\/masterproducts.es\/wp-content\/uploads\/2023\/02\/3.-MED-SORTERS-300x300.png\" alt=\"Master Sorter 500\" width=\"300\" height=\"300\" \/><\/span><span class=\"term-name\">Master Sorter 500<\/span><div class=\"gama-badges\"><span class=\"gama-badge gama-professional\" title=\"Professional\">P<\/span><span class=\"gama-badge gama-medical\" title=\"Medical\">M<\/span><\/div><span class=\"loader\"><\/span><\/button><button type=\"button\" class=\"term-card\" data-term-id=\"222\"><span class=\"term-thumb-wrap\"><img loading=\"lazy\" decoding=\"async\" src=\"https:\/\/masterproducts.es\/wp-content\/uploads\/2025\/06\/BAIXA_PNG_MB_BUCKER_200_2549-254x300.png\" alt=\"MB Bucker 200\" width=\"254\" height=\"300\" \/><\/span><span class=\"term-name\">MB Bucker 200<\/span><div class=\"gama-badges\"><span class=\"gama-badge gama-professional\" title=\"Professional\">P<\/span><\/div><span class=\"loader\"><\/span><\/button><button type=\"button\" class=\"term-card\" data-term-id=\"223\"><span class=\"term-thumb-wrap\"><img loading=\"lazy\" decoding=\"async\" src=\"https:\/\/masterproducts.es\/wp-content\/uploads\/2023\/01\/PROF-_-BUCKERS-_-MB-BUCKER-500-300x300.png\" alt=\"MB Bucker 500\" width=\"300\" height=\"300\" \/><\/span><span class=\"term-name\">MB Bucker 500<\/span><div class=\"gama-badges\"><span class=\"gama-badge gama-professional\" title=\"Professional\">P<\/span><\/div><span class=\"loader\"><\/span><\/button><button type=\"button\" class=\"term-card\" data-term-id=\"239\"><span class=\"term-thumb-wrap\"><img loading=\"lazy\" decoding=\"async\" src=\"https:\/\/masterproducts.es\/wp-content\/uploads\/2023\/01\/PROF-_-BUCKERS-_-MB-BUCKER-500-300x300.png\" alt=\"MB Bucker 500 MED\" width=\"300\" height=\"300\" \/><\/span><span class=\"term-name\">MB Bucker 500 MED<\/span><div class=\"gama-badges\"><span class=\"gama-badge gama-medical\" title=\"Medical\">M<\/span><\/div><span class=\"loader\"><\/span><\/button><button type=\"button\" class=\"term-card\" data-term-id=\"246\"><span class=\"term-thumb-wrap\"><img loading=\"lazy\" decoding=\"async\" src=\"https:\/\/masterproducts.es\/wp-content\/uploads\/2023\/01\/PROF-_-SEEDS_-MS-SEEDS-300x300.png\" alt=\"MS SEEDS\" width=\"300\" height=\"300\" \/><\/span><span class=\"term-name\">MS SEEDS<\/span><div class=\"gama-badges\"><span class=\"gama-badge gama-professional\" title=\"Professional\">P<\/span><\/div><span class=\"loader\"><\/span><\/button><button type=\"button\" class=\"term-card\" data-term-id=\"248\"><span class=\"term-thumb-wrap\"><img loading=\"lazy\" decoding=\"async\" src=\"https:\/\/masterproducts.es\/wp-content\/uploads\/2023\/01\/PROF-_-TRIMMERS-_-MT-TUMBLER-200200PRO-300x300.png\" alt=\"MT Becher 200\" width=\"300\" height=\"300\" \/><\/span><span class=\"term-name\">MT Becher 200<\/span><div class=\"gama-badges\"><span class=\"gama-badge gama-professional\" title=\"Professional\">P<\/span><\/div><span class=\"loader\"><\/span><\/button><button type=\"button\" class=\"term-card\" data-term-id=\"218\"><span class=\"term-thumb-wrap\"><img loading=\"lazy\" decoding=\"async\" src=\"https:\/\/masterproducts.es\/wp-content\/uploads\/2023\/10\/MT-Tumbler-500-300x149.jpg\" alt=\"MT Becher 500\" width=\"300\" height=\"149\" \/><\/span><span class=\"term-name\">MT Becher 500<\/span><div class=\"gama-badges\"><span class=\"gama-badge gama-professional\" title=\"Professional\">P<\/span><\/div><span class=\"loader\"><\/span><\/button><button type=\"button\" class=\"term-card\" data-term-id=\"244\"><span class=\"term-thumb-wrap\"><img loading=\"lazy\" decoding=\"async\" src=\"https:\/\/masterproducts.es\/wp-content\/uploads\/2023\/10\/MT-Tumbler-500-MED-300x146.jpg\" alt=\"MT Becher 500 MED\" width=\"300\" height=\"146\" \/><\/span><span class=\"term-name\">MT Becher 500 MED<\/span><div class=\"gama-badges\"><span class=\"gama-badge gama-medical\" title=\"Medical\">M<\/span><\/div><span class=\"loader\"><\/span><\/button><button type=\"button\" class=\"term-card\" data-term-id=\"211\"><span class=\"term-thumb-wrap\"><img loading=\"lazy\" decoding=\"async\" src=\"https:\/\/masterproducts.es\/wp-content\/uploads\/2023\/01\/BAIXA_PNG_DRY800_LATERAL_VERMELLA_1832-265x300.png\" alt=\"MT Dry 800\" width=\"265\" height=\"300\" \/><\/span><span class=\"term-name\">MT Dry 800<\/span><div class=\"gama-badges\"><span class=\"gama-badge gama-professional\" title=\"Professional\">P<\/span><\/div><span class=\"loader\"><\/span><\/button><button type=\"button\" class=\"term-card\" data-term-id=\"249\"><span class=\"term-name\">MT GENTLE 75<\/span><span class=\"loader\"><\/span><\/button><button type=\"button\" class=\"term-card\" data-term-id=\"215\"><span class=\"term-thumb-wrap\"><img loading=\"lazy\" decoding=\"async\" src=\"https:\/\/masterproducts.es\/wp-content\/uploads\/2023\/01\/MT50-e1674215064905-236x300.jpg\" alt=\"MT PROFESSIONAL 50\" width=\"236\" height=\"300\" \/><\/span><span class=\"term-name\">MT PROFESSIONAL 50<\/span><div class=\"gama-badges\"><span class=\"gama-badge gama-professional\" title=\"Professional\">P<\/span><\/div><span class=\"loader\"><\/span><\/button><button type=\"button\" class=\"term-card\" data-term-id=\"247\"><span class=\"term-thumb-wrap\"><img loading=\"lazy\" decoding=\"async\" src=\"https:\/\/masterproducts.es\/wp-content\/uploads\/2023\/01\/MT75-267x300.png\" alt=\"MT PROFESSIONAL 75\" width=\"267\" height=\"300\" \/><\/span><span class=\"term-name\">MT PROFESSIONAL 75<\/span><div class=\"gama-badges\"><span class=\"gama-badge gama-professional\" title=\"Professional\">P<\/span><\/div><span class=\"loader\"><\/span><\/button><button type=\"button\" class=\"term-card\" data-term-id=\"210\"><span class=\"term-name\">MT Sanft 50<\/span><span class=\"loader\"><\/span><\/button><button type=\"button\" class=\"term-card\" data-term-id=\"209\"><span class=\"term-thumb-wrap\"><img loading=\"lazy\" decoding=\"async\" src=\"https:\/\/masterproducts.es\/wp-content\/uploads\/2023\/01\/BAIXA_PNG_MT_STANDARD_50_2181-1-224x300.png\" alt=\"MT STANDARD 50\" width=\"224\" height=\"300\" \/><\/span><span class=\"term-name\">MT STANDARD 50<\/span><div class=\"gama-badges\"><span class=\"gama-badge gama-professional\" title=\"Professional\">P<\/span><\/div><span class=\"loader\"><\/span><\/button><button type=\"button\" class=\"term-card\" data-term-id=\"250\"><span class=\"term-thumb-wrap\"><img loading=\"lazy\" decoding=\"async\" src=\"https:\/\/masterproducts.es\/wp-content\/uploads\/2023\/01\/mt-standard-75-300x251.webp\" alt=\"MT STANDARD 75\" width=\"300\" height=\"251\" \/><\/span><span class=\"term-name\">MT STANDARD 75<\/span><div class=\"gama-badges\"><span class=\"gama-badge gama-professional\" title=\"Professional\">P<\/span><\/div><span class=\"loader\"><\/span><\/button><button type=\"button\" class=\"term-card\" data-term-id=\"214\"><span class=\"term-thumb-wrap\"><img loading=\"lazy\" decoding=\"async\" src=\"https:\/\/masterproducts.es\/wp-content\/uploads\/2023\/01\/PROF-_-TRIMMERS-_-MT-DRY-200-300x300.png\" alt=\"MT Trocken 200\" width=\"300\" height=\"300\" \/><\/span><span class=\"term-name\">MT Trocken 200<\/span><div class=\"gama-badges\"><span class=\"gama-badge gama-professional\" title=\"Professional\">P<\/span><\/div><span class=\"loader\"><\/span><\/button><button type=\"button\" class=\"term-card\" data-term-id=\"212\"><span class=\"term-thumb-wrap\"><img loading=\"lazy\" decoding=\"async\" src=\"https:\/\/masterproducts.es\/wp-content\/uploads\/2023\/05\/FOTO-MT-DRY-500-10x10-1-300x300.png\" alt=\"MT Trocken 500\" width=\"300\" height=\"300\" \/><\/span><span class=\"term-name\">MT Trocken 500<\/span><div class=\"gama-badges\"><span class=\"gama-badge gama-professional\" title=\"Professional\">P<\/span><\/div><span class=\"loader\"><\/span><\/button><button type=\"button\" class=\"term-card\" data-term-id=\"217\"><span class=\"term-thumb-wrap\"><img loading=\"lazy\" decoding=\"async\" src=\"https:\/\/masterproducts.es\/wp-content\/uploads\/2023\/01\/PROF-_-TRIMMERS-_-MT-TUMBLER-200200PRO-300x300.png\" alt=\"MT Tumbler 200 PRO\" width=\"300\" height=\"300\" \/><\/span><span class=\"term-name\">MT Tumbler 200 PRO<\/span><div class=\"gama-badges\"><span class=\"gama-badge gama-professional\" title=\"Professional\">P<\/span><\/div><span class=\"loader\"><\/span><\/button><button type=\"button\" class=\"term-card\" data-term-id=\"206\"><span class=\"term-thumb-wrap\"><img loading=\"lazy\" decoding=\"async\" src=\"https:\/\/masterproducts.es\/wp-content\/uploads\/2023\/01\/PROF-_-TRIMMERS-_-MT-POCKET-300x300.png\" alt=\"MT-TASCHE\" width=\"300\" height=\"300\" \/><\/span><span class=\"term-name\">MT-TASCHE<\/span><div class=\"gama-badges\"><span class=\"gama-badge gama-professional\" title=\"Professional\">P<\/span><\/div><span class=\"loader\"><\/span><\/button><button type=\"button\" class=\"term-card\" data-term-id=\"297\"><span class=\"term-thumb-wrap\"><img loading=\"lazy\" decoding=\"async\" src=\"https:\/\/masterproducts.es\/wp-content\/uploads\/2024\/09\/MX-ICE-500_3-200x300.webp\" alt=\"MX ICE 500\" width=\"200\" height=\"300\" \/><\/span><span class=\"term-name\">MX ICE 500<\/span><div class=\"gama-badges\"><span class=\"gama-badge gama-professional\" title=\"Professional\">P<\/span><\/div><span class=\"loader\"><\/span><\/button>      <\/div>\r\n    <\/div>\r\n\r\n    <div class=\"paso paso-3\" style=\"display:none\">\r\n      <div class=\"grid-posts\" id=\"grid-posts-de\" aria-live=\"polite\"><\/div>\r\n      <div class=\"paso-3-acciones\">\r\n        <div style=\"height:10px;\"><\/div>\r\n        <button type=\"button\" class=\"btn-volver-terminos\">\u00ab Zur\u00fcck zu den Modellen<\/button>\r\n        <button type=\"button\" class=\"btn-mas\" style=\"display:none\">Mehr laden<\/button>\r\n      <\/div>\r\n    <\/div>\r\n  <\/div>\r\n  \n<\/div><\/div><\/div><\/div><\/div><\/div><\/section>\n","protected":false},"excerpt":{"rendered":"ZUBEH\u00d6RUND ERSATZTEILE M\u00fcssen Sie ein Teil Ihrer Master Products Maschine austauschen? Wir machen es Ihnen leicht. Alle unsere Zubeh\u00f6r- und Ersatzteile sind nur einen Klick entfernt. W\u00e4hlen Sie Ihr Modell, finden Sie das ben\u00f6tigte Teil oder Zubeh\u00f6r, kontaktieren Sie uns und erhalten Sie Ihre Bestellung innerhalb von 24 bis 48 Stunden. LIFT-F\u00d6RDERERMMaster Sorter 500PMMB Bucker...","protected":false},"author":1,"featured_media":0,"parent":0,"menu_order":0,"comment_status":"closed","ping_status":"closed","template":"","meta":{"_joinchat":[],"footnotes":""},"class_list":["post-19864","page","type-page","status-publish","hentry"],"yoast_head":"<!-- This site is optimized with the Yoast SEO plugin v27.4 - https:\/\/yoast.com\/product\/yoast-seo-wordpress\/ -->\n<title>ZUBEH\u00d6R UND ERSATZTEILE - Master Products<\/title>\n<meta name=\"robots\" content=\"index, follow, max-snippet:-1, max-image-preview:large, max-video-preview:-1\" \/>\n<link rel=\"canonical\" href=\"https:\/\/masterproducts.es\/de\/zubehoer-und-ersatzteile\/\" \/>\n<meta property=\"og:locale\" content=\"de_DE\" \/>\n<meta property=\"og:type\" content=\"article\" \/>\n<meta property=\"og:title\" content=\"ZUBEH\u00d6R UND ERSATZTEILE - Master Products\" \/>\n<meta property=\"og:url\" content=\"https:\/\/masterproducts.es\/de\/zubehoer-und-ersatzteile\/\" \/>\n<meta property=\"og:site_name\" content=\"Master Products\" \/>\n<meta property=\"article:modified_time\" content=\"2026-02-06T10:06:33+00:00\" \/>\n<meta name=\"twitter:card\" content=\"summary_large_image\" \/>\n<meta name=\"twitter:label1\" content=\"Gesch\u00e4tzte Lesezeit\" \/>\n\t<meta name=\"twitter:data1\" content=\"1\u00a0Minute\" \/>\n<script type=\"application\/ld+json\" class=\"yoast-schema-graph\">{\"@context\":\"https:\\\/\\\/schema.org\",\"@graph\":[{\"@type\":\"WebPage\",\"@id\":\"https:\\\/\\\/masterproducts.es\\\/de\\\/zubehoer-und-ersatzteile\\\/\",\"url\":\"https:\\\/\\\/masterproducts.es\\\/de\\\/zubehoer-und-ersatzteile\\\/\",\"name\":\"ZUBEH\u00d6R UND ERSATZTEILE - Master Products\",\"isPartOf\":{\"@id\":\"https:\\\/\\\/masterproducts.es\\\/de\\\/#website\"},\"datePublished\":\"2025-10-10T05:07:55+00:00\",\"dateModified\":\"2026-02-06T10:06:33+00:00\",\"breadcrumb\":{\"@id\":\"https:\\\/\\\/masterproducts.es\\\/de\\\/zubehoer-und-ersatzteile\\\/#breadcrumb\"},\"inLanguage\":\"de\",\"potentialAction\":[{\"@type\":\"ReadAction\",\"target\":[\"https:\\\/\\\/masterproducts.es\\\/de\\\/zubehoer-und-ersatzteile\\\/\"]}]},{\"@type\":\"BreadcrumbList\",\"@id\":\"https:\\\/\\\/masterproducts.es\\\/de\\\/zubehoer-und-ersatzteile\\\/#breadcrumb\",\"itemListElement\":[{\"@type\":\"ListItem\",\"position\":1,\"name\":\"HOME\",\"item\":\"https:\\\/\\\/masterproducts.es\\\/de\\\/\"},{\"@type\":\"ListItem\",\"position\":2,\"name\":\"ZUBEH\u00d6R UND ERSATZTEILE\"}]},{\"@type\":\"WebSite\",\"@id\":\"https:\\\/\\\/masterproducts.es\\\/de\\\/#website\",\"url\":\"https:\\\/\\\/masterproducts.es\\\/de\\\/\",\"name\":\"Master Products\",\"description\":\"Trim like a master\",\"potentialAction\":[{\"@type\":\"SearchAction\",\"target\":{\"@type\":\"EntryPoint\",\"urlTemplate\":\"https:\\\/\\\/masterproducts.es\\\/de\\\/?s={search_term_string}\"},\"query-input\":{\"@type\":\"PropertyValueSpecification\",\"valueRequired\":true,\"valueName\":\"search_term_string\"}}],\"inLanguage\":\"de\"}]}<\/script>\n<!-- \/ Yoast SEO plugin. -->","yoast_head_json":{"title":"ZUBEH\u00d6R UND ERSATZTEILE - Master Products","robots":{"index":"index","follow":"follow","max-snippet":"max-snippet:-1","max-image-preview":"max-image-preview:large","max-video-preview":"max-video-preview:-1"},"canonical":"https:\/\/masterproducts.es\/de\/zubehoer-und-ersatzteile\/","og_locale":"de_DE","og_type":"article","og_title":"ZUBEH\u00d6R UND ERSATZTEILE - Master Products","og_url":"https:\/\/masterproducts.es\/de\/zubehoer-und-ersatzteile\/","og_site_name":"Master Products","article_modified_time":"2026-02-06T10:06:33+00:00","twitter_card":"summary_large_image","twitter_misc":{"Gesch\u00e4tzte Lesezeit":"1\u00a0Minute"},"schema":{"@context":"https:\/\/schema.org","@graph":[{"@type":"WebPage","@id":"https:\/\/masterproducts.es\/de\/zubehoer-und-ersatzteile\/","url":"https:\/\/masterproducts.es\/de\/zubehoer-und-ersatzteile\/","name":"ZUBEH\u00d6R UND ERSATZTEILE - Master Products","isPartOf":{"@id":"https:\/\/masterproducts.es\/de\/#website"},"datePublished":"2025-10-10T05:07:55+00:00","dateModified":"2026-02-06T10:06:33+00:00","breadcrumb":{"@id":"https:\/\/masterproducts.es\/de\/zubehoer-und-ersatzteile\/#breadcrumb"},"inLanguage":"de","potentialAction":[{"@type":"ReadAction","target":["https:\/\/masterproducts.es\/de\/zubehoer-und-ersatzteile\/"]}]},{"@type":"BreadcrumbList","@id":"https:\/\/masterproducts.es\/de\/zubehoer-und-ersatzteile\/#breadcrumb","itemListElement":[{"@type":"ListItem","position":1,"name":"HOME","item":"https:\/\/masterproducts.es\/de\/"},{"@type":"ListItem","position":2,"name":"ZUBEH\u00d6R UND ERSATZTEILE"}]},{"@type":"WebSite","@id":"https:\/\/masterproducts.es\/de\/#website","url":"https:\/\/masterproducts.es\/de\/","name":"Master Products","description":"Trim like a master","potentialAction":[{"@type":"SearchAction","target":{"@type":"EntryPoint","urlTemplate":"https:\/\/masterproducts.es\/de\/?s={search_term_string}"},"query-input":{"@type":"PropertyValueSpecification","valueRequired":true,"valueName":"search_term_string"}}],"inLanguage":"de"}]}},"_links":{"self":[{"href":"https:\/\/masterproducts.es\/de\/wp-json\/wp\/v2\/pages\/19864","targetHints":{"allow":["GET"]}}],"collection":[{"href":"https:\/\/masterproducts.es\/de\/wp-json\/wp\/v2\/pages"}],"about":[{"href":"https:\/\/masterproducts.es\/de\/wp-json\/wp\/v2\/types\/page"}],"author":[{"embeddable":true,"href":"https:\/\/masterproducts.es\/de\/wp-json\/wp\/v2\/users\/1"}],"replies":[{"embeddable":true,"href":"https:\/\/masterproducts.es\/de\/wp-json\/wp\/v2\/comments?post=19864"}],"version-history":[{"count":2,"href":"https:\/\/masterproducts.es\/de\/wp-json\/wp\/v2\/pages\/19864\/revisions"}],"predecessor-version":[{"id":19877,"href":"https:\/\/masterproducts.es\/de\/wp-json\/wp\/v2\/pages\/19864\/revisions\/19877"}],"wp:attachment":[{"href":"https:\/\/masterproducts.es\/de\/wp-json\/wp\/v2\/media?parent=19864"}],"curies":[{"name":"wp","href":"https:\/\/api.w.org\/{rel}","templated":true}]}}