{"id":9139,"date":"2023-01-04T09:09:59","date_gmt":"2023-01-04T08:09:59","guid":{"rendered":"https:\/\/masterproducts.es\/verkaufsstellen\/"},"modified":"2025-04-11T11:53:54","modified_gmt":"2025-04-11T09:53:54","slug":"verkaufsstellen","status":"publish","type":"page","link":"https:\/\/masterproducts.es\/de\/verkaufsstellen\/","title":{"rendered":"Verkaufsstellen"},"content":{"rendered":"<section class=\"l-section wpb_row height_small\"><div class=\"l-section-h i-cf\"><div class=\"g-cols vc_row via_grid cols_1 laptops-cols_inherit tablets-cols_inherit mobiles-cols_1 valign_top type_default stacking_default\"><div class=\"wpb_column vc_column_container\"><div class=\"vc_column-inner\"><div class=\"wpb_text_column\"><div class=\"wpb_wrapper\"><h2 class=\"titulo-slider\" style=\"text-align: center;\">PUNKTE<\/h2>\n<h2 class=\"titulo-slider-destacado\" style=\"text-align: center;\">ZU VERKAUFEN<\/h2>\n<\/div><\/div><div class=\"w-separator size_medium\"><\/div><div class=\"g-cols wpb_row via_grid cols_2 laptops-cols_inherit tablets-cols_inherit mobiles-cols_1 valign_top type_default stacking_default\" style=\"--columns-gap:3rem;\"><div class=\"wpb_column vc_column_container\"><div class=\"vc_column-inner\"><div class=\"wpb_text_column\"><div class=\"wpb_wrapper\"><p>Wir vermarkten und verkaufen unsere Produkte derzeit in mehr als 40 L\u00e4ndern auf der ganzen Welt. Dank eines ausgedehnten Netzes von <em>Partnern<\/em> und Vertriebsh\u00e4ndlern ist unsere Marke immer in Ihrer N\u00e4he, um Ihnen die besten L\u00f6sungen mit der besten Garantie f\u00fcr Service und Qualit\u00e4t zu bieten.<\/p>\n<\/div><\/div><\/div><\/div><div class=\"wpb_column vc_column_container\"><div class=\"vc_column-inner\"><div class=\"wpb_text_column\"><div class=\"wpb_wrapper\"><p>Hier finden Sie alle unsere Verkaufsstellen sowie die offiziellen H\u00e4ndler und die verschiedenen Verleihstellen, bei denen Sie unsere besten Cannabis-H\u00e4cksler und -Sch\u00e4ler auf dem Markt f\u00fcr Ihren industriellen oder medizinischen Gebrauch nutzen k\u00f6nnen. Wir helfen Ihnen gerne weiter. Finden Sie den n\u00e4chstgelegenen Punkt!<\/p>\n<\/div><\/div><\/div><\/div><\/div><\/div><\/div><\/div><\/div><\/section><section class=\"l-section wpb_row height_small\"><div class=\"l-section-h i-cf\"><div class=\"g-cols vc_row via_grid cols_1 laptops-cols_inherit tablets-cols_inherit mobiles-cols_1 valign_top type_default stacking_default\"><div class=\"wpb_column vc_column_container\"><div class=\"vc_column-inner\"><style data-type=\"us_custom-css\">.elemento-menu-pv a{font-weight:700;color:#000;text-transform:uppercase;padding:0.5rem 3rem}.elemento-menu-pv a:hover{background-color:#F1A48B;color:#fff}<\/style><section class=\"l-section wpb_row height_small\"><div class=\"l-section-h i-cf\"><div class=\"g-cols vc_row via_grid cols_1 laptops-cols_inherit tablets-cols_inherit mobiles-cols_1 valign_top type_default stacking_default\"><div class=\"wpb_column vc_column_container\"><div class=\"vc_column-inner\">[vc_raw_js]JTBBJTNDc2NyaXB0JTNFJTBBJTIwalF1ZXJ5JTI4ZG9jdW1lbnQlMjkucmVhZHklMjhmdW5jdGlvbiUyOCUyOSU3QiUyMCUyMCUwQSUyMGpRdWVyeSUyOGZ1bmN0aW9uJTI4JTI5JTIwJTdCJTBBJTIwJTIwJTIwJTIwJTIwJTIwJTIwJTIwalF1ZXJ5JTI4JTI3LnctdGFicy1zZWN0aW9uJTIwYSU1QmhyZWYlNUQlMjclMjkuYXR0ciUyOCUyN3RhcmdldCUyNyUyQyUyMCUyN19ibGFuayUyNyUyOSUzQiUwQSUyMCUyMCUyMCUyMCU3RCUyOSUzQiUwQSUwQSU3RCUyOSUzQiUwQSUzQyUyRnNjcmlwdCUzRSUwQQ==[\/vc_raw_js]<div class=\"w-hwrapper valign_top wrap align_center\" style=\"--hwrapper-gap:1.20rem\"><div class=\"wpb_text_column\"><div class=\"wpb_wrapper\"><p style=\"text-align: center;\"><span class=\"elemento-menu-pv europa\"><a href=\"https:\/\/masterproducts.es\/de\/verkaufsstellen\/europa\/\">Europa<\/a><\/span><\/p>\n<\/div><\/div><div class=\"wpb_text_column\"><div class=\"wpb_wrapper\"><p style=\"text-align: center;\"><span class=\"elemento-menu-pv asia\"><a href=\"https:\/\/masterproducts.es\/de\/verkaufsstellen\/asia\/\">Asien<\/a><\/span><\/p>\n<\/div><\/div><div class=\"wpb_text_column\"><div class=\"wpb_wrapper\"><p style=\"text-align: center;\"><span class=\"elemento-menu-pv africa\"><a href=\"https:\/\/masterproducts.es\/de\/verkaufsstellen\/africa\/\">Afrika<\/a><\/span><\/p>\n<\/div><\/div><div class=\"wpb_text_column\"><div class=\"wpb_wrapper\"><p style=\"text-align: center;\"><span class=\"elemento-menu-pv oceania\"><a href=\"https:\/\/masterproducts.es\/de\/verkaufsstellen\/oceania\/\">Ozeanien<\/a><\/span><\/p>\n<\/div><\/div><div class=\"wpb_text_column\"><div class=\"wpb_wrapper\"><p style=\"text-align: center;\"><span class=\"elemento-menu-pv america-del-sud\"><a href=\"https:\/\/masterproducts.es\/de\/verkaufsstellen\/america-del-sur\/\">Amerika del Sur<\/a><\/span><\/p>\n<\/div><\/div><div class=\"wpb_text_column\"><div class=\"wpb_wrapper\"><p style=\"text-align: center;\"><span class=\"elemento-menu-pv america-del-sud\"><a href=\"https:\/\/masterproducts.es\/de\/verkaufsstellen\/america-du-nord\/\">Amerika del Nord<\/a><\/span><\/p>\n<\/div><\/div><\/div><\/div><\/div><\/div><\/div><\/section>\n<\/div><\/div><\/div><\/div><\/section><section class=\"l-section wpb_row height_small\"><div class=\"l-section-h i-cf\"><div class=\"g-cols vc_row via_grid cols_1 laptops-cols_inherit tablets-cols_inherit mobiles-cols_1 valign_top type_default stacking_default\"><div class=\"wpb_column vc_column_container\"><div class=\"vc_column-inner\"><div class=\"wpb_text_column\"><div class=\"wpb_wrapper\"><!-- vision begin -->\n<div class=\"vision-map vision-map-19\"data-json-src=\"https:\/\/masterproducts.es\/de\/wp-json\/vision\/v1\/item\/19\" data-item-id=\"19\" tabindex=\"1\" style=\"display:none;\" >\n<div class=\"vision-store\">\n<div class=\"vision-layers-data\">\n<div class=\"vision-layer\" data-layer-id=\"f60be713\"><\/div>\n<div class=\"vision-layer\" data-layer-id=\"e882e9a4\"><\/div>\n<div class=\"vision-layer\" data-layer-id=\"9a6b24ad\"><\/div>\n<div class=\"vision-layer\" data-layer-id=\"43109e0c\"><\/div>\n<div class=\"vision-layer\" data-layer-id=\"dfaa9ab3\"><\/div>\n<\/div>\n<div class=\"vision-tooltips-data\">\n<div class=\"vision-data\" data-layer-id=\"f60be713\"><\/div>\n<div class=\"vision-data\" data-layer-id=\"e882e9a4\"><\/div>\n<div class=\"vision-data\" data-layer-id=\"9a6b24ad\"><\/div>\n<div class=\"vision-data\" data-layer-id=\"43109e0c\"><\/div>\n<div class=\"vision-data\" data-layer-id=\"dfaa9ab3\"><\/div>\n<\/div>\n<div class=\"vision-popovers-data\">\n<div class=\"vision-data\" data-layer-id=\"f60be713\"><\/div>\n<div class=\"vision-data\" data-layer-id=\"e882e9a4\"><\/div>\n<div class=\"vision-data\" data-layer-id=\"9a6b24ad\"><\/div>\n<div class=\"vision-data\" data-layer-id=\"43109e0c\"><\/div>\n<div class=\"vision-data\" data-layer-id=\"dfaa9ab3\"><\/div>\n<\/div>\n<\/div>\n<\/div>\n<!-- vision end -->\n\n<\/div><\/div><\/div><\/div><\/div><\/div><\/section>\n","protected":false},"excerpt":{"rendered":"PUNKTE ZU VERKAUFEN Wir vermarkten und verkaufen unsere Produkte derzeit in mehr als 40 L\u00e4ndern auf der ganzen Welt. Dank eines ausgedehnten Netzes von Partnern und Vertriebsh\u00e4ndlern ist unsere Marke immer in Ihrer N\u00e4he, um Ihnen die besten L\u00f6sungen mit der besten Garantie f\u00fcr Service und Qualit\u00e4t zu bieten. Hier finden Sie alle unsere Verkaufsstellen...","protected":false},"author":1,"featured_media":0,"parent":0,"menu_order":0,"comment_status":"closed","ping_status":"closed","template":"","meta":{"_joinchat":[],"footnotes":""},"class_list":["post-9139","page","type-page","status-publish","hentry"],"yoast_head":"<!-- This site is optimized with the Yoast SEO plugin v27.4 - https:\/\/yoast.com\/product\/yoast-seo-wordpress\/ -->\n<title>Finden Sie unsere Verkaufsstellen und Distributoren weltweit - Master Products - Master Products<\/title>\n<meta name=\"description\" content=\"Entdecken Sie das Netzwerk von Master Products in \u00fcber 40 L\u00e4ndern. Finden Sie Verkaufsstellen, offizielle Distributoren oder Mietservices f\u00fcr hochwertige Cannabis-Trimmer und -Sch\u00e4ler in Ihrer N\u00e4he.\" \/>\n<meta name=\"robots\" content=\"index, follow, max-snippet:-1, max-image-preview:large, max-video-preview:-1\" \/>\n<link rel=\"canonical\" href=\"https:\/\/masterproducts.es\/de\/verkaufsstellen\/\" \/>\n<meta property=\"og:locale\" content=\"de_DE\" \/>\n<meta property=\"og:type\" content=\"article\" \/>\n<meta property=\"og:title\" content=\"Finden Sie unsere Verkaufsstellen und Distributoren weltweit - Master Products - Master Products\" \/>\n<meta property=\"og:description\" content=\"Entdecken Sie das Netzwerk von Master Products in \u00fcber 40 L\u00e4ndern. Finden Sie Verkaufsstellen, offizielle Distributoren oder Mietservices f\u00fcr hochwertige Cannabis-Trimmer und -Sch\u00e4ler in Ihrer N\u00e4he.\" \/>\n<meta property=\"og:url\" content=\"https:\/\/masterproducts.es\/de\/verkaufsstellen\/\" \/>\n<meta property=\"og:site_name\" content=\"Master Products\" \/>\n<meta property=\"article:modified_time\" content=\"2025-04-11T09:53:54+00:00\" \/>\n<meta name=\"twitter:card\" content=\"summary_large_image\" \/>\n<meta name=\"twitter:label1\" content=\"Gesch\u00e4tzte Lesezeit\" \/>\n\t<meta name=\"twitter:data1\" content=\"1\u00a0Minute\" \/>\n<script type=\"application\/ld+json\" class=\"yoast-schema-graph\">{\"@context\":\"https:\\\/\\\/schema.org\",\"@graph\":[{\"@type\":\"WebPage\",\"@id\":\"https:\\\/\\\/masterproducts.es\\\/de\\\/verkaufsstellen\\\/\",\"url\":\"https:\\\/\\\/masterproducts.es\\\/de\\\/verkaufsstellen\\\/\",\"name\":\"Finden Sie unsere Verkaufsstellen und Distributoren weltweit - Master Products - Master Products\",\"isPartOf\":{\"@id\":\"https:\\\/\\\/masterproducts.es\\\/de\\\/#website\"},\"datePublished\":\"2023-01-04T08:09:59+00:00\",\"dateModified\":\"2025-04-11T09:53:54+00:00\",\"description\":\"Entdecken Sie das Netzwerk von Master Products in \u00fcber 40 L\u00e4ndern. Finden Sie Verkaufsstellen, offizielle Distributoren oder Mietservices f\u00fcr hochwertige Cannabis-Trimmer und -Sch\u00e4ler in Ihrer N\u00e4he.\",\"breadcrumb\":{\"@id\":\"https:\\\/\\\/masterproducts.es\\\/de\\\/verkaufsstellen\\\/#breadcrumb\"},\"inLanguage\":\"de\",\"potentialAction\":[{\"@type\":\"ReadAction\",\"target\":[\"https:\\\/\\\/masterproducts.es\\\/de\\\/verkaufsstellen\\\/\"]}]},{\"@type\":\"BreadcrumbList\",\"@id\":\"https:\\\/\\\/masterproducts.es\\\/de\\\/verkaufsstellen\\\/#breadcrumb\",\"itemListElement\":[{\"@type\":\"ListItem\",\"position\":1,\"name\":\"HOME\",\"item\":\"https:\\\/\\\/masterproducts.es\\\/de\\\/\"},{\"@type\":\"ListItem\",\"position\":2,\"name\":\"Verkaufsstellen\"}]},{\"@type\":\"WebSite\",\"@id\":\"https:\\\/\\\/masterproducts.es\\\/de\\\/#website\",\"url\":\"https:\\\/\\\/masterproducts.es\\\/de\\\/\",\"name\":\"Master Products\",\"description\":\"Trim like a master\",\"potentialAction\":[{\"@type\":\"SearchAction\",\"target\":{\"@type\":\"EntryPoint\",\"urlTemplate\":\"https:\\\/\\\/masterproducts.es\\\/de\\\/?s={search_term_string}\"},\"query-input\":{\"@type\":\"PropertyValueSpecification\",\"valueRequired\":true,\"valueName\":\"search_term_string\"}}],\"inLanguage\":\"de\"}]}<\/script>\n<!-- \/ Yoast SEO plugin. -->","yoast_head_json":{"title":"Finden Sie unsere Verkaufsstellen und Distributoren weltweit - Master Products - Master Products","description":"Entdecken Sie das Netzwerk von Master Products in \u00fcber 40 L\u00e4ndern. Finden Sie Verkaufsstellen, offizielle Distributoren oder Mietservices f\u00fcr hochwertige Cannabis-Trimmer und -Sch\u00e4ler in Ihrer N\u00e4he.","robots":{"index":"index","follow":"follow","max-snippet":"max-snippet:-1","max-image-preview":"max-image-preview:large","max-video-preview":"max-video-preview:-1"},"canonical":"https:\/\/masterproducts.es\/de\/verkaufsstellen\/","og_locale":"de_DE","og_type":"article","og_title":"Finden Sie unsere Verkaufsstellen und Distributoren weltweit - Master Products - Master Products","og_description":"Entdecken Sie das Netzwerk von Master Products in \u00fcber 40 L\u00e4ndern. Finden Sie Verkaufsstellen, offizielle Distributoren oder Mietservices f\u00fcr hochwertige Cannabis-Trimmer und -Sch\u00e4ler in Ihrer N\u00e4he.","og_url":"https:\/\/masterproducts.es\/de\/verkaufsstellen\/","og_site_name":"Master Products","article_modified_time":"2025-04-11T09:53:54+00:00","twitter_card":"summary_large_image","twitter_misc":{"Gesch\u00e4tzte Lesezeit":"1\u00a0Minute"},"schema":{"@context":"https:\/\/schema.org","@graph":[{"@type":"WebPage","@id":"https:\/\/masterproducts.es\/de\/verkaufsstellen\/","url":"https:\/\/masterproducts.es\/de\/verkaufsstellen\/","name":"Finden Sie unsere Verkaufsstellen und Distributoren weltweit - Master Products - Master Products","isPartOf":{"@id":"https:\/\/masterproducts.es\/de\/#website"},"datePublished":"2023-01-04T08:09:59+00:00","dateModified":"2025-04-11T09:53:54+00:00","description":"Entdecken Sie das Netzwerk von Master Products in \u00fcber 40 L\u00e4ndern. Finden Sie Verkaufsstellen, offizielle Distributoren oder Mietservices f\u00fcr hochwertige Cannabis-Trimmer und -Sch\u00e4ler in Ihrer N\u00e4he.","breadcrumb":{"@id":"https:\/\/masterproducts.es\/de\/verkaufsstellen\/#breadcrumb"},"inLanguage":"de","potentialAction":[{"@type":"ReadAction","target":["https:\/\/masterproducts.es\/de\/verkaufsstellen\/"]}]},{"@type":"BreadcrumbList","@id":"https:\/\/masterproducts.es\/de\/verkaufsstellen\/#breadcrumb","itemListElement":[{"@type":"ListItem","position":1,"name":"HOME","item":"https:\/\/masterproducts.es\/de\/"},{"@type":"ListItem","position":2,"name":"Verkaufsstellen"}]},{"@type":"WebSite","@id":"https:\/\/masterproducts.es\/de\/#website","url":"https:\/\/masterproducts.es\/de\/","name":"Master Products","description":"Trim like a master","potentialAction":[{"@type":"SearchAction","target":{"@type":"EntryPoint","urlTemplate":"https:\/\/masterproducts.es\/de\/?s={search_term_string}"},"query-input":{"@type":"PropertyValueSpecification","valueRequired":true,"valueName":"search_term_string"}}],"inLanguage":"de"}]}},"_links":{"self":[{"href":"https:\/\/masterproducts.es\/de\/wp-json\/wp\/v2\/pages\/9139","targetHints":{"allow":["GET"]}}],"collection":[{"href":"https:\/\/masterproducts.es\/de\/wp-json\/wp\/v2\/pages"}],"about":[{"href":"https:\/\/masterproducts.es\/de\/wp-json\/wp\/v2\/types\/page"}],"author":[{"embeddable":true,"href":"https:\/\/masterproducts.es\/de\/wp-json\/wp\/v2\/users\/1"}],"replies":[{"embeddable":true,"href":"https:\/\/masterproducts.es\/de\/wp-json\/wp\/v2\/comments?post=9139"}],"version-history":[{"count":5,"href":"https:\/\/masterproducts.es\/de\/wp-json\/wp\/v2\/pages\/9139\/revisions"}],"predecessor-version":[{"id":9144,"href":"https:\/\/masterproducts.es\/de\/wp-json\/wp\/v2\/pages\/9139\/revisions\/9144"}],"wp:attachment":[{"href":"https:\/\/masterproducts.es\/de\/wp-json\/wp\/v2\/media?parent=9139"}],"curies":[{"name":"wp","href":"https:\/\/api.w.org\/{rel}","templated":true}]}}