{"id":9218,"date":"2023-01-23T06:00:24","date_gmt":"2023-01-23T05:00:24","guid":{"rendered":"https:\/\/masterproducts.es\/professionelle-reichweite\/"},"modified":"2025-06-25T13:54:31","modified_gmt":"2025-06-25T11:54:31","slug":"professionelle-sortiment","status":"publish","type":"page","link":"https:\/\/masterproducts.es\/de\/professionelle-sortiment\/","title":{"rendered":"Professional Sortiment"},"content":{"rendered":"<section class=\"l-section wpb_row height_small\"><div class=\"l-section-h i-cf\"><div class=\"g-cols vc_row via_grid cols_1 laptops-cols_inherit tablets-cols_inherit mobiles-cols_1 valign_top type_default stacking_default\" style=\"--columns-gap:1rem;\"><div class=\"wpb_column vc_column_container\"><div class=\"vc_column-inner\"><div class=\"wpb_text_column\"><div class=\"wpb_wrapper\"><h2 class=\"titulo-slider\" style=\"text-align: center;\">PROFESSIONAL<\/h2>\n<h2 class=\"titulo-slider-destacado\" style=\"text-align: center;\">SORTIMENT<\/h2>\n<\/div><\/div><\/div><\/div><\/div><\/div><\/section><style data-type=\"us_custom-css\">.menu-maquinas a{color:#333;text-transform:uppercase;font-weight:700}<\/style><section class=\"l-section wpb_row us_custom_310001f5 menu-maquinas hide_on_tablets hide_on_mobiles height_auto width_full type_sticky\"><div class=\"l-section-h i-cf\"><div class=\"g-cols vc_row via_grid cols_1 laptops-cols_inherit tablets-cols_inherit mobiles-cols_1 valign_top type_default stacking_default\" style=\"--columns-gap:0.5rem;\"><div class=\"wpb_column vc_column_container\"><div class=\"vc_column-inner\"><div class=\"w-hwrapper valign_top align_center\" style=\"--hwrapper-gap:3rem\"><div class=\"w-btn-wrapper align_center\"><a class=\"w-btn us-btn-style_1\" title=\"Gama Professional\" href=\"https:\/\/masterproducts.es\/de\/professionelle-sortiment\/\"><span class=\"w-btn-label\">PROFESSIONAL SORTIMENT<\/span><\/a><\/div><div class=\"w-btn-wrapper align_center\"><a class=\"w-btn us-btn-style_4\" title=\"Trimmers\" href=\"https:\/\/masterproducts.es\/de\/professionelle-sortiment\/meister-trimmer\/#indice-maquinas\"><span class=\"w-btn-label\">Trimmers<\/span><\/a><\/div><div class=\"w-btn-wrapper align_center\"><a class=\"w-btn us-btn-style_4\" title=\"Buckers\" href=\"https:\/\/masterproducts.es\/de\/professionelle-sortiment\/master-extractors\/#indice-maquinas\"><span class=\"w-btn-label\">Extractors<\/span><\/a><\/div><div class=\"w-btn-wrapper align_center\"><a class=\"w-btn us-btn-style_4\" title=\"Sorters\" href=\"https:\/\/masterproducts.es\/de\/professionelle-sortiment\/meister-sorter\/#indice-maquinas\"><span class=\"w-btn-label\">Sorters<\/span><\/a><\/div><div class=\"w-btn-wrapper align_center\"><a class=\"w-btn us-btn-style_4\" title=\"Buckers\" href=\"https:\/\/masterproducts.es\/de\/professionelle-sortiment\/meister-buckers\/#indice-maquinas\"><span class=\"w-btn-label\">Buckers<\/span><\/a><\/div><div class=\"w-btn-wrapper align_center\"><a class=\"w-btn us-btn-style_4\" title=\"Buckers\" href=\"https:\/\/masterproducts.es\/de\/professionelle-sortiment\/meister-seeds\/#indice-maquinas\"><span class=\"w-btn-label\">Seeds<\/span><\/a><\/div><div class=\"w-btn-wrapper align_center\"><a class=\"w-btn us-btn-style_4\" title=\"Buckers\" href=\"https:\/\/masterproducts.es\/de\/maquina\/lio-freeze-dryer-gefriertrockner-effiziente-trocknung-voncannabis\/\"><span class=\"w-btn-label\">Freeze Dryers<\/span><\/a><\/div><\/div><\/div><\/div><\/div><\/div><\/section>\n<section class=\"l-section wpb_row us_custom_678a4f9f height_auto\"><div class=\"l-section-h i-cf\"><div class=\"g-cols vc_row via_grid cols_2 laptops-cols_inherit tablets-cols_inherit mobiles-cols_1 valign_top type_default stacking_default\"><div class=\"wpb_column vc_column_container\"><div class=\"vc_column-inner\"><div class=\"w-separator size_medium\"><\/div><div class=\"wpb_text_column\"><div class=\"wpb_wrapper\"><h1 class=\"titulo-slider\" style=\"text-align: left;\">NACH-ERNTE-L\u00d6SUNGENE MIT GACP-KONFORM<\/h1>\n<\/div><\/div><div class=\"w-separator size_small\"><\/div><div class=\"wpb_text_column\"><div class=\"wpb_wrapper\"><p>Entdecken Sie unsere L\u00f6sungen f\u00fcr die Nachbearbeitung zur Verarbeitung von Cannabis und industriellem Hanf. Wir unterst\u00fctzen Sie dabei, den Trimprozess in allen Produktionsphasen zu automatisieren und zu industrialisieren.<\/p>\n<p>Wir entwerfen und fertigen industrielle landwirtschaftliche Maschinen nach den Bed\u00fcrfnissen unserer Kunden und den Produktionsanforderungen jeder Kulturart. Unser Portfolio umfasst Cannabisblatttrimmer oder -sch\u00e4ler, St\u00e4ngelentferner oder Gr\u00f6\u00dfenklassifizierer sowie einzigartige Samenabscheider, die auf dem Markt erh\u00e4ltlich sind. Wir bieten auch hochmoderne Ultraschallreinigungssysteme an, um die Wartung jedes Ger\u00e4ts zu erleichtern und zu verl\u00e4ngern. Alle unsere Maschinen bestehen aus hochwertigen Materialien, die optimale Verarbeitungsergebnisse gew\u00e4hrleisten und eine Garantie f\u00fcr Langlebigkeit und Erhaltung bieten.<\/p>\n<p>Verarbeiten Sie Cannabis und industriellen Hanf vollst\u00e4ndig automatisiert, indem Sie verschiedene Maschinen in Serie verbinden und Produktionslinien schaffen, die den Produktionsprozess weiter optimieren.<\/p>\n<\/div><\/div><div class=\"w-separator size_small\"><\/div><div class=\"wpb_text_column\"><div class=\"wpb_wrapper\"><p align=\"justify\"><strong>Nass- und\/oder Trockentrimmen.<\/strong><\/p>\n<\/div><\/div><\/div><\/div><div class=\"wpb_column vc_column_container\"><div class=\"vc_column-inner\"><div id=\"ult-carousel-307796686369e8d4cca646e\" class=\"ult-carousel-wrapper   ult_horizontal\" data-gutter=\"15\" data-rtl=\"false\" ><div class=\"ult-carousel-61126333069e8d4cca5e59 \" ><div class=\"ult-item-wrap\" data-animation=\"animated no-animation\"><div class=\"w-image align_none\"><div class=\"w-image-h\"><img decoding=\"async\" width=\"1000\" height=\"1000\" src=\"https:\/\/masterproducts.es\/wp-content\/uploads\/2024\/10\/1-1.jpg\" class=\"attachment-us_1000_1000_crop size-us_1000_1000_crop\" alt=\"\" loading=\"lazy\" srcset=\"https:\/\/masterproducts.es\/wp-content\/uploads\/2024\/10\/1-1.jpg 1000w, https:\/\/masterproducts.es\/wp-content\/uploads\/2024\/10\/1-1-300x300.jpg 300w, https:\/\/masterproducts.es\/wp-content\/uploads\/2024\/10\/1-1-150x150.jpg 150w\" sizes=\"auto, (max-width: 1000px) 100vw, 1000px\" \/><\/div><\/div><\/div><div class=\"ult-item-wrap\" data-animation=\"animated no-animation\"><div class=\"w-image align_none\"><div class=\"w-image-h\"><img decoding=\"async\" width=\"1000\" height=\"1000\" src=\"https:\/\/masterproducts.es\/wp-content\/uploads\/2024\/10\/4-1.jpg\" class=\"attachment-us_1000_1000_crop size-us_1000_1000_crop\" alt=\"\" loading=\"lazy\" srcset=\"https:\/\/masterproducts.es\/wp-content\/uploads\/2024\/10\/4-1.jpg 1000w, https:\/\/masterproducts.es\/wp-content\/uploads\/2024\/10\/4-1-300x300.jpg 300w, https:\/\/masterproducts.es\/wp-content\/uploads\/2024\/10\/4-1-150x150.jpg 150w\" sizes=\"auto, (max-width: 1000px) 100vw, 1000px\" \/><\/div><\/div><\/div><div class=\"ult-item-wrap\" data-animation=\"animated no-animation\"><div class=\"w-image align_none\"><div class=\"w-image-h\"><img decoding=\"async\" width=\"1000\" height=\"1000\" src=\"https:\/\/masterproducts.es\/wp-content\/uploads\/2023\/02\/ALTA_PNG_MT_PROFESSIONAL_50_2347-1000x1000.jpg\" class=\"attachment-us_1000_1000_crop size-us_1000_1000_crop\" alt=\"\" loading=\"lazy\" srcset=\"https:\/\/masterproducts.es\/wp-content\/uploads\/2023\/02\/ALTA_PNG_MT_PROFESSIONAL_50_2347-1000x1000.jpg 1000w, https:\/\/masterproducts.es\/wp-content\/uploads\/2023\/02\/ALTA_PNG_MT_PROFESSIONAL_50_2347-150x150.jpg 150w\" sizes=\"auto, (max-width: 1000px) 100vw, 1000px\" \/><\/div><\/div><\/div><div class=\"ult-item-wrap\" data-animation=\"animated no-animation\"><div class=\"w-image align_none\"><div class=\"w-image-h\"><img decoding=\"async\" width=\"1000\" height=\"1000\" src=\"https:\/\/masterproducts.es\/wp-content\/uploads\/2023\/02\/ALTA_PNG_MT_MB_BUCKER_200_2598-copia-1000x1000.jpg\" class=\"attachment-us_1000_1000_crop size-us_1000_1000_crop\" alt=\"\" loading=\"lazy\" srcset=\"https:\/\/masterproducts.es\/wp-content\/uploads\/2023\/02\/ALTA_PNG_MT_MB_BUCKER_200_2598-copia-1000x1000.jpg 1000w, https:\/\/masterproducts.es\/wp-content\/uploads\/2023\/02\/ALTA_PNG_MT_MB_BUCKER_200_2598-copia-150x150.jpg 150w\" sizes=\"auto, (max-width: 1000px) 100vw, 1000px\" \/><\/div><\/div><\/div><div class=\"ult-item-wrap\" data-animation=\"animated no-animation\"><div class=\"w-image align_none\"><div class=\"w-image-h\"><img decoding=\"async\" width=\"1000\" height=\"1000\" src=\"https:\/\/masterproducts.es\/wp-content\/uploads\/2024\/10\/5-1.jpg\" class=\"attachment-us_1000_1000_crop size-us_1000_1000_crop\" alt=\"\" loading=\"lazy\" srcset=\"https:\/\/masterproducts.es\/wp-content\/uploads\/2024\/10\/5-1.jpg 1000w, https:\/\/masterproducts.es\/wp-content\/uploads\/2024\/10\/5-1-300x300.jpg 300w, https:\/\/masterproducts.es\/wp-content\/uploads\/2024\/10\/5-1-150x150.jpg 150w\" sizes=\"auto, (max-width: 1000px) 100vw, 1000px\" \/><\/div><\/div><\/div><\/div><\/div>\t\t\t<script type=\"text\/javascript\">\r\n\t\t\t\tjQuery(document).ready(function ($) {\r\n\t\t\t\t\tif( typeof jQuery('.ult-carousel-61126333069e8d4cca5e59').slick == \"function\"){\r\n\t\t\t\t\t\t$('.ult-carousel-61126333069e8d4cca5e59').slick({dots: false,autoplay: true,autoplaySpeed: 5000,speed: 300,infinite: true,arrows: true,nextArrow: '<button type=\"button\" role=\"button\" aria-label=\"Next\" style=\"color:#333333; font-size:20px;\" class=\"slick-next default\"><i class=\"ultsl-arrow-right6\"><\/i><\/button>',prevArrow: '<button type=\"button\" role=\"button\" aria-label=\"Previous\" style=\"color:#333333; font-size:20px;\" class=\"slick-prev default\"><i class=\"ultsl-arrow-left6\"><\/i><\/button>',slidesToScroll:1,slidesToShow:1,swipe: true,draggable: true,touchMove: true,pauseOnHover: false,pauseOnFocus: false,responsive: [\r\n\t\t\t\t\t\t\t{\r\n\t\t\t\t\t\t\t  breakpoint: 1026,\r\n\t\t\t\t\t\t\t  settings: {\r\n\t\t\t\t\t\t\t\tslidesToShow: 1,\r\n\t\t\t\t\t\t\t\tslidesToScroll: 1,  \r\n\t\t\t\t\t\t\t  }\r\n\t\t\t\t\t\t\t},\r\n\t\t\t\t\t\t\t{\r\n\t\t\t\t\t\t\t  breakpoint: 1025,\r\n\t\t\t\t\t\t\t  settings: {\r\n\t\t\t\t\t\t\t\tslidesToShow: 1,\r\n\t\t\t\t\t\t\t\tslidesToScroll: 1\r\n\t\t\t\t\t\t\t  }\r\n\t\t\t\t\t\t\t},\r\n\t\t\t\t\t\t\t{\r\n\t\t\t\t\t\t\t  breakpoint: 760,\r\n\t\t\t\t\t\t\t  settings: {\r\n\t\t\t\t\t\t\t\tslidesToShow: 1,\r\n\t\t\t\t\t\t\t\tslidesToScroll: 1\r\n\t\t\t\t\t\t\t  }\r\n\t\t\t\t\t\t\t}\r\n\t\t\t\t\t\t],pauseOnDotsHover: true,customPaging: function(slider, i) {\r\n                   return '<i type=\"button\" style= \"color:#333333;\" class=\"ultsl-record\" data-role=\"none\"><\/i>';\r\n                },});\r\n\t\t\t\t\t}\r\n\t\t\t\t});\r\n\t\t\t<\/script>\r\n\t\t\t<\/div><\/div><\/div><\/div><\/section><section class=\"l-section wpb_row height_medium\"><div class=\"l-section-h i-cf\"><div class=\"g-cols vc_row via_grid cols_3 laptops-cols_inherit tablets-cols_inherit mobiles-cols_1 valign_top type_default stacking_default\"><div class=\"wpb_column vc_column_container\"><div class=\"vc_column-inner\"><div class=\"wpb_text_column\"><div class=\"wpb_wrapper\"><h2 class=\"titulo-slider\" style=\"text-align: left;\">PROFESSIONAL<\/h2>\n<h2 class=\"titulo-slider-destacado\" style=\"text-align: left;\">SORTIMENT<\/h2>\n<\/div><\/div><\/div><\/div><div class=\"wpb_column vc_column_container\"><div class=\"vc_column-inner\"><\/div><\/div><div class=\"wpb_column vc_column_container\"><div class=\"vc_column-inner\"><\/div><\/div><\/div><\/div><\/section><section class=\"l-section wpb_row height_medium\"><div class=\"l-section-h i-cf\"><div class=\"g-cols vc_row via_grid cols_3 laptops-cols_inherit tablets-cols_inherit mobiles-cols_1 valign_top type_default stacking_default\"><div class=\"wpb_column vc_column_container\"><div class=\"vc_column-inner\"><div class=\"w-ibanner animation_phorcys ratio_1x1 easing_ease\"><a href=\"https:\/\/masterproducts.es\/de\/professionelle-sortiment\/meister-trimmer\/#indice-maquinas\" aria-label=\"TRIMMERS\"><\/a><div class=\"w-ibanner-h\"><div class=\"w-ibanner-image\" style=\"background-image: url(https:\/\/masterproducts.es\/wp-content\/uploads\/2023\/02\/1.-PROF-TRIMMERS-1000x1000.png)\"><\/div><div class=\"w-ibanner-content\"><div class=\"w-ibanner-content-h\"><h2 class=\"w-ibanner-title\">TRIMMERS<\/h2><div class=\"w-ibanner-desc\"><p>Maschinen zum Trennen gro\u00dfer und kleiner Bl\u00e4tter von Bl\u00fcten mit dem Ziel, Cannabisbl\u00fcten mit einem m\u00f6glichst pr\u00e4zisen und perfekten Ergebnis zu erhalten. Umgangssprachlich werden sie oft als \u201eSch\u00e4lmaschinen\u201c bezeichnet.<\/p>\n<\/div><\/div><\/div><\/div><\/div><div class=\"w-separator size_small\"><\/div><div class=\"w-ibanner animation_phorcys ratio_1x1 easing_ease\"><a href=\"https:\/\/masterproducts.es\/de\/professionelle-sortiment\/meister-seeds\/#indice-maquinas\" aria-label=\"SEEDS\"><\/a><div class=\"w-ibanner-h\"><div class=\"w-ibanner-image\" style=\"background-image: url(https:\/\/masterproducts.es\/wp-content\/uploads\/2023\/02\/3.-PROF-SEEDS-1000x1000.png)\"><\/div><div class=\"w-ibanner-content\"><div class=\"w-ibanner-content-h\"><h2 class=\"w-ibanner-title\">SEEDS<\/h2><div class=\"w-ibanner-desc\"><p>Maschine, die entwickelt wurde, um Cannabisblumensamen zu trennen und zu reinigen, wobei alle ihre Eigenschaften intakt bleiben. Bereit zum Wiederpflanzen oder zur Verwendung.<\/p>\n<\/div><\/div><\/div><\/div><\/div><\/div><\/div><div class=\"wpb_column vc_column_container\"><div class=\"vc_column-inner\"><div class=\"w-ibanner animation_phorcys ratio_1x1 easing_ease\"><a href=\"https:\/\/masterproducts.es\/de\/professionelle-sortiment\/master-extractors\/#indice-maquinas\" aria-label=\"EXTRACTORS\"><\/a><div class=\"w-ibanner-h\"><div class=\"w-ibanner-image\" style=\"background-image: url(https:\/\/masterproducts.es\/wp-content\/uploads\/2024\/09\/PROF-MED-EXTRACTORS-MX-ICE-500-1000x1000.png)\"><\/div><div class=\"w-ibanner-content\"><div class=\"w-ibanner-content-h\"><h2 class=\"w-ibanner-title\">EXTRACTORS<\/h2><div class=\"w-ibanner-desc\"><p>L\u00f6sungsmittelfreie Eisextraktionssysteme zur Herstellung von Cannabisharz, besser bekannt als \u201eBubble Hash\u201c. Hergestellt gem\u00e4\u00df den GMP-Qualit\u00e4ts- und Sicherheitsanforderungen der EU.<\/p>\n<\/div><\/div><\/div><\/div><\/div><div class=\"w-separator size_small\"><\/div><div class=\"w-ibanner animation_phorcys ratio_1x1 easing_ease\"><a href=\"https:\/\/masterproducts.es\/de\/professionelle-sortiment\/meister-buckers\/#indice-maquinas\" aria-label=\"BUCKERS\"><\/a><div class=\"w-ibanner-h\"><div class=\"w-ibanner-image\" style=\"background-image: url(https:\/\/masterproducts.es\/wp-content\/uploads\/2023\/02\/2.-PROF-BUCKERS-1000x1000.png)\"><\/div><div class=\"w-ibanner-content\"><div class=\"w-ibanner-content-h\"><h2 class=\"w-ibanner-title\">BUCKERS<\/h2><div class=\"w-ibanner-desc\"><p>Ausr\u00fcstung zum Trennen von Zweigen und St\u00e4ngeln von Bl\u00fcten, insbesondere f\u00fcr die Frischbehandlung. Auch die gr\u00f6\u00dferen Bl\u00e4tter werden abgetrennt. Dies ist der Schritt vor dem Trimmen (Sch\u00e4len).<br \/>\nDiese Maschinen werden umgangssprachlich oft \u201eAbbeermaschinen\u201c genannt.<\/p>\n<\/div><\/div><\/div><\/div><\/div><\/div><\/div><div class=\"wpb_column vc_column_container\"><div class=\"vc_column-inner\"><div class=\"w-ibanner animation_phorcys ratio_1x1 easing_ease\"><a href=\"https:\/\/masterproducts.es\/de\/professionelle-sortiment\/meister-sorter\/#indice-maquinas\" aria-label=\"SORTERS\"><\/a><div class=\"w-ibanner-h\"><div class=\"w-ibanner-image\" style=\"background-image: url(https:\/\/masterproducts.es\/wp-content\/uploads\/2023\/09\/1-1000x915.png)\"><\/div><div class=\"w-ibanner-content\"><div class=\"w-ibanner-content-h\"><h2 class=\"w-ibanner-title\">SORTERS<\/h2><div class=\"w-ibanner-desc\"><p>Maschinen die entwickelt wurden, um cannabisbl\u00fcten nach gr\u00f6\u00dfe zu sortieren. Sie passen sich allen sorten und ihren morphologischen eigenschaften an.<\/p>\n<\/div><\/div><\/div><\/div><\/div><div class=\"w-separator size_small\"><\/div><div class=\"w-ibanner animation_phorcys ratio_1x1 easing_ease\"><a title=\"LIO FREEZE DRYER\" href=\"https:\/\/masterproducts.es\/de\/maquina\/lio-freeze-dryer-gefriertrockner-effiziente-trocknung-voncannabis\/\" aria-label=\"FREEZE DRYERS\"><\/a><div class=\"w-ibanner-h\"><div class=\"w-ibanner-image\" style=\"background-image: url(https:\/\/masterproducts.es\/wp-content\/uploads\/2025\/03\/DSC_2368-1.webp)\"><\/div><div class=\"w-ibanner-content\"><div class=\"w-ibanner-content-h\"><h2 class=\"w-ibanner-title\">FREEZE DRYERS<\/h2><div class=\"w-ibanner-desc\"><p>Gefriertrockner verwenden den Sublimationsprozess, um Feuchtigkeit aus der Cannabisbl\u00fcte und\/oder Bubble Hash zu entfernen. Dank dieser Technik werden Terpene und Cannabinoide besser erhalten, und Oxidation wird vermieden.<\/p>\n<\/div><\/div><\/div><\/div><\/div><\/div><\/div><\/div><\/div><\/section>\n","protected":false},"excerpt":{"rendered":"PROFESSIONAL SORTIMENT PROFESSIONAL SORTIMENTTrimmersExtractorsSortersBuckersSeedsFreeze Dryers NACH-ERNTE-L\u00d6SUNGENE MIT GACP-KONFORM Entdecken Sie unsere L\u00f6sungen f\u00fcr die Nachbearbeitung zur Verarbeitung von Cannabis und industriellem Hanf. Wir unterst\u00fctzen Sie dabei, den Trimprozess in allen Produktionsphasen zu automatisieren und zu industrialisieren. Wir entwerfen und fertigen industrielle landwirtschaftliche Maschinen nach den Bed\u00fcrfnissen unserer Kunden und den Produktionsanforderungen jeder Kulturart. Unser Portfolio...","protected":false},"author":1,"featured_media":0,"parent":0,"menu_order":0,"comment_status":"closed","ping_status":"closed","template":"","meta":{"_joinchat":[],"footnotes":""},"class_list":["post-9218","page","type-page","status-publish","hentry"],"yoast_head":"<!-- This site is optimized with the Yoast SEO plugin v27.4 - https:\/\/yoast.com\/product\/yoast-seo-wordpress\/ -->\n<title>Professional Line - Erntel\u00f6sungen f\u00fcr die Cannabisverarbeitung - Master Products - Master Products<\/title>\n<meta name=\"description\" content=\"Industrielle Maschinen f\u00fcr die Nachernteverarbeitung von Cannabis und Hanf. Automatisieren Sie Trimmen, Sortieren und Reinigen mit langlebigen, GACP-konformen Ger\u00e4ten.\" \/>\n<meta name=\"robots\" content=\"index, follow, max-snippet:-1, max-image-preview:large, max-video-preview:-1\" \/>\n<link rel=\"canonical\" href=\"https:\/\/masterproducts.es\/de\/professionelle-sortiment\/\" \/>\n<meta property=\"og:locale\" content=\"de_DE\" \/>\n<meta property=\"og:type\" content=\"article\" \/>\n<meta property=\"og:title\" content=\"Professional Line - Erntel\u00f6sungen f\u00fcr die Cannabisverarbeitung - Master Products - Master Products\" \/>\n<meta property=\"og:description\" content=\"Industrielle Maschinen f\u00fcr die Nachernteverarbeitung von Cannabis und Hanf. Automatisieren Sie Trimmen, Sortieren und Reinigen mit langlebigen, GACP-konformen Ger\u00e4ten.\" \/>\n<meta property=\"og:url\" content=\"https:\/\/masterproducts.es\/de\/professionelle-sortiment\/\" \/>\n<meta property=\"og:site_name\" content=\"Master Products\" \/>\n<meta property=\"article:modified_time\" content=\"2025-06-25T11:54:31+00:00\" \/>\n<meta name=\"twitter:card\" content=\"summary_large_image\" \/>\n<meta name=\"twitter:label1\" content=\"Gesch\u00e4tzte Lesezeit\" \/>\n\t<meta name=\"twitter:data1\" content=\"2\u00a0Minuten\" \/>\n<script type=\"application\/ld+json\" class=\"yoast-schema-graph\">{\"@context\":\"https:\\\/\\\/schema.org\",\"@graph\":[{\"@type\":\"WebPage\",\"@id\":\"https:\\\/\\\/masterproducts.es\\\/de\\\/professionelle-sortiment\\\/\",\"url\":\"https:\\\/\\\/masterproducts.es\\\/de\\\/professionelle-sortiment\\\/\",\"name\":\"Professional Line - Erntel\u00f6sungen f\u00fcr die Cannabisverarbeitung - Master Products - Master Products\",\"isPartOf\":{\"@id\":\"https:\\\/\\\/masterproducts.es\\\/de\\\/#website\"},\"datePublished\":\"2023-01-23T05:00:24+00:00\",\"dateModified\":\"2025-06-25T11:54:31+00:00\",\"description\":\"Industrielle Maschinen f\u00fcr die Nachernteverarbeitung von Cannabis und Hanf. Automatisieren Sie Trimmen, Sortieren und Reinigen mit langlebigen, GACP-konformen Ger\u00e4ten.\",\"breadcrumb\":{\"@id\":\"https:\\\/\\\/masterproducts.es\\\/de\\\/professionelle-sortiment\\\/#breadcrumb\"},\"inLanguage\":\"de\",\"potentialAction\":[{\"@type\":\"ReadAction\",\"target\":[\"https:\\\/\\\/masterproducts.es\\\/de\\\/professionelle-sortiment\\\/\"]}]},{\"@type\":\"BreadcrumbList\",\"@id\":\"https:\\\/\\\/masterproducts.es\\\/de\\\/professionelle-sortiment\\\/#breadcrumb\",\"itemListElement\":[{\"@type\":\"ListItem\",\"position\":1,\"name\":\"HOME\",\"item\":\"https:\\\/\\\/masterproducts.es\\\/de\\\/\"},{\"@type\":\"ListItem\",\"position\":2,\"name\":\"Professional Sortiment\"}]},{\"@type\":\"WebSite\",\"@id\":\"https:\\\/\\\/masterproducts.es\\\/de\\\/#website\",\"url\":\"https:\\\/\\\/masterproducts.es\\\/de\\\/\",\"name\":\"Master Products\",\"description\":\"Trim like a master\",\"potentialAction\":[{\"@type\":\"SearchAction\",\"target\":{\"@type\":\"EntryPoint\",\"urlTemplate\":\"https:\\\/\\\/masterproducts.es\\\/de\\\/?s={search_term_string}\"},\"query-input\":{\"@type\":\"PropertyValueSpecification\",\"valueRequired\":true,\"valueName\":\"search_term_string\"}}],\"inLanguage\":\"de\"}]}<\/script>\n<!-- \/ Yoast SEO plugin. -->","yoast_head_json":{"title":"Professional Line - Erntel\u00f6sungen f\u00fcr die Cannabisverarbeitung - Master Products - Master Products","description":"Industrielle Maschinen f\u00fcr die Nachernteverarbeitung von Cannabis und Hanf. Automatisieren Sie Trimmen, Sortieren und Reinigen mit langlebigen, GACP-konformen Ger\u00e4ten.","robots":{"index":"index","follow":"follow","max-snippet":"max-snippet:-1","max-image-preview":"max-image-preview:large","max-video-preview":"max-video-preview:-1"},"canonical":"https:\/\/masterproducts.es\/de\/professionelle-sortiment\/","og_locale":"de_DE","og_type":"article","og_title":"Professional Line - Erntel\u00f6sungen f\u00fcr die Cannabisverarbeitung - Master Products - Master Products","og_description":"Industrielle Maschinen f\u00fcr die Nachernteverarbeitung von Cannabis und Hanf. Automatisieren Sie Trimmen, Sortieren und Reinigen mit langlebigen, GACP-konformen Ger\u00e4ten.","og_url":"https:\/\/masterproducts.es\/de\/professionelle-sortiment\/","og_site_name":"Master Products","article_modified_time":"2025-06-25T11:54:31+00:00","twitter_card":"summary_large_image","twitter_misc":{"Gesch\u00e4tzte Lesezeit":"2\u00a0Minuten"},"schema":{"@context":"https:\/\/schema.org","@graph":[{"@type":"WebPage","@id":"https:\/\/masterproducts.es\/de\/professionelle-sortiment\/","url":"https:\/\/masterproducts.es\/de\/professionelle-sortiment\/","name":"Professional Line - Erntel\u00f6sungen f\u00fcr die Cannabisverarbeitung - Master Products - Master Products","isPartOf":{"@id":"https:\/\/masterproducts.es\/de\/#website"},"datePublished":"2023-01-23T05:00:24+00:00","dateModified":"2025-06-25T11:54:31+00:00","description":"Industrielle Maschinen f\u00fcr die Nachernteverarbeitung von Cannabis und Hanf. Automatisieren Sie Trimmen, Sortieren und Reinigen mit langlebigen, GACP-konformen Ger\u00e4ten.","breadcrumb":{"@id":"https:\/\/masterproducts.es\/de\/professionelle-sortiment\/#breadcrumb"},"inLanguage":"de","potentialAction":[{"@type":"ReadAction","target":["https:\/\/masterproducts.es\/de\/professionelle-sortiment\/"]}]},{"@type":"BreadcrumbList","@id":"https:\/\/masterproducts.es\/de\/professionelle-sortiment\/#breadcrumb","itemListElement":[{"@type":"ListItem","position":1,"name":"HOME","item":"https:\/\/masterproducts.es\/de\/"},{"@type":"ListItem","position":2,"name":"Professional Sortiment"}]},{"@type":"WebSite","@id":"https:\/\/masterproducts.es\/de\/#website","url":"https:\/\/masterproducts.es\/de\/","name":"Master Products","description":"Trim like a master","potentialAction":[{"@type":"SearchAction","target":{"@type":"EntryPoint","urlTemplate":"https:\/\/masterproducts.es\/de\/?s={search_term_string}"},"query-input":{"@type":"PropertyValueSpecification","valueRequired":true,"valueName":"search_term_string"}}],"inLanguage":"de"}]}},"_links":{"self":[{"href":"https:\/\/masterproducts.es\/de\/wp-json\/wp\/v2\/pages\/9218","targetHints":{"allow":["GET"]}}],"collection":[{"href":"https:\/\/masterproducts.es\/de\/wp-json\/wp\/v2\/pages"}],"about":[{"href":"https:\/\/masterproducts.es\/de\/wp-json\/wp\/v2\/types\/page"}],"author":[{"embeddable":true,"href":"https:\/\/masterproducts.es\/de\/wp-json\/wp\/v2\/users\/1"}],"replies":[{"embeddable":true,"href":"https:\/\/masterproducts.es\/de\/wp-json\/wp\/v2\/comments?post=9218"}],"version-history":[{"count":32,"href":"https:\/\/masterproducts.es\/de\/wp-json\/wp\/v2\/pages\/9218\/revisions"}],"predecessor-version":[{"id":17398,"href":"https:\/\/masterproducts.es\/de\/wp-json\/wp\/v2\/pages\/9218\/revisions\/17398"}],"wp:attachment":[{"href":"https:\/\/masterproducts.es\/de\/wp-json\/wp\/v2\/media?parent=9218"}],"curies":[{"name":"wp","href":"https:\/\/api.w.org\/{rel}","templated":true}]}}