{"id":3341,"date":"2023-01-31T14:59:32","date_gmt":"2023-01-31T13:59:32","guid":{"rendered":"https:\/\/masterproducts.es\/?page_id=3341"},"modified":"2023-02-22T15:34:22","modified_gmt":"2023-02-22T15:34:22","slug":"privacy-policy","status":"publish","type":"page","link":"https:\/\/masterproducts.es\/en\/privacy-policy\/","title":{"rendered":"Privacy policy"},"content":{"rendered":"<section class=\"l-section wpb_row height_medium\"><div class=\"l-section-h i-cf\"><div class=\"g-cols vc_row via_grid cols_1 laptops-cols_inherit tablets-cols_inherit mobiles-cols_1 valign_top type_default stacking_default\"><div class=\"wpb_column vc_column_container\"><div class=\"vc_column-inner\"><div class=\"wpb_text_column\"><div class=\"wpb_wrapper\"><h3><strong>Pol\u00edtica de Privacidad<\/strong><\/h3>\n<p>Esta Pol\u00edtica de Privacidad se aplica cuando se utiliza el sitio web \u2018masterproducts.es\u2019, titularidad de Master Products Inoxidable, S.L., y cuando se utilizan los medios de contacto que constan a disposici\u00f3n de los interesados en el sitio web (tel\u00e9fono, correo electr\u00f3nico y redes sociales).<br \/>\nMaster Products Inoxidable, S.L. trata los datos de forma l\u00edcita, leal y transparente. \u00danicamente trata aquellos datos que son adecuados, pertinentes y limitados a lo necesario en relaci\u00f3n con los fines determinados, expl\u00edcitos y leg\u00edtimos para los que los obtiene, y no los trata para fines incompatibles con aquellos.<\/p>\n<p>Esta Pol\u00edtica es permanentemente accesible a trav\u00e9s del enlace habilitado en el sitio web, denominado \u201cProtecci\u00f3n de datos\u201d, y puede actualizarse en cualquier momento, bien como consecuencia de un cambio normativo o bien por modificarse la configuraci\u00f3n de los servicios o el tipo de negocio desarrollado.<\/p>\n<p>\u00bfQui\u00e9n es el Responsable del tratamiento?<\/p>\n<p>Master Products Inoxidable, S.L. \u2013 CIF B55310817<br \/>\nDirecci\u00f3n postal: Pol. Ind. Ve\u00efnat de la Banyeta Nova 10<br \/>\n17843 &#8211; Palol de Revardit (Girona)<br \/>\nTel\u00e9fono: +34 972.299.355<br \/>\nCorreo electr\u00f3nico: info@masterproducts.es<\/p>\n<h3>\u00bfCon qu\u00e9 finalidad y legitimaci\u00f3n tratamos los datos?<\/h3>\n<p>Para navegar por el sitio web \u2018masterproducts.es\u2019 no es necesario aportar ning\u00fan dato. El car\u00e1cter obligatorio de la respuesta a las preguntas que se planteen, o de los datos que se solicitan a trav\u00e9s del sitio web, se indica mediante la incorporaci\u00f3n de un asterisco (*) a continuaci\u00f3n de la pregunta o campo del formulario. En caso de no<br \/>\nproporcionarse los datos requeridos no ser\u00e1 posible prestar el servicio o funcionalidad solicitados.<\/p>\n<p>En Master Products Inoxidable, S.L. tratamos la informaci\u00f3n registrada de conformidad con las siguientes finalidades:<\/p>\n<p>\u2013 Contacto: los datos recibidos a trav\u00e9s del formulario de contacto del sitio web, o a trav\u00e9s de cualquiera de los medios y\/o canales de contacto facilitados en la web, se utilizan con la finalidad de gestionar las solicitudes o incidencias comunicadas por los interesados. Las bases legitimadoras del tratamiento son el consentimiento del interesado y el inter\u00e9s leg\u00edtimo de Master Products Inoxidable, S.L. en atender y gestionar las peticiones recibidas.<\/p>\n<p>\u2013 Ejercicio de derechos por los interesados: los datos proporcionados se utilizan con la finalidad de atender y dar respuesta a los interesados que ejerciten sus derechos conforme a la normativa sobre protecci\u00f3n de datos. La base legitimadora del tratamiento es el cumplimiento de una obligaci\u00f3n legal.<\/p>\n<p>\u2013 Notificaciones sobre protecci\u00f3n de datos: los datos proporcionados se utilizan con la finalidad de gestionar los incidentes y notificaciones relacionados con la seguridad de conformidad con la normativa sobre protecci\u00f3n de datos. La base legitimadora del tratamiento es el cumplimiento de una obligaci\u00f3n legal. Master Products Inoxidable, S.L. utiliza cookies que no proporcionan referencias que permitan deducir datos personales de los visitantes. Para la pol\u00edtica de instalaci\u00f3n y gesti\u00f3n de dispositivos de almacenamiento y recuperaci\u00f3n de datos en equipos terminales del sitio web, consulta la Pol\u00edtica de Cookies.<\/p>\n<p>Master Products Inoxidable, S.L. \u00fanicamente tratar\u00e1 los datos personales de los interesados de conformidad con las finalidades descritas en esta Pol\u00edtica. Los interesados son informados del tratamiento de sus datos en los t\u00e9rminos anteriormente indicados mediante la aceptaci\u00f3n de la presente Pol\u00edtica de Privacidad en los apartados correspondientes de los formularios previstos en el sitio web.<\/p>\n<p>Los datos proporcionados y recogidos ser\u00e1n tratados \u00fanica y exclusivamente durante el tiempo necesario y para las finalidades para las que se hayan recabado en cada momento, as\u00ed como para determinar las posibles responsabilidades que se pudieran derivar de las finalidades del tratamiento. Master Products Inoxidable, S.L. ha establecido diferentes plazos de conservaci\u00f3n en funci\u00f3n del tipo de datos y la finalidad aplicable su tratamiento.<\/p>\n<p>Los usuarios deben abstenerse de proporcionar datos de car\u00e1cter personal de otros interesados, salvo que dispongan de la pertinente autorizaci\u00f3n, seg\u00fan la cual dichos interesados habr\u00e1n sido previa y debidamente informados sobre el contenido de la presente Pol\u00edtica de Privacidad y, en concreto, que consienten que sus datos sean facilitados a Master<\/p>\n<p>Products Inoxidable, S.L. para ser tratados conforme a las finalidades que correspondan.<\/p>\n<h3>\u00bfA qu\u00e9 destinatarios se comunicar\u00e1n los datos?<\/h3>\n<p>Master Products Inoxidable, S.L. no comunica datos de car\u00e1cter personal a terceros, salvo que una norma con rango de ley disponga lo contrario o si es necesario para la prestaci\u00f3n del servicio contratado. Master Products Inoxidable, S.L. podr\u00e1 comunicar datos personales a las autoridades competentes: fiscales y aduaneras, judiciales, fuerzas y cuerpos de seguridad del Estado, y cualquier otro destinatario que en funci\u00f3n de la normativa vigente resulte de aplicaci\u00f3n.<\/p>\n<p>Los datos que tratamos solo se almacenan en las instalaciones de nuestro proveedor de servicios ubicado dentro del territorio de la Uni\u00f3n Europea.<\/p>\n<h3>\u00bfCu\u00e1les son tus derechos en relaci\u00f3n a tus datos?<\/h3>\n<p>Cualquier persona tiene derecho a obtener confirmaci\u00f3n de si en Master Products Inoxidable, S.L. estamos tratando o no datos personales que le conciernan, a acceder a sus datos personales, y a solicitar la rectificaci\u00f3n de los datos inexactos o completar los datos incompletos.<\/p>\n<p>Asimismo, tiene derecho a solicitar la supresi\u00f3n de sus datos cuando, entre otros motivos, los datos ya no sean necesarios para los fines que fueron recogidos. Master Products Inoxidable, S.L. proceder\u00e1 a la supresi\u00f3n de los mismos sin dilaci\u00f3n salvo que sea necesario conservarlos en cumplimiento de una obligaci\u00f3n legal, o para la formulaci\u00f3n, el ejercicio o la defensa de reclamaciones.<\/p>\n<p>En determinadas circunstancias, los interesados podr\u00e1n solicitar la limitaci\u00f3n del tratamiento de tus datos, en cuyo caso se proceder\u00e1 a su bloqueo y solo podr\u00e1n ser tratados para la formulaci\u00f3n, el ejercicio o la defensa de reclamaciones.<\/p>\n<p>Del mismo modo, los interesados tienen derecho, en determinadas circunstancias, a recibir los datos personales que nos haya proporcionado a Master Products Inoxidable, S.L., en un formato estructurado de uso com\u00fan y lectura mec\u00e1nica.<\/p>\n<p>En determinadas circunstancias y por motivos basados en la situaci\u00f3n particular del interesado, \u00e9ste podr\u00e1 oponerse al tratamiento de sus datos y Master Products Inoxidable, S.L. dejar\u00e1 de tratarlos, salvo por motivos leg\u00edtimos imperiosos, o para la formulaci\u00f3n, el ejercicio o la defensa de reclamaciones.<\/p>\n<p>Todos estos derechos pueden ejercitarse, en cualquier momento solicit\u00e1ndolo por correo postal dirigido al<\/p>\n<p>Departamento Jur\u00eddico de Master Products Inoxidable, S.L. S.L., en la siguiente direcci\u00f3n: Pol. Ind. Ve\u00efnat de la Banyeta Nova 10 17843 &#8211; Palol de Revardit (Girona); o bien, enviando un correo electr\u00f3nico a info@masterproducts.es.<\/p>\n<p>En el caso que se haya solicitado el consentimiento del interesado para tratar los datos, puede revocarse el mismo en cualquier momento comunic\u00e1ndolo en los t\u00e9rminos descritos en el p\u00e1rrafo anterior. Esta revocaci\u00f3n en ning\u00fan caso tendr\u00e1 car\u00e1cter retroactivo.<\/p>\n<p>Si el interesado considera que no ha obtenido satisfacci\u00f3n en el ejercicio de sus derechos, puede presentar una reclamaci\u00f3n ante la Agencia Espa\u00f1ola de Protecci\u00f3n de Datos, autoridad de control competente en materia de protecci\u00f3n de datos, cuyos datos de contacto son: calle Jorge Juan, 6 \u2013 28001 Madrid.<\/p>\n<\/div><\/div><\/div><\/div><\/div><\/div><\/section>\n","protected":false},"excerpt":{"rendered":"Pol\u00edtica de Privacidad Esta Pol\u00edtica de Privacidad se aplica cuando se utiliza el sitio web \u2018masterproducts.es\u2019, titularidad de Master Products Inoxidable, S.L., y cuando se utilizan los medios de contacto que constan a disposici\u00f3n de los interesados en el sitio web (tel\u00e9fono, correo electr\u00f3nico y redes sociales). Master Products Inoxidable, S.L. trata los datos de...","protected":false},"author":1,"featured_media":0,"parent":0,"menu_order":0,"comment_status":"closed","ping_status":"closed","template":"","meta":{"_joinchat":[],"footnotes":""},"class_list":["post-3341","page","type-page","status-publish","hentry"],"yoast_head":"<!-- This site is optimized with the Yoast SEO plugin v27.3 - https:\/\/yoast.com\/product\/yoast-seo-wordpress\/ -->\n<title>Privacy policy - Master Products<\/title>\n<meta name=\"robots\" content=\"index, follow, max-snippet:-1, max-image-preview:large, max-video-preview:-1\" \/>\n<link rel=\"canonical\" href=\"https:\/\/masterproducts.es\/en\/privacy-policy\/\" \/>\n<meta property=\"og:locale\" content=\"en_US\" \/>\n<meta property=\"og:type\" content=\"article\" \/>\n<meta property=\"og:title\" content=\"Privacy policy - Master Products\" \/>\n<meta property=\"og:url\" content=\"https:\/\/masterproducts.es\/en\/privacy-policy\/\" \/>\n<meta property=\"og:site_name\" content=\"Master Products\" \/>\n<meta property=\"article:modified_time\" content=\"2023-02-22T15:34:22+00:00\" \/>\n<meta name=\"twitter:card\" content=\"summary_large_image\" \/>\n<meta name=\"twitter:label1\" content=\"Est. reading time\" \/>\n\t<meta name=\"twitter:data1\" content=\"6 minutes\" \/>\n<script type=\"application\/ld+json\" class=\"yoast-schema-graph\">{\"@context\":\"https:\\\/\\\/schema.org\",\"@graph\":[{\"@type\":\"WebPage\",\"@id\":\"https:\\\/\\\/masterproducts.es\\\/en\\\/privacy-policy\\\/\",\"url\":\"https:\\\/\\\/masterproducts.es\\\/en\\\/privacy-policy\\\/\",\"name\":\"Privacy policy - Master Products\",\"isPartOf\":{\"@id\":\"https:\\\/\\\/masterproducts.es\\\/en\\\/#website\"},\"datePublished\":\"2023-01-31T13:59:32+00:00\",\"dateModified\":\"2023-02-22T15:34:22+00:00\",\"breadcrumb\":{\"@id\":\"https:\\\/\\\/masterproducts.es\\\/en\\\/privacy-policy\\\/#breadcrumb\"},\"inLanguage\":\"en-US\",\"potentialAction\":[{\"@type\":\"ReadAction\",\"target\":[\"https:\\\/\\\/masterproducts.es\\\/en\\\/privacy-policy\\\/\"]}]},{\"@type\":\"BreadcrumbList\",\"@id\":\"https:\\\/\\\/masterproducts.es\\\/en\\\/privacy-policy\\\/#breadcrumb\",\"itemListElement\":[{\"@type\":\"ListItem\",\"position\":1,\"name\":\"HOME\",\"item\":\"https:\\\/\\\/masterproducts.es\\\/en\\\/\"},{\"@type\":\"ListItem\",\"position\":2,\"name\":\"Privacy policy\"}]},{\"@type\":\"WebSite\",\"@id\":\"https:\\\/\\\/masterproducts.es\\\/en\\\/#website\",\"url\":\"https:\\\/\\\/masterproducts.es\\\/en\\\/\",\"name\":\"Master Products\",\"description\":\"Trim like a master\",\"potentialAction\":[{\"@type\":\"SearchAction\",\"target\":{\"@type\":\"EntryPoint\",\"urlTemplate\":\"https:\\\/\\\/masterproducts.es\\\/en\\\/?s={search_term_string}\"},\"query-input\":{\"@type\":\"PropertyValueSpecification\",\"valueRequired\":true,\"valueName\":\"search_term_string\"}}],\"inLanguage\":\"en-US\"}]}<\/script>\n<!-- \/ Yoast SEO plugin. -->","yoast_head_json":{"title":"Privacy policy - Master Products","robots":{"index":"index","follow":"follow","max-snippet":"max-snippet:-1","max-image-preview":"max-image-preview:large","max-video-preview":"max-video-preview:-1"},"canonical":"https:\/\/masterproducts.es\/en\/privacy-policy\/","og_locale":"en_US","og_type":"article","og_title":"Privacy policy - Master Products","og_url":"https:\/\/masterproducts.es\/en\/privacy-policy\/","og_site_name":"Master Products","article_modified_time":"2023-02-22T15:34:22+00:00","twitter_card":"summary_large_image","twitter_misc":{"Est. reading time":"6 minutes"},"schema":{"@context":"https:\/\/schema.org","@graph":[{"@type":"WebPage","@id":"https:\/\/masterproducts.es\/en\/privacy-policy\/","url":"https:\/\/masterproducts.es\/en\/privacy-policy\/","name":"Privacy policy - Master Products","isPartOf":{"@id":"https:\/\/masterproducts.es\/en\/#website"},"datePublished":"2023-01-31T13:59:32+00:00","dateModified":"2023-02-22T15:34:22+00:00","breadcrumb":{"@id":"https:\/\/masterproducts.es\/en\/privacy-policy\/#breadcrumb"},"inLanguage":"en-US","potentialAction":[{"@type":"ReadAction","target":["https:\/\/masterproducts.es\/en\/privacy-policy\/"]}]},{"@type":"BreadcrumbList","@id":"https:\/\/masterproducts.es\/en\/privacy-policy\/#breadcrumb","itemListElement":[{"@type":"ListItem","position":1,"name":"HOME","item":"https:\/\/masterproducts.es\/en\/"},{"@type":"ListItem","position":2,"name":"Privacy policy"}]},{"@type":"WebSite","@id":"https:\/\/masterproducts.es\/en\/#website","url":"https:\/\/masterproducts.es\/en\/","name":"Master Products","description":"Trim like a master","potentialAction":[{"@type":"SearchAction","target":{"@type":"EntryPoint","urlTemplate":"https:\/\/masterproducts.es\/en\/?s={search_term_string}"},"query-input":{"@type":"PropertyValueSpecification","valueRequired":true,"valueName":"search_term_string"}}],"inLanguage":"en-US"}]}},"_links":{"self":[{"href":"https:\/\/masterproducts.es\/en\/wp-json\/wp\/v2\/pages\/3341","targetHints":{"allow":["GET"]}}],"collection":[{"href":"https:\/\/masterproducts.es\/en\/wp-json\/wp\/v2\/pages"}],"about":[{"href":"https:\/\/masterproducts.es\/en\/wp-json\/wp\/v2\/types\/page"}],"author":[{"embeddable":true,"href":"https:\/\/masterproducts.es\/en\/wp-json\/wp\/v2\/users\/1"}],"replies":[{"embeddable":true,"href":"https:\/\/masterproducts.es\/en\/wp-json\/wp\/v2\/comments?post=3341"}],"version-history":[{"count":1,"href":"https:\/\/masterproducts.es\/en\/wp-json\/wp\/v2\/pages\/3341\/revisions"}],"predecessor-version":[{"id":3342,"href":"https:\/\/masterproducts.es\/en\/wp-json\/wp\/v2\/pages\/3341\/revisions\/3342"}],"wp:attachment":[{"href":"https:\/\/masterproducts.es\/en\/wp-json\/wp\/v2\/media?parent=3341"}],"curies":[{"name":"wp","href":"https:\/\/api.w.org\/{rel}","templated":true}]}}