{"id":13123,"date":"2024-09-04T12:41:38","date_gmt":"2024-09-04T10:41:38","guid":{"rendered":"https:\/\/masterproducts.es\/?page_id=13123"},"modified":"2025-07-07T11:40:01","modified_gmt":"2025-07-07T09:40:01","slug":"extractors","status":"publish","type":"page","link":"https:\/\/masterproducts.es\/fr\/gamme-medical\/extractors\/","title":{"rendered":"EXTRACTORS"},"content":{"rendered":"<section class=\"l-section wpb_row height_medium\"><div class=\"l-section-h i-cf\"><div class=\"g-cols vc_row via_grid cols_1 laptops-cols_inherit tablets-cols_inherit mobiles-cols_1 valign_top type_default stacking_default\" style=\"--columns-gap:1rem;\"><div class=\"wpb_column vc_column_container\"><div class=\"vc_column-inner\"><div class=\"wpb_text_column\"><div class=\"wpb_wrapper\"><h2 class=\"titulo-slider\" style=\"text-align: center;\">GAMME<\/h2>\n<h2 class=\"titulo-slider-destacado-medical\" style=\"text-align: center;\">MEDICAL<\/h2>\n<\/div><\/div><\/div><\/div><\/div><\/div><\/section><section class=\"l-section wpb_row us_custom_310001f5 menu-maquinas hide_on_tablets hide_on_mobiles height_small width_full type_sticky\"><div class=\"l-section-h i-cf\"><div class=\"g-cols vc_row via_grid cols_1 laptops-cols_inherit tablets-cols_inherit mobiles-cols_1 valign_top type_default stacking_default\" style=\"--columns-gap:0.5rem;\"><div class=\"wpb_column vc_column_container\"><div class=\"vc_column-inner\"><div class=\"w-hwrapper valign_top align_center\" style=\"--hwrapper-gap:6rem\"><div class=\"w-btn-wrapper align_center\"><a class=\"w-btn us-btn-style_5\" title=\"Gama Professional\" href=\"https:\/\/masterproducts.es\/gama-medical\/\"><span class=\"w-btn-label\">Gamme Medical<\/span><\/a><\/div><div class=\"w-btn-wrapper align_center\"><a class=\"w-btn us-btn-style_4\" title=\"PerRoll-Er\" href=\"https:\/\/masterproducts.es\/fr\/maquina\/master-clone\/\"><span class=\"w-btn-label\">CLONE<\/span><\/a><\/div><div class=\"w-btn-wrapper align_center\"><a class=\"w-btn us-btn-style_4\" title=\"PerRoll-Er\" href=\"https:\/\/masterproducts.es\/fr\/gamme-medical\/preroll-er\/\"><span class=\"w-btn-label\">PreRoll-Er<\/span><\/a><\/div><div class=\"w-btn-wrapper align_center\"><a class=\"w-btn us-btn-style_4\" title=\"Buckers\" href=\"https:\/\/masterproducts.es\/fr\/gamme-medical\/master-buckers\/#indice-maquinas\"><span class=\"w-btn-label\">Buckers<\/span><\/a><\/div><div class=\"w-btn-wrapper align_center\"><a class=\"w-btn us-btn-style_4\" title=\"Buckers\" href=\"https:\/\/masterproducts.es\/fr\/gamme-medical\/master-trimmers\/#indice-maquinas\"><span class=\"w-btn-label\">Trimmers<\/span><\/a><\/div><div class=\"w-btn-wrapper align_center\"><a class=\"w-btn us-btn-style_4\" title=\"Buckers\" href=\"https:\/\/masterproducts.es\/fr\/gamme-medical\/extractors\/#indice-maquinas\"><span class=\"w-btn-label\">Extractors<\/span><\/a><\/div><div class=\"w-btn-wrapper align_center\"><a class=\"w-btn us-btn-style_4\" title=\"Buckers\" href=\"https:\/\/masterproducts.es\/fr\/gamme-medical\/master-sorters\/#indice-maquinas\"><span class=\"w-btn-label\">Sorters<\/span><\/a><\/div><div class=\"w-btn-wrapper align_center\"><a class=\"w-btn us-btn-style_4\" title=\"Buckers\" href=\"https:\/\/masterproducts.es\/fr\/master-mills\/#indice-maquinas\"><span class=\"w-btn-label\">Mills<\/span><\/a><\/div><div class=\"w-btn-wrapper align_center\"><a class=\"w-btn us-btn-style_4\" title=\"Buckers\" href=\"https:\/\/masterproducts.es\/fr\/gamme-medical\/master-sonics\/#indice-maquinas\"><span class=\"w-btn-label\">Sonics<\/span><\/a><\/div><div class=\"w-btn-wrapper align_center\"><a class=\"w-btn us-btn-style_4\" title=\"Buckers\" href=\"https:\/\/masterproducts.es\/fr\/gamme-medical\/master-conveyors\/#indice-maquinas\"><span class=\"w-btn-label\">Conveyors<\/span><\/a><\/div><\/div><\/div><\/div><\/div><\/div><\/section>\n<section class=\"l-section wpb_row us_custom_678a4f9f height_auto\"><div class=\"l-section-h i-cf\"><div class=\"g-cols vc_row via_grid cols_1-2 laptops-cols_inherit tablets-cols_inherit mobiles-cols_1 valign_top type_default stacking_default\"><div class=\"wpb_column vc_column_container\"><div class=\"vc_column-inner\"><div class=\"w-separator size_medium\"><\/div><div class=\"wpb_text_column\"><div class=\"wpb_wrapper\"><h1 class=\"titulo-slider\" style=\"text-align: left;\">\u00c9QUIPEMENT POST-R\u00c9COLTE AVEC CONFORMIT\u00c9 EU GMP<\/h1>\n<\/div><\/div><div class=\"w-separator size_small\"><\/div><div class=\"wpb_text_column\"><div class=\"wpb_wrapper\"><div class=\"wpb_text_column\">\n<div class=\"wpb_wrapper\">\n<p>Nous vous pr\u00e9sentons notre gamme de produits Medical, sp\u00e9cialement con\u00e7us et fabriqu\u00e9s pour le traitement du cannabis et du chanvre m\u00e9dicinaux lors de la phase de post-r\u00e9colte. Nos \u00e9quipements vont des \u00e9plucheuses de fleurs de cannabis, des d\u00e9capeuses, des trieuses jusqu\u2019aux broyeuses et aux extracteurs de pollen. De plus, nous vous aidons \u00e0 industrialiser et professionnaliser au maximum le processus avec nos convoyeurs et lignes de production. <strong>Traitement \u00e0 frais et\/ou \u00e0 sec.<\/strong><\/p>\n<p>Nos \u00e9quipements s\u2019adaptent en suivant les normes de qualit\u00e9 et de s\u00e9curit\u00e9 les plus strictes afin de r\u00e9pondre aux exigences techniques les plus strictes du EU GMP, un sceau indispensable pour tous les producteurs du secteur cannabique se concentrant sur l\u2019usage et la fin m\u00e9dicinale.<\/p>\n<\/div>\n<\/div>\n<div class=\"w-separator size_small\"><\/div>\n<div class=\"wpb_text_column\">\n<div class=\"wpb_wrapper\">\n<p><strong>Documentation IQ&amp;OQ, FAT, SAT disponible.<\/strong><\/p>\n<\/div>\n<\/div>\n<\/div><\/div><\/div><\/div><div class=\"wpb_column vc_column_container\"><div class=\"vc_column-inner\"><div class=\"w-image align_left\"><div class=\"w-image-h\"><img decoding=\"async\" width=\"1024\" height=\"846\" src=\"https:\/\/masterproducts.es\/wp-content\/uploads\/2024\/09\/MED_EXTRACTORS.png\" class=\"attachment-large size-large\" alt=\"\" loading=\"lazy\" srcset=\"https:\/\/masterproducts.es\/wp-content\/uploads\/2024\/09\/MED_EXTRACTORS.png 1024w, https:\/\/masterproducts.es\/wp-content\/uploads\/2024\/09\/MED_EXTRACTORS-300x248.png 300w\" sizes=\"auto, (max-width: 1024px) 100vw, 1024px\" \/><\/div><\/div><\/div><\/div><\/div><\/div><\/section><section class=\"l-section wpb_row height_medium\" id=\"indice-maquinas\"><div class=\"l-section-h i-cf\"><div class=\"g-cols vc_row via_grid cols_3 laptops-cols_inherit tablets-cols_inherit mobiles-cols_1 valign_top type_default stacking_default\"><div class=\"wpb_column vc_column_container\"><div class=\"vc_column-inner\"><div class=\"wpb_text_column\"><div class=\"wpb_wrapper\"><h2 class=\"titulo-slider\" style=\"text-align: left;\">MASTER<\/h2>\n<h2 class=\"titulo-slider-destacado-medical\" style=\"text-align: left;\">EXTRACTORS<\/h2>\n<\/div><\/div><div class=\"w-separator size_small\"><\/div><div class=\"wpb_text_column\"><div class=\"wpb_wrapper\"><p>Syst\u00e8mes d&rsquo;extraction \u00e0 glace et sans solvant pour la production de r\u00e9sine de cannabis, mieux connue sous le nom de \u00ab bubble hash \u00bb. Fabriqu\u00e9s conform\u00e9ment aux exigences de qualit\u00e9 et de s\u00e9curit\u00e9 EU GMP.<\/p>\n<\/div><\/div><\/div><\/div><div class=\"wpb_column vc_column_container\"><div class=\"vc_column-inner\"><\/div><\/div><div class=\"wpb_column vc_column_container\"><div class=\"vc_column-inner\"><\/div><\/div><\/div><\/div><\/section><section class=\"l-section wpb_row height_medium\"><div class=\"l-section-h i-cf\"><div class=\"g-cols vc_row via_grid cols_1 laptops-cols_inherit tablets-cols_inherit mobiles-cols_1 valign_top type_default stacking_default\"><div class=\"wpb_column vc_column_container\"><div class=\"vc_column-inner\"><div class=\"w-grid type_grid layout_38 cols_3 preload_style_spinner\" id=\"us_grid_1\" style=\"--columns:3;--gap:1.5rem;\" data-filterable=\"true\"><style>@media (max-width:1024px){#us_grid_1{--columns:2!important}}@media (max-width:600px){#us_grid_1{--columns:1!important}}.layout_38 .w-grid-item-h{background:#EDEDED}.layout_38 .usg_post_image_1{background:#ffffff!important}.layout_38 .usg_post_title_1{font-size:1rem!important;font-weight:700!important;width:100%!important;padding:1rem!important;background:#EDEDED!important}.layout_38 .usg_vwrapper_1{margin:0!important;background:#EDEDED!important}<\/style><div class=\"w-grid-list\">\t<article class=\"w-grid-item size_1x1 post-5612 maquina type-maquina status-publish has-post-thumbnail hentry familia_producto-aspiradores-gama-medical-fr familia_producto-gama-professional-fr logo-ce-fr logo-food-quality-fr logo-warranty-fr modelo_maquina-trim-filter-fr\" data-id=\"5612\">\r\n\t\t<div class=\"w-grid-item-h\">\r\n\t\t\t\t\t\t\t<a href=\"https:\/\/masterproducts.es\/fr\/maquina\/trim-filter\/\" class=\"w-grid-item-anchor\" aria-label=\"TRIM FILTER\"><\/a>\r\n\t\t\t\t\t\t<div class=\"w-post-elm post_image usg_post_image_1 has_ratio\"><img loading=\"lazy\" decoding=\"async\" width=\"584\" height=\"720\" src=\"https:\/\/masterproducts.es\/wp-content\/uploads\/2023\/01\/trim-filter-master-products373.webp\" class=\"attachment-full size-full wp-post-image\" alt=\"\" \/><div style=\"padding-bottom:100%\"><\/div><\/div><div class=\"w-vwrapper usg_vwrapper_1 align_none valign_top\"><h2 class=\"w-post-elm post_title usg_post_title_1 align_center entry-title color_link_inherit\">TRIM FILTER<\/h2><\/div>\t\t<\/div>\r\n\t\t\t<\/article>\r\n\t<article class=\"w-grid-item size_1x1 post-5505 maquina type-maquina status-publish has-post-thumbnail hentry familia_producto-aspiradores-gama-medical-fr familia_producto-gama-medical-fr logo-ce-fr logo-food-quality-fr logo-gmp-fr logo-warranty-fr modelo_maquina-trim-filter-fr\" data-id=\"5505\">\r\n\t\t<div class=\"w-grid-item-h\">\r\n\t\t\t\t\t\t\t<a href=\"https:\/\/masterproducts.es\/fr\/maquina\/trim-filter-med\/\" class=\"w-grid-item-anchor\" aria-label=\"TRIM FILTER MED\"><\/a>\r\n\t\t\t\t\t\t<div class=\"w-post-elm post_image usg_post_image_1 has_ratio\"><img loading=\"lazy\" decoding=\"async\" width=\"584\" height=\"720\" src=\"https:\/\/masterproducts.es\/wp-content\/uploads\/2023\/01\/trim-filter-master-products373.webp\" class=\"attachment-full size-full wp-post-image\" alt=\"\" \/><div style=\"padding-bottom:100%\"><\/div><\/div><div class=\"w-vwrapper usg_vwrapper_1 align_none valign_top\"><h2 class=\"w-post-elm post_title usg_post_title_1 align_center entry-title color_link_inherit\">TRIM FILTER MED<\/h2><\/div>\t\t<\/div>\r\n\t\t\t<\/article>\r\n\t<article class=\"w-grid-item size_1x1 post-13142 maquina type-maquina status-publish has-post-thumbnail hentry familia_producto-gama-medical-fr familia_producto-master-extractors-fr logo-ce-fr logo-food-quality-fr logo-gmp-fr logo-warranty-fr modelo_maquina-mx-ice-500-med-3\" data-id=\"13142\">\r\n\t\t<div class=\"w-grid-item-h\">\r\n\t\t\t\t\t\t\t<a href=\"https:\/\/masterproducts.es\/fr\/maquina\/mx-ice-500-med\/\" class=\"w-grid-item-anchor\" aria-label=\"MX ICE 500 MED\"><\/a>\r\n\t\t\t\t\t\t<div class=\"w-post-elm post_image usg_post_image_1 has_ratio\"><img loading=\"lazy\" decoding=\"async\" width=\"1181\" height=\"1181\" src=\"https:\/\/masterproducts.es\/wp-content\/uploads\/2024\/09\/MX-ICE-500.png\" class=\"attachment-full size-full wp-post-image\" alt=\"\" \/><div style=\"padding-bottom:100%\"><\/div><\/div><div class=\"w-vwrapper usg_vwrapper_1 align_none valign_top\"><h2 class=\"w-post-elm post_title usg_post_title_1 align_center entry-title color_link_inherit\">MX ICE 500 MED<\/h2><\/div>\t\t<\/div>\r\n\t\t\t<\/article>\r\n\t<article class=\"w-grid-item size_1x1 post-13747 maquina type-maquina status-publish has-post-thumbnail hentry familia_producto-gama-medical-fr familia_producto-master-extractors-fr logo-ce-fr logo-food-quality-fr logo-gmp-fr logo-warranty-fr modelo_maquina-mx-ice-700-med-3\" data-id=\"13747\">\r\n\t\t<div class=\"w-grid-item-h\">\r\n\t\t\t\t\t\t\t<a href=\"https:\/\/masterproducts.es\/fr\/maquina\/mx-ice-700-med\/\" class=\"w-grid-item-anchor\" aria-label=\"MX ICE 700 MED\"><\/a>\r\n\t\t\t\t\t\t<div class=\"w-post-elm post_image usg_post_image_1 has_ratio\"><img loading=\"lazy\" decoding=\"async\" width=\"1181\" height=\"1181\" src=\"https:\/\/masterproducts.es\/wp-content\/uploads\/2024\/09\/PROF-MED-EXTRACTORS-MX-ICE-500-2-2.png\" class=\"attachment-full size-full wp-post-image\" alt=\"\" \/><div style=\"padding-bottom:100%\"><\/div><\/div><div class=\"w-vwrapper usg_vwrapper_1 align_none valign_top\"><h2 class=\"w-post-elm post_title usg_post_title_1 align_center entry-title color_link_inherit\">MX ICE 700 MED<\/h2><\/div>\t\t<\/div>\r\n\t\t\t<\/article>\r\n\t<article class=\"w-grid-item size_1x1 post-14452 maquina type-maquina status-publish has-post-thumbnail hentry familia_producto-gama-medical-fr familia_producto-master-extractors-fr logo-ce-fr logo-food-quality-fr logo-gmp-fr modelo_maquina-plasmastatic-v-2-1-2\" data-id=\"14452\">\r\n\t\t<div class=\"w-grid-item-h\">\r\n\t\t\t\t\t\t\t<a href=\"https:\/\/masterproducts.es\/fr\/maquina\/plasmastatic-v2-1\/\" class=\"w-grid-item-anchor\" aria-label=\"PLASMASTATIC V2\"><\/a>\r\n\t\t\t\t\t\t<div class=\"w-post-elm post_image usg_post_image_1 has_ratio\"><img loading=\"lazy\" decoding=\"async\" width=\"1181\" height=\"1181\" src=\"https:\/\/masterproducts.es\/wp-content\/uploads\/2024\/12\/PROF-MED-EXTRACTORS-MX-ICE-500.png\" class=\"attachment-full size-full wp-post-image\" alt=\"\" \/><div style=\"padding-bottom:100%\"><\/div><\/div><div class=\"w-vwrapper usg_vwrapper_1 align_none valign_top\"><h2 class=\"w-post-elm post_title usg_post_title_1 align_center entry-title color_link_inherit\">PLASMASTATIC V2<\/h2><\/div>\t\t<\/div>\r\n\t\t\t<\/article>\r\n<\/div><div class=\"w-grid-preloader\">\t<div class=\"g-preloader type_1\">\r\n\t\t<div><\/div>\r\n\t<\/div>\r\n\t<\/div>\t<div class=\"w-grid-json hidden\" onclick='return {&quot;action&quot;:&quot;us_ajax_grid&quot;,&quot;infinite_scroll&quot;:0,&quot;max_num_pages&quot;:1,&quot;pagination&quot;:&quot;none&quot;,&quot;template_vars&quot;:{&quot;columns&quot;:&quot;3&quot;,&quot;exclude_items&quot;:&quot;none&quot;,&quot;img_size&quot;:&quot;default&quot;,&quot;ignore_items_size&quot;:0,&quot;items_layout&quot;:&quot;38&quot;,&quot;items_offset&quot;:&quot;1&quot;,&quot;load_animation&quot;:&quot;none&quot;,&quot;overriding_link&quot;:&quot;%7B%22type%22%3A%22post%22%7D&quot;,&quot;post_id&quot;:0,&quot;query_args&quot;:{&quot;post_type&quot;:[&quot;maquina&quot;],&quot;tax_query&quot;:[{&quot;taxonomy&quot;:&quot;familia_producto&quot;,&quot;field&quot;:&quot;slug&quot;,&quot;terms&quot;:[&quot;aspiradores-gama-medical&quot;,&quot;master-extractors-fr&quot;]}],&quot;post_status&quot;:[&quot;publish&quot;],&quot;posts_per_page&quot;:&quot;10&quot;},&quot;orderby_query_args&quot;:{&quot;orderby&quot;:{&quot;date&quot;:&quot;ASC&quot;}},&quot;type&quot;:&quot;grid&quot;,&quot;us_grid_post_type&quot;:&quot;maquina&quot;,&quot;us_grid_ajax_index&quot;:1,&quot;us_grid_filter_query_string&quot;:null,&quot;us_grid_index&quot;:1,&quot;page_args&quot;:[],&quot;lang&quot;:&quot;fr&quot;}}'><\/div>\r\n\t<\/div><\/div><\/div><\/div><\/div><\/section>\n","protected":false},"excerpt":{"rendered":"GAMME MEDICAL HOME MASTER EXTRACTORS PLASMASTATIC V2 SEPARATEUR DE TRICOMES DE HAUTE PR\u00c9CISION R\u00e9volutionnez le traitement de la biomasse de cannabis avec le Separatore Plasmastatic V2, une solution propuls\u00e9e par une technologie de plasma \u00e0 froid qui affine le cannabis avec une pr\u00e9cision incomparable, offrant des r\u00e9sultats de qualit\u00e9 exceptionnelle, sans solvants chimiques. Ce syst\u00e8me...","protected":false},"author":1,"featured_media":0,"parent":5293,"menu_order":0,"comment_status":"closed","ping_status":"closed","template":"","meta":{"_joinchat":[],"footnotes":""},"class_list":["post-13123","page","type-page","status-publish","hentry"],"yoast_head":"<!-- This site is optimized with the Yoast SEO plugin v27.4 - https:\/\/yoast.com\/product\/yoast-seo-wordpress\/ -->\n<title>Master Extractors \u2013 Syst\u00e8mes d&#039;extraction \u00e0 la glace sans solvant pour r\u00e9sine de cannabis - Master Products<\/title>\n<meta name=\"description\" content=\"Les Master Extractors utilisent l&#039;extraction \u00e0 la glace sans solvant pour produire une r\u00e9sine de cannabis de haute qualit\u00e9 (bubble hash), conforme aux normes de qualit\u00e9 et de s\u00e9curit\u00e9 BPF de l&#039;UE.\" \/>\n<meta name=\"robots\" content=\"index, follow, max-snippet:-1, max-image-preview:large, max-video-preview:-1\" \/>\n<link rel=\"canonical\" href=\"https:\/\/masterproducts.es\/fr\/gamme-medical\/extractors\/\" \/>\n<meta property=\"og:locale\" content=\"fr_FR\" \/>\n<meta property=\"og:type\" content=\"article\" \/>\n<meta property=\"og:title\" content=\"Master Extractors \u2013 Syst\u00e8mes d&#039;extraction \u00e0 la glace sans solvant pour r\u00e9sine de cannabis - Master Products\" \/>\n<meta property=\"og:description\" content=\"Les Master Extractors utilisent l&#039;extraction \u00e0 la glace sans solvant pour produire une r\u00e9sine de cannabis de haute qualit\u00e9 (bubble hash), conforme aux normes de qualit\u00e9 et de s\u00e9curit\u00e9 BPF de l&#039;UE.\" \/>\n<meta property=\"og:url\" content=\"https:\/\/masterproducts.es\/fr\/gamme-medical\/extractors\/\" \/>\n<meta property=\"og:site_name\" content=\"Master Products\" \/>\n<meta property=\"article:modified_time\" content=\"2025-07-07T09:40:01+00:00\" \/>\n<meta name=\"twitter:card\" content=\"summary_large_image\" \/>\n<meta name=\"twitter:label1\" content=\"Dur\u00e9e de lecture estim\u00e9e\" \/>\n\t<meta name=\"twitter:data1\" content=\"2 minutes\" \/>\n<script type=\"application\/ld+json\" class=\"yoast-schema-graph\">{\"@context\":\"https:\\\/\\\/schema.org\",\"@graph\":[{\"@type\":\"WebPage\",\"@id\":\"https:\\\/\\\/masterproducts.es\\\/fr\\\/gamme-medical\\\/extractors\\\/\",\"url\":\"https:\\\/\\\/masterproducts.es\\\/fr\\\/gamme-medical\\\/extractors\\\/\",\"name\":\"Master Extractors \u2013 Syst\u00e8mes d'extraction \u00e0 la glace sans solvant pour r\u00e9sine de cannabis - Master Products\",\"isPartOf\":{\"@id\":\"https:\\\/\\\/masterproducts.es\\\/fr\\\/#website\"},\"datePublished\":\"2024-09-04T10:41:38+00:00\",\"dateModified\":\"2025-07-07T09:40:01+00:00\",\"description\":\"Les Master Extractors utilisent l'extraction \u00e0 la glace sans solvant pour produire une r\u00e9sine de cannabis de haute qualit\u00e9 (bubble hash), conforme aux normes de qualit\u00e9 et de s\u00e9curit\u00e9 BPF de l'UE.\",\"breadcrumb\":{\"@id\":\"https:\\\/\\\/masterproducts.es\\\/fr\\\/gamme-medical\\\/extractors\\\/#breadcrumb\"},\"inLanguage\":\"fr-FR\",\"potentialAction\":[{\"@type\":\"ReadAction\",\"target\":[\"https:\\\/\\\/masterproducts.es\\\/fr\\\/gamme-medical\\\/extractors\\\/\"]}]},{\"@type\":\"BreadcrumbList\",\"@id\":\"https:\\\/\\\/masterproducts.es\\\/fr\\\/gamme-medical\\\/extractors\\\/#breadcrumb\",\"itemListElement\":[{\"@type\":\"ListItem\",\"position\":1,\"name\":\"HOME\",\"item\":\"https:\\\/\\\/masterproducts.es\\\/fr\\\/\"},{\"@type\":\"ListItem\",\"position\":2,\"name\":\"GAMME MEDICAL\",\"item\":\"https:\\\/\\\/masterproducts.es\\\/fr\\\/gamme-medical\\\/\"},{\"@type\":\"ListItem\",\"position\":3,\"name\":\"EXTRACTORS\"}]},{\"@type\":\"WebSite\",\"@id\":\"https:\\\/\\\/masterproducts.es\\\/fr\\\/#website\",\"url\":\"https:\\\/\\\/masterproducts.es\\\/fr\\\/\",\"name\":\"Master Products\",\"description\":\"Trim like a master\",\"potentialAction\":[{\"@type\":\"SearchAction\",\"target\":{\"@type\":\"EntryPoint\",\"urlTemplate\":\"https:\\\/\\\/masterproducts.es\\\/fr\\\/?s={search_term_string}\"},\"query-input\":{\"@type\":\"PropertyValueSpecification\",\"valueRequired\":true,\"valueName\":\"search_term_string\"}}],\"inLanguage\":\"fr-FR\"}]}<\/script>\n<!-- \/ Yoast SEO plugin. -->","yoast_head_json":{"title":"Master Extractors \u2013 Syst\u00e8mes d'extraction \u00e0 la glace sans solvant pour r\u00e9sine de cannabis - Master Products","description":"Les Master Extractors utilisent l'extraction \u00e0 la glace sans solvant pour produire une r\u00e9sine de cannabis de haute qualit\u00e9 (bubble hash), conforme aux normes de qualit\u00e9 et de s\u00e9curit\u00e9 BPF de l'UE.","robots":{"index":"index","follow":"follow","max-snippet":"max-snippet:-1","max-image-preview":"max-image-preview:large","max-video-preview":"max-video-preview:-1"},"canonical":"https:\/\/masterproducts.es\/fr\/gamme-medical\/extractors\/","og_locale":"fr_FR","og_type":"article","og_title":"Master Extractors \u2013 Syst\u00e8mes d'extraction \u00e0 la glace sans solvant pour r\u00e9sine de cannabis - Master Products","og_description":"Les Master Extractors utilisent l'extraction \u00e0 la glace sans solvant pour produire une r\u00e9sine de cannabis de haute qualit\u00e9 (bubble hash), conforme aux normes de qualit\u00e9 et de s\u00e9curit\u00e9 BPF de l'UE.","og_url":"https:\/\/masterproducts.es\/fr\/gamme-medical\/extractors\/","og_site_name":"Master Products","article_modified_time":"2025-07-07T09:40:01+00:00","twitter_card":"summary_large_image","twitter_misc":{"Dur\u00e9e de lecture estim\u00e9e":"2 minutes"},"schema":{"@context":"https:\/\/schema.org","@graph":[{"@type":"WebPage","@id":"https:\/\/masterproducts.es\/fr\/gamme-medical\/extractors\/","url":"https:\/\/masterproducts.es\/fr\/gamme-medical\/extractors\/","name":"Master Extractors \u2013 Syst\u00e8mes d'extraction \u00e0 la glace sans solvant pour r\u00e9sine de cannabis - Master Products","isPartOf":{"@id":"https:\/\/masterproducts.es\/fr\/#website"},"datePublished":"2024-09-04T10:41:38+00:00","dateModified":"2025-07-07T09:40:01+00:00","description":"Les Master Extractors utilisent l'extraction \u00e0 la glace sans solvant pour produire une r\u00e9sine de cannabis de haute qualit\u00e9 (bubble hash), conforme aux normes de qualit\u00e9 et de s\u00e9curit\u00e9 BPF de l'UE.","breadcrumb":{"@id":"https:\/\/masterproducts.es\/fr\/gamme-medical\/extractors\/#breadcrumb"},"inLanguage":"fr-FR","potentialAction":[{"@type":"ReadAction","target":["https:\/\/masterproducts.es\/fr\/gamme-medical\/extractors\/"]}]},{"@type":"BreadcrumbList","@id":"https:\/\/masterproducts.es\/fr\/gamme-medical\/extractors\/#breadcrumb","itemListElement":[{"@type":"ListItem","position":1,"name":"HOME","item":"https:\/\/masterproducts.es\/fr\/"},{"@type":"ListItem","position":2,"name":"GAMME MEDICAL","item":"https:\/\/masterproducts.es\/fr\/gamme-medical\/"},{"@type":"ListItem","position":3,"name":"EXTRACTORS"}]},{"@type":"WebSite","@id":"https:\/\/masterproducts.es\/fr\/#website","url":"https:\/\/masterproducts.es\/fr\/","name":"Master Products","description":"Trim like a master","potentialAction":[{"@type":"SearchAction","target":{"@type":"EntryPoint","urlTemplate":"https:\/\/masterproducts.es\/fr\/?s={search_term_string}"},"query-input":{"@type":"PropertyValueSpecification","valueRequired":true,"valueName":"search_term_string"}}],"inLanguage":"fr-FR"}]}},"_links":{"self":[{"href":"https:\/\/masterproducts.es\/fr\/wp-json\/wp\/v2\/pages\/13123","targetHints":{"allow":["GET"]}}],"collection":[{"href":"https:\/\/masterproducts.es\/fr\/wp-json\/wp\/v2\/pages"}],"about":[{"href":"https:\/\/masterproducts.es\/fr\/wp-json\/wp\/v2\/types\/page"}],"author":[{"embeddable":true,"href":"https:\/\/masterproducts.es\/fr\/wp-json\/wp\/v2\/users\/1"}],"replies":[{"embeddable":true,"href":"https:\/\/masterproducts.es\/fr\/wp-json\/wp\/v2\/comments?post=13123"}],"version-history":[{"count":9,"href":"https:\/\/masterproducts.es\/fr\/wp-json\/wp\/v2\/pages\/13123\/revisions"}],"predecessor-version":[{"id":17423,"href":"https:\/\/masterproducts.es\/fr\/wp-json\/wp\/v2\/pages\/13123\/revisions\/17423"}],"up":[{"embeddable":true,"href":"https:\/\/masterproducts.es\/fr\/wp-json\/wp\/v2\/pages\/5293"}],"wp:attachment":[{"href":"https:\/\/masterproducts.es\/fr\/wp-json\/wp\/v2\/media?parent=13123"}],"curies":[{"name":"wp","href":"https:\/\/api.w.org\/{rel}","templated":true}]}}