{"id":19867,"date":"2025-10-10T07:07:55","date_gmt":"2025-10-10T05:07:55","guid":{"rendered":"https:\/\/masterproducts.es\/?page_id=19867"},"modified":"2026-02-06T10:39:11","modified_gmt":"2026-02-06T09:39:11","slug":"accessoires-et-pieces-de-rechange","status":"publish","type":"page","link":"https:\/\/masterproducts.es\/fr\/accessoires-et-pieces-de-rechange\/","title":{"rendered":"ACCESSOIRES ET PI\u00c8CES DE RECHANGE"},"content":{"rendered":"<section class=\"l-section wpb_row us_custom_38e75d34 fila-filtro-gama height_medium\"><div class=\"l-section-h i-cf\"><div class=\"g-cols vc_row via_grid cols_1 laptops-cols_inherit tablets-cols_1 mobiles-cols_1 valign_middle type_default stacking_default\"><div class=\"wpb_column vc_column_container type_sticky\"><div class=\"vc_column-inner\"><div class=\"wpb_text_column\"><div class=\"wpb_wrapper\"><style>\r\n\/* Estilos Generales *\/\r\ndiv#recambios-intro-fr h1 { font-weight: 900; margin-bottom:2rem; }\r\n#recambios-intro-fr{ margin:auto; display:block; text-align:center; }\r\n#recambios-intro-fr p{ width:100%; margin:auto; margin-bottom:2rem; text-align:center; }\r\n.show_loader .loader{ display:block; }\r\nbutton.btn-volver-terminos {\r\n  background-color: #d72328;\r\n  padding: 0.5rem 2rem;\r\n  color: #fff;\r\n  border-radius: 999px;\r\n  margin-top: 10px;\r\n  border:none;\r\n  cursor:pointer;\r\n}\r\n\r\n\/* Grids *\/\r\n.grid-terminos,.grid-posts{display:grid;gap:.75rem}\r\n.grid-terminos{grid-template-columns:repeat(auto-fill,minmax(300px,1fr))}\r\n.grid-posts{grid-template-columns:repeat(auto-fill,minmax(240px,1fr))}\r\n\r\n\/* Tarjetas *\/\r\n.term-card{\r\n  position: relative;\r\n  padding:.65rem .8rem;\r\n  border:1px solid #ddd;\r\n  background:#fff;\r\n  cursor:pointer;\r\n  display:flex;\r\n  flex-direction:row;\r\n  align-items:center;\r\n  gap:.5rem;\r\n  text-align:left;\r\n  min-height: 80px;\r\n  width:100%;\r\n}\r\n.term-card.active{ outline:2px solid #000; }\r\n.recambio-card{ padding:.35rem; border:1px solid #eee; background:#fafafa; text-align:center; }\r\n.recambio-card .thumb{ margin-top:.5rem; }\r\n.is-hidden{ display:none!important; }\r\n.intro{ margin-bottom:1rem; }\r\n.intro h1{ margin:0 0 .25rem 0; font-size:clamp(22px,3.4vw,34px); text-transform:uppercase; }\r\n\r\n.term-card .term-thumb-wrap{ display:block; width:100px; max-width:100%; flex-shrink: 0; }\r\n.term-card .term-thumb-wrap img{ display:block; width:100%; height:auto; border-radius:.5rem; max-height:60px; object-fit:contain; }\r\n.term-card .term-name{ display:block; font-weight:600; line-height:1.2; padding-right: 15px; }\r\n\r\n\/* BADGES DE GAMA *\/\r\n.gama-badges {\r\n  position: absolute;\r\n  bottom: 6px;\r\n  right: 6px;\r\n  display: flex;\r\n  gap: 3px;\r\n  z-index: 2;\r\n}\r\n.gama-badge {\r\n  width: 18px;\r\n  height: 18px;\r\n  border-radius: 50%;\r\n  color: #fff;\r\n  font-size: 10px;\r\n  font-weight: 700;\r\n  display: flex;\r\n  justify-content: center;\r\n  align-items: center;\r\n  text-transform: uppercase;\r\n  line-height: 1;\r\n  box-shadow: 0 1px 3px rgba(0,0,0,0.2);\r\n}\r\n\r\n.gama-badge.gama-professional { background-color: #d72328; }\r\n.gama-badge.gama-medical      { background-color: #3281bc; }\r\n.gama-badge.gama-lite          { background-color: #49a186; }\r\n\r\n\/* Loader *\/\r\n.loader {\r\n  width: 30px;\r\n  height: 30px;\r\n  border: 3px solid #d72328;\r\n  border-bottom-color: transparent;\r\n  border-radius: 50%;\r\n  display:none;\r\n  box-sizing: border-box;\r\n  animation: rotation 1s linear infinite;\r\n  margin-left: auto;\r\n}\r\n@keyframes rotation {\r\n  0% { transform: rotate(0deg); }\r\n  100% { transform: rotate(360deg); }\r\n}\r\n<\/style>\r\n\r\n  <div class=\"filtros-recambio-fr\" data-tax-modelo=\"modelo_maquina\">\r\n    \r\n    <div class=\"intro\" id=\"recambios-intro-fr\">\r\n      <h1>ACCESSOIRES<br\/><span class=\"titulo-slider-destacado\" style=\"color:#d72328;\">ET PI\u00c8CES D\u00c9TACH\u00c9ES<\/span><\/h1>\r\n      <p>Besoin de changer une pi\u00e8ce de votre machine Master Products ?<\/p>\r\n      <p>C\u2019est facile. Tous nos accessoires et pi\u00e8ces de rechange \u00e0 port\u00e9e de clic. S\u00e9lectionnez votre mod\u00e8le, trouvez la pi\u00e8ce ou l'accessoire dont vous avez besoin, contactez-nous et recevez votre commande sous 24 \u00e0 48 heures.<\/p>\r\n    <\/div>\r\n\r\n    <div class=\"paso paso-2\">\r\n      <div class=\"grid-terminos\" id=\"grid-terminos-fr\">\r\n        <button type=\"button\" class=\"term-card\" data-term-id=\"155\"><span class=\"term-thumb-wrap\"><img loading=\"lazy\" decoding=\"async\" src=\"https:\/\/masterproducts.es\/wp-content\/uploads\/2023\/01\/LIFT-CONVEYOR-1-300x177.jpg\" alt=\"LIFT CONVEYOR\" width=\"300\" height=\"177\" \/><\/span><span class=\"term-name\">LIFT CONVEYOR<\/span><div class=\"gama-badges\"><span class=\"gama-badge gama-medical\" title=\"Medical\">M<\/span><\/div><span class=\"loader\"><\/span><\/button><button type=\"button\" class=\"term-card\" data-term-id=\"149\"><span class=\"term-thumb-wrap\"><img loading=\"lazy\" decoding=\"async\" src=\"https:\/\/masterproducts.es\/wp-content\/uploads\/2023\/02\/3.-MED-SORTERS-300x300.png\" alt=\"Master Sorter 500\" width=\"300\" height=\"300\" \/><\/span><span class=\"term-name\">Master Sorter 500<\/span><div class=\"gama-badges\"><span class=\"gama-badge gama-professional\" title=\"Professional\">P<\/span><span class=\"gama-badge gama-medical\" title=\"Medical\">M<\/span><\/div><span class=\"loader\"><\/span><\/button><button type=\"button\" class=\"term-card\" data-term-id=\"123\"><span class=\"term-thumb-wrap\"><img loading=\"lazy\" decoding=\"async\" src=\"https:\/\/masterproducts.es\/wp-content\/uploads\/2025\/06\/BAIXA_PNG_MB_BUCKER_200_2549-254x300.png\" alt=\"MB Bucker 200\" width=\"254\" height=\"300\" \/><\/span><span class=\"term-name\">MB Bucker 200<\/span><div class=\"gama-badges\"><span class=\"gama-badge gama-professional\" title=\"Professional\">P<\/span><\/div><span class=\"loader\"><\/span><\/button><button type=\"button\" class=\"term-card\" data-term-id=\"125\"><span class=\"term-thumb-wrap\"><img loading=\"lazy\" decoding=\"async\" src=\"https:\/\/masterproducts.es\/wp-content\/uploads\/2023\/01\/PROF-_-BUCKERS-_-MB-BUCKER-500-300x300.png\" alt=\"MB Bucker 500\" width=\"300\" height=\"300\" \/><\/span><span class=\"term-name\">MB Bucker 500<\/span><div class=\"gama-badges\"><span class=\"gama-badge gama-professional\" title=\"Professional\">P<\/span><\/div><span class=\"loader\"><\/span><\/button><button type=\"button\" class=\"term-card\" data-term-id=\"151\"><span class=\"term-thumb-wrap\"><img loading=\"lazy\" decoding=\"async\" src=\"https:\/\/masterproducts.es\/wp-content\/uploads\/2023\/01\/PROF-_-BUCKERS-_-MB-BUCKER-500-300x300.png\" alt=\"MB Bucker 500 MED\" width=\"300\" height=\"300\" \/><\/span><span class=\"term-name\">MB Bucker 500 MED<\/span><div class=\"gama-badges\"><span class=\"gama-badge gama-medical\" title=\"Medical\">M<\/span><\/div><span class=\"loader\"><\/span><\/button><button type=\"button\" class=\"term-card\" data-term-id=\"141\"><span class=\"term-thumb-wrap\"><img loading=\"lazy\" decoding=\"async\" src=\"https:\/\/masterproducts.es\/wp-content\/uploads\/2023\/01\/PROF-_-SEEDS_-MS-SEEDS-300x300.png\" alt=\"MS SEEDS\" width=\"300\" height=\"300\" \/><\/span><span class=\"term-name\">MS SEEDS<\/span><div class=\"gama-badges\"><span class=\"gama-badge gama-professional\" title=\"Professional\">P<\/span><\/div><span class=\"loader\"><\/span><\/button><button type=\"button\" class=\"term-card\" data-term-id=\"167\"><span class=\"term-thumb-wrap\"><img loading=\"lazy\" decoding=\"async\" src=\"https:\/\/masterproducts.es\/wp-content\/uploads\/2023\/01\/PROF-_-TRIMMERS-_-MT-DRY-200-300x300.png\" alt=\"MT Dry 200\" width=\"300\" height=\"300\" \/><\/span><span class=\"term-name\">MT Dry 200<\/span><div class=\"gama-badges\"><span class=\"gama-badge gama-professional\" title=\"Professional\">P<\/span><\/div><span class=\"loader\"><\/span><\/button><button type=\"button\" class=\"term-card\" data-term-id=\"171\"><span class=\"term-thumb-wrap\"><img loading=\"lazy\" decoding=\"async\" src=\"https:\/\/masterproducts.es\/wp-content\/uploads\/2023\/05\/FOTO-MT-DRY-500-10x10-1-300x300.png\" alt=\"MT Dry 500\" width=\"300\" height=\"300\" \/><\/span><span class=\"term-name\">MT Dry 500<\/span><div class=\"gama-badges\"><span class=\"gama-badge gama-professional\" title=\"Professional\">P<\/span><\/div><span class=\"loader\"><\/span><\/button><button type=\"button\" class=\"term-card\" data-term-id=\"135\"><span class=\"term-thumb-wrap\"><img loading=\"lazy\" decoding=\"async\" src=\"https:\/\/masterproducts.es\/wp-content\/uploads\/2023\/01\/PROF-_-TRIMMERS-_-MT-DRY-800-1-300x300.png\" alt=\"MT Dry 800\" width=\"300\" height=\"300\" \/><\/span><span class=\"term-name\">MT Dry 800<\/span><div class=\"gama-badges\"><span class=\"gama-badge gama-professional\" title=\"Professional\">P<\/span><\/div><span class=\"loader\"><\/span><\/button><button type=\"button\" class=\"term-card\" data-term-id=\"131\"><span class=\"term-name\">MT Gentle 50<\/span><span class=\"loader\"><\/span><\/button><button type=\"button\" class=\"term-card\" data-term-id=\"159\"><span class=\"term-name\">MT GENTLE 75<\/span><span class=\"loader\"><\/span><\/button><button type=\"button\" class=\"term-card\" data-term-id=\"139\"><span class=\"term-thumb-wrap\"><img loading=\"lazy\" decoding=\"async\" src=\"https:\/\/masterproducts.es\/wp-content\/uploads\/2023\/01\/PROF-_-TRIMMERS-_-MT-POCKET-300x300.png\" alt=\"MT POCKET\" width=\"300\" height=\"300\" \/><\/span><span class=\"term-name\">MT POCKET<\/span><div class=\"gama-badges\"><span class=\"gama-badge gama-professional\" title=\"Professional\">P<\/span><\/div><span class=\"loader\"><\/span><\/button><button type=\"button\" class=\"term-card\" data-term-id=\"129\"><span class=\"term-thumb-wrap\"><img loading=\"lazy\" decoding=\"async\" src=\"https:\/\/masterproducts.es\/wp-content\/uploads\/2023\/01\/MT50-e1674215064905-236x300.jpg\" alt=\"MT PROFESSIONAL 50\" width=\"236\" height=\"300\" \/><\/span><span class=\"term-name\">MT PROFESSIONAL 50<\/span><div class=\"gama-badges\"><span class=\"gama-badge gama-professional\" title=\"Professional\">P<\/span><\/div><span class=\"loader\"><\/span><\/button><button type=\"button\" class=\"term-card\" data-term-id=\"161\"><span class=\"term-thumb-wrap\"><img loading=\"lazy\" decoding=\"async\" src=\"https:\/\/masterproducts.es\/wp-content\/uploads\/2023\/01\/MT75-267x300.png\" alt=\"MT PROFESSIONAL 75\" width=\"267\" height=\"300\" \/><\/span><span class=\"term-name\">MT PROFESSIONAL 75<\/span><div class=\"gama-badges\"><span class=\"gama-badge gama-professional\" title=\"Professional\">P<\/span><\/div><span class=\"loader\"><\/span><\/button><button type=\"button\" class=\"term-card\" data-term-id=\"133\"><span class=\"term-thumb-wrap\"><img loading=\"lazy\" decoding=\"async\" src=\"https:\/\/masterproducts.es\/wp-content\/uploads\/2023\/01\/BAIXA_PNG_MT_STANDARD_50_2181-1-224x300.png\" alt=\"MT STANDARD 50\" width=\"224\" height=\"300\" \/><\/span><span class=\"term-name\">MT STANDARD 50<\/span><div class=\"gama-badges\"><span class=\"gama-badge gama-professional\" title=\"Professional\">P<\/span><\/div><span class=\"loader\"><\/span><\/button><button type=\"button\" class=\"term-card\" data-term-id=\"157\"><span class=\"term-thumb-wrap\"><img loading=\"lazy\" decoding=\"async\" src=\"https:\/\/masterproducts.es\/wp-content\/uploads\/2023\/01\/BAIXA_PNG_MT_STANDARD_75_2355-250x300.png\" alt=\"MT STANDARD 75\" width=\"250\" height=\"300\" \/><\/span><span class=\"term-name\">MT STANDARD 75<\/span><div class=\"gama-badges\"><span class=\"gama-badge gama-professional\" title=\"Professional\">P<\/span><\/div><span class=\"loader\"><\/span><\/button><button type=\"button\" class=\"term-card\" data-term-id=\"163\"><span class=\"term-thumb-wrap\"><img loading=\"lazy\" decoding=\"async\" src=\"https:\/\/masterproducts.es\/wp-content\/uploads\/2023\/01\/MT-Tumbler-200-PRO-300x300.jpg\" alt=\"MT Tumbler 200\" width=\"300\" height=\"300\" \/><\/span><span class=\"term-name\">MT Tumbler 200<\/span><div class=\"gama-badges\"><span class=\"gama-badge gama-professional\" title=\"Professional\">P<\/span><\/div><span class=\"loader\"><\/span><\/button><button type=\"button\" class=\"term-card\" data-term-id=\"165\"><span class=\"term-thumb-wrap\"><img loading=\"lazy\" decoding=\"async\" src=\"https:\/\/masterproducts.es\/wp-content\/uploads\/2023\/01\/MT-Tumbler-200-PRO-300x300.jpg\" alt=\"MT Tumbler 200 PRO\" width=\"300\" height=\"300\" \/><\/span><span class=\"term-name\">MT Tumbler 200 PRO<\/span><div class=\"gama-badges\"><span class=\"gama-badge gama-professional\" title=\"Professional\">P<\/span><\/div><span class=\"loader\"><\/span><\/button><button type=\"button\" class=\"term-card\" data-term-id=\"127\"><span class=\"term-thumb-wrap\"><img loading=\"lazy\" decoding=\"async\" src=\"https:\/\/masterproducts.es\/wp-content\/uploads\/2023\/10\/MT-Tumbler-500-300x149.jpg\" alt=\"MT Tumbler 500\" width=\"300\" height=\"149\" \/><\/span><span class=\"term-name\">MT Tumbler 500<\/span><div class=\"gama-badges\"><span class=\"gama-badge gama-professional\" title=\"Professional\">P<\/span><\/div><span class=\"loader\"><\/span><\/button><button type=\"button\" class=\"term-card\" data-term-id=\"147\"><span class=\"term-thumb-wrap\"><img loading=\"lazy\" decoding=\"async\" src=\"https:\/\/masterproducts.es\/wp-content\/uploads\/2023\/10\/MT-Tumbler-500-MED-300x146.jpg\" alt=\"MT Tumbler 500 MED\" width=\"300\" height=\"146\" \/><\/span><span class=\"term-name\">MT Tumbler 500 MED<\/span><div class=\"gama-badges\"><span class=\"gama-badge gama-medical\" title=\"Medical\">M<\/span><\/div><span class=\"loader\"><\/span><\/button><button type=\"button\" class=\"term-card\" data-term-id=\"298\"><span class=\"term-thumb-wrap\"><img loading=\"lazy\" decoding=\"async\" src=\"https:\/\/masterproducts.es\/wp-content\/uploads\/2024\/09\/MX-ICE-500_3-200x300.webp\" alt=\"MX ICE 500\" width=\"200\" height=\"300\" \/><\/span><span class=\"term-name\">MX ICE 500<\/span><div class=\"gama-badges\"><span class=\"gama-badge gama-professional\" title=\"Professional\">P<\/span><\/div><span class=\"loader\"><\/span><\/button>      <\/div>\r\n    <\/div>\r\n\r\n    <div class=\"paso paso-3\" style=\"display:none\">\r\n      <div class=\"grid-posts\" id=\"grid-posts-fr\" aria-live=\"polite\"><\/div>\r\n      <div class=\"paso-3-acciones\">\r\n        <div style=\"height:10px;\"><\/div>\r\n        <button type=\"button\" class=\"btn-volver-terminos\">\u00ab Retour aux mod\u00e8les<\/button>\r\n        <button type=\"button\" class=\"btn-mas\" style=\"display:none\">Charger plus<\/button>\r\n      <\/div>\r\n    <\/div>\r\n  <\/div>\r\n  \n<\/div><\/div><\/div><\/div><\/div><\/div><\/section>\n","protected":false},"excerpt":{"rendered":"ACCESSOIRESET PI\u00c8CES D\u00c9TACH\u00c9ES Besoin de changer une pi\u00e8ce de votre machine Master Products ? C\u2019est facile. Tous nos accessoires et pi\u00e8ces de rechange \u00e0 port\u00e9e de clic. S\u00e9lectionnez votre mod\u00e8le, trouvez la pi\u00e8ce ou l'accessoire dont vous avez besoin, contactez-nous et recevez votre commande sous 24 \u00e0 48 heures. LIFT CONVEYORMMaster Sorter 500PMMB Bucker 200PMB...","protected":false},"author":1,"featured_media":0,"parent":0,"menu_order":0,"comment_status":"closed","ping_status":"closed","template":"","meta":{"_joinchat":[],"footnotes":""},"class_list":["post-19867","page","type-page","status-publish","hentry"],"yoast_head":"<!-- This site is optimized with the Yoast SEO plugin v27.3 - https:\/\/yoast.com\/product\/yoast-seo-wordpress\/ -->\n<title>ACCESSOIRES ET PI\u00c8CES DE RECHANGE - Master Products<\/title>\n<meta name=\"robots\" content=\"index, follow, max-snippet:-1, max-image-preview:large, max-video-preview:-1\" \/>\n<link rel=\"canonical\" href=\"https:\/\/masterproducts.es\/fr\/accessoires-et-pieces-de-rechange\/\" \/>\n<meta property=\"og:locale\" content=\"fr_FR\" \/>\n<meta property=\"og:type\" content=\"article\" \/>\n<meta property=\"og:title\" content=\"ACCESSOIRES ET PI\u00c8CES DE RECHANGE - Master Products\" \/>\n<meta property=\"og:url\" content=\"https:\/\/masterproducts.es\/fr\/accessoires-et-pieces-de-rechange\/\" \/>\n<meta property=\"og:site_name\" content=\"Master Products\" \/>\n<meta property=\"article:modified_time\" content=\"2026-02-06T09:39:11+00:00\" \/>\n<meta name=\"twitter:card\" content=\"summary_large_image\" \/>\n<meta name=\"twitter:label1\" content=\"Dur\u00e9e de lecture estim\u00e9e\" \/>\n\t<meta name=\"twitter:data1\" content=\"1 minute\" \/>\n<script type=\"application\/ld+json\" class=\"yoast-schema-graph\">{\"@context\":\"https:\\\/\\\/schema.org\",\"@graph\":[{\"@type\":\"WebPage\",\"@id\":\"https:\\\/\\\/masterproducts.es\\\/fr\\\/accessoires-et-pieces-de-rechange\\\/\",\"url\":\"https:\\\/\\\/masterproducts.es\\\/fr\\\/accessoires-et-pieces-de-rechange\\\/\",\"name\":\"ACCESSOIRES ET PI\u00c8CES DE RECHANGE - Master Products\",\"isPartOf\":{\"@id\":\"https:\\\/\\\/masterproducts.es\\\/fr\\\/#website\"},\"datePublished\":\"2025-10-10T05:07:55+00:00\",\"dateModified\":\"2026-02-06T09:39:11+00:00\",\"breadcrumb\":{\"@id\":\"https:\\\/\\\/masterproducts.es\\\/fr\\\/accessoires-et-pieces-de-rechange\\\/#breadcrumb\"},\"inLanguage\":\"fr-FR\",\"potentialAction\":[{\"@type\":\"ReadAction\",\"target\":[\"https:\\\/\\\/masterproducts.es\\\/fr\\\/accessoires-et-pieces-de-rechange\\\/\"]}]},{\"@type\":\"BreadcrumbList\",\"@id\":\"https:\\\/\\\/masterproducts.es\\\/fr\\\/accessoires-et-pieces-de-rechange\\\/#breadcrumb\",\"itemListElement\":[{\"@type\":\"ListItem\",\"position\":1,\"name\":\"HOME\",\"item\":\"https:\\\/\\\/masterproducts.es\\\/fr\\\/\"},{\"@type\":\"ListItem\",\"position\":2,\"name\":\"ACCESSOIRES ET PI\u00c8CES DE RECHANGE\"}]},{\"@type\":\"WebSite\",\"@id\":\"https:\\\/\\\/masterproducts.es\\\/fr\\\/#website\",\"url\":\"https:\\\/\\\/masterproducts.es\\\/fr\\\/\",\"name\":\"Master Products\",\"description\":\"Trim like a master\",\"potentialAction\":[{\"@type\":\"SearchAction\",\"target\":{\"@type\":\"EntryPoint\",\"urlTemplate\":\"https:\\\/\\\/masterproducts.es\\\/fr\\\/?s={search_term_string}\"},\"query-input\":{\"@type\":\"PropertyValueSpecification\",\"valueRequired\":true,\"valueName\":\"search_term_string\"}}],\"inLanguage\":\"fr-FR\"}]}<\/script>\n<!-- \/ Yoast SEO plugin. -->","yoast_head_json":{"title":"ACCESSOIRES ET PI\u00c8CES DE RECHANGE - Master Products","robots":{"index":"index","follow":"follow","max-snippet":"max-snippet:-1","max-image-preview":"max-image-preview:large","max-video-preview":"max-video-preview:-1"},"canonical":"https:\/\/masterproducts.es\/fr\/accessoires-et-pieces-de-rechange\/","og_locale":"fr_FR","og_type":"article","og_title":"ACCESSOIRES ET PI\u00c8CES DE RECHANGE - Master Products","og_url":"https:\/\/masterproducts.es\/fr\/accessoires-et-pieces-de-rechange\/","og_site_name":"Master Products","article_modified_time":"2026-02-06T09:39:11+00:00","twitter_card":"summary_large_image","twitter_misc":{"Dur\u00e9e de lecture estim\u00e9e":"1 minute"},"schema":{"@context":"https:\/\/schema.org","@graph":[{"@type":"WebPage","@id":"https:\/\/masterproducts.es\/fr\/accessoires-et-pieces-de-rechange\/","url":"https:\/\/masterproducts.es\/fr\/accessoires-et-pieces-de-rechange\/","name":"ACCESSOIRES ET PI\u00c8CES DE RECHANGE - Master Products","isPartOf":{"@id":"https:\/\/masterproducts.es\/fr\/#website"},"datePublished":"2025-10-10T05:07:55+00:00","dateModified":"2026-02-06T09:39:11+00:00","breadcrumb":{"@id":"https:\/\/masterproducts.es\/fr\/accessoires-et-pieces-de-rechange\/#breadcrumb"},"inLanguage":"fr-FR","potentialAction":[{"@type":"ReadAction","target":["https:\/\/masterproducts.es\/fr\/accessoires-et-pieces-de-rechange\/"]}]},{"@type":"BreadcrumbList","@id":"https:\/\/masterproducts.es\/fr\/accessoires-et-pieces-de-rechange\/#breadcrumb","itemListElement":[{"@type":"ListItem","position":1,"name":"HOME","item":"https:\/\/masterproducts.es\/fr\/"},{"@type":"ListItem","position":2,"name":"ACCESSOIRES ET PI\u00c8CES DE RECHANGE"}]},{"@type":"WebSite","@id":"https:\/\/masterproducts.es\/fr\/#website","url":"https:\/\/masterproducts.es\/fr\/","name":"Master Products","description":"Trim like a master","potentialAction":[{"@type":"SearchAction","target":{"@type":"EntryPoint","urlTemplate":"https:\/\/masterproducts.es\/fr\/?s={search_term_string}"},"query-input":{"@type":"PropertyValueSpecification","valueRequired":true,"valueName":"search_term_string"}}],"inLanguage":"fr-FR"}]}},"_links":{"self":[{"href":"https:\/\/masterproducts.es\/fr\/wp-json\/wp\/v2\/pages\/19867","targetHints":{"allow":["GET"]}}],"collection":[{"href":"https:\/\/masterproducts.es\/fr\/wp-json\/wp\/v2\/pages"}],"about":[{"href":"https:\/\/masterproducts.es\/fr\/wp-json\/wp\/v2\/types\/page"}],"author":[{"embeddable":true,"href":"https:\/\/masterproducts.es\/fr\/wp-json\/wp\/v2\/users\/1"}],"replies":[{"embeddable":true,"href":"https:\/\/masterproducts.es\/fr\/wp-json\/wp\/v2\/comments?post=19867"}],"version-history":[{"count":3,"href":"https:\/\/masterproducts.es\/fr\/wp-json\/wp\/v2\/pages\/19867\/revisions"}],"predecessor-version":[{"id":19871,"href":"https:\/\/masterproducts.es\/fr\/wp-json\/wp\/v2\/pages\/19867\/revisions\/19871"}],"wp:attachment":[{"href":"https:\/\/masterproducts.es\/fr\/wp-json\/wp\/v2\/media?parent=19867"}],"curies":[{"name":"wp","href":"https:\/\/api.w.org\/{rel}","templated":true}]}}