{"id":5331,"date":"2023-01-26T17:05:48","date_gmt":"2023-01-26T16:05:48","guid":{"rendered":"https:\/\/masterproducts.es\/?page_id=5331"},"modified":"2025-07-07T11:41:10","modified_gmt":"2025-07-07T09:41:10","slug":"master-sorters","status":"publish","type":"page","link":"https:\/\/masterproducts.es\/fr\/gamme-medical\/master-sorters\/","title":{"rendered":"MASTER SORTERS"},"content":{"rendered":"<section class=\"l-section wpb_row height_medium\"><div class=\"l-section-h i-cf\"><div class=\"g-cols vc_row via_grid cols_1 laptops-cols_inherit tablets-cols_inherit mobiles-cols_1 valign_top type_default stacking_default\" style=\"--columns-gap:1rem;\"><div class=\"wpb_column vc_column_container\"><div class=\"vc_column-inner\"><div class=\"wpb_text_column\"><div class=\"wpb_wrapper\"><h2 class=\"titulo-slider\" style=\"text-align: center;\">GAMME<\/h2>\n<h2 class=\"titulo-slider-destacado-medical\" style=\"text-align: center;\">MEDICAL<\/h2>\n<\/div><\/div><\/div><\/div><\/div><\/div><\/section><section class=\"l-section wpb_row us_custom_310001f5 menu-maquinas hide_on_tablets hide_on_mobiles height_small width_full type_sticky\"><div class=\"l-section-h i-cf\"><div class=\"g-cols vc_row via_grid cols_1 laptops-cols_inherit tablets-cols_inherit mobiles-cols_1 valign_top type_default stacking_default\" style=\"--columns-gap:0.5rem;\"><div class=\"wpb_column vc_column_container\"><div class=\"vc_column-inner\"><div class=\"w-hwrapper valign_top align_center\" style=\"--hwrapper-gap:6rem\"><div class=\"w-btn-wrapper align_center\"><a class=\"w-btn us-btn-style_5\" title=\"Gama Professional\" href=\"https:\/\/masterproducts.es\/gama-medical\/\"><span class=\"w-btn-label\">Gamme Medical<\/span><\/a><\/div><div class=\"w-btn-wrapper align_center\"><a class=\"w-btn us-btn-style_4\" title=\"PerRoll-Er\" href=\"https:\/\/masterproducts.es\/fr\/maquina\/master-clone\/\"><span class=\"w-btn-label\">CLONE<\/span><\/a><\/div><div class=\"w-btn-wrapper align_center\"><a class=\"w-btn us-btn-style_4\" title=\"PerRoll-Er\" href=\"https:\/\/masterproducts.es\/fr\/gamme-medical\/preroll-er\/\"><span class=\"w-btn-label\">PreRoll-Er<\/span><\/a><\/div><div class=\"w-btn-wrapper align_center\"><a class=\"w-btn us-btn-style_4\" title=\"Buckers\" href=\"https:\/\/masterproducts.es\/fr\/gamme-medical\/master-buckers\/#indice-maquinas\"><span class=\"w-btn-label\">Buckers<\/span><\/a><\/div><div class=\"w-btn-wrapper align_center\"><a class=\"w-btn us-btn-style_4\" title=\"Buckers\" href=\"https:\/\/masterproducts.es\/fr\/gamme-medical\/master-trimmers\/#indice-maquinas\"><span class=\"w-btn-label\">Trimmers<\/span><\/a><\/div><div class=\"w-btn-wrapper align_center\"><a class=\"w-btn us-btn-style_4\" title=\"Buckers\" href=\"https:\/\/masterproducts.es\/fr\/gamme-medical\/extractors\/#indice-maquinas\"><span class=\"w-btn-label\">Extractors<\/span><\/a><\/div><div class=\"w-btn-wrapper align_center\"><a class=\"w-btn us-btn-style_4\" title=\"Buckers\" href=\"https:\/\/masterproducts.es\/fr\/gamme-medical\/master-sorters\/#indice-maquinas\"><span class=\"w-btn-label\">Sorters<\/span><\/a><\/div><div class=\"w-btn-wrapper align_center\"><a class=\"w-btn us-btn-style_4\" title=\"Buckers\" href=\"https:\/\/masterproducts.es\/fr\/master-mills\/#indice-maquinas\"><span class=\"w-btn-label\">Mills<\/span><\/a><\/div><div class=\"w-btn-wrapper align_center\"><a class=\"w-btn us-btn-style_4\" title=\"Buckers\" href=\"https:\/\/masterproducts.es\/fr\/gamme-medical\/master-sonics\/#indice-maquinas\"><span class=\"w-btn-label\">Sonics<\/span><\/a><\/div><div class=\"w-btn-wrapper align_center\"><a class=\"w-btn us-btn-style_4\" title=\"Buckers\" href=\"https:\/\/masterproducts.es\/fr\/gamme-medical\/master-conveyors\/#indice-maquinas\"><span class=\"w-btn-label\">Conveyors<\/span><\/a><\/div><\/div><\/div><\/div><\/div><\/div><\/section>\n<section class=\"l-section wpb_row us_custom_678a4f9f height_auto\"><div class=\"l-section-h i-cf\"><div class=\"g-cols vc_row via_grid cols_1-2 laptops-cols_inherit tablets-cols_inherit mobiles-cols_1 valign_top type_default stacking_default\"><div class=\"wpb_column vc_column_container\"><div class=\"vc_column-inner\"><div class=\"w-separator size_medium\"><\/div><div class=\"wpb_text_column\"><div class=\"wpb_wrapper\"><h1 class=\"titulo-slider\" style=\"text-align: left;\">\u00c9QUIPEMENT POST-R\u00c9COLTE AVEC CONFORMIT\u00c9 EU GMP<\/h1>\n<\/div><\/div><div class=\"w-separator size_small\"><\/div><div class=\"wpb_text_column\"><div class=\"wpb_wrapper\"><div class=\"wpb_text_column\">\n<div class=\"wpb_wrapper\">\n<div class=\"wpb_text_column\">\n<div class=\"wpb_wrapper\">\n<div class=\"wpb_text_column\">\n<div class=\"wpb_wrapper\">\n<div class=\"wpb_text_column\">\n<div class=\"wpb_wrapper\">\n<p>Nous vous pr\u00e9sentons notre gamme de produits Medical, sp\u00e9cialement con\u00e7us et fabriqu\u00e9s pour le traitement du cannabis et du chanvre m\u00e9dicinaux lors de la phase de post-r\u00e9colte. Nos \u00e9quipements vont des \u00e9plucheuses de fleurs de cannabis, des d\u00e9capeuses, des trieuses jusqu\u2019aux broyeuses et aux extracteurs de pollen. De plus, nous vous aidons \u00e0 industrialiser et professionnaliser au maximum le processus avec nos convoyeurs et lignes de production. <strong>Traitement \u00e0 frais et\/ou \u00e0 sec.<\/strong><\/p>\n<p>Nos \u00e9quipements s\u2019adaptent en suivant les normes de qualit\u00e9 et de s\u00e9curit\u00e9 les plus strictes afin de r\u00e9pondre aux exigences techniques les plus strictes du EU GMP, un sceau indispensable pour tous les producteurs du secteur cannabique se concentrant sur l\u2019usage et la fin m\u00e9dicinale.<\/p>\n<\/div>\n<\/div>\n<div class=\"w-separator size_small\"><\/div>\n<div class=\"wpb_text_column\">\n<div class=\"wpb_wrapper\">\n<p><strong>Documentation IQ&amp;OQ, FAT, SAT disponible.<\/strong><\/p>\n<\/div>\n<\/div>\n<\/div>\n<\/div>\n<\/div>\n<\/div>\n<\/div>\n<\/div>\n<\/div><\/div><\/div><\/div><div class=\"wpb_column vc_column_container\"><div class=\"vc_column-inner\"><div class=\"w-image align_left\"><div class=\"w-image-h\"><img decoding=\"async\" width=\"1024\" height=\"846\" src=\"https:\/\/masterproducts.es\/wp-content\/uploads\/2024\/07\/SORTERS.png\" class=\"attachment-large size-large\" alt=\"\" loading=\"lazy\" srcset=\"https:\/\/masterproducts.es\/wp-content\/uploads\/2024\/07\/SORTERS.png 1024w, https:\/\/masterproducts.es\/wp-content\/uploads\/2024\/07\/SORTERS-300x248.png 300w\" sizes=\"auto, (max-width: 1024px) 100vw, 1024px\" \/><\/div><\/div><\/div><\/div><\/div><\/div><\/section><section class=\"l-section wpb_row height_medium\" id=\"indice-maquinas\"><div class=\"l-section-h i-cf\"><div class=\"g-cols vc_row via_grid cols_3 laptops-cols_inherit tablets-cols_inherit mobiles-cols_1 valign_top type_default stacking_default\"><div class=\"wpb_column vc_column_container\"><div class=\"vc_column-inner\"><div class=\"wpb_text_column\"><div class=\"wpb_wrapper\"><h2 class=\"titulo-slider\" style=\"text-align: left;\">MASTER<\/h2>\n<h2 class=\"titulo-slider-destacado-medical\" style=\"text-align: left;\">SORTERS<\/h2>\n<\/div><\/div><div class=\"w-separator size_small\"><\/div><div class=\"wpb_text_column\"><div class=\"wpb_wrapper\"><p>Machines con\u00e7ues pour trier les fleurs de cannabis par taille, en fonction du diam\u00e8tre de chaque fleur. Elles conviennent \u00e0 toutes les vari\u00e9t\u00e9s et sont fabriqu\u00e9es conform\u00e9ment aux normes de qualit\u00e9 et de s\u00e9curit\u00e9 EU GMP.<\/p>\n<\/div><\/div><\/div><\/div><div class=\"wpb_column vc_column_container\"><div class=\"vc_column-inner\"><\/div><\/div><div class=\"wpb_column vc_column_container\"><div class=\"vc_column-inner\"><\/div><\/div><\/div><\/div><\/section><section class=\"l-section wpb_row height_medium\"><div class=\"l-section-h i-cf\"><div class=\"g-cols vc_row via_grid cols_1 laptops-cols_inherit tablets-cols_inherit mobiles-cols_1 valign_top type_default stacking_default\"><div class=\"wpb_column vc_column_container\"><div class=\"vc_column-inner\"><div class=\"w-grid type_grid layout_38 cols_3 preload_style_spinner\" id=\"us_grid_1\" style=\"--columns:3;--gap:1.5rem;\" data-filterable=\"true\"><style>@media (max-width:1024px){#us_grid_1{--columns:2!important}}@media (max-width:600px){#us_grid_1{--columns:1!important}}.layout_38 .w-grid-item-h{background:#EDEDED}.layout_38 .usg_post_image_1{background:#ffffff!important}.layout_38 .usg_post_title_1{font-size:1rem!important;font-weight:700!important;width:100%!important;padding:1rem!important;background:#EDEDED!important}.layout_38 .usg_vwrapper_1{margin:0!important;background:#EDEDED!important}<\/style><div class=\"w-grid-list\">\t<article class=\"w-grid-item size_1x1 post-5522 maquina type-maquina status-publish has-post-thumbnail hentry familia_producto-gama-medical-fr familia_producto-master-sorters-fr logo-ce-fr logo-food-quality-fr logo-gmp-fr logo-warranty-fr modelo_maquina-master-sorter-500-fr\" data-id=\"5522\">\r\n\t\t<div class=\"w-grid-item-h\">\r\n\t\t\t\t\t\t<div class=\"w-post-elm post_image usg_post_image_1 has_ratio\"><a href=\"https:\/\/masterproducts.es\/fr\/maquina\/master-sorter-500\/\" aria-label=\"MASTER SORTER 500 MED\"><img loading=\"lazy\" decoding=\"async\" width=\"1181\" height=\"1181\" src=\"https:\/\/masterproducts.es\/wp-content\/uploads\/2023\/02\/3.-MED-SORTERS.png\" class=\"attachment-full size-full wp-post-image\" alt=\"\" \/><\/a><div style=\"padding-bottom:100%\"><\/div><\/div><div class=\"w-vwrapper usg_vwrapper_1 align_none valign_top\"><h2 class=\"w-post-elm post_title usg_post_title_1 align_center entry-title color_link_inherit\"><a href=\"https:\/\/masterproducts.es\/fr\/maquina\/master-sorter-500\/\">MASTER SORTER 500 MED<\/a><\/h2><\/div>\t\t<\/div>\r\n\t\t\t<\/article>\r\n<\/div><div class=\"w-grid-preloader\">\t<div class=\"g-preloader type_1\">\r\n\t\t<div><\/div>\r\n\t<\/div>\r\n\t<\/div>\t<div class=\"w-grid-json hidden\" onclick='return {&quot;action&quot;:&quot;us_ajax_grid&quot;,&quot;infinite_scroll&quot;:0,&quot;max_num_pages&quot;:1,&quot;pagination&quot;:&quot;none&quot;,&quot;template_vars&quot;:{&quot;columns&quot;:&quot;3&quot;,&quot;exclude_items&quot;:&quot;none&quot;,&quot;img_size&quot;:&quot;default&quot;,&quot;ignore_items_size&quot;:0,&quot;items_layout&quot;:&quot;38&quot;,&quot;items_offset&quot;:&quot;1&quot;,&quot;load_animation&quot;:&quot;none&quot;,&quot;overriding_link&quot;:&quot;{\\&quot;url\\&quot;:\\&quot;\\&quot;}&quot;,&quot;post_id&quot;:0,&quot;query_args&quot;:{&quot;post_type&quot;:[&quot;maquina&quot;],&quot;tax_query&quot;:[{&quot;taxonomy&quot;:&quot;familia_producto&quot;,&quot;field&quot;:&quot;slug&quot;,&quot;terms&quot;:[&quot;master-sorters&quot;]}],&quot;post_status&quot;:[&quot;publish&quot;],&quot;posts_per_page&quot;:&quot;10&quot;},&quot;orderby_query_args&quot;:{&quot;orderby&quot;:{&quot;date&quot;:&quot;DESC&quot;}},&quot;type&quot;:&quot;grid&quot;,&quot;us_grid_post_type&quot;:&quot;maquina&quot;,&quot;us_grid_ajax_index&quot;:1,&quot;us_grid_filter_query_string&quot;:null,&quot;us_grid_index&quot;:1,&quot;page_args&quot;:[],&quot;lang&quot;:&quot;fr&quot;}}'><\/div>\r\n\t<\/div><\/div><\/div><\/div><\/div><\/section>\n","protected":false},"excerpt":{"rendered":"GAMME MEDICAL HOME MASTER SORTERS MASTER SORTER 500 MED Classifie les fleurs de cannabis par taille Master Sorter 500 MED est une trieuse de fleurs de cannabis et de chanvre de derni\u00e8re g\u00e9n\u00e9ration, con\u00e7u pour s&rsquo;int\u00e9grer parfaitement au flux de travail de la ligne automatis\u00e9e de post-r\u00e9colte ou pour \u00eatre utilis\u00e9 individuellement. Il trie les...","protected":false},"author":1,"featured_media":0,"parent":5293,"menu_order":0,"comment_status":"closed","ping_status":"closed","template":"","meta":{"_joinchat":[],"footnotes":""},"class_list":["post-5331","page","type-page","status-publish","hentry"],"yoast_head":"<!-- This site is optimized with the Yoast SEO plugin v27.4 - https:\/\/yoast.com\/product\/yoast-seo-wordpress\/ -->\n<title>Master Sorters \u2013 Machines de tri des fleurs de cannabis par taille | Certifi\u00e9es BPF UE - Master Products<\/title>\n<meta name=\"description\" content=\"Les Master Sorters trient les fleurs de cannabis par taille, garantissant une pr\u00e9cision optimale pour toutes les vari\u00e9t\u00e9s. Fabriqu\u00e9es conform\u00e9ment aux normes de qualit\u00e9 et de s\u00e9curit\u00e9 BPF UE.\" \/>\n<meta name=\"robots\" content=\"index, follow, max-snippet:-1, max-image-preview:large, max-video-preview:-1\" \/>\n<link rel=\"canonical\" href=\"https:\/\/masterproducts.es\/fr\/gamme-medical\/master-sorters\/\" \/>\n<meta property=\"og:locale\" content=\"fr_FR\" \/>\n<meta property=\"og:type\" content=\"article\" \/>\n<meta property=\"og:title\" content=\"Master Sorters \u2013 Machines de tri des fleurs de cannabis par taille | Certifi\u00e9es BPF UE - Master Products\" \/>\n<meta property=\"og:description\" content=\"Les Master Sorters trient les fleurs de cannabis par taille, garantissant une pr\u00e9cision optimale pour toutes les vari\u00e9t\u00e9s. Fabriqu\u00e9es conform\u00e9ment aux normes de qualit\u00e9 et de s\u00e9curit\u00e9 BPF UE.\" \/>\n<meta property=\"og:url\" content=\"https:\/\/masterproducts.es\/fr\/gamme-medical\/master-sorters\/\" \/>\n<meta property=\"og:site_name\" content=\"Master Products\" \/>\n<meta property=\"article:modified_time\" content=\"2025-07-07T09:41:10+00:00\" \/>\n<meta name=\"twitter:card\" content=\"summary_large_image\" \/>\n<meta name=\"twitter:label1\" content=\"Dur\u00e9e de lecture estim\u00e9e\" \/>\n\t<meta name=\"twitter:data1\" content=\"2 minutes\" \/>\n<script type=\"application\/ld+json\" class=\"yoast-schema-graph\">{\"@context\":\"https:\\\/\\\/schema.org\",\"@graph\":[{\"@type\":\"WebPage\",\"@id\":\"https:\\\/\\\/masterproducts.es\\\/fr\\\/gamme-medical\\\/master-sorters\\\/\",\"url\":\"https:\\\/\\\/masterproducts.es\\\/fr\\\/gamme-medical\\\/master-sorters\\\/\",\"name\":\"Master Sorters \u2013 Machines de tri des fleurs de cannabis par taille | Certifi\u00e9es BPF UE - Master Products\",\"isPartOf\":{\"@id\":\"https:\\\/\\\/masterproducts.es\\\/fr\\\/#website\"},\"datePublished\":\"2023-01-26T16:05:48+00:00\",\"dateModified\":\"2025-07-07T09:41:10+00:00\",\"description\":\"Les Master Sorters trient les fleurs de cannabis par taille, garantissant une pr\u00e9cision optimale pour toutes les vari\u00e9t\u00e9s. Fabriqu\u00e9es conform\u00e9ment aux normes de qualit\u00e9 et de s\u00e9curit\u00e9 BPF UE.\",\"breadcrumb\":{\"@id\":\"https:\\\/\\\/masterproducts.es\\\/fr\\\/gamme-medical\\\/master-sorters\\\/#breadcrumb\"},\"inLanguage\":\"fr-FR\",\"potentialAction\":[{\"@type\":\"ReadAction\",\"target\":[\"https:\\\/\\\/masterproducts.es\\\/fr\\\/gamme-medical\\\/master-sorters\\\/\"]}]},{\"@type\":\"BreadcrumbList\",\"@id\":\"https:\\\/\\\/masterproducts.es\\\/fr\\\/gamme-medical\\\/master-sorters\\\/#breadcrumb\",\"itemListElement\":[{\"@type\":\"ListItem\",\"position\":1,\"name\":\"HOME\",\"item\":\"https:\\\/\\\/masterproducts.es\\\/fr\\\/\"},{\"@type\":\"ListItem\",\"position\":2,\"name\":\"GAMME MEDICAL\",\"item\":\"https:\\\/\\\/masterproducts.es\\\/fr\\\/gamme-medical\\\/\"},{\"@type\":\"ListItem\",\"position\":3,\"name\":\"MASTER SORTERS\"}]},{\"@type\":\"WebSite\",\"@id\":\"https:\\\/\\\/masterproducts.es\\\/fr\\\/#website\",\"url\":\"https:\\\/\\\/masterproducts.es\\\/fr\\\/\",\"name\":\"Master Products\",\"description\":\"Trim like a master\",\"potentialAction\":[{\"@type\":\"SearchAction\",\"target\":{\"@type\":\"EntryPoint\",\"urlTemplate\":\"https:\\\/\\\/masterproducts.es\\\/fr\\\/?s={search_term_string}\"},\"query-input\":{\"@type\":\"PropertyValueSpecification\",\"valueRequired\":true,\"valueName\":\"search_term_string\"}}],\"inLanguage\":\"fr-FR\"}]}<\/script>\n<!-- \/ Yoast SEO plugin. -->","yoast_head_json":{"title":"Master Sorters \u2013 Machines de tri des fleurs de cannabis par taille | Certifi\u00e9es BPF UE - Master Products","description":"Les Master Sorters trient les fleurs de cannabis par taille, garantissant une pr\u00e9cision optimale pour toutes les vari\u00e9t\u00e9s. Fabriqu\u00e9es conform\u00e9ment aux normes de qualit\u00e9 et de s\u00e9curit\u00e9 BPF UE.","robots":{"index":"index","follow":"follow","max-snippet":"max-snippet:-1","max-image-preview":"max-image-preview:large","max-video-preview":"max-video-preview:-1"},"canonical":"https:\/\/masterproducts.es\/fr\/gamme-medical\/master-sorters\/","og_locale":"fr_FR","og_type":"article","og_title":"Master Sorters \u2013 Machines de tri des fleurs de cannabis par taille | Certifi\u00e9es BPF UE - Master Products","og_description":"Les Master Sorters trient les fleurs de cannabis par taille, garantissant une pr\u00e9cision optimale pour toutes les vari\u00e9t\u00e9s. Fabriqu\u00e9es conform\u00e9ment aux normes de qualit\u00e9 et de s\u00e9curit\u00e9 BPF UE.","og_url":"https:\/\/masterproducts.es\/fr\/gamme-medical\/master-sorters\/","og_site_name":"Master Products","article_modified_time":"2025-07-07T09:41:10+00:00","twitter_card":"summary_large_image","twitter_misc":{"Dur\u00e9e de lecture estim\u00e9e":"2 minutes"},"schema":{"@context":"https:\/\/schema.org","@graph":[{"@type":"WebPage","@id":"https:\/\/masterproducts.es\/fr\/gamme-medical\/master-sorters\/","url":"https:\/\/masterproducts.es\/fr\/gamme-medical\/master-sorters\/","name":"Master Sorters \u2013 Machines de tri des fleurs de cannabis par taille | Certifi\u00e9es BPF UE - Master Products","isPartOf":{"@id":"https:\/\/masterproducts.es\/fr\/#website"},"datePublished":"2023-01-26T16:05:48+00:00","dateModified":"2025-07-07T09:41:10+00:00","description":"Les Master Sorters trient les fleurs de cannabis par taille, garantissant une pr\u00e9cision optimale pour toutes les vari\u00e9t\u00e9s. Fabriqu\u00e9es conform\u00e9ment aux normes de qualit\u00e9 et de s\u00e9curit\u00e9 BPF UE.","breadcrumb":{"@id":"https:\/\/masterproducts.es\/fr\/gamme-medical\/master-sorters\/#breadcrumb"},"inLanguage":"fr-FR","potentialAction":[{"@type":"ReadAction","target":["https:\/\/masterproducts.es\/fr\/gamme-medical\/master-sorters\/"]}]},{"@type":"BreadcrumbList","@id":"https:\/\/masterproducts.es\/fr\/gamme-medical\/master-sorters\/#breadcrumb","itemListElement":[{"@type":"ListItem","position":1,"name":"HOME","item":"https:\/\/masterproducts.es\/fr\/"},{"@type":"ListItem","position":2,"name":"GAMME MEDICAL","item":"https:\/\/masterproducts.es\/fr\/gamme-medical\/"},{"@type":"ListItem","position":3,"name":"MASTER SORTERS"}]},{"@type":"WebSite","@id":"https:\/\/masterproducts.es\/fr\/#website","url":"https:\/\/masterproducts.es\/fr\/","name":"Master Products","description":"Trim like a master","potentialAction":[{"@type":"SearchAction","target":{"@type":"EntryPoint","urlTemplate":"https:\/\/masterproducts.es\/fr\/?s={search_term_string}"},"query-input":{"@type":"PropertyValueSpecification","valueRequired":true,"valueName":"search_term_string"}}],"inLanguage":"fr-FR"}]}},"_links":{"self":[{"href":"https:\/\/masterproducts.es\/fr\/wp-json\/wp\/v2\/pages\/5331","targetHints":{"allow":["GET"]}}],"collection":[{"href":"https:\/\/masterproducts.es\/fr\/wp-json\/wp\/v2\/pages"}],"about":[{"href":"https:\/\/masterproducts.es\/fr\/wp-json\/wp\/v2\/types\/page"}],"author":[{"embeddable":true,"href":"https:\/\/masterproducts.es\/fr\/wp-json\/wp\/v2\/users\/1"}],"replies":[{"embeddable":true,"href":"https:\/\/masterproducts.es\/fr\/wp-json\/wp\/v2\/comments?post=5331"}],"version-history":[{"count":8,"href":"https:\/\/masterproducts.es\/fr\/wp-json\/wp\/v2\/pages\/5331\/revisions"}],"predecessor-version":[{"id":17424,"href":"https:\/\/masterproducts.es\/fr\/wp-json\/wp\/v2\/pages\/5331\/revisions\/17424"}],"up":[{"embeddable":true,"href":"https:\/\/masterproducts.es\/fr\/wp-json\/wp\/v2\/pages\/5293"}],"wp:attachment":[{"href":"https:\/\/masterproducts.es\/fr\/wp-json\/wp\/v2\/media?parent=5331"}],"curies":[{"name":"wp","href":"https:\/\/api.w.org\/{rel}","templated":true}]}}