{"id":5341,"date":"2023-01-23T06:00:24","date_gmt":"2023-01-23T05:00:24","guid":{"rendered":"https:\/\/masterproducts.es\/?page_id=5341"},"modified":"2025-06-25T13:48:58","modified_gmt":"2025-06-25T11:48:58","slug":"gamme-professional","status":"publish","type":"page","link":"https:\/\/masterproducts.es\/fr\/gamme-professional\/","title":{"rendered":"GAMME PROFESSIONAL"},"content":{"rendered":"<section class=\"l-section wpb_row height_small\"><div class=\"l-section-h i-cf\"><div class=\"g-cols vc_row via_grid cols_1 laptops-cols_inherit tablets-cols_inherit mobiles-cols_1 valign_top type_default stacking_default\" style=\"--columns-gap:1rem;\"><div class=\"wpb_column vc_column_container\"><div class=\"vc_column-inner\"><div class=\"wpb_text_column\"><div class=\"wpb_wrapper\"><h2 class=\"titulo-slider\" style=\"text-align: center;\">GAMME<\/h2>\n<h2 class=\"titulo-slider-destacado\" style=\"text-align: center;\">PROFESSIONAL<\/h2>\n<\/div><\/div><\/div><\/div><\/div><\/div><\/section><style data-type=\"us_custom-css\">.menu-maquinas a{color:#333;text-transform:uppercase;font-weight:700}<\/style><section class=\"l-section wpb_row us_custom_310001f5 menu-maquinas hide_on_tablets hide_on_mobiles height_auto type_sticky\"><div class=\"l-section-h i-cf\"><div class=\"g-cols vc_row via_grid cols_1 laptops-cols_inherit tablets-cols_inherit mobiles-cols_1 valign_top type_default stacking_default\" style=\"--columns-gap:0.5rem;\"><div class=\"wpb_column vc_column_container\"><div class=\"vc_column-inner\"><div class=\"w-hwrapper valign_top align_center\" style=\"--hwrapper-gap:3rem\"><div class=\"w-btn-wrapper align_center\"><a class=\"w-btn us-btn-style_1\" title=\"Gama Professional\" href=\"https:\/\/masterproducts.es\/fr\/gamme-professional\/\"><span class=\"w-btn-label\">Gamme Professional<\/span><\/a><\/div><div class=\"w-btn-wrapper align_center\"><a class=\"w-btn us-btn-style_4\" title=\"Trimmers\" href=\"https:\/\/masterproducts.es\/fr\/gamme-professional\/master-trimmers\/#indice-maquinas\"><span class=\"w-btn-label\">Trimmers<\/span><\/a><\/div><div class=\"w-btn-wrapper align_center\"><a class=\"w-btn us-btn-style_4\" title=\"Buckers\" href=\"https:\/\/masterproducts.es\/fr\/gamme-professional\/master-extractors\/#indice-maquinas\"><span class=\"w-btn-label\">Extractors<\/span><\/a><\/div><div class=\"w-btn-wrapper align_center\"><a class=\"w-btn us-btn-style_4\" title=\"Trimmers\" href=\"https:\/\/masterproducts.es\/fr\/gamme-professional\/sorter\/\"><span class=\"w-btn-label\">Sorters<\/span><\/a><\/div><div class=\"w-btn-wrapper align_center\"><a class=\"w-btn us-btn-style_4\" title=\"Buckers\" href=\"https:\/\/masterproducts.es\/fr\/gamme-professional\/master-buckers\/#indice-maquinas\"><span class=\"w-btn-label\">Buckers<\/span><\/a><\/div><div class=\"w-btn-wrapper align_center\"><a class=\"w-btn us-btn-style_4\" title=\"Buckers\" href=\"https:\/\/masterproducts.es\/fr\/gamme-professional\/master-seeds\/#indice-maquinas\"><span class=\"w-btn-label\">Seeds<\/span><\/a><\/div><div class=\"w-btn-wrapper align_center\"><a class=\"w-btn us-btn-style_4\" title=\"Freeze Dryer\" href=\"https:\/\/masterproducts.es\/fr\/maquina\/lio-freeze-dryer-lyophilisation-sechage-cannabis\/\"><span class=\"w-btn-label\">Freeze Dryers<\/span><\/a><\/div><\/div><\/div><\/div><\/div><\/div><\/section>\n<section class=\"l-section wpb_row us_custom_678a4f9f height_auto\"><div class=\"l-section-h i-cf\"><div class=\"g-cols vc_row via_grid cols_2 laptops-cols_inherit tablets-cols_inherit mobiles-cols_1 valign_top type_default stacking_default\"><div class=\"wpb_column vc_column_container\"><div class=\"vc_column-inner\"><div class=\"w-separator size_medium\"><\/div><div class=\"wpb_text_column\"><div class=\"wpb_wrapper\"><h1 class=\"titulo-slider\" style=\"text-align: left;\">\u00c9QUIPEMENT POST-R\u00c9COLTE AVEC CONFORMIT\u00c9 GACP<\/h1>\n<\/div><\/div><div class=\"w-separator size_small\"><\/div><div class=\"wpb_text_column\"><div class=\"wpb_wrapper\"><p>D\u00e9couvrez nos solutions de post-r\u00e9colte pour le traitement du cannabis et du chanvre industriel. Nous vous aidons \u00e0 automatiser et \u00e0 industrialiser le processus de trimage \u00e0 toutes les \u00e9tapes de la production.<\/p>\n<p>Nous concevons et fabriquons des machines agricoles industrielles adapt\u00e9es aux besoins de nos clients et aux exigences de production de chaque type de culture. Notre portefeuille comprend des trimeuses, \u00e9plucheurs de fleurs de cannabis, des \u00e9greneuses ou des classificateurs par taille, ainsi que des machines de s\u00e9paration des graines \u00faniques disponibles sur le march\u00e9. Nous proposons \u00e9galement des syst\u00e8mes de nettoyage par ultrasons de haute technologie pour simplifier et prolonger la maintenance globale de chaque \u00e9quipement. Toutes nos machines sont fabriqu\u00e9es avec des mat\u00e9riaux de haute qualit\u00e9 garantissant des r\u00e9sultats de traitement optimaux, ainsi que durabilit\u00e9 et pr\u00e9servation.<\/p>\n<p>Traitez le cannabis et le chanvre industriel de mani\u00e8re totalement automatis\u00e9e en connectant diff\u00e9rentes machines en s\u00e9rie, cr\u00e9ant ainsi des lignes de production professionnelles qui optimisent davantage le processus productif.<\/p>\n<\/div><\/div><div class=\"w-separator size_small\"><\/div><div class=\"wpb_text_column\"><div class=\"wpb_wrapper\"><p align=\"justify\"><b>Traitement \u00e0 frais et\/ou sec.<\/b><\/p>\n<\/div><\/div><\/div><\/div><div class=\"wpb_column vc_column_container\"><div class=\"vc_column-inner\"><div id=\"ult-carousel-204382630169de5387abc3c\" class=\"ult-carousel-wrapper   ult_horizontal\" data-gutter=\"15\" data-rtl=\"false\" ><div class=\"ult-carousel-53243231669de5387ab63e \" ><div class=\"ult-item-wrap\" data-animation=\"animated no-animation\"><div class=\"w-image align_none\"><div class=\"w-image-h\"><img decoding=\"async\" width=\"1000\" height=\"1000\" src=\"https:\/\/masterproducts.es\/wp-content\/uploads\/2024\/10\/1-1.jpg\" class=\"attachment-us_1000_1000_crop size-us_1000_1000_crop\" alt=\"\" loading=\"lazy\" srcset=\"https:\/\/masterproducts.es\/wp-content\/uploads\/2024\/10\/1-1.jpg 1000w, https:\/\/masterproducts.es\/wp-content\/uploads\/2024\/10\/1-1-300x300.jpg 300w, https:\/\/masterproducts.es\/wp-content\/uploads\/2024\/10\/1-1-150x150.jpg 150w\" sizes=\"auto, (max-width: 1000px) 100vw, 1000px\" \/><\/div><\/div><\/div><div class=\"ult-item-wrap\" data-animation=\"animated no-animation\"><div class=\"w-image align_none\"><div class=\"w-image-h\"><img decoding=\"async\" width=\"1000\" height=\"1000\" src=\"https:\/\/masterproducts.es\/wp-content\/uploads\/2024\/10\/4-1.jpg\" class=\"attachment-us_1000_1000_crop size-us_1000_1000_crop\" alt=\"\" loading=\"lazy\" srcset=\"https:\/\/masterproducts.es\/wp-content\/uploads\/2024\/10\/4-1.jpg 1000w, https:\/\/masterproducts.es\/wp-content\/uploads\/2024\/10\/4-1-300x300.jpg 300w, https:\/\/masterproducts.es\/wp-content\/uploads\/2024\/10\/4-1-150x150.jpg 150w\" sizes=\"auto, (max-width: 1000px) 100vw, 1000px\" \/><\/div><\/div><\/div><div class=\"ult-item-wrap\" data-animation=\"animated no-animation\"><div class=\"w-image align_none\"><div class=\"w-image-h\"><img decoding=\"async\" width=\"1000\" height=\"1000\" src=\"https:\/\/masterproducts.es\/wp-content\/uploads\/2023\/02\/ALTA_PNG_MT_PROFESSIONAL_50_2347-1000x1000.jpg\" class=\"attachment-us_1000_1000_crop size-us_1000_1000_crop\" alt=\"\" loading=\"lazy\" srcset=\"https:\/\/masterproducts.es\/wp-content\/uploads\/2023\/02\/ALTA_PNG_MT_PROFESSIONAL_50_2347-1000x1000.jpg 1000w, https:\/\/masterproducts.es\/wp-content\/uploads\/2023\/02\/ALTA_PNG_MT_PROFESSIONAL_50_2347-150x150.jpg 150w\" sizes=\"auto, (max-width: 1000px) 100vw, 1000px\" \/><\/div><\/div><\/div><div class=\"ult-item-wrap\" data-animation=\"animated no-animation\"><div class=\"w-image align_none\"><div class=\"w-image-h\"><img decoding=\"async\" width=\"1000\" height=\"1000\" src=\"https:\/\/masterproducts.es\/wp-content\/uploads\/2023\/02\/ALTA_PNG_MT_MB_BUCKER_200_2598-copia-1000x1000.jpg\" class=\"attachment-us_1000_1000_crop size-us_1000_1000_crop\" alt=\"\" loading=\"lazy\" srcset=\"https:\/\/masterproducts.es\/wp-content\/uploads\/2023\/02\/ALTA_PNG_MT_MB_BUCKER_200_2598-copia-1000x1000.jpg 1000w, https:\/\/masterproducts.es\/wp-content\/uploads\/2023\/02\/ALTA_PNG_MT_MB_BUCKER_200_2598-copia-150x150.jpg 150w\" sizes=\"auto, (max-width: 1000px) 100vw, 1000px\" \/><\/div><\/div><\/div><div class=\"ult-item-wrap\" data-animation=\"animated no-animation\"><div class=\"w-image align_none\"><div class=\"w-image-h\"><img decoding=\"async\" width=\"1000\" height=\"1000\" src=\"https:\/\/masterproducts.es\/wp-content\/uploads\/2024\/10\/5-1.jpg\" class=\"attachment-us_1000_1000_crop size-us_1000_1000_crop\" alt=\"\" loading=\"lazy\" srcset=\"https:\/\/masterproducts.es\/wp-content\/uploads\/2024\/10\/5-1.jpg 1000w, https:\/\/masterproducts.es\/wp-content\/uploads\/2024\/10\/5-1-300x300.jpg 300w, https:\/\/masterproducts.es\/wp-content\/uploads\/2024\/10\/5-1-150x150.jpg 150w\" sizes=\"auto, (max-width: 1000px) 100vw, 1000px\" \/><\/div><\/div><\/div><\/div><\/div>\t\t\t<script type=\"text\/javascript\">\r\n\t\t\t\tjQuery(document).ready(function ($) {\r\n\t\t\t\t\tif( typeof jQuery('.ult-carousel-53243231669de5387ab63e').slick == \"function\"){\r\n\t\t\t\t\t\t$('.ult-carousel-53243231669de5387ab63e').slick({dots: false,autoplay: true,autoplaySpeed: 5000,speed: 300,infinite: true,arrows: true,nextArrow: '<button type=\"button\" role=\"button\" aria-label=\"Next\" style=\"color:#333333; font-size:20px;\" class=\"slick-next default\"><i class=\"ultsl-arrow-right6\"><\/i><\/button>',prevArrow: '<button type=\"button\" role=\"button\" aria-label=\"Previous\" style=\"color:#333333; font-size:20px;\" class=\"slick-prev default\"><i class=\"ultsl-arrow-left6\"><\/i><\/button>',slidesToScroll:1,slidesToShow:1,swipe: true,draggable: true,touchMove: true,pauseOnHover: false,pauseOnFocus: false,responsive: [\r\n\t\t\t\t\t\t\t{\r\n\t\t\t\t\t\t\t  breakpoint: 1026,\r\n\t\t\t\t\t\t\t  settings: {\r\n\t\t\t\t\t\t\t\tslidesToShow: 1,\r\n\t\t\t\t\t\t\t\tslidesToScroll: 1,  \r\n\t\t\t\t\t\t\t  }\r\n\t\t\t\t\t\t\t},\r\n\t\t\t\t\t\t\t{\r\n\t\t\t\t\t\t\t  breakpoint: 1025,\r\n\t\t\t\t\t\t\t  settings: {\r\n\t\t\t\t\t\t\t\tslidesToShow: 1,\r\n\t\t\t\t\t\t\t\tslidesToScroll: 1\r\n\t\t\t\t\t\t\t  }\r\n\t\t\t\t\t\t\t},\r\n\t\t\t\t\t\t\t{\r\n\t\t\t\t\t\t\t  breakpoint: 760,\r\n\t\t\t\t\t\t\t  settings: {\r\n\t\t\t\t\t\t\t\tslidesToShow: 1,\r\n\t\t\t\t\t\t\t\tslidesToScroll: 1\r\n\t\t\t\t\t\t\t  }\r\n\t\t\t\t\t\t\t}\r\n\t\t\t\t\t\t],pauseOnDotsHover: true,customPaging: function(slider, i) {\r\n                   return '<i type=\"button\" style= \"color:#333333;\" class=\"ultsl-record\" data-role=\"none\"><\/i>';\r\n                },});\r\n\t\t\t\t\t}\r\n\t\t\t\t});\r\n\t\t\t<\/script>\r\n\t\t\t<\/div><\/div><\/div><\/div><\/section><section class=\"l-section wpb_row height_medium\"><div class=\"l-section-h i-cf\"><div class=\"g-cols vc_row via_grid cols_3 laptops-cols_inherit tablets-cols_inherit mobiles-cols_1 valign_top type_default stacking_default\"><div class=\"wpb_column vc_column_container\"><div class=\"vc_column-inner\"><div class=\"wpb_text_column\"><div class=\"wpb_wrapper\"><h2 class=\"titulo-slider\" style=\"text-align: left;\">GAMME<\/h2>\n<h2 class=\"titulo-slider-destacado\" style=\"text-align: left;\">PROFESSIONAL<\/h2>\n<\/div><\/div><\/div><\/div><div class=\"wpb_column vc_column_container\"><div class=\"vc_column-inner\"><\/div><\/div><div class=\"wpb_column vc_column_container\"><div class=\"vc_column-inner\"><\/div><\/div><\/div><\/div><\/section><section class=\"l-section wpb_row height_medium\"><div class=\"l-section-h i-cf\"><div class=\"g-cols vc_row via_grid cols_3 laptops-cols_inherit tablets-cols_inherit mobiles-cols_1 valign_top type_default stacking_default\"><div class=\"wpb_column vc_column_container\"><div class=\"vc_column-inner\"><div class=\"w-ibanner animation_phorcys ratio_1x1 easing_ease\"><a title=\"MASTER TRIMMERS\" href=\"https:\/\/masterproducts.es\/fr\/gamme-professional\/master-trimmers\/\" aria-label=\"TRIMMERS\"><\/a><div class=\"w-ibanner-h\"><div class=\"w-ibanner-image\" style=\"background-image: url(https:\/\/masterproducts.es\/wp-content\/uploads\/2023\/02\/1.-PROF-TRIMMERS-1000x1000.png)\"><\/div><div class=\"w-ibanner-content\"><div class=\"w-ibanner-content-h\"><h2 class=\"w-ibanner-title\">TRIMMERS<\/h2><div class=\"w-ibanner-desc\"><p>Machines con\u00e7ues pour s\u00e9parer les grandes et petites feuilles des fleurs, dans le but d'obtenir des fleurs de cannabis avec le r\u00e9sultat le plus pr\u00e9cis et le plus parfait possible. Elles sont souvent appel\u00e9es \"Trimeuses\"<\/p>\n<\/div><\/div><\/div><\/div><\/div><div class=\"w-separator size_small\"><\/div><div class=\"w-ibanner animation_phorcys ratio_1x1 easing_ease\"><a title=\"Master Seeds\" href=\"https:\/\/masterproducts.es\/fr\/gamme-professional\/sorter\/\" aria-label=\"SORTERS\"><\/a><div class=\"w-ibanner-h\"><div class=\"w-ibanner-image\" style=\"background-image: url(https:\/\/masterproducts.es\/wp-content\/uploads\/2023\/09\/3-1.jpg)\"><\/div><div class=\"w-ibanner-content\"><div class=\"w-ibanner-content-h\"><h2 class=\"w-ibanner-title\">SORTERS<\/h2><div class=\"w-ibanner-desc\"><p>Machines con\u00e7ues pour trier les fleurs de cannabis par taille. Elles s'adaptent \u00e0 toutes les vari\u00e9t\u00e9s et caract\u00e9ristiques morphologiques.<\/p>\n<\/div><\/div><\/div><\/div><\/div><\/div><\/div><div class=\"wpb_column vc_column_container\"><div class=\"vc_column-inner\"><div class=\"w-ibanner animation_phorcys ratio_1x1 easing_ease\"><a title=\"Master Seeds\" href=\"https:\/\/masterproducts.es\/fr\/gamme-professional\/master-extractors\/\" aria-label=\"EXTRACTORS\"><\/a><div class=\"w-ibanner-h\"><div class=\"w-ibanner-image\" style=\"background-image: url(https:\/\/masterproducts.es\/wp-content\/uploads\/2024\/09\/PROF-MED-EXTRACTORS-MX-ICE-500-1000x1000.png)\"><\/div><div class=\"w-ibanner-content\"><div class=\"w-ibanner-content-h\"><h2 class=\"w-ibanner-title\">EXTRACTORS<\/h2><div class=\"w-ibanner-desc\"><p>Syst\u00e8mes d\u2019extraction de glace sans solvant pour la production de r\u00e9sine de cannabis, mieux connue sous le nom de \u00ab bubble hash \u00bb. Fabriqu\u00e9 pour r\u00e9pondre aux exigences de qualit\u00e9 et de s\u00e9curit\u00e9 de l'UE GMP.<\/p>\n<\/div><\/div><\/div><\/div><\/div><div class=\"w-separator size_small\"><\/div><div class=\"w-ibanner animation_phorcys ratio_1x1 easing_ease\"><a title=\"Master Seeds\" href=\"https:\/\/masterproducts.es\/fr\/gamme-professional\/master-seeds\/\" aria-label=\"SEEDS\"><\/a><div class=\"w-ibanner-h\"><div class=\"w-ibanner-image\" style=\"background-image: url(https:\/\/masterproducts.es\/wp-content\/uploads\/2023\/02\/3.-PROF-SEEDS-1000x1000.png)\"><\/div><div class=\"w-ibanner-content\"><div class=\"w-ibanner-content-h\"><h2 class=\"w-ibanner-title\">SEEDS<\/h2><div class=\"w-ibanner-desc\"><p>Machine con\u00e7ue pour s\u00e9parer et nettoyer les graines de fleurs de cannabis, en pr\u00e9servant toutes leurs propri\u00e9t\u00e9s intactes. Pr\u00eate \u00e0 \u00eatre replant\u00e9e ou utilis\u00e9e.<\/p>\n<\/div><\/div><\/div><\/div><\/div><\/div><\/div><div class=\"wpb_column vc_column_container\"><div class=\"vc_column-inner\"><div class=\"w-ibanner animation_phorcys ratio_1x1 easing_ease\"><a title=\"Master Buckers\" href=\"https:\/\/masterproducts.es\/fr\/gamme-professional\/master-buckers\/\" aria-label=\"BUCKERS\"><\/a><div class=\"w-ibanner-h\"><div class=\"w-ibanner-image\" style=\"background-image: url(https:\/\/masterproducts.es\/wp-content\/uploads\/2023\/02\/2.-PROF-BUCKERS-1000x1000.png)\"><\/div><div class=\"w-ibanner-content\"><div class=\"w-ibanner-content-h\"><h2 class=\"w-ibanner-title\">BUCKERS<\/h2><div class=\"w-ibanner-desc\"><p>Equipements con\u00e7us pour s\u00e9parer les branches et les tiges des fleurs. Ce processus peut \u00eatre effectu\u00e9 \u00e0 sec ou \u00e0 humide. Les plus grandes feuilles sont \u00e9galement s\u00e9par\u00e9es. C'est la phase qui pr\u00e9c\u00e8de \u00e0 l'\u00e9pluchage<br \/>\nCes machines sont souvent appel\u00e9es famili\u00e8rement comme s\u00e9parateur de bourgeons.<\/p>\n<\/div><\/div><\/div><\/div><\/div><div class=\"w-separator size_small\"><\/div><div class=\"w-ibanner animation_phorcys ratio_1x1 easing_ease\"><a title=\"Master Freeze Dryers\" href=\"https:\/\/masterproducts.es\/fr\/maquina\/lio-freeze-dryer-lyophilisation-sechage-cannabis\/\" aria-label=\"FREEZE DRYERS\"><\/a><div class=\"w-ibanner-h\"><div class=\"w-ibanner-image\" style=\"background-image: url(https:\/\/masterproducts.es\/wp-content\/uploads\/2025\/03\/DSC_2368-1.webp)\"><\/div><div class=\"w-ibanner-content\"><div class=\"w-ibanner-content-h\"><h2 class=\"w-ibanner-title\">FREEZE DRYERS<\/h2><div class=\"w-ibanner-desc\"><p>Les lyophilisateurs utilisent le processus de sublimation pour \u00e9liminer l\u2019humidit\u00e9 de la fleur de cannabis et\/ou du bubble hash. Gr\u00e2ce \u00e0 cette technique, les terp\u00e8nes et les cannabino\u00efdes sont mieux conserv\u00e9s et l\u2019oxydation est \u00e9vit\u00e9e.<\/p>\n<\/div><\/div><\/div><\/div><\/div><\/div><\/div><\/div><\/div><\/section>\n","protected":false},"excerpt":{"rendered":"GAMME PROFESSIONAL Gamme ProfessionalTrimmersExtractorsSortersBuckersSeedsFreeze Dryers \u00c9QUIPEMENT POST-R\u00c9COLTE AVEC CONFORMIT\u00c9 GACP D\u00e9couvrez nos solutions de post-r\u00e9colte pour le traitement du cannabis et du chanvre industriel. Nous vous aidons \u00e0 automatiser et \u00e0 industrialiser le processus de trimage \u00e0 toutes les \u00e9tapes de la production. Nous concevons et fabriquons des machines agricoles industrielles adapt\u00e9es aux besoins de...","protected":false},"author":1,"featured_media":0,"parent":0,"menu_order":0,"comment_status":"closed","ping_status":"closed","template":"","meta":{"_joinchat":[],"footnotes":""},"class_list":["post-5341","page","type-page","status-publish","hentry"],"yoast_head":"<!-- This site is optimized with the Yoast SEO plugin v27.3 - https:\/\/yoast.com\/product\/yoast-seo-wordpress\/ -->\n<title>Gamme Professionnelle - Solutions de R\u00e9colte pour le Traitement du Cannabis - Master Products - Master Products<\/title>\n<meta name=\"description\" content=\"Machines de qualit\u00e9 industrielle pour le traitement post-r\u00e9colte du cannabis et du chanvre. Automatisez la taille, le tri et le nettoyage gr\u00e2ce \u00e0 des \u00e9quipements durables et conformes aux normes GACP.\" \/>\n<meta name=\"robots\" content=\"index, follow, max-snippet:-1, max-image-preview:large, max-video-preview:-1\" \/>\n<link rel=\"canonical\" href=\"https:\/\/masterproducts.es\/fr\/gamme-professional\/\" \/>\n<meta property=\"og:locale\" content=\"fr_FR\" \/>\n<meta property=\"og:type\" content=\"article\" \/>\n<meta property=\"og:title\" content=\"Gamme Professionnelle - Solutions de R\u00e9colte pour le Traitement du Cannabis - Master Products - Master Products\" \/>\n<meta property=\"og:description\" content=\"Machines de qualit\u00e9 industrielle pour le traitement post-r\u00e9colte du cannabis et du chanvre. Automatisez la taille, le tri et le nettoyage gr\u00e2ce \u00e0 des \u00e9quipements durables et conformes aux normes GACP.\" \/>\n<meta property=\"og:url\" content=\"https:\/\/masterproducts.es\/fr\/gamme-professional\/\" \/>\n<meta property=\"og:site_name\" content=\"Master Products\" \/>\n<meta property=\"article:modified_time\" content=\"2025-06-25T11:48:58+00:00\" \/>\n<meta name=\"twitter:card\" content=\"summary_large_image\" \/>\n<meta name=\"twitter:label1\" content=\"Dur\u00e9e de lecture estim\u00e9e\" \/>\n\t<meta name=\"twitter:data1\" content=\"3 minutes\" \/>\n<script type=\"application\/ld+json\" class=\"yoast-schema-graph\">{\"@context\":\"https:\\\/\\\/schema.org\",\"@graph\":[{\"@type\":\"WebPage\",\"@id\":\"https:\\\/\\\/masterproducts.es\\\/fr\\\/gamme-professional\\\/\",\"url\":\"https:\\\/\\\/masterproducts.es\\\/fr\\\/gamme-professional\\\/\",\"name\":\"Gamme Professionnelle - Solutions de R\u00e9colte pour le Traitement du Cannabis - Master Products - Master Products\",\"isPartOf\":{\"@id\":\"https:\\\/\\\/masterproducts.es\\\/fr\\\/#website\"},\"datePublished\":\"2023-01-23T05:00:24+00:00\",\"dateModified\":\"2025-06-25T11:48:58+00:00\",\"description\":\"Machines de qualit\u00e9 industrielle pour le traitement post-r\u00e9colte du cannabis et du chanvre. Automatisez la taille, le tri et le nettoyage gr\u00e2ce \u00e0 des \u00e9quipements durables et conformes aux normes GACP.\",\"breadcrumb\":{\"@id\":\"https:\\\/\\\/masterproducts.es\\\/fr\\\/gamme-professional\\\/#breadcrumb\"},\"inLanguage\":\"fr-FR\",\"potentialAction\":[{\"@type\":\"ReadAction\",\"target\":[\"https:\\\/\\\/masterproducts.es\\\/fr\\\/gamme-professional\\\/\"]}]},{\"@type\":\"BreadcrumbList\",\"@id\":\"https:\\\/\\\/masterproducts.es\\\/fr\\\/gamme-professional\\\/#breadcrumb\",\"itemListElement\":[{\"@type\":\"ListItem\",\"position\":1,\"name\":\"HOME\",\"item\":\"https:\\\/\\\/masterproducts.es\\\/fr\\\/\"},{\"@type\":\"ListItem\",\"position\":2,\"name\":\"GAMME PROFESSIONAL\"}]},{\"@type\":\"WebSite\",\"@id\":\"https:\\\/\\\/masterproducts.es\\\/fr\\\/#website\",\"url\":\"https:\\\/\\\/masterproducts.es\\\/fr\\\/\",\"name\":\"Master Products\",\"description\":\"Trim like a master\",\"potentialAction\":[{\"@type\":\"SearchAction\",\"target\":{\"@type\":\"EntryPoint\",\"urlTemplate\":\"https:\\\/\\\/masterproducts.es\\\/fr\\\/?s={search_term_string}\"},\"query-input\":{\"@type\":\"PropertyValueSpecification\",\"valueRequired\":true,\"valueName\":\"search_term_string\"}}],\"inLanguage\":\"fr-FR\"}]}<\/script>\n<!-- \/ Yoast SEO plugin. -->","yoast_head_json":{"title":"Gamme Professionnelle - Solutions de R\u00e9colte pour le Traitement du Cannabis - Master Products - Master Products","description":"Machines de qualit\u00e9 industrielle pour le traitement post-r\u00e9colte du cannabis et du chanvre. Automatisez la taille, le tri et le nettoyage gr\u00e2ce \u00e0 des \u00e9quipements durables et conformes aux normes GACP.","robots":{"index":"index","follow":"follow","max-snippet":"max-snippet:-1","max-image-preview":"max-image-preview:large","max-video-preview":"max-video-preview:-1"},"canonical":"https:\/\/masterproducts.es\/fr\/gamme-professional\/","og_locale":"fr_FR","og_type":"article","og_title":"Gamme Professionnelle - Solutions de R\u00e9colte pour le Traitement du Cannabis - Master Products - Master Products","og_description":"Machines de qualit\u00e9 industrielle pour le traitement post-r\u00e9colte du cannabis et du chanvre. Automatisez la taille, le tri et le nettoyage gr\u00e2ce \u00e0 des \u00e9quipements durables et conformes aux normes GACP.","og_url":"https:\/\/masterproducts.es\/fr\/gamme-professional\/","og_site_name":"Master Products","article_modified_time":"2025-06-25T11:48:58+00:00","twitter_card":"summary_large_image","twitter_misc":{"Dur\u00e9e de lecture estim\u00e9e":"3 minutes"},"schema":{"@context":"https:\/\/schema.org","@graph":[{"@type":"WebPage","@id":"https:\/\/masterproducts.es\/fr\/gamme-professional\/","url":"https:\/\/masterproducts.es\/fr\/gamme-professional\/","name":"Gamme Professionnelle - Solutions de R\u00e9colte pour le Traitement du Cannabis - Master Products - Master Products","isPartOf":{"@id":"https:\/\/masterproducts.es\/fr\/#website"},"datePublished":"2023-01-23T05:00:24+00:00","dateModified":"2025-06-25T11:48:58+00:00","description":"Machines de qualit\u00e9 industrielle pour le traitement post-r\u00e9colte du cannabis et du chanvre. Automatisez la taille, le tri et le nettoyage gr\u00e2ce \u00e0 des \u00e9quipements durables et conformes aux normes GACP.","breadcrumb":{"@id":"https:\/\/masterproducts.es\/fr\/gamme-professional\/#breadcrumb"},"inLanguage":"fr-FR","potentialAction":[{"@type":"ReadAction","target":["https:\/\/masterproducts.es\/fr\/gamme-professional\/"]}]},{"@type":"BreadcrumbList","@id":"https:\/\/masterproducts.es\/fr\/gamme-professional\/#breadcrumb","itemListElement":[{"@type":"ListItem","position":1,"name":"HOME","item":"https:\/\/masterproducts.es\/fr\/"},{"@type":"ListItem","position":2,"name":"GAMME PROFESSIONAL"}]},{"@type":"WebSite","@id":"https:\/\/masterproducts.es\/fr\/#website","url":"https:\/\/masterproducts.es\/fr\/","name":"Master Products","description":"Trim like a master","potentialAction":[{"@type":"SearchAction","target":{"@type":"EntryPoint","urlTemplate":"https:\/\/masterproducts.es\/fr\/?s={search_term_string}"},"query-input":{"@type":"PropertyValueSpecification","valueRequired":true,"valueName":"search_term_string"}}],"inLanguage":"fr-FR"}]}},"_links":{"self":[{"href":"https:\/\/masterproducts.es\/fr\/wp-json\/wp\/v2\/pages\/5341","targetHints":{"allow":["GET"]}}],"collection":[{"href":"https:\/\/masterproducts.es\/fr\/wp-json\/wp\/v2\/pages"}],"about":[{"href":"https:\/\/masterproducts.es\/fr\/wp-json\/wp\/v2\/types\/page"}],"author":[{"embeddable":true,"href":"https:\/\/masterproducts.es\/fr\/wp-json\/wp\/v2\/users\/1"}],"replies":[{"embeddable":true,"href":"https:\/\/masterproducts.es\/fr\/wp-json\/wp\/v2\/comments?post=5341"}],"version-history":[{"count":27,"href":"https:\/\/masterproducts.es\/fr\/wp-json\/wp\/v2\/pages\/5341\/revisions"}],"predecessor-version":[{"id":17394,"href":"https:\/\/masterproducts.es\/fr\/wp-json\/wp\/v2\/pages\/5341\/revisions\/17394"}],"wp:attachment":[{"href":"https:\/\/masterproducts.es\/fr\/wp-json\/wp\/v2\/media?parent=5341"}],"curies":[{"name":"wp","href":"https:\/\/api.w.org\/{rel}","templated":true}]}}