{"id":5359,"date":"2023-01-31T14:59:32","date_gmt":"2023-01-31T13:59:32","guid":{"rendered":"https:\/\/masterproducts.es\/?page_id=5359"},"modified":"2023-04-04T14:52:21","modified_gmt":"2023-04-04T12:52:21","slug":"politica-de-privacidad","status":"publish","type":"page","link":"https:\/\/masterproducts.es\/fr\/politica-de-privacidad\/","title":{"rendered":"Pol\u00edtica de privacidad"},"content":{"rendered":"<section class=\"l-section wpb_row height_medium\"><div class=\"l-section-h i-cf\"><div class=\"g-cols vc_row via_grid cols_1 laptops-cols_inherit tablets-cols_inherit mobiles-cols_1 valign_top type_default stacking_default\"><div class=\"wpb_column vc_column_container\"><div class=\"vc_column-inner\"><div class=\"wpb_text_column\"><div class=\"wpb_wrapper\"><h3><strong>Politique de confidentialit\u00e9<\/strong><\/h3>\n<p>Cette politique de confidentialit\u00e9 s&rsquo;applique lors de l&rsquo;utilisation du site web \u00a0\u00bb masterproducts.es \u00ab\u00a0, propri\u00e9t\u00e9 de Master Products Inoxidable, S.L., et lors de l&rsquo;utilisation des moyens de contact mis \u00e0 la disposition des parties int\u00e9ress\u00e9es sur le site web (t\u00e9l\u00e9phone, courrier \u00e9lectronique et r\u00e9seaux sociaux).<\/p>\n<p>Master Products Inoxidable, S.L. traite les donn\u00e9es de mani\u00e8re licite, loyale et transparente. Elle ne traite que des donn\u00e9es ad\u00e9quates, pertinentes et limit\u00e9es \u00e0 ce qui est n\u00e9cessaire au regard des finalit\u00e9s sp\u00e9cifiques, explicites et l\u00e9gitimes pour lesquelles elles sont obtenues, et ne les traite pas \u00e0 des fins incompatibles avec ces finalit\u00e9s.<\/p>\n<p>La pr\u00e9sente politique est accessible en permanence via le lien \u00ab\u00a0Protection des donn\u00e9es\u00a0\u00bb figurant sur le site web et peut \u00eatre mise \u00e0 jour \u00e0 tout moment, soit en raison d&rsquo;une modification r\u00e9glementaire, soit en raison d&rsquo;un changement dans la configuration des services ou dans le type d&rsquo;activit\u00e9 exerc\u00e9e.<\/p>\n<p>Qui est le contr\u00f4leur des donn\u00e9es ?<\/p>\n<p>Master Products Inoxidable, S.L. \u2013 Num\u00e9ro d&rsquo;identification fiscale  B55310817<br \/>\nAdresse postale :  Pol. Ind. Ve\u00efnat de la Banyeta Nova 10<br \/>\n17843 &#8211; Palol de Revardit (Girona)<br \/>\nNum\u00e9ro de t\u00e9l\u00e9phone: +34 972.299.355<br \/>\nCourriel :  info@masterproducts.es<\/p>\n<h3>Dans quel but et sur quelle base traitons-nous les donn\u00e9es ?<\/h3>\n<p>Pour naviguer sur le site web \u00ab\u00a0masterproducts.es\u00a0\u00bb, il n&rsquo;est pas n\u00e9cessaire de fournir des donn\u00e9es. Le caract\u00e8re obligatoire de la r\u00e9ponse aux questions pos\u00e9es ou des donn\u00e9es demand\u00e9es sur le site est indiqu\u00e9 par l&rsquo;ajout d&rsquo;un ast\u00e9risque (*) apr\u00e8s la question ou le champ du formulaire. Si les donn\u00e9es requises ne sont pas fournies, il ne sera pas possible de fournir le service ou la fonctionnalit\u00e9 demand\u00e9e.<\/p>\n<p>Master Products Inoxidable, S.L. traite les informations enregistr\u00e9es conform\u00e9ment aux objectifs suivants :<\/p>\n<p>&#8211; Contact : les donn\u00e9es re\u00e7ues par le biais du formulaire de contact du site Web, ou par tout autre moyen et\/ou canal de contact fourni sur le site Web, sont utilis\u00e9es dans le but de g\u00e9rer les demandes ou les incidents signal\u00e9s par les parties int\u00e9ress\u00e9es. Les bases de l\u00e9gitimation du traitement sont le consentement de l&rsquo;int\u00e9ress\u00e9 et l&rsquo;int\u00e9r\u00eat l\u00e9gitime de Master Products Inoxidable, S.L. \u00e0 r\u00e9pondre aux demandes re\u00e7ues et \u00e0 les g\u00e9rer.<\/p>\n<p>&#8211; Exercice des droits par les personnes concern\u00e9es : les donn\u00e9es fournies sont utilis\u00e9es dans le but d&rsquo;assister et de r\u00e9pondre aux personnes concern\u00e9es qui exercent leurs droits conform\u00e9ment \u00e0 la r\u00e9glementation en mati\u00e8re de protection des donn\u00e9es. La base l\u00e9gitime du traitement est le respect d&rsquo;une obligation l\u00e9gale.<\/p>\n<p>&#8211; Notifications relatives \u00e0 la protection des donn\u00e9es : les donn\u00e9es fournies sont utilis\u00e9es pour traiter les incidents de s\u00e9curit\u00e9 et les notifications conform\u00e9ment aux r\u00e8gles de protection des donn\u00e9es. La base l\u00e9gitime du traitement est le respect d&rsquo;une obligation l\u00e9gale.<\/p>\n<p>Master Products Inoxidable, S.L. utilise des cookies qui ne fournissent pas de r\u00e9f\u00e9rences permettant de d\u00e9duire les donn\u00e9es personnelles des visiteurs. Pour conna\u00eetre la politique d&rsquo;installation et de gestion des dispositifs de stockage et de r\u00e9cup\u00e9ration des donn\u00e9es sur l&rsquo;\u00e9quipement terminal du site Web, veuillez consulter la Politique en mati\u00e8re de cookies.<\/p>\n<p>Master Products Inoxidable, S.L. ne traitera les donn\u00e9es personnelles des int\u00e9ress\u00e9s que conform\u00e9ment aux finalit\u00e9s d\u00e9crites dans la pr\u00e9sente Politique. Les personnes int\u00e9ress\u00e9es sont inform\u00e9es du traitement de leurs donn\u00e9es dans les conditions susmentionn\u00e9es en acceptant la pr\u00e9sente politique de confidentialit\u00e9 dans les sections correspondantes des formulaires fournis sur le site Web.<\/p>\n<p>Les donn\u00e9es fournies et collect\u00e9es seront trait\u00e9es uniquement et exclusivement pendant le temps n\u00e9cessaire et aux fins pour lesquelles elles ont \u00e9t\u00e9 collect\u00e9es \u00e0 tout moment, ainsi que pour d\u00e9terminer les \u00e9ventuelles responsabilit\u00e9s qui pourraient d\u00e9couler des finalit\u00e9s du traitement. Master Products Inoxidable, S.L. a \u00e9tabli diff\u00e9rents d\u00e9lais de conservation en fonction du type de donn\u00e9es et de la finalit\u00e9 applicable \u00e0 leur traitement.<\/p>\n<p>L&rsquo;utilisateur doit s&rsquo;abstenir de fournir les donn\u00e9es personnelles d&rsquo;autres personnes int\u00e9ress\u00e9es, \u00e0 moins qu&rsquo;il ne dispose de l&rsquo;autorisation correspondante, en vertu de laquelle lesdites personnes int\u00e9ress\u00e9es auront \u00e9t\u00e9 d\u00fbment inform\u00e9es au pr\u00e9alable du contenu de la pr\u00e9sente politique de confidentialit\u00e9 et des finalit\u00e9s de son traitement.<\/p>\n<p>Les personnes int\u00e9ress\u00e9es sont inform\u00e9es du contenu de cette politique de confidentialit\u00e9 et, en particulier, elles consentent \u00e0 ce que leurs donn\u00e9es soient communiqu\u00e9es \u00e0 Master Products Inoxidable, S.L. pour \u00eatre trait\u00e9es conform\u00e9ment aux finalit\u00e9s correspondantes.<\/p>\n<h3>\u00c0 quels destinataires les donn\u00e9es seront-elles communiqu\u00e9es ?<\/h3>\n<p>Master Products Inoxidable, S.L. ne divulgue pas les donn\u00e9es personnelles \u00e0 des tiers, sauf si la loi en dispose autrement ou si cela est n\u00e9cessaire pour la prestation du service contract\u00e9. Master Products Inoxidable,<br \/>\nS.L. peut communiquer des donn\u00e9es personnelles aux autorit\u00e9s comp\u00e9tentes : autorit\u00e9s fiscales et douani\u00e8res, autorit\u00e9s judiciaires, forces et organismes de s\u00e9curit\u00e9 de l&rsquo;\u00c9tat, et tout autre destinataire applicable conform\u00e9ment \u00e0 la l\u00e9gislation en vigueur.<br \/>\nLes donn\u00e9es que nous traitons sont uniquement stock\u00e9es dans les locaux de notre prestataire de services situ\u00e9s dans l&rsquo;Union europ\u00e9enne.<\/p>\n<h3>Quels sont vos droits en ce qui concerne vos donn\u00e9es ?<\/h3>\n<p>Toute personne a le droit d&rsquo;obtenir la confirmation que Master Products Inoxidable, S.L. traite ou non des donn\u00e9es \u00e0 caract\u00e8re personnel la concernant, d&rsquo;acc\u00e9der \u00e0 ses donn\u00e9es \u00e0 caract\u00e8re personnel et de demander que les donn\u00e9es inexactes soient rectifi\u00e9es ou que les donn\u00e9es incompl\u00e8tes soient compl\u00e9t\u00e9es.<\/p>\n<p>Vous avez \u00e9galement le droit de demander la suppression de vos donn\u00e9es lorsque, entre autres raisons, les donn\u00e9es ne sont plus n\u00e9cessaires aux fins pour lesquelles elles ont \u00e9t\u00e9 collect\u00e9es. Master Products Inoxidable, S.L. supprimera les donn\u00e9es sans d\u00e9lai, \u00e0 moins qu&rsquo;il ne soit n\u00e9cessaire de les conserver pour respecter une obligation l\u00e9gale, ou pour la formulation, l&rsquo;exercice ou la d\u00e9fense de r\u00e9clamations.<\/p>\n<p>Dans certaines circonstances, les int\u00e9ress\u00e9s peuvent demander la limitation du traitement de leurs donn\u00e9es, auquel cas les donn\u00e9es seront bloqu\u00e9es et ne pourront \u00eatre trait\u00e9es que pour la formulation, l&rsquo;exercice ou la d\u00e9fense de r\u00e9clamations.<\/p>\n<p>De m\u00eame, les personnes concern\u00e9es ont le droit, dans certaines circonstances, de recevoir les donn\u00e9es personnelles fournies \u00e0 Master Products Inoxidable, S.L. dans un format structur\u00e9, couramment utilis\u00e9 et lisible par machine.<\/p>\n<p>Dans certaines circonstances et pour des raisons fond\u00e9es sur la situation particuli\u00e8re de la personne concern\u00e9e, celle-ci peut s&rsquo;opposer au traitement de ses donn\u00e9es et Master Products Inoxidable, S.L. cessera de les traiter, sauf pour des raisons l\u00e9gitimes et imp\u00e9rieuses, ou pour la formulation, le traitement ou l&rsquo;utilisation de ses donn\u00e9es personnelles. <\/p>\n<p>Master Products Inoxidable S.L. cessera de les traiter, sauf pour des raisons l\u00e9gitimes et imp\u00e9rieuses, ou pour la formulation, l&rsquo;exercice ou la d\u00e9fense de r\u00e9clamations.<\/p>\n<p>Tous ces droits peuvent \u00eatre exerc\u00e9s \u00e0 tout moment en adressant une demande par courrier au service juridique de Master Products Inoxidable, S.L. S.L., \u00e0 l&rsquo;adresse suivante : Pol. Ind. Ve\u00efnat de la Banyeta Nova 10 &#8211; 17843 &#8211; Palol de Revardit (Girona) ; ou en envoyant un courrier \u00e9lectronique \u00e0 info@masterproducts.es.<\/p>\n<p>Dans le cas o\u00f9 le consentement de la personne concern\u00e9e au traitement des donn\u00e9es a \u00e9t\u00e9 demand\u00e9, ce consentement peut \u00eatre r\u00e9voqu\u00e9 \u00e0 tout moment en le communiquant dans les conditions d\u00e9crites au paragraphe pr\u00e9c\u00e9dent. Cette r\u00e9vocation ne sera en aucun cas r\u00e9troactive.<\/p>\n<p>Si la personne concern\u00e9e consid\u00e8re qu&rsquo;elle n&rsquo;a pas obtenu satisfaction dans l&rsquo;exercice de ses droits, elle peut introduire une r\u00e9clamation aupr\u00e8s de l&rsquo;Agence espagnole de protection des donn\u00e9es, l&rsquo;autorit\u00e9 de contr\u00f4le comp\u00e9tente en mati\u00e8re de protection des donn\u00e9es, dont les coordonn\u00e9es sont les suivantes : calle Jorge Juan, 6 &#8211; 28001 Madrid.<\/p>\n<\/div><\/div><\/div><\/div><\/div><\/div><\/section>\n","protected":false},"excerpt":{"rendered":"Politique de confidentialit\u00e9 Cette politique de confidentialit\u00e9 s&rsquo;applique lors de l&rsquo;utilisation du site web \u00a0\u00bb masterproducts.es \u00ab\u00a0, propri\u00e9t\u00e9 de Master Products Inoxidable, S.L., et lors de l&rsquo;utilisation des moyens de contact mis \u00e0 la disposition des parties int\u00e9ress\u00e9es sur le site web (t\u00e9l\u00e9phone, courrier \u00e9lectronique et r\u00e9seaux sociaux). Master Products Inoxidable, S.L. traite les donn\u00e9es...","protected":false},"author":1,"featured_media":0,"parent":0,"menu_order":0,"comment_status":"closed","ping_status":"closed","template":"","meta":{"_joinchat":[],"footnotes":""},"class_list":["post-5359","page","type-page","status-publish","hentry"],"yoast_head":"<!-- This site is optimized with the Yoast SEO plugin v27.4 - https:\/\/yoast.com\/product\/yoast-seo-wordpress\/ -->\n<title>Pol\u00edtica de privacidad - Master Products<\/title>\n<meta name=\"robots\" content=\"index, follow, max-snippet:-1, max-image-preview:large, max-video-preview:-1\" \/>\n<link rel=\"canonical\" href=\"https:\/\/masterproducts.es\/fr\/politica-de-privacidad\/\" \/>\n<meta property=\"og:locale\" content=\"fr_FR\" \/>\n<meta property=\"og:type\" content=\"article\" \/>\n<meta property=\"og:title\" content=\"Pol\u00edtica de privacidad - Master Products\" \/>\n<meta property=\"og:url\" content=\"https:\/\/masterproducts.es\/fr\/politica-de-privacidad\/\" \/>\n<meta property=\"og:site_name\" content=\"Master Products\" \/>\n<meta property=\"article:modified_time\" content=\"2023-04-04T12:52:21+00:00\" \/>\n<meta name=\"twitter:card\" content=\"summary_large_image\" \/>\n<meta name=\"twitter:label1\" content=\"Dur\u00e9e de lecture estim\u00e9e\" \/>\n\t<meta name=\"twitter:data1\" content=\"6 minutes\" \/>\n<script type=\"application\/ld+json\" class=\"yoast-schema-graph\">{\"@context\":\"https:\\\/\\\/schema.org\",\"@graph\":[{\"@type\":\"WebPage\",\"@id\":\"https:\\\/\\\/masterproducts.es\\\/fr\\\/politica-de-privacidad\\\/\",\"url\":\"https:\\\/\\\/masterproducts.es\\\/fr\\\/politica-de-privacidad\\\/\",\"name\":\"Pol\u00edtica de privacidad - Master Products\",\"isPartOf\":{\"@id\":\"https:\\\/\\\/masterproducts.es\\\/fr\\\/#website\"},\"datePublished\":\"2023-01-31T13:59:32+00:00\",\"dateModified\":\"2023-04-04T12:52:21+00:00\",\"breadcrumb\":{\"@id\":\"https:\\\/\\\/masterproducts.es\\\/fr\\\/politica-de-privacidad\\\/#breadcrumb\"},\"inLanguage\":\"fr-FR\",\"potentialAction\":[{\"@type\":\"ReadAction\",\"target\":[\"https:\\\/\\\/masterproducts.es\\\/fr\\\/politica-de-privacidad\\\/\"]}]},{\"@type\":\"BreadcrumbList\",\"@id\":\"https:\\\/\\\/masterproducts.es\\\/fr\\\/politica-de-privacidad\\\/#breadcrumb\",\"itemListElement\":[{\"@type\":\"ListItem\",\"position\":1,\"name\":\"HOME\",\"item\":\"https:\\\/\\\/masterproducts.es\\\/fr\\\/\"},{\"@type\":\"ListItem\",\"position\":2,\"name\":\"Pol\u00edtica de privacidad\"}]},{\"@type\":\"WebSite\",\"@id\":\"https:\\\/\\\/masterproducts.es\\\/fr\\\/#website\",\"url\":\"https:\\\/\\\/masterproducts.es\\\/fr\\\/\",\"name\":\"Master Products\",\"description\":\"Trim like a master\",\"potentialAction\":[{\"@type\":\"SearchAction\",\"target\":{\"@type\":\"EntryPoint\",\"urlTemplate\":\"https:\\\/\\\/masterproducts.es\\\/fr\\\/?s={search_term_string}\"},\"query-input\":{\"@type\":\"PropertyValueSpecification\",\"valueRequired\":true,\"valueName\":\"search_term_string\"}}],\"inLanguage\":\"fr-FR\"}]}<\/script>\n<!-- \/ Yoast SEO plugin. -->","yoast_head_json":{"title":"Pol\u00edtica de privacidad - Master Products","robots":{"index":"index","follow":"follow","max-snippet":"max-snippet:-1","max-image-preview":"max-image-preview:large","max-video-preview":"max-video-preview:-1"},"canonical":"https:\/\/masterproducts.es\/fr\/politica-de-privacidad\/","og_locale":"fr_FR","og_type":"article","og_title":"Pol\u00edtica de privacidad - Master Products","og_url":"https:\/\/masterproducts.es\/fr\/politica-de-privacidad\/","og_site_name":"Master Products","article_modified_time":"2023-04-04T12:52:21+00:00","twitter_card":"summary_large_image","twitter_misc":{"Dur\u00e9e de lecture estim\u00e9e":"6 minutes"},"schema":{"@context":"https:\/\/schema.org","@graph":[{"@type":"WebPage","@id":"https:\/\/masterproducts.es\/fr\/politica-de-privacidad\/","url":"https:\/\/masterproducts.es\/fr\/politica-de-privacidad\/","name":"Pol\u00edtica de privacidad - Master Products","isPartOf":{"@id":"https:\/\/masterproducts.es\/fr\/#website"},"datePublished":"2023-01-31T13:59:32+00:00","dateModified":"2023-04-04T12:52:21+00:00","breadcrumb":{"@id":"https:\/\/masterproducts.es\/fr\/politica-de-privacidad\/#breadcrumb"},"inLanguage":"fr-FR","potentialAction":[{"@type":"ReadAction","target":["https:\/\/masterproducts.es\/fr\/politica-de-privacidad\/"]}]},{"@type":"BreadcrumbList","@id":"https:\/\/masterproducts.es\/fr\/politica-de-privacidad\/#breadcrumb","itemListElement":[{"@type":"ListItem","position":1,"name":"HOME","item":"https:\/\/masterproducts.es\/fr\/"},{"@type":"ListItem","position":2,"name":"Pol\u00edtica de privacidad"}]},{"@type":"WebSite","@id":"https:\/\/masterproducts.es\/fr\/#website","url":"https:\/\/masterproducts.es\/fr\/","name":"Master Products","description":"Trim like a master","potentialAction":[{"@type":"SearchAction","target":{"@type":"EntryPoint","urlTemplate":"https:\/\/masterproducts.es\/fr\/?s={search_term_string}"},"query-input":{"@type":"PropertyValueSpecification","valueRequired":true,"valueName":"search_term_string"}}],"inLanguage":"fr-FR"}]}},"_links":{"self":[{"href":"https:\/\/masterproducts.es\/fr\/wp-json\/wp\/v2\/pages\/5359","targetHints":{"allow":["GET"]}}],"collection":[{"href":"https:\/\/masterproducts.es\/fr\/wp-json\/wp\/v2\/pages"}],"about":[{"href":"https:\/\/masterproducts.es\/fr\/wp-json\/wp\/v2\/types\/page"}],"author":[{"embeddable":true,"href":"https:\/\/masterproducts.es\/fr\/wp-json\/wp\/v2\/users\/1"}],"replies":[{"embeddable":true,"href":"https:\/\/masterproducts.es\/fr\/wp-json\/wp\/v2\/comments?post=5359"}],"version-history":[{"count":3,"href":"https:\/\/masterproducts.es\/fr\/wp-json\/wp\/v2\/pages\/5359\/revisions"}],"predecessor-version":[{"id":5362,"href":"https:\/\/masterproducts.es\/fr\/wp-json\/wp\/v2\/pages\/5359\/revisions\/5362"}],"wp:attachment":[{"href":"https:\/\/masterproducts.es\/fr\/wp-json\/wp\/v2\/media?parent=5359"}],"curies":[{"name":"wp","href":"https:\/\/api.w.org\/{rel}","templated":true}]}}