{"id":5363,"date":"2023-01-04T09:09:59","date_gmt":"2023-01-04T08:09:59","guid":{"rendered":"https:\/\/masterproducts.es\/?page_id=5363"},"modified":"2025-06-19T10:00:25","modified_gmt":"2025-06-19T08:00:25","slug":"points-de-vente","status":"publish","type":"page","link":"https:\/\/masterproducts.es\/fr\/points-de-vente\/","title":{"rendered":"POINTS DE VENTE"},"content":{"rendered":"<section class=\"l-section wpb_row height_small\"><div class=\"l-section-h i-cf\"><div class=\"g-cols vc_row via_grid cols_1 laptops-cols_inherit tablets-cols_inherit mobiles-cols_1 valign_top type_default stacking_default\"><div class=\"wpb_column vc_column_container\"><div class=\"vc_column-inner\"><div class=\"wpb_text_column\"><div class=\"wpb_wrapper\"><h1 class=\"titulo-slider\" style=\"text-align: center;\">POINTS<\/h1>\n<h2 class=\"titulo-slider-destacado\" style=\"text-align: center;\">DE VENTE<\/h2>\n<\/div><\/div><div class=\"w-separator size_medium\"><\/div><div class=\"g-cols wpb_row via_grid cols_2 laptops-cols_inherit tablets-cols_inherit mobiles-cols_1 valign_top type_default stacking_default\" style=\"--columns-gap:3rem;\"><div class=\"wpb_column vc_column_container\"><div class=\"vc_column-inner\"><div class=\"wpb_text_column\"><div class=\"wpb_wrapper\"><p>Actuellement, nous commercialisons et vendons nos produits dans plus de 40 pays autour du monde. Gr\u00e2ce \u00e0 un vaste r\u00e9seau de <em>partenaires<\/em> et de distributeurs commerciaux, notre marque est toujours proche de vous, pour vous offrir les meilleures solutions, avec le meilleur service et la meilleure qualit\u00e9.<\/p>\n<\/div><\/div><\/div><\/div><div class=\"wpb_column vc_column_container\"><div class=\"vc_column-inner\"><div class=\"wpb_text_column\"><div class=\"wpb_wrapper\"><p>Retrouvez sur la carte tous nos points de vente, ainsi que les sites de location o\u00f9 vous pourrez utiliser les meilleures trimeuses du march\u00e9 pour le traitement industriel et m\u00e9dical. O\u00f9 que vous soyez, nous sommes toujours \u00e0 votre service et \u00e0 votre disposition. Trouvez le point de vente le plus proche de chez vous !<\/p>\n<\/div><\/div><\/div><\/div><\/div><\/div><\/div><\/div><\/div><\/section><section class=\"l-section wpb_row height_small\"><div class=\"l-section-h i-cf\"><div class=\"g-cols vc_row via_grid cols_1 laptops-cols_inherit tablets-cols_inherit mobiles-cols_1 valign_top type_default stacking_default\"><div class=\"wpb_column vc_column_container\"><div class=\"vc_column-inner\"><style data-type=\"us_custom-css\">.elemento-menu-pv a{font-weight:700;color:#000;text-transform:uppercase;padding:0.5rem 3rem}.elemento-menu-pv a:hover{background-color:#F1A48B;color:#fff}<\/style><section class=\"l-section wpb_row height_small\"><div class=\"l-section-h i-cf\"><div class=\"g-cols vc_row via_grid cols_1 laptops-cols_inherit tablets-cols_inherit mobiles-cols_1 valign_top type_default stacking_default\"><div class=\"wpb_column vc_column_container\"><div class=\"vc_column-inner\">[vc_raw_js]JTBBJTNDc2NyaXB0JTNFJTBBJTIwalF1ZXJ5JTI4ZG9jdW1lbnQlMjkucmVhZHklMjhmdW5jdGlvbiUyOCUyOSU3QiUyMCUyMCUwQSUyMGpRdWVyeSUyOGZ1bmN0aW9uJTI4JTI5JTIwJTdCJTBBJTIwJTIwJTIwJTIwJTIwJTIwJTIwJTIwalF1ZXJ5JTI4JTI3LnctdGFicy1zZWN0aW9uJTIwYSU1QmhyZWYlNUQlMjclMjkuYXR0ciUyOCUyN3RhcmdldCUyNyUyQyUyMCUyN19ibGFuayUyNyUyOSUzQiUwQSUyMCUyMCUyMCUyMCU3RCUyOSUzQiUwQSUwQSU3RCUyOSUzQiUwQSUzQyUyRnNjcmlwdCUzRSUwQQ==[\/vc_raw_js]<div class=\"w-hwrapper valign_top wrap align_center\" style=\"--hwrapper-gap:1.20rem\"><div class=\"wpb_text_column\"><div class=\"wpb_wrapper\"><p style=\"text-align: center;\"><span class=\"elemento-menu-pv europa\"><a href=\"https:\/\/masterproducts.es\/fr\/points-de-vente\/europa\/\">Europe<\/a><\/span><\/p>\n<\/div><\/div><div class=\"wpb_text_column\"><div class=\"wpb_wrapper\"><p style=\"text-align: center;\"><span class=\"elemento-menu-pv asia\"><a href=\"https:\/\/masterproducts.es\/fr\/points-de-vente\/asie\/\">Asie<\/a><\/span><\/p>\n<\/div><\/div><div class=\"wpb_text_column\"><div class=\"wpb_wrapper\"><p style=\"text-align: center;\"><span class=\"elemento-menu-pv africa\"><a href=\"https:\/\/masterproducts.es\/fr\/points-de-vente\/afrique\/\">Afrique<\/a><\/span><\/p>\n<\/div><\/div><div class=\"wpb_text_column\"><div class=\"wpb_wrapper\"><p style=\"text-align: center;\"><span class=\"elemento-menu-pv oceania\"><a href=\"https:\/\/masterproducts.es\/fr\/points-de-vente\/oceanie\/\">Oc\u00e9anie<\/a><\/span><\/p>\n<\/div><\/div><div class=\"wpb_text_column\"><div class=\"wpb_wrapper\"><p style=\"text-align: center;\"><span class=\"elemento-menu-pv america-del-sud\"><a href=\"https:\/\/masterproducts.es\/fr\/points-de-vente\/america-du-sud\/\">Amerique du Sud<\/a><\/span><\/p>\n<\/div><\/div><div class=\"wpb_text_column\"><div class=\"wpb_wrapper\"><p style=\"text-align: center;\"><span class=\"elemento-menu-pv america-del-sud\"><a href=\"https:\/\/masterproducts.es\/fr\/points-de-vente\/america-du-nord\/\">Amerique du Nord<\/a><\/span><\/p>\n<\/div><\/div><\/div><\/div><\/div><\/div><\/div><\/section>\n<\/div><\/div><\/div><\/div><\/section><section class=\"l-section wpb_row height_small\"><div class=\"l-section-h i-cf\"><div class=\"g-cols vc_row via_grid cols_1 laptops-cols_inherit tablets-cols_inherit mobiles-cols_1 valign_top type_default stacking_default\"><div class=\"wpb_column vc_column_container\"><div class=\"vc_column-inner\"><div class=\"wpb_text_column\"><div class=\"wpb_wrapper\"><!-- vision begin -->\n<div class=\"vision-map vision-map-19\"data-json-src=\"https:\/\/masterproducts.es\/fr\/wp-json\/vision\/v1\/item\/19\" data-item-id=\"19\" tabindex=\"1\" style=\"display:none;\" >\n<div class=\"vision-store\">\n<div class=\"vision-layers-data\">\n<div class=\"vision-layer\" data-layer-id=\"f60be713\"><\/div>\n<div class=\"vision-layer\" data-layer-id=\"e882e9a4\"><\/div>\n<div class=\"vision-layer\" data-layer-id=\"9a6b24ad\"><\/div>\n<div class=\"vision-layer\" data-layer-id=\"43109e0c\"><\/div>\n<div class=\"vision-layer\" data-layer-id=\"dfaa9ab3\"><\/div>\n<\/div>\n<div class=\"vision-tooltips-data\">\n<div class=\"vision-data\" data-layer-id=\"f60be713\"><\/div>\n<div class=\"vision-data\" data-layer-id=\"e882e9a4\"><\/div>\n<div class=\"vision-data\" data-layer-id=\"9a6b24ad\"><\/div>\n<div class=\"vision-data\" data-layer-id=\"43109e0c\"><\/div>\n<div class=\"vision-data\" data-layer-id=\"dfaa9ab3\"><\/div>\n<\/div>\n<div class=\"vision-popovers-data\">\n<div class=\"vision-data\" data-layer-id=\"f60be713\"><\/div>\n<div class=\"vision-data\" data-layer-id=\"e882e9a4\"><\/div>\n<div class=\"vision-data\" data-layer-id=\"9a6b24ad\"><\/div>\n<div class=\"vision-data\" data-layer-id=\"43109e0c\"><\/div>\n<div class=\"vision-data\" data-layer-id=\"dfaa9ab3\"><\/div>\n<\/div>\n<\/div>\n<\/div>\n<!-- vision end -->\n\n<\/div><\/div><\/div><\/div><\/div><\/div><\/section>\n","protected":false},"excerpt":{"rendered":"POINTS DE VENTE Actuellement, nous commercialisons et vendons nos produits dans plus de 40 pays autour du monde. Gr\u00e2ce \u00e0 un vaste r\u00e9seau de partenaires et de distributeurs commerciaux, notre marque est toujours proche de vous, pour vous offrir les meilleures solutions, avec le meilleur service et la meilleure qualit\u00e9. Retrouvez sur la carte tous...","protected":false},"author":1,"featured_media":0,"parent":0,"menu_order":0,"comment_status":"closed","ping_status":"closed","template":"","meta":{"_joinchat":[],"footnotes":""},"class_list":["post-5363","page","type-page","status-publish","hentry"],"yoast_head":"<!-- This site is optimized with the Yoast SEO plugin v27.4 - https:\/\/yoast.com\/product\/yoast-seo-wordpress\/ -->\n<title>Trouvez nos points de vente et distributeurs dans le monde entier - Master Products - Master Products<\/title>\n<meta name=\"description\" content=\"D\u00e9couvrez le r\u00e9seau Master Products dans plus de 40 pays. Localisez les points de vente, les distributeurs officiels ou les services de location de machines \u00e0 tailler et \u00e9plucher le cannabis pr\u00e8s de chez vous.\" \/>\n<meta name=\"robots\" content=\"index, follow, max-snippet:-1, max-image-preview:large, max-video-preview:-1\" \/>\n<link rel=\"canonical\" href=\"https:\/\/masterproducts.es\/fr\/points-de-vente\/\" \/>\n<meta property=\"og:locale\" content=\"fr_FR\" \/>\n<meta property=\"og:type\" content=\"article\" \/>\n<meta property=\"og:title\" content=\"Trouvez nos points de vente et distributeurs dans le monde entier - Master Products - Master Products\" \/>\n<meta property=\"og:description\" content=\"D\u00e9couvrez le r\u00e9seau Master Products dans plus de 40 pays. Localisez les points de vente, les distributeurs officiels ou les services de location de machines \u00e0 tailler et \u00e9plucher le cannabis pr\u00e8s de chez vous.\" \/>\n<meta property=\"og:url\" content=\"https:\/\/masterproducts.es\/fr\/points-de-vente\/\" \/>\n<meta property=\"og:site_name\" content=\"Master Products\" \/>\n<meta property=\"article:modified_time\" content=\"2025-06-19T08:00:25+00:00\" \/>\n<meta name=\"twitter:card\" content=\"summary_large_image\" \/>\n<meta name=\"twitter:label1\" content=\"Dur\u00e9e de lecture estim\u00e9e\" \/>\n\t<meta name=\"twitter:data1\" content=\"1 minute\" \/>\n<script type=\"application\/ld+json\" class=\"yoast-schema-graph\">{\"@context\":\"https:\\\/\\\/schema.org\",\"@graph\":[{\"@type\":\"WebPage\",\"@id\":\"https:\\\/\\\/masterproducts.es\\\/fr\\\/points-de-vente\\\/\",\"url\":\"https:\\\/\\\/masterproducts.es\\\/fr\\\/points-de-vente\\\/\",\"name\":\"Trouvez nos points de vente et distributeurs dans le monde entier - Master Products - Master Products\",\"isPartOf\":{\"@id\":\"https:\\\/\\\/masterproducts.es\\\/fr\\\/#website\"},\"datePublished\":\"2023-01-04T08:09:59+00:00\",\"dateModified\":\"2025-06-19T08:00:25+00:00\",\"description\":\"D\u00e9couvrez le r\u00e9seau Master Products dans plus de 40 pays. Localisez les points de vente, les distributeurs officiels ou les services de location de machines \u00e0 tailler et \u00e9plucher le cannabis pr\u00e8s de chez vous.\",\"breadcrumb\":{\"@id\":\"https:\\\/\\\/masterproducts.es\\\/fr\\\/points-de-vente\\\/#breadcrumb\"},\"inLanguage\":\"fr-FR\",\"potentialAction\":[{\"@type\":\"ReadAction\",\"target\":[\"https:\\\/\\\/masterproducts.es\\\/fr\\\/points-de-vente\\\/\"]}]},{\"@type\":\"BreadcrumbList\",\"@id\":\"https:\\\/\\\/masterproducts.es\\\/fr\\\/points-de-vente\\\/#breadcrumb\",\"itemListElement\":[{\"@type\":\"ListItem\",\"position\":1,\"name\":\"HOME\",\"item\":\"https:\\\/\\\/masterproducts.es\\\/fr\\\/\"},{\"@type\":\"ListItem\",\"position\":2,\"name\":\"POINTS DE VENTE\"}]},{\"@type\":\"WebSite\",\"@id\":\"https:\\\/\\\/masterproducts.es\\\/fr\\\/#website\",\"url\":\"https:\\\/\\\/masterproducts.es\\\/fr\\\/\",\"name\":\"Master Products\",\"description\":\"Trim like a master\",\"potentialAction\":[{\"@type\":\"SearchAction\",\"target\":{\"@type\":\"EntryPoint\",\"urlTemplate\":\"https:\\\/\\\/masterproducts.es\\\/fr\\\/?s={search_term_string}\"},\"query-input\":{\"@type\":\"PropertyValueSpecification\",\"valueRequired\":true,\"valueName\":\"search_term_string\"}}],\"inLanguage\":\"fr-FR\"}]}<\/script>\n<!-- \/ Yoast SEO plugin. -->","yoast_head_json":{"title":"Trouvez nos points de vente et distributeurs dans le monde entier - Master Products - Master Products","description":"D\u00e9couvrez le r\u00e9seau Master Products dans plus de 40 pays. Localisez les points de vente, les distributeurs officiels ou les services de location de machines \u00e0 tailler et \u00e9plucher le cannabis pr\u00e8s de chez vous.","robots":{"index":"index","follow":"follow","max-snippet":"max-snippet:-1","max-image-preview":"max-image-preview:large","max-video-preview":"max-video-preview:-1"},"canonical":"https:\/\/masterproducts.es\/fr\/points-de-vente\/","og_locale":"fr_FR","og_type":"article","og_title":"Trouvez nos points de vente et distributeurs dans le monde entier - Master Products - Master Products","og_description":"D\u00e9couvrez le r\u00e9seau Master Products dans plus de 40 pays. Localisez les points de vente, les distributeurs officiels ou les services de location de machines \u00e0 tailler et \u00e9plucher le cannabis pr\u00e8s de chez vous.","og_url":"https:\/\/masterproducts.es\/fr\/points-de-vente\/","og_site_name":"Master Products","article_modified_time":"2025-06-19T08:00:25+00:00","twitter_card":"summary_large_image","twitter_misc":{"Dur\u00e9e de lecture estim\u00e9e":"1 minute"},"schema":{"@context":"https:\/\/schema.org","@graph":[{"@type":"WebPage","@id":"https:\/\/masterproducts.es\/fr\/points-de-vente\/","url":"https:\/\/masterproducts.es\/fr\/points-de-vente\/","name":"Trouvez nos points de vente et distributeurs dans le monde entier - Master Products - Master Products","isPartOf":{"@id":"https:\/\/masterproducts.es\/fr\/#website"},"datePublished":"2023-01-04T08:09:59+00:00","dateModified":"2025-06-19T08:00:25+00:00","description":"D\u00e9couvrez le r\u00e9seau Master Products dans plus de 40 pays. Localisez les points de vente, les distributeurs officiels ou les services de location de machines \u00e0 tailler et \u00e9plucher le cannabis pr\u00e8s de chez vous.","breadcrumb":{"@id":"https:\/\/masterproducts.es\/fr\/points-de-vente\/#breadcrumb"},"inLanguage":"fr-FR","potentialAction":[{"@type":"ReadAction","target":["https:\/\/masterproducts.es\/fr\/points-de-vente\/"]}]},{"@type":"BreadcrumbList","@id":"https:\/\/masterproducts.es\/fr\/points-de-vente\/#breadcrumb","itemListElement":[{"@type":"ListItem","position":1,"name":"HOME","item":"https:\/\/masterproducts.es\/fr\/"},{"@type":"ListItem","position":2,"name":"POINTS DE VENTE"}]},{"@type":"WebSite","@id":"https:\/\/masterproducts.es\/fr\/#website","url":"https:\/\/masterproducts.es\/fr\/","name":"Master Products","description":"Trim like a master","potentialAction":[{"@type":"SearchAction","target":{"@type":"EntryPoint","urlTemplate":"https:\/\/masterproducts.es\/fr\/?s={search_term_string}"},"query-input":{"@type":"PropertyValueSpecification","valueRequired":true,"valueName":"search_term_string"}}],"inLanguage":"fr-FR"}]}},"_links":{"self":[{"href":"https:\/\/masterproducts.es\/fr\/wp-json\/wp\/v2\/pages\/5363","targetHints":{"allow":["GET"]}}],"collection":[{"href":"https:\/\/masterproducts.es\/fr\/wp-json\/wp\/v2\/pages"}],"about":[{"href":"https:\/\/masterproducts.es\/fr\/wp-json\/wp\/v2\/types\/page"}],"author":[{"embeddable":true,"href":"https:\/\/masterproducts.es\/fr\/wp-json\/wp\/v2\/users\/1"}],"replies":[{"embeddable":true,"href":"https:\/\/masterproducts.es\/fr\/wp-json\/wp\/v2\/comments?post=5363"}],"version-history":[{"count":5,"href":"https:\/\/masterproducts.es\/fr\/wp-json\/wp\/v2\/pages\/5363\/revisions"}],"predecessor-version":[{"id":17383,"href":"https:\/\/masterproducts.es\/fr\/wp-json\/wp\/v2\/pages\/5363\/revisions\/17383"}],"wp:attachment":[{"href":"https:\/\/masterproducts.es\/fr\/wp-json\/wp\/v2\/media?parent=5363"}],"curies":[{"name":"wp","href":"https:\/\/api.w.org\/{rel}","templated":true}]}}