{"id":5429,"date":"2023-01-26T16:03:13","date_gmt":"2023-01-26T15:03:13","guid":{"rendered":"https:\/\/masterproducts.es\/?page_id=5429"},"modified":"2025-07-01T09:25:15","modified_gmt":"2025-07-01T07:25:15","slug":"master-buckers","status":"publish","type":"page","link":"https:\/\/masterproducts.es\/fr\/gamme-professional\/master-buckers\/","title":{"rendered":"Master Buckers"},"content":{"rendered":"<section class=\"l-section wpb_row height_medium\"><div class=\"l-section-h i-cf\"><div class=\"g-cols vc_row via_grid cols_1 laptops-cols_inherit tablets-cols_inherit mobiles-cols_1 valign_top type_default stacking_default\" style=\"--columns-gap:1rem;\"><div class=\"wpb_column vc_column_container\"><div class=\"vc_column-inner\"><div class=\"wpb_text_column\"><div class=\"wpb_wrapper\"><h2 class=\"titulo-slider\" style=\"text-align: center;\">GAMME<\/h2>\n<h2 class=\"titulo-slider-destacado\" style=\"text-align: center;\">PROFESSIONAL<\/h2>\n<\/div><\/div><\/div><\/div><\/div><\/div><\/section><style data-type=\"us_custom-css\">.menu-maquinas a{color:#333;text-transform:uppercase;font-weight:700}<\/style><section class=\"l-section wpb_row us_custom_310001f5 menu-maquinas hide_on_tablets hide_on_mobiles height_auto width_full type_sticky\"><div class=\"l-section-h i-cf\"><div class=\"g-cols vc_row via_grid cols_1 laptops-cols_inherit tablets-cols_inherit mobiles-cols_1 valign_top type_default stacking_default\" style=\"--columns-gap:0.5rem;\"><div class=\"wpb_column vc_column_container\"><div class=\"vc_column-inner\"><div class=\"w-hwrapper valign_top align_center\" style=\"--hwrapper-gap:3rem\"><div class=\"w-btn-wrapper align_center\"><a class=\"w-btn us-btn-style_1\" title=\"Gama Professional\" href=\"https:\/\/masterproducts.es\/fr\/gamme-professional\/\"><span class=\"w-btn-label\">Gamme Professional<\/span><\/a><\/div><div class=\"w-btn-wrapper align_center\"><a class=\"w-btn us-btn-style_4\" title=\"Trimmers\" href=\"https:\/\/masterproducts.es\/fr\/gamme-professional\/master-trimmers\/#indice-maquinas\"><span class=\"w-btn-label\">Trimmers<\/span><\/a><\/div><div class=\"w-btn-wrapper align_center\"><a class=\"w-btn us-btn-style_4\" title=\"Buckers\" href=\"https:\/\/masterproducts.es\/fr\/gamme-professional\/master-extractors\/#indice-maquinas\"><span class=\"w-btn-label\">Extractors<\/span><\/a><\/div><div class=\"w-btn-wrapper align_center\"><a class=\"w-btn us-btn-style_4\" title=\"Trimmers\" href=\"https:\/\/masterproducts.es\/fr\/gamme-professional\/sorter\/\"><span class=\"w-btn-label\">Sorters<\/span><\/a><\/div><div class=\"w-btn-wrapper align_center\"><a class=\"w-btn us-btn-style_4\" title=\"Buckers\" href=\"https:\/\/masterproducts.es\/fr\/gamme-professional\/master-buckers\/#indice-maquinas\"><span class=\"w-btn-label\">Buckers<\/span><\/a><\/div><div class=\"w-btn-wrapper align_center\"><a class=\"w-btn us-btn-style_4\" title=\"Buckers\" href=\"https:\/\/masterproducts.es\/fr\/gamme-professional\/master-seeds\/#indice-maquinas\"><span class=\"w-btn-label\">Seeds<\/span><\/a><\/div><div class=\"w-btn-wrapper align_center\"><a class=\"w-btn us-btn-style_4\" title=\"Freeze Dryer\" href=\"https:\/\/masterproducts.es\/fr\/maquina\/lio-freeze-dryer-lyophilisation-sechage-cannabis\/\"><span class=\"w-btn-label\">Freeze Dryers<\/span><\/a><\/div><\/div><\/div><\/div><\/div><\/div><\/section>\n<section class=\"l-section wpb_row us_custom_678a4f9f height_auto\"><div class=\"l-section-h i-cf\"><div class=\"g-cols vc_row via_grid cols_1-2 laptops-cols_inherit tablets-cols_inherit mobiles-cols_1 valign_top type_default stacking_default\"><div class=\"wpb_column vc_column_container\"><div class=\"vc_column-inner\"><div class=\"w-separator size_medium\"><\/div><div class=\"wpb_text_column\"><div class=\"wpb_wrapper\"><h1 class=\"titulo-slider\" style=\"text-align: left;\">\u00c9QUIPEMENT POST-R\u00c9COLTE AVEC CONFORMIT\u00c9 GACP<\/h1>\n<\/div><\/div><div class=\"w-separator size_medium\"><\/div><div class=\"wpb_text_column\"><div class=\"wpb_wrapper\"><div class=\"wpb_text_column\">\n<div class=\"wpb_wrapper\">\n<div class=\"wpb_text_column\">\n<div class=\"wpb_wrapper\">\n<div class=\"wpb_text_column\">\n<div class=\"wpb_wrapper\">\n<p>D\u00e9couvrez nos solutions de post-r\u00e9colte pour le traitement du cannabis et du chanvre industriel. Nous vous aidons \u00e0 automatiser et \u00e0 industrialiser le processus de trimage \u00e0 toutes les \u00e9tapes de la production.<\/p>\n<p>Nous concevons et fabriquons des machines agricoles industrielles adapt\u00e9es aux besoins de nos clients et aux exigences de production de chaque type de culture. Notre portefeuille comprend des trimeuses, \u00e9plucheurs de fleurs de cannabis, des \u00e9greneuses ou des classificateurs par taille, ainsi que des machines de s\u00e9paration des graines \u00faniques disponibles sur le march\u00e9.<\/p>\n<p>Toutes nos machines sont fabriqu\u00e9es avec des mat\u00e9riaux de haute qualit\u00e9 garantissant des r\u00e9sultats de traitement optimaux, ainsi que durabilit\u00e9 et pr\u00e9servation.<\/p>\n<p><strong>Traitement \u00e0 frais et\/ou sec.<\/strong><\/p>\n<\/div>\n<\/div>\n<\/div>\n<\/div>\n<\/div>\n<\/div>\n<\/div><\/div><div class=\"w-separator size_medium\"><\/div><\/div><\/div><div class=\"wpb_column vc_column_container\"><div class=\"vc_column-inner\"><div class=\"w-image align_left\"><div class=\"w-image-h\"><img decoding=\"async\" width=\"1024\" height=\"894\" src=\"https:\/\/masterproducts.es\/wp-content\/uploads\/2024\/07\/BUCKERS-1-1024x894.png\" class=\"attachment-large size-large\" alt=\"\" loading=\"lazy\" srcset=\"https:\/\/masterproducts.es\/wp-content\/uploads\/2024\/07\/BUCKERS-1-1024x894.png 1024w, https:\/\/masterproducts.es\/wp-content\/uploads\/2024\/07\/BUCKERS-1-300x262.png 300w, https:\/\/masterproducts.es\/wp-content\/uploads\/2024\/07\/BUCKERS-1.png 1518w\" sizes=\"auto, (max-width: 1024px) 100vw, 1024px\" \/><\/div><\/div><\/div><\/div><\/div><\/div><\/section><section class=\"l-section wpb_row height_medium\" id=\"indice-maquinas\"><div class=\"l-section-h i-cf\"><div class=\"g-cols vc_row via_grid cols_3 laptops-cols_inherit tablets-cols_inherit mobiles-cols_1 valign_top type_default stacking_default\"><div class=\"wpb_column vc_column_container\"><div class=\"vc_column-inner\"><div class=\"wpb_text_column\"><div class=\"wpb_wrapper\"><h2 class=\"titulo-slider\" style=\"text-align: left;\">MASTER<\/h2>\n<h2 class=\"titulo-slider-destacado\" style=\"text-align: left;\">BUCKERS<\/h2>\n<\/div><\/div><div class=\"w-separator size_small\"><\/div><div class=\"wpb_text_column\"><div class=\"wpb_wrapper\"><p>Equipements con\u00e7us pour s\u00e9parer les branches et les tiges des fleurs. Ce processus peut \u00eatre effectu\u00e9 \u00e0 sec ou \u00e0 humide. Les plus grandes feuilles sont \u00e9galement s\u00e9par\u00e9es. C&rsquo;est la phase qui pr\u00e9c\u00e8de \u00e0 l&rsquo;\u00e9pluchage. Ces machines sont souvent appel\u00e9es famili\u00e8rement comme s\u00e9parateur de bourgeons.<\/p>\n<\/div><\/div><\/div><\/div><div class=\"wpb_column vc_column_container\"><div class=\"vc_column-inner\"><\/div><\/div><div class=\"wpb_column vc_column_container\"><div class=\"vc_column-inner\"><\/div><\/div><\/div><\/div><\/section><section class=\"l-section wpb_row height_medium\"><div class=\"l-section-h i-cf\"><div class=\"g-cols vc_row via_grid cols_1 laptops-cols_inherit tablets-cols_inherit mobiles-cols_1 valign_top type_default stacking_default\"><div class=\"wpb_column vc_column_container\"><div class=\"vc_column-inner\"><div class=\"w-grid type_grid layout_38 cols_3 preload_style_spinner\" id=\"us_grid_1\" style=\"--columns:3;--gap:1.5rem;\" data-filterable=\"true\"><style>@media (max-width:1024px){#us_grid_1{--columns:2!important}}@media (max-width:600px){#us_grid_1{--columns:1!important}}.layout_38 .w-grid-item-h{background:#EDEDED}.layout_38 .usg_post_image_1{background:#ffffff!important}.layout_38 .usg_post_title_1{font-size:1rem!important;font-weight:700!important;width:100%!important;padding:1rem!important;background:#EDEDED!important}.layout_38 .usg_vwrapper_1{margin:0!important;background:#EDEDED!important}<\/style><div class=\"w-grid-list\">\t<article class=\"w-grid-item size_1x1 post-5619 maquina type-maquina status-publish has-post-thumbnail hentry familia_producto-gama-professional-fr familia_producto-master-buckers-fr logo-ce-fr logo-food-quality-fr logo-warranty-fr modelo_maquina-mb-bucker-200-fr\" data-id=\"5619\">\r\n\t\t<div class=\"w-grid-item-h\">\r\n\t\t\t\t\t\t<div class=\"w-post-elm post_image usg_post_image_1 has_ratio\"><a href=\"https:\/\/masterproducts.es\/fr\/maquina\/mb-bucker-200\/\" aria-label=\"MB BUCKER 200\"><img loading=\"lazy\" decoding=\"async\" width=\"1181\" height=\"1181\" src=\"https:\/\/masterproducts.es\/wp-content\/uploads\/2023\/01\/PROF-_-BUCKERS-_-MB-BUCKER-200.png\" class=\"attachment-full size-full wp-post-image\" alt=\"\" \/><\/a><div style=\"padding-bottom:100%\"><\/div><\/div><div class=\"w-vwrapper usg_vwrapper_1 align_none valign_top\"><h2 class=\"w-post-elm post_title usg_post_title_1 align_center entry-title color_link_inherit\"><a href=\"https:\/\/masterproducts.es\/fr\/maquina\/mb-bucker-200\/\">MB BUCKER 200<\/a><\/h2><\/div>\t\t<\/div>\r\n\t\t\t<\/article>\r\n\t<article class=\"w-grid-item size_1x1 post-5622 maquina type-maquina status-publish has-post-thumbnail hentry familia_producto-gama-professional-fr familia_producto-master-buckers-fr logo-ce-fr logo-food-quality-fr logo-warranty-fr modelo_maquina-mb-bucker-500-fr\" data-id=\"5622\">\r\n\t\t<div class=\"w-grid-item-h\">\r\n\t\t\t\t\t\t<div class=\"w-post-elm post_image usg_post_image_1 has_ratio\"><a href=\"https:\/\/masterproducts.es\/fr\/maquina\/mb-bucker-500\/\" aria-label=\"MB BUCKER 500\"><img loading=\"lazy\" decoding=\"async\" width=\"1181\" height=\"1181\" src=\"https:\/\/masterproducts.es\/wp-content\/uploads\/2023\/01\/PROF-_-BUCKERS-_-MB-BUCKER-500.png\" class=\"attachment-full size-full wp-post-image\" alt=\"\" \/><\/a><div style=\"padding-bottom:100%\"><\/div><\/div><div class=\"w-vwrapper usg_vwrapper_1 align_none valign_top\"><h2 class=\"w-post-elm post_title usg_post_title_1 align_center entry-title color_link_inherit\"><a href=\"https:\/\/masterproducts.es\/fr\/maquina\/mb-bucker-500\/\">MB BUCKER 500<\/a><\/h2><\/div>\t\t<\/div>\r\n\t\t\t<\/article>\r\n<\/div><div class=\"w-grid-preloader\">\t<div class=\"g-preloader type_1\">\r\n\t\t<div><\/div>\r\n\t<\/div>\r\n\t<\/div>\t<div class=\"w-grid-json hidden\" onclick='return {&quot;action&quot;:&quot;us_ajax_grid&quot;,&quot;infinite_scroll&quot;:0,&quot;max_num_pages&quot;:1,&quot;pagination&quot;:&quot;none&quot;,&quot;template_vars&quot;:{&quot;columns&quot;:&quot;3&quot;,&quot;exclude_items&quot;:&quot;none&quot;,&quot;img_size&quot;:&quot;default&quot;,&quot;ignore_items_size&quot;:0,&quot;items_layout&quot;:&quot;38&quot;,&quot;items_offset&quot;:&quot;1&quot;,&quot;load_animation&quot;:&quot;none&quot;,&quot;overriding_link&quot;:&quot;{\\&quot;url\\&quot;:\\&quot;\\&quot;}&quot;,&quot;post_id&quot;:0,&quot;query_args&quot;:{&quot;post_type&quot;:[&quot;maquina&quot;],&quot;tax_query&quot;:[{&quot;taxonomy&quot;:&quot;familia_producto&quot;,&quot;field&quot;:&quot;slug&quot;,&quot;terms&quot;:[&quot;master-buckers&quot;]}],&quot;post_status&quot;:[&quot;publish&quot;],&quot;posts_per_page&quot;:&quot;10&quot;},&quot;orderby_query_args&quot;:{&quot;orderby&quot;:{&quot;date&quot;:&quot;DESC&quot;}},&quot;type&quot;:&quot;grid&quot;,&quot;us_grid_post_type&quot;:&quot;maquina&quot;,&quot;us_grid_ajax_index&quot;:1,&quot;us_grid_filter_query_string&quot;:null,&quot;us_grid_index&quot;:1,&quot;page_args&quot;:[],&quot;lang&quot;:&quot;fr&quot;}}'><\/div>\r\n\t<\/div><\/div><\/div><\/div><\/div><\/section>\n","protected":false},"excerpt":{"rendered":"GAMME PROFESSIONAL HOME MASTER BUCKERS MB BUCKER 500 LE S\u00c9PARATEUR DE BOURGEONS POUR LES GRANDES PRODUCTIONS Chez Master Products, nous vous facilitons le travail en automatisant la tache de s\u00e9paration des fleurs de ses tiges avec notre s\u00e9parateur de bourgeons professionnel. Le Master Bucker 500 offre une productivit\u00e9 de 65 kg\/h, \u00e9quivalant au travail de...","protected":false},"author":1,"featured_media":0,"parent":5341,"menu_order":0,"comment_status":"closed","ping_status":"closed","template":"","meta":{"_joinchat":[],"footnotes":""},"class_list":["post-5429","page","type-page","status-publish","hentry"],"yoast_head":"<!-- This site is optimized with the Yoast SEO plugin v27.3 - https:\/\/yoast.com\/product\/yoast-seo-wordpress\/ -->\n<title>Master Buckers : S\u00e9paration efficace des branches et des tiges pour le cannabis - Master Products<\/title>\n<meta name=\"description\" content=\"Les Master Buckers s\u00e9parent efficacement les branches, les tiges et les grandes feuilles des fleurs de cannabis, les pr\u00e9parant ainsi \u00e0 la taille. Ils fonctionnent aussi bien avec les fleurs s\u00e8ches qu&#039;humides.\" \/>\n<meta name=\"robots\" content=\"index, follow, max-snippet:-1, max-image-preview:large, max-video-preview:-1\" \/>\n<link rel=\"canonical\" href=\"https:\/\/masterproducts.es\/fr\/gamme-professional\/master-buckers\/\" \/>\n<meta property=\"og:locale\" content=\"fr_FR\" \/>\n<meta property=\"og:type\" content=\"article\" \/>\n<meta property=\"og:title\" content=\"Master Buckers : S\u00e9paration efficace des branches et des tiges pour le cannabis - Master Products\" \/>\n<meta property=\"og:description\" content=\"Les Master Buckers s\u00e9parent efficacement les branches, les tiges et les grandes feuilles des fleurs de cannabis, les pr\u00e9parant ainsi \u00e0 la taille. Ils fonctionnent aussi bien avec les fleurs s\u00e8ches qu&#039;humides.\" \/>\n<meta property=\"og:url\" content=\"https:\/\/masterproducts.es\/fr\/gamme-professional\/master-buckers\/\" \/>\n<meta property=\"og:site_name\" content=\"Master Products\" \/>\n<meta property=\"article:modified_time\" content=\"2025-07-01T07:25:15+00:00\" \/>\n<meta name=\"twitter:card\" content=\"summary_large_image\" \/>\n<meta name=\"twitter:label1\" content=\"Dur\u00e9e de lecture estim\u00e9e\" \/>\n\t<meta name=\"twitter:data1\" content=\"1 minute\" \/>\n<script type=\"application\/ld+json\" class=\"yoast-schema-graph\">{\"@context\":\"https:\\\/\\\/schema.org\",\"@graph\":[{\"@type\":\"WebPage\",\"@id\":\"https:\\\/\\\/masterproducts.es\\\/fr\\\/gamme-professional\\\/master-buckers\\\/\",\"url\":\"https:\\\/\\\/masterproducts.es\\\/fr\\\/gamme-professional\\\/master-buckers\\\/\",\"name\":\"Master Buckers : S\u00e9paration efficace des branches et des tiges pour le cannabis - Master Products\",\"isPartOf\":{\"@id\":\"https:\\\/\\\/masterproducts.es\\\/fr\\\/#website\"},\"datePublished\":\"2023-01-26T15:03:13+00:00\",\"dateModified\":\"2025-07-01T07:25:15+00:00\",\"description\":\"Les Master Buckers s\u00e9parent efficacement les branches, les tiges et les grandes feuilles des fleurs de cannabis, les pr\u00e9parant ainsi \u00e0 la taille. Ils fonctionnent aussi bien avec les fleurs s\u00e8ches qu'humides.\",\"breadcrumb\":{\"@id\":\"https:\\\/\\\/masterproducts.es\\\/fr\\\/gamme-professional\\\/master-buckers\\\/#breadcrumb\"},\"inLanguage\":\"fr-FR\",\"potentialAction\":[{\"@type\":\"ReadAction\",\"target\":[\"https:\\\/\\\/masterproducts.es\\\/fr\\\/gamme-professional\\\/master-buckers\\\/\"]}]},{\"@type\":\"BreadcrumbList\",\"@id\":\"https:\\\/\\\/masterproducts.es\\\/fr\\\/gamme-professional\\\/master-buckers\\\/#breadcrumb\",\"itemListElement\":[{\"@type\":\"ListItem\",\"position\":1,\"name\":\"HOME\",\"item\":\"https:\\\/\\\/masterproducts.es\\\/fr\\\/\"},{\"@type\":\"ListItem\",\"position\":2,\"name\":\"GAMME PROFESSIONAL\",\"item\":\"https:\\\/\\\/masterproducts.es\\\/fr\\\/gamme-professional\\\/\"},{\"@type\":\"ListItem\",\"position\":3,\"name\":\"Master Buckers\"}]},{\"@type\":\"WebSite\",\"@id\":\"https:\\\/\\\/masterproducts.es\\\/fr\\\/#website\",\"url\":\"https:\\\/\\\/masterproducts.es\\\/fr\\\/\",\"name\":\"Master Products\",\"description\":\"Trim like a master\",\"potentialAction\":[{\"@type\":\"SearchAction\",\"target\":{\"@type\":\"EntryPoint\",\"urlTemplate\":\"https:\\\/\\\/masterproducts.es\\\/fr\\\/?s={search_term_string}\"},\"query-input\":{\"@type\":\"PropertyValueSpecification\",\"valueRequired\":true,\"valueName\":\"search_term_string\"}}],\"inLanguage\":\"fr-FR\"}]}<\/script>\n<!-- \/ Yoast SEO plugin. -->","yoast_head_json":{"title":"Master Buckers : S\u00e9paration efficace des branches et des tiges pour le cannabis - Master Products","description":"Les Master Buckers s\u00e9parent efficacement les branches, les tiges et les grandes feuilles des fleurs de cannabis, les pr\u00e9parant ainsi \u00e0 la taille. Ils fonctionnent aussi bien avec les fleurs s\u00e8ches qu'humides.","robots":{"index":"index","follow":"follow","max-snippet":"max-snippet:-1","max-image-preview":"max-image-preview:large","max-video-preview":"max-video-preview:-1"},"canonical":"https:\/\/masterproducts.es\/fr\/gamme-professional\/master-buckers\/","og_locale":"fr_FR","og_type":"article","og_title":"Master Buckers : S\u00e9paration efficace des branches et des tiges pour le cannabis - Master Products","og_description":"Les Master Buckers s\u00e9parent efficacement les branches, les tiges et les grandes feuilles des fleurs de cannabis, les pr\u00e9parant ainsi \u00e0 la taille. Ils fonctionnent aussi bien avec les fleurs s\u00e8ches qu'humides.","og_url":"https:\/\/masterproducts.es\/fr\/gamme-professional\/master-buckers\/","og_site_name":"Master Products","article_modified_time":"2025-07-01T07:25:15+00:00","twitter_card":"summary_large_image","twitter_misc":{"Dur\u00e9e de lecture estim\u00e9e":"1 minute"},"schema":{"@context":"https:\/\/schema.org","@graph":[{"@type":"WebPage","@id":"https:\/\/masterproducts.es\/fr\/gamme-professional\/master-buckers\/","url":"https:\/\/masterproducts.es\/fr\/gamme-professional\/master-buckers\/","name":"Master Buckers : S\u00e9paration efficace des branches et des tiges pour le cannabis - Master Products","isPartOf":{"@id":"https:\/\/masterproducts.es\/fr\/#website"},"datePublished":"2023-01-26T15:03:13+00:00","dateModified":"2025-07-01T07:25:15+00:00","description":"Les Master Buckers s\u00e9parent efficacement les branches, les tiges et les grandes feuilles des fleurs de cannabis, les pr\u00e9parant ainsi \u00e0 la taille. Ils fonctionnent aussi bien avec les fleurs s\u00e8ches qu'humides.","breadcrumb":{"@id":"https:\/\/masterproducts.es\/fr\/gamme-professional\/master-buckers\/#breadcrumb"},"inLanguage":"fr-FR","potentialAction":[{"@type":"ReadAction","target":["https:\/\/masterproducts.es\/fr\/gamme-professional\/master-buckers\/"]}]},{"@type":"BreadcrumbList","@id":"https:\/\/masterproducts.es\/fr\/gamme-professional\/master-buckers\/#breadcrumb","itemListElement":[{"@type":"ListItem","position":1,"name":"HOME","item":"https:\/\/masterproducts.es\/fr\/"},{"@type":"ListItem","position":2,"name":"GAMME PROFESSIONAL","item":"https:\/\/masterproducts.es\/fr\/gamme-professional\/"},{"@type":"ListItem","position":3,"name":"Master Buckers"}]},{"@type":"WebSite","@id":"https:\/\/masterproducts.es\/fr\/#website","url":"https:\/\/masterproducts.es\/fr\/","name":"Master Products","description":"Trim like a master","potentialAction":[{"@type":"SearchAction","target":{"@type":"EntryPoint","urlTemplate":"https:\/\/masterproducts.es\/fr\/?s={search_term_string}"},"query-input":{"@type":"PropertyValueSpecification","valueRequired":true,"valueName":"search_term_string"}}],"inLanguage":"fr-FR"}]}},"_links":{"self":[{"href":"https:\/\/masterproducts.es\/fr\/wp-json\/wp\/v2\/pages\/5429","targetHints":{"allow":["GET"]}}],"collection":[{"href":"https:\/\/masterproducts.es\/fr\/wp-json\/wp\/v2\/pages"}],"about":[{"href":"https:\/\/masterproducts.es\/fr\/wp-json\/wp\/v2\/types\/page"}],"author":[{"embeddable":true,"href":"https:\/\/masterproducts.es\/fr\/wp-json\/wp\/v2\/users\/1"}],"replies":[{"embeddable":true,"href":"https:\/\/masterproducts.es\/fr\/wp-json\/wp\/v2\/comments?post=5429"}],"version-history":[{"count":10,"href":"https:\/\/masterproducts.es\/fr\/wp-json\/wp\/v2\/pages\/5429\/revisions"}],"predecessor-version":[{"id":17413,"href":"https:\/\/masterproducts.es\/fr\/wp-json\/wp\/v2\/pages\/5429\/revisions\/17413"}],"up":[{"embeddable":true,"href":"https:\/\/masterproducts.es\/fr\/wp-json\/wp\/v2\/pages\/5341"}],"wp:attachment":[{"href":"https:\/\/masterproducts.es\/fr\/wp-json\/wp\/v2\/media?parent=5429"}],"curies":[{"name":"wp","href":"https:\/\/api.w.org\/{rel}","templated":true}]}}