{"id":5496,"date":"2023-01-23T06:22:02","date_gmt":"2023-01-23T05:22:02","guid":{"rendered":"https:\/\/masterproducts.es\/?page_id=5496"},"modified":"2025-07-07T11:47:54","modified_gmt":"2025-07-07T09:47:54","slug":"master-trimmers","status":"publish","type":"page","link":"https:\/\/masterproducts.es\/fr\/gamme-professional\/master-trimmers\/","title":{"rendered":"Master Trimmers"},"content":{"rendered":"<section class=\"l-section wpb_row height_medium\"><div class=\"l-section-h i-cf\"><div class=\"g-cols vc_row via_grid cols_1 laptops-cols_inherit tablets-cols_inherit mobiles-cols_1 valign_top type_default stacking_default\" style=\"--columns-gap:1rem;\"><div class=\"wpb_column vc_column_container\"><div class=\"vc_column-inner\"><div class=\"wpb_text_column\"><div class=\"wpb_wrapper\"><h2 class=\"titulo-slider\" style=\"text-align: center;\">GAMME<\/h2>\n<h2 class=\"titulo-slider-destacado\" style=\"text-align: center;\">PROFESSIONAL<\/h2>\n<\/div><\/div><\/div><\/div><\/div><\/div><\/section><style data-type=\"us_custom-css\">.menu-maquinas a{color:#333;text-transform:uppercase;font-weight:700}<\/style><section class=\"l-section wpb_row us_custom_310001f5 menu-maquinas hide_on_tablets hide_on_mobiles height_auto width_full type_sticky\"><div class=\"l-section-h i-cf\"><div class=\"g-cols vc_row via_grid cols_1 laptops-cols_inherit tablets-cols_inherit mobiles-cols_1 valign_top type_default stacking_default\" style=\"--columns-gap:0.5rem;\"><div class=\"wpb_column vc_column_container\"><div class=\"vc_column-inner\"><div class=\"w-hwrapper valign_top align_center\" style=\"--hwrapper-gap:3rem\"><div class=\"w-btn-wrapper align_center\"><a class=\"w-btn us-btn-style_1\" title=\"Gama Professional\" href=\"https:\/\/masterproducts.es\/fr\/gamme-professional\/\"><span class=\"w-btn-label\">Gamme Professional<\/span><\/a><\/div><div class=\"w-btn-wrapper align_center\"><a class=\"w-btn us-btn-style_4\" title=\"Trimmers\" href=\"https:\/\/masterproducts.es\/fr\/gamme-professional\/master-trimmers\/#indice-maquinas\"><span class=\"w-btn-label\">Trimmers<\/span><\/a><\/div><div class=\"w-btn-wrapper align_center\"><a class=\"w-btn us-btn-style_4\" title=\"Buckers\" href=\"https:\/\/masterproducts.es\/fr\/gamme-professional\/master-extractors\/#indice-maquinas\"><span class=\"w-btn-label\">Extractors<\/span><\/a><\/div><div class=\"w-btn-wrapper align_center\"><a class=\"w-btn us-btn-style_4\" title=\"Trimmers\" href=\"https:\/\/masterproducts.es\/fr\/gamme-professional\/sorter\/\"><span class=\"w-btn-label\">Sorters<\/span><\/a><\/div><div class=\"w-btn-wrapper align_center\"><a class=\"w-btn us-btn-style_4\" title=\"Buckers\" href=\"https:\/\/masterproducts.es\/fr\/gamme-professional\/master-buckers\/#indice-maquinas\"><span class=\"w-btn-label\">Buckers<\/span><\/a><\/div><div class=\"w-btn-wrapper align_center\"><a class=\"w-btn us-btn-style_4\" title=\"Buckers\" href=\"https:\/\/masterproducts.es\/fr\/gamme-professional\/master-seeds\/#indice-maquinas\"><span class=\"w-btn-label\">Seeds<\/span><\/a><\/div><div class=\"w-btn-wrapper align_center\"><a class=\"w-btn us-btn-style_4\" title=\"Freeze Dryer\" href=\"https:\/\/masterproducts.es\/fr\/maquina\/lio-freeze-dryer-lyophilisation-sechage-cannabis\/\"><span class=\"w-btn-label\">Freeze Dryers<\/span><\/a><\/div><\/div><\/div><\/div><\/div><\/div><\/section>\n<section class=\"l-section wpb_row us_custom_678a4f9f height_auto\"><div class=\"l-section-h i-cf\"><div class=\"g-cols vc_row via_grid cols_1-2 laptops-cols_inherit tablets-cols_inherit mobiles-cols_1 valign_top type_default stacking_default\"><div class=\"wpb_column vc_column_container\"><div class=\"vc_column-inner\"><div class=\"w-separator size_medium\"><\/div><div class=\"wpb_text_column\"><div class=\"wpb_wrapper\"><h1 class=\"titulo-slider\" style=\"text-align: left;\">\u00c9QUIPEMENT POST-R\u00c9COLTE AVEC CONFORMIT\u00c9 GACP<\/h1>\n<\/div><\/div><div class=\"w-separator size_medium\"><\/div><div class=\"wpb_text_column\"><div class=\"wpb_wrapper\"><div class=\"wpb_text_column\">\n<div class=\"wpb_wrapper\">\n<div class=\"wpb_text_column\">\n<div class=\"wpb_wrapper\">\n<div class=\"wpb_text_column\">\n<div class=\"wpb_wrapper\">\n<p>D\u00e9couvrez nos solutions de post-r\u00e9colte pour le traitement du cannabis et du chanvre industriel. Nous vous aidons \u00e0 automatiser et \u00e0 industrialiser le processus de trimage \u00e0 toutes les \u00e9tapes de la production.<\/p>\n<p>Nous concevons et fabriquons des machines agricoles industrielles adapt\u00e9es aux besoins de nos clients et aux exigences de production de chaque type de culture. Notre portefeuille comprend des trimeuses, \u00e9plucheurs de fleurs de cannabis, des \u00e9greneuses ou des classificateurs par taille, ainsi que des machines de s\u00e9paration des graines \u00faniques disponibles sur le march\u00e9.<\/p>\n<p>Toutes nos machines sont fabriqu\u00e9es avec des mat\u00e9riaux de haute qualit\u00e9 garantissant des r\u00e9sultats de traitement optimaux, ainsi que durabilit\u00e9 et pr\u00e9servation.<\/p>\n<p><strong>Traitement \u00e0 frais et\/ou sec.<\/strong><\/p>\n<\/div>\n<\/div>\n<\/div>\n<\/div>\n<\/div>\n<\/div>\n<\/div><\/div><div class=\"w-separator size_medium\"><\/div><\/div><\/div><div class=\"wpb_column vc_column_container\"><div class=\"vc_column-inner\"><div class=\"w-image align_left\"><div class=\"w-image-h\"><img decoding=\"async\" width=\"1024\" height=\"846\" src=\"https:\/\/masterproducts.es\/wp-content\/uploads\/2024\/07\/gama-professional-1024x846-1.jpg\" class=\"attachment-large size-large\" alt=\"\" loading=\"lazy\" srcset=\"https:\/\/masterproducts.es\/wp-content\/uploads\/2024\/07\/gama-professional-1024x846-1.jpg 1024w, https:\/\/masterproducts.es\/wp-content\/uploads\/2024\/07\/gama-professional-1024x846-1-300x248.jpg 300w\" sizes=\"auto, (max-width: 1024px) 100vw, 1024px\" \/><\/div><\/div><\/div><\/div><\/div><\/div><\/section><section class=\"l-section wpb_row height_medium\" id=\"indice-maquinas\"><div class=\"l-section-h i-cf\"><div class=\"g-cols vc_row via_grid cols_3 laptops-cols_inherit tablets-cols_inherit mobiles-cols_1 valign_top type_default stacking_default\"><div class=\"wpb_column vc_column_container\"><div class=\"vc_column-inner\"><div class=\"wpb_text_column\"><div class=\"wpb_wrapper\"><h2 class=\"titulo-slider\" style=\"text-align: left;\">MASTER<\/h2>\n<h2 class=\"titulo-slider-destacado\" style=\"text-align: left;\">TRIMMERS<\/h2>\n<\/div><\/div><div class=\"w-separator size_small\"><\/div><div class=\"wpb_text_column\"><div class=\"wpb_wrapper\"><p>Machines con\u00e7ues pour s\u00e9parer les grandes et petites feuilles des fleurs, dans le but d&rsquo;obtenir des fleurs de cannabis avec le r\u00e9sultat le plus pr\u00e9cis et le plus parfait possible. Elles sont souvent appel\u00e9es \u00ab\u00a0Trimeuses\u00a0\u00bb.<\/p>\n<\/div><\/div><\/div><\/div><div class=\"wpb_column vc_column_container\"><div class=\"vc_column-inner\"><\/div><\/div><div class=\"wpb_column vc_column_container\"><div class=\"vc_column-inner\"><\/div><\/div><\/div><\/div><\/section><section class=\"l-section wpb_row height_medium\"><div class=\"l-section-h i-cf\"><div class=\"g-cols vc_row via_grid cols_1 laptops-cols_inherit tablets-cols_inherit mobiles-cols_1 valign_top type_default stacking_default\"><div class=\"wpb_column vc_column_container\"><div class=\"vc_column-inner\"><div class=\"w-grid type_grid layout_38 cols_3 preload_style_spinner\" id=\"us_grid_1\" style=\"--columns:3;--gap:1.5rem;\" data-filterable=\"true\"><style>@media (max-width:1024px){#us_grid_1{--columns:2!important}}@media (max-width:600px){#us_grid_1{--columns:1!important}}.layout_38 .w-grid-item-h{background:#EDEDED}.layout_38 .usg_post_image_1{background:#ffffff!important}.layout_38 .usg_post_title_1{font-size:1rem!important;font-weight:700!important;width:100%!important;padding:1rem!important;background:#EDEDED!important}.layout_38 .usg_vwrapper_1{margin:0!important;background:#EDEDED!important}<\/style><div class=\"w-grid-list\">\t<article class=\"w-grid-item size_1x1 post-5646 maquina type-maquina status-publish has-post-thumbnail hentry familia_producto-gama-professional-fr familia_producto-master-trimmer-fr logo-ce-fr logo-food-quality-fr logo-warranty-fr modelo_maquina-mt-dry-200-fr\" data-id=\"5646\">\r\n\t\t<div class=\"w-grid-item-h\">\r\n\t\t\t\t\t\t<div class=\"w-post-elm post_image usg_post_image_1 has_ratio\"><a href=\"https:\/\/masterproducts.es\/fr\/maquina\/mt-dry-200\/\" aria-label=\"MT DRY 200\"><img loading=\"lazy\" decoding=\"async\" width=\"1181\" height=\"1181\" src=\"https:\/\/masterproducts.es\/wp-content\/uploads\/2023\/01\/PROF-_-TRIMMERS-_-MT-DRY-200.png\" class=\"attachment-full size-full wp-post-image\" alt=\"\" \/><\/a><div style=\"padding-bottom:100%\"><\/div><\/div><div class=\"w-vwrapper usg_vwrapper_1 align_none valign_top\"><h2 class=\"w-post-elm post_title usg_post_title_1 align_center entry-title color_link_inherit\"><a href=\"https:\/\/masterproducts.es\/fr\/maquina\/mt-dry-200\/\">MT DRY 200<\/a><\/h2><\/div>\t\t<\/div>\r\n\t\t\t<\/article>\r\n\t<article class=\"w-grid-item size_1x1 post-6209 maquina type-maquina status-publish has-post-thumbnail hentry familia_producto-gama-professional-fr familia_producto-master-trimmer-fr logo-ce-fr logo-food-quality-fr logo-warranty-fr modelo_maquina-mt-dry-500-fr\" data-id=\"6209\">\r\n\t\t<div class=\"w-grid-item-h\">\r\n\t\t\t\t\t\t<div class=\"w-post-elm post_image usg_post_image_1 has_ratio\"><a href=\"https:\/\/masterproducts.es\/fr\/maquina\/mt-dry-500\/\" aria-label=\"MT DRY 500\"><img loading=\"lazy\" decoding=\"async\" width=\"1181\" height=\"1181\" src=\"https:\/\/masterproducts.es\/wp-content\/uploads\/2023\/05\/FOTO-MT-DRY-500-10x10-1.png\" class=\"attachment-full size-full wp-post-image\" alt=\"\" \/><\/a><div style=\"padding-bottom:100%\"><\/div><\/div><div class=\"w-vwrapper usg_vwrapper_1 align_none valign_top\"><h2 class=\"w-post-elm post_title usg_post_title_1 align_center entry-title color_link_inherit\"><a href=\"https:\/\/masterproducts.es\/fr\/maquina\/mt-dry-500\/\">MT DRY 500<\/a><\/h2><\/div>\t\t<\/div>\r\n\t\t\t<\/article>\r\n\t<article class=\"w-grid-item size_1x1 post-5644 maquina type-maquina status-publish has-post-thumbnail hentry familia_producto-gama-professional-fr familia_producto-master-trimmer-fr logo-ce-fr logo-food-quality-fr logo-warranty-fr modelo_maquina-mt-dry-800-fr\" data-id=\"5644\">\r\n\t\t<div class=\"w-grid-item-h\">\r\n\t\t\t\t\t\t<div class=\"w-post-elm post_image usg_post_image_1 has_ratio\"><a href=\"https:\/\/masterproducts.es\/fr\/maquina\/mt-dry-800\/\" aria-label=\"MT DRY 800\"><img loading=\"lazy\" decoding=\"async\" width=\"1181\" height=\"1181\" src=\"https:\/\/masterproducts.es\/wp-content\/uploads\/2023\/01\/PROF-_-TRIMMERS-_-MT-DRY-800.png\" class=\"attachment-full size-full wp-post-image\" alt=\"\" \/><\/a><div style=\"padding-bottom:100%\"><\/div><\/div><div class=\"w-vwrapper usg_vwrapper_1 align_none valign_top\"><h2 class=\"w-post-elm post_title usg_post_title_1 align_center entry-title color_link_inherit\"><a href=\"https:\/\/masterproducts.es\/fr\/maquina\/mt-dry-800\/\">MT DRY 800<\/a><\/h2><\/div>\t\t<\/div>\r\n\t\t\t<\/article>\r\n\t<article class=\"w-grid-item size_1x1 post-5638 maquina type-maquina status-publish has-post-thumbnail hentry familia_producto-gama-professional-fr familia_producto-master-trimmer-fr logo-ce-fr logo-food-quality-fr logo-warranty-fr modelo_maquina-mt-tumbler-200-pro-fr\" data-id=\"5638\">\r\n\t\t<div class=\"w-grid-item-h\">\r\n\t\t\t\t\t\t<div class=\"w-post-elm post_image usg_post_image_1 has_ratio\"><a href=\"https:\/\/masterproducts.es\/fr\/maquina\/mt-tumbler-200-pro\/\" aria-label=\"MT TUMBLER 200 PRO\"><img loading=\"lazy\" decoding=\"async\" width=\"1181\" height=\"1181\" src=\"https:\/\/masterproducts.es\/wp-content\/uploads\/2023\/01\/MT-Tumbler-200-PRO.jpg\" class=\"attachment-full size-full wp-post-image\" alt=\"\" \/><\/a><div style=\"padding-bottom:100%\"><\/div><\/div><div class=\"w-vwrapper usg_vwrapper_1 align_none valign_top\"><h2 class=\"w-post-elm post_title usg_post_title_1 align_center entry-title color_link_inherit\"><a href=\"https:\/\/masterproducts.es\/fr\/maquina\/mt-tumbler-200-pro\/\">MT TUMBLER 200 PRO<\/a><\/h2><\/div>\t\t<\/div>\r\n\t\t\t<\/article>\r\n\t<article class=\"w-grid-item size_1x1 post-5959 maquina type-maquina status-publish has-post-thumbnail hentry familia_producto-gama-professional-fr familia_producto-master-trimmer-fr logo-ce-fr logo-food-quality-fr logo-warranty-fr modelo_maquina-mt-tumbler-500-fr\" data-id=\"5959\">\r\n\t\t<div class=\"w-grid-item-h\">\r\n\t\t\t\t\t\t<div class=\"w-post-elm post_image usg_post_image_1 has_ratio\"><a href=\"https:\/\/masterproducts.es\/fr\/maquina\/mt-tumbler-500\/\" aria-label=\"MT TUMBLER 500\"><img loading=\"lazy\" decoding=\"async\" width=\"1181\" height=\"1181\" src=\"https:\/\/masterproducts.es\/wp-content\/uploads\/2023\/01\/PROF-_-TRIMMERS-_-MT-TUMBLER-500.png\" class=\"attachment-full size-full wp-post-image\" alt=\"\" \/><\/a><div style=\"padding-bottom:100%\"><\/div><\/div><div class=\"w-vwrapper usg_vwrapper_1 align_none valign_top\"><h2 class=\"w-post-elm post_title usg_post_title_1 align_center entry-title color_link_inherit\"><a href=\"https:\/\/masterproducts.es\/fr\/maquina\/mt-tumbler-500\/\">MT TUMBLER 500<\/a><\/h2><\/div>\t\t<\/div>\r\n\t\t\t<\/article>\r\n\t<article class=\"w-grid-item size_1x1 post-5636 maquina type-maquina status-publish has-post-thumbnail hentry familia_producto-gama-professional-fr familia_producto-master-trimmer-fr logo-ce-fr logo-food-quality-fr logo-gmp-fr logo-warranty-fr modelo_maquina-mt-professional-fr\" data-id=\"5636\">\r\n\t\t<div class=\"w-grid-item-h\">\r\n\t\t\t\t\t\t<div class=\"w-post-elm post_image usg_post_image_1 has_ratio\"><a href=\"https:\/\/masterproducts.es\/fr\/maquina\/mt-professional-50-75\/\" aria-label=\"MT PROFESSIONAL 50 &#038; 75\"><img loading=\"lazy\" decoding=\"async\" width=\"1181\" height=\"1181\" src=\"https:\/\/masterproducts.es\/wp-content\/uploads\/2023\/01\/PROF-_-TRIMMERS-_-MT-PROFESSIONAL-5075.png\" class=\"attachment-full size-full wp-post-image\" alt=\"\" \/><\/a><div style=\"padding-bottom:100%\"><\/div><\/div><div class=\"w-vwrapper usg_vwrapper_1 align_none valign_top\"><h2 class=\"w-post-elm post_title usg_post_title_1 align_center entry-title color_link_inherit\"><a href=\"https:\/\/masterproducts.es\/fr\/maquina\/mt-professional-50-75\/\">MT PROFESSIONAL 50 &#038; 75<\/a><\/h2><\/div>\t\t<\/div>\r\n\t\t\t<\/article>\r\n\t<article class=\"w-grid-item size_1x1 post-5630 maquina type-maquina status-publish has-post-thumbnail hentry familia_producto-gama-professional-fr familia_producto-master-trimmer-fr logo-ce-fr logo-food-quality-fr logo-gmp-fr logo-warranty-fr modelo_maquina-mt-standard-50-fr\" data-id=\"5630\">\r\n\t\t<div class=\"w-grid-item-h\">\r\n\t\t\t\t\t\t<div class=\"w-post-elm post_image usg_post_image_1 has_ratio\"><a href=\"https:\/\/masterproducts.es\/fr\/maquina\/mt-standard-50-75\/\" aria-label=\"MT STANDARD 50 &#038; 75\"><img loading=\"lazy\" decoding=\"async\" width=\"1181\" height=\"1181\" src=\"https:\/\/masterproducts.es\/wp-content\/uploads\/2023\/01\/PROF-_-TRIMMERS-_-MT-STANDARD-5075.png\" class=\"attachment-full size-full wp-post-image\" alt=\"\" \/><\/a><div style=\"padding-bottom:100%\"><\/div><\/div><div class=\"w-vwrapper usg_vwrapper_1 align_none valign_top\"><h2 class=\"w-post-elm post_title usg_post_title_1 align_center entry-title color_link_inherit\"><a href=\"https:\/\/masterproducts.es\/fr\/maquina\/mt-standard-50-75\/\">MT STANDARD 50 &#038; 75<\/a><\/h2><\/div>\t\t<\/div>\r\n\t\t\t<\/article>\r\n\t<article class=\"w-grid-item size_1x1 post-5629 maquina type-maquina status-publish has-post-thumbnail hentry familia_producto-gama-professional-fr familia_producto-master-trimmer-fr logo-ce-fr logo-food-quality-fr logo-warranty-fr modelo_maquina-mt-pocket-fr\" data-id=\"5629\">\r\n\t\t<div class=\"w-grid-item-h\">\r\n\t\t\t\t\t\t<div class=\"w-post-elm post_image usg_post_image_1 has_ratio\"><a href=\"https:\/\/masterproducts.es\/fr\/maquina\/mt-pocket\/\" aria-label=\"MT POCKET\"><img loading=\"lazy\" decoding=\"async\" width=\"1181\" height=\"1181\" src=\"https:\/\/masterproducts.es\/wp-content\/uploads\/2023\/01\/PROF-_-TRIMMERS-_-MT-POCKET.png\" class=\"attachment-full size-full wp-post-image\" alt=\"\" \/><\/a><div style=\"padding-bottom:100%\"><\/div><\/div><div class=\"w-vwrapper usg_vwrapper_1 align_none valign_top\"><h2 class=\"w-post-elm post_title usg_post_title_1 align_center entry-title color_link_inherit\"><a href=\"https:\/\/masterproducts.es\/fr\/maquina\/mt-pocket\/\">MT POCKET<\/a><\/h2><\/div>\t\t<\/div>\r\n\t\t\t<\/article>\r\n<\/div><div class=\"w-grid-preloader\">\t<div class=\"g-preloader type_1\">\r\n\t\t<div><\/div>\r\n\t<\/div>\r\n\t<\/div>\t<div class=\"w-grid-json hidden\" onclick='return {&quot;action&quot;:&quot;us_ajax_grid&quot;,&quot;infinite_scroll&quot;:0,&quot;max_num_pages&quot;:1,&quot;pagination&quot;:&quot;none&quot;,&quot;template_vars&quot;:{&quot;columns&quot;:&quot;3&quot;,&quot;exclude_items&quot;:&quot;none&quot;,&quot;img_size&quot;:&quot;default&quot;,&quot;ignore_items_size&quot;:0,&quot;items_layout&quot;:&quot;38&quot;,&quot;items_offset&quot;:&quot;1&quot;,&quot;load_animation&quot;:&quot;none&quot;,&quot;overriding_link&quot;:&quot;{\\&quot;url\\&quot;:\\&quot;\\&quot;}&quot;,&quot;post_id&quot;:0,&quot;query_args&quot;:{&quot;post_type&quot;:[&quot;maquina&quot;],&quot;tax_query&quot;:[{&quot;taxonomy&quot;:&quot;familia_producto&quot;,&quot;field&quot;:&quot;slug&quot;,&quot;terms&quot;:[&quot;master-trimmer&quot;]}],&quot;post_status&quot;:[&quot;publish&quot;],&quot;posts_per_page&quot;:999},&quot;orderby_query_args&quot;:{&quot;orderby&quot;:{&quot;menu_order&quot;:&quot;ASC&quot;},&quot;order&quot;:&quot;ASC&quot;},&quot;type&quot;:&quot;grid&quot;,&quot;us_grid_post_type&quot;:&quot;maquina&quot;,&quot;us_grid_ajax_index&quot;:1,&quot;us_grid_filter_query_string&quot;:null,&quot;us_grid_index&quot;:1,&quot;page_args&quot;:[],&quot;lang&quot;:&quot;fr&quot;}}'><\/div>\r\n\t<\/div><\/div><\/div><\/div><\/div><\/section>\n","protected":false},"excerpt":{"rendered":"GAMME PROFESSIONAL HOME MASTER TRIMMERS MT POCKET LA PLUS PETITE DES TRIMEUSES La plus petite de la famille, fabriqu\u00e9e en acier inoxydable et d&rsquo;un diam\u00e8tre de 25cm , est con\u00e7ue pour transformer rapidement n&rsquo;importe quel espace en salle d&rsquo;\u00e9pluchage. Son syst\u00e8me d&rsquo;ancrage lui permet d&rsquo;\u00eatre fix\u00e9e \u00e0 n&rsquo;importe quelle table sans vis ni outils. La...","protected":false},"author":1,"featured_media":0,"parent":5341,"menu_order":0,"comment_status":"closed","ping_status":"closed","template":"","meta":{"_joinchat":[],"footnotes":""},"class_list":["post-5496","page","type-page","status-publish","hentry"],"yoast_head":"<!-- This site is optimized with the Yoast SEO plugin v27.3 - https:\/\/yoast.com\/product\/yoast-seo-wordpress\/ -->\n<title>Master Trimmers : Machines de taille de pr\u00e9cision pour les fleurs de cannabis - Master Products<\/title>\n<meta name=\"description\" content=\"D\u00e9couvrez Master Trimmers, des machines con\u00e7ues pour s\u00e9parer les feuilles, grandes et petites, des fleurs de cannabis, garantissant une taille pr\u00e9cise et parfaite. Efficaces et faciles \u00e0 utiliser pour les cultivateurs professionnels.\" \/>\n<meta name=\"robots\" content=\"index, follow, max-snippet:-1, max-image-preview:large, max-video-preview:-1\" \/>\n<link rel=\"canonical\" href=\"https:\/\/masterproducts.es\/fr\/gamme-professional\/master-trimmers\/\" \/>\n<meta property=\"og:locale\" content=\"fr_FR\" \/>\n<meta property=\"og:type\" content=\"article\" \/>\n<meta property=\"og:title\" content=\"Master Trimmers : Machines de taille de pr\u00e9cision pour les fleurs de cannabis - Master Products\" \/>\n<meta property=\"og:description\" content=\"D\u00e9couvrez Master Trimmers, des machines con\u00e7ues pour s\u00e9parer les feuilles, grandes et petites, des fleurs de cannabis, garantissant une taille pr\u00e9cise et parfaite. Efficaces et faciles \u00e0 utiliser pour les cultivateurs professionnels.\" \/>\n<meta property=\"og:url\" content=\"https:\/\/masterproducts.es\/fr\/gamme-professional\/master-trimmers\/\" \/>\n<meta property=\"og:site_name\" content=\"Master Products\" \/>\n<meta property=\"article:modified_time\" content=\"2025-07-07T09:47:54+00:00\" \/>\n<meta name=\"twitter:card\" content=\"summary_large_image\" \/>\n<meta name=\"twitter:label1\" content=\"Dur\u00e9e de lecture estim\u00e9e\" \/>\n\t<meta name=\"twitter:data1\" content=\"2 minutes\" \/>\n<script type=\"application\/ld+json\" class=\"yoast-schema-graph\">{\"@context\":\"https:\\\/\\\/schema.org\",\"@graph\":[{\"@type\":\"WebPage\",\"@id\":\"https:\\\/\\\/masterproducts.es\\\/fr\\\/gamme-professional\\\/master-trimmers\\\/\",\"url\":\"https:\\\/\\\/masterproducts.es\\\/fr\\\/gamme-professional\\\/master-trimmers\\\/\",\"name\":\"Master Trimmers : Machines de taille de pr\u00e9cision pour les fleurs de cannabis - Master Products\",\"isPartOf\":{\"@id\":\"https:\\\/\\\/masterproducts.es\\\/fr\\\/#website\"},\"datePublished\":\"2023-01-23T05:22:02+00:00\",\"dateModified\":\"2025-07-07T09:47:54+00:00\",\"description\":\"D\u00e9couvrez Master Trimmers, des machines con\u00e7ues pour s\u00e9parer les feuilles, grandes et petites, des fleurs de cannabis, garantissant une taille pr\u00e9cise et parfaite. Efficaces et faciles \u00e0 utiliser pour les cultivateurs professionnels.\",\"breadcrumb\":{\"@id\":\"https:\\\/\\\/masterproducts.es\\\/fr\\\/gamme-professional\\\/master-trimmers\\\/#breadcrumb\"},\"inLanguage\":\"fr-FR\",\"potentialAction\":[{\"@type\":\"ReadAction\",\"target\":[\"https:\\\/\\\/masterproducts.es\\\/fr\\\/gamme-professional\\\/master-trimmers\\\/\"]}]},{\"@type\":\"BreadcrumbList\",\"@id\":\"https:\\\/\\\/masterproducts.es\\\/fr\\\/gamme-professional\\\/master-trimmers\\\/#breadcrumb\",\"itemListElement\":[{\"@type\":\"ListItem\",\"position\":1,\"name\":\"HOME\",\"item\":\"https:\\\/\\\/masterproducts.es\\\/fr\\\/\"},{\"@type\":\"ListItem\",\"position\":2,\"name\":\"GAMME PROFESSIONAL\",\"item\":\"https:\\\/\\\/masterproducts.es\\\/fr\\\/gamme-professional\\\/\"},{\"@type\":\"ListItem\",\"position\":3,\"name\":\"Master Trimmers\"}]},{\"@type\":\"WebSite\",\"@id\":\"https:\\\/\\\/masterproducts.es\\\/fr\\\/#website\",\"url\":\"https:\\\/\\\/masterproducts.es\\\/fr\\\/\",\"name\":\"Master Products\",\"description\":\"Trim like a master\",\"potentialAction\":[{\"@type\":\"SearchAction\",\"target\":{\"@type\":\"EntryPoint\",\"urlTemplate\":\"https:\\\/\\\/masterproducts.es\\\/fr\\\/?s={search_term_string}\"},\"query-input\":{\"@type\":\"PropertyValueSpecification\",\"valueRequired\":true,\"valueName\":\"search_term_string\"}}],\"inLanguage\":\"fr-FR\"}]}<\/script>\n<!-- \/ Yoast SEO plugin. -->","yoast_head_json":{"title":"Master Trimmers : Machines de taille de pr\u00e9cision pour les fleurs de cannabis - Master Products","description":"D\u00e9couvrez Master Trimmers, des machines con\u00e7ues pour s\u00e9parer les feuilles, grandes et petites, des fleurs de cannabis, garantissant une taille pr\u00e9cise et parfaite. Efficaces et faciles \u00e0 utiliser pour les cultivateurs professionnels.","robots":{"index":"index","follow":"follow","max-snippet":"max-snippet:-1","max-image-preview":"max-image-preview:large","max-video-preview":"max-video-preview:-1"},"canonical":"https:\/\/masterproducts.es\/fr\/gamme-professional\/master-trimmers\/","og_locale":"fr_FR","og_type":"article","og_title":"Master Trimmers : Machines de taille de pr\u00e9cision pour les fleurs de cannabis - Master Products","og_description":"D\u00e9couvrez Master Trimmers, des machines con\u00e7ues pour s\u00e9parer les feuilles, grandes et petites, des fleurs de cannabis, garantissant une taille pr\u00e9cise et parfaite. Efficaces et faciles \u00e0 utiliser pour les cultivateurs professionnels.","og_url":"https:\/\/masterproducts.es\/fr\/gamme-professional\/master-trimmers\/","og_site_name":"Master Products","article_modified_time":"2025-07-07T09:47:54+00:00","twitter_card":"summary_large_image","twitter_misc":{"Dur\u00e9e de lecture estim\u00e9e":"2 minutes"},"schema":{"@context":"https:\/\/schema.org","@graph":[{"@type":"WebPage","@id":"https:\/\/masterproducts.es\/fr\/gamme-professional\/master-trimmers\/","url":"https:\/\/masterproducts.es\/fr\/gamme-professional\/master-trimmers\/","name":"Master Trimmers : Machines de taille de pr\u00e9cision pour les fleurs de cannabis - Master Products","isPartOf":{"@id":"https:\/\/masterproducts.es\/fr\/#website"},"datePublished":"2023-01-23T05:22:02+00:00","dateModified":"2025-07-07T09:47:54+00:00","description":"D\u00e9couvrez Master Trimmers, des machines con\u00e7ues pour s\u00e9parer les feuilles, grandes et petites, des fleurs de cannabis, garantissant une taille pr\u00e9cise et parfaite. Efficaces et faciles \u00e0 utiliser pour les cultivateurs professionnels.","breadcrumb":{"@id":"https:\/\/masterproducts.es\/fr\/gamme-professional\/master-trimmers\/#breadcrumb"},"inLanguage":"fr-FR","potentialAction":[{"@type":"ReadAction","target":["https:\/\/masterproducts.es\/fr\/gamme-professional\/master-trimmers\/"]}]},{"@type":"BreadcrumbList","@id":"https:\/\/masterproducts.es\/fr\/gamme-professional\/master-trimmers\/#breadcrumb","itemListElement":[{"@type":"ListItem","position":1,"name":"HOME","item":"https:\/\/masterproducts.es\/fr\/"},{"@type":"ListItem","position":2,"name":"GAMME PROFESSIONAL","item":"https:\/\/masterproducts.es\/fr\/gamme-professional\/"},{"@type":"ListItem","position":3,"name":"Master Trimmers"}]},{"@type":"WebSite","@id":"https:\/\/masterproducts.es\/fr\/#website","url":"https:\/\/masterproducts.es\/fr\/","name":"Master Products","description":"Trim like a master","potentialAction":[{"@type":"SearchAction","target":{"@type":"EntryPoint","urlTemplate":"https:\/\/masterproducts.es\/fr\/?s={search_term_string}"},"query-input":{"@type":"PropertyValueSpecification","valueRequired":true,"valueName":"search_term_string"}}],"inLanguage":"fr-FR"}]}},"_links":{"self":[{"href":"https:\/\/masterproducts.es\/fr\/wp-json\/wp\/v2\/pages\/5496","targetHints":{"allow":["GET"]}}],"collection":[{"href":"https:\/\/masterproducts.es\/fr\/wp-json\/wp\/v2\/pages"}],"about":[{"href":"https:\/\/masterproducts.es\/fr\/wp-json\/wp\/v2\/types\/page"}],"author":[{"embeddable":true,"href":"https:\/\/masterproducts.es\/fr\/wp-json\/wp\/v2\/users\/1"}],"replies":[{"embeddable":true,"href":"https:\/\/masterproducts.es\/fr\/wp-json\/wp\/v2\/comments?post=5496"}],"version-history":[{"count":23,"href":"https:\/\/masterproducts.es\/fr\/wp-json\/wp\/v2\/pages\/5496\/revisions"}],"predecessor-version":[{"id":17429,"href":"https:\/\/masterproducts.es\/fr\/wp-json\/wp\/v2\/pages\/5496\/revisions\/17429"}],"up":[{"embeddable":true,"href":"https:\/\/masterproducts.es\/fr\/wp-json\/wp\/v2\/pages\/5341"}],"wp:attachment":[{"href":"https:\/\/masterproducts.es\/fr\/wp-json\/wp\/v2\/media?parent=5496"}],"curies":[{"name":"wp","href":"https:\/\/api.w.org\/{rel}","templated":true}]}}